{"id":12,"date":"2024-07-17T21:53:00","date_gmt":"2024-07-17T19:53:00","guid":{"rendered":"http:\/\/nudu.pl\/koszyk\/"},"modified":"2024-09-16T21:25:29","modified_gmt":"2024-09-16T19:25:29","slug":"koszyk","status":"publish","type":"page","link":"https:\/\/nudu.pl\/en\/koszyk\/","title":{"rendered":"Basket"},"content":{"rendered":"<div data-block-name=\"woocommerce\/cart\" class=\"wp-block-woocommerce-cart alignwide is-loading\"><div data-block-name=\"woocommerce\/filled-cart-block\" class=\"wp-block-woocommerce-filled-cart-block\"><div data-block-name=\"woocommerce\/cart-items-block\" class=\"wp-block-woocommerce-cart-items-block\"><div data-block-name=\"woocommerce\/cart-line-items-block\" class=\"wp-block-woocommerce-cart-line-items-block\"><\/div>\n\n<div data-block-name=\"woocommerce\/cart-cross-sells-block\" class=\"wp-block-woocommerce-cart-cross-sells-block\"><h2 class=\"wp-block-heading has-large-font-size\">See other equally interesting\u2026<\/h2>\n\n<div data-block-name=\"woocommerce\/cart-cross-sells-products-block\" class=\"wp-block-woocommerce-cart-cross-sells-products-block\"><\/div><\/div><\/div>\n\n<div data-block-name=\"woocommerce\/cart-totals-block\" class=\"wp-block-woocommerce-cart-totals-block\"><div data-block-name=\"woocommerce\/cart-order-summary-block\" class=\"wp-block-woocommerce-cart-order-summary-block\"><div data-block-name=\"woocommerce\/cart-order-summary-heading-block\" data-content=\"Podsumowanie koszyka\" class=\"wp-block-woocommerce-cart-order-summary-heading-block\"><\/div>\n\n<div data-block-name=\"woocommerce\/cart-order-summary-coupon-form-block\" class=\"wp-block-woocommerce-cart-order-summary-coupon-form-block\"><\/div>\n\n<div data-block-name=\"woocommerce\/cart-order-summary-totals-block\" class=\"wp-block-woocommerce-cart-order-summary-totals-block\"><div data-block-name=\"woocommerce\/cart-order-summary-subtotal-block\" class=\"wp-block-woocommerce-cart-order-summary-subtotal-block\"><\/div>\n\n<div data-block-name=\"woocommerce\/cart-order-summary-fee-block\" class=\"wp-block-woocommerce-cart-order-summary-fee-block\"><\/div>\n\n<div data-block-name=\"woocommerce\/cart-order-summary-discount-block\" class=\"wp-block-woocommerce-cart-order-summary-discount-block\"><\/div>\n\n<div data-block-name=\"woocommerce\/cart-order-summary-shipping-block\" class=\"wp-block-woocommerce-cart-order-summary-shipping-block\"><\/div>\n\n<div data-block-name=\"woocommerce\/cart-order-summary-taxes-block\" class=\"wp-block-woocommerce-cart-order-summary-taxes-block\"><\/div><\/div><\/div>\n\n<div data-block-name=\"woocommerce\/cart-express-payment-block\" class=\"wp-block-woocommerce-cart-express-payment-block\"><\/div>\n\n<div data-block-name=\"woocommerce\/proceed-to-checkout-block\" class=\"wp-block-woocommerce-proceed-to-checkout-block\"><\/div>\n\n<div data-block-name=\"woocommerce\/cart-accepted-payment-methods-block\" class=\"wp-block-woocommerce-cart-accepted-payment-methods-block\"><\/div><\/div><\/div>\n\n<div data-block-name=\"woocommerce\/empty-cart-block\" class=\"wp-block-woocommerce-empty-cart-block\"><h2 class=\"wp-block-heading has-text-align-center with-empty-cart-icon wc-block-cart__empty-cart__title\">Your cart is currently empty!<\/h2>\n\n<hr class=\"wp-block-separator has-alpha-channel-opacity is-style-dots\"\/>\n\n<h2 class=\"wp-block-heading has-text-align-center\">New in store<\/h2>\n\n<div data-block-name=\"woocommerce\/product-new\" data-columns=\"4\" data-rows=\"1\" class=\"wc-block-grid wp-block-product-new wp-block-woocommerce-product-new wc-block-product-new has-4-columns\"><ul class=\"wc-block-grid__products\"><li class=\"wc-block-grid__product\">\n\t\t\t\t<a href=\"https:\/\/nudu.pl\/en\/product\/panamera-spodnica-maxi-100-jedwab\/\" class=\"wc-block-grid__product-link\">\n\t\t\t\t\t\n\t\t\t\t\t<div class=\"wc-block-grid__product-image\"><img fetchpriority=\"high\" decoding=\"async\" width=\"300\" height=\"300\" src=\"https:\/\/nudu.pl\/wp-content\/uploads\/2026\/04\/panamera-spodnica-maxi--300x300.jpg\" class=\"attachment-woocommerce_thumbnail size-woocommerce_thumbnail wvs-archive-product-image\" alt=\"Panamera sp\u00f3dnica maxi 100% jedwab\" srcset=\"https:\/\/nudu.pl\/wp-content\/uploads\/2026\/04\/panamera-spodnica-maxi--300x300.jpg 300w, https:\/\/nudu.pl\/wp-content\/uploads\/2026\/04\/panamera-spodnica-maxi--150x150.jpg 150w, https:\/\/nudu.pl\/wp-content\/uploads\/2026\/04\/panamera-spodnica-maxi--100x100.jpg 100w, https:\/\/nudu.pl\/wp-content\/uploads\/2026\/04\/panamera-spodnica-maxi--50x50.jpg 50w, https:\/\/nudu.pl\/wp-content\/uploads\/2026\/04\/panamera-spodnica-maxi--600x600.jpg 600w, https:\/\/nudu.pl\/wp-content\/uploads\/2026\/04\/panamera-spodnica-maxi--96x96.jpg 96w, https:\/\/nudu.pl\/wp-content\/uploads\/2026\/04\/panamera-spodnica-maxi--460x460.jpg 460w\" sizes=\"(max-width: 300px) 100vw, 300px\" \/><\/div>\n\t\t\t\t\t<div class=\"wc-block-grid__product-title\">Panamera sp\u00f3dnica maxi 100% jedwab<\/div>\n\t\t\t\t<\/a>\n\t\t\t\t<div class=\"wc-block-grid__product-price price\"><span class=\"woocommerce-Price-amount amount\">3 090,00&nbsp;<span class=\"woocommerce-Price-currencySymbol\">zloty<\/span><\/span><\/div>\n\t\t\t\t\n\t\t\t\t<div class=\"wp-block-button wc-block-grid__product-add-to-cart\"><a href=\"?add-to-cart=11259\" aria-label=\"Add to basket: \u201cPanamera sp\u00f3dnica maxi 100% jedwab\u201d\" data-quantity=\"1\" data-product_id=\"11259\" data-product_sku=\"057-A\" data-price=\"3090\" rel=\"nofollow\" class=\"wp-block-button__link  add_to_cart_button ajax_add_to_cart\" data-no-translation=\"\" data-trp-gettext=\"\" data-no-translation-aria-label=\"\">Add to basket<\/a><\/div>\n\t\t\t<\/li><li class=\"wc-block-grid__product\">\n\t\t\t\t<a href=\"https:\/\/nudu.pl\/en\/product\/koszula-dotyk-miekkosci\/\" class=\"wc-block-grid__product-link\">\n\t\t\t\t\t\n\t\t\t\t\t<div class=\"wc-block-grid__product-image\"><img decoding=\"async\" width=\"300\" height=\"300\" src=\"https:\/\/nudu.pl\/wp-content\/uploads\/2026\/04\/dotyk-miekkosci-pastelowy-nasycony-roz-300x300.png\" class=\"attachment-woocommerce_thumbnail size-woocommerce_thumbnail wvs-archive-product-image\" alt=\"koszula DOTYK mi\u0119kko\u015bci\" srcset=\"https:\/\/nudu.pl\/wp-content\/uploads\/2026\/04\/dotyk-miekkosci-pastelowy-nasycony-roz-300x300.png 300w, https:\/\/nudu.pl\/wp-content\/uploads\/2026\/04\/dotyk-miekkosci-pastelowy-nasycony-roz-150x150.png 150w, https:\/\/nudu.pl\/wp-content\/uploads\/2026\/04\/dotyk-miekkosci-pastelowy-nasycony-roz-100x100.png 100w, https:\/\/nudu.pl\/wp-content\/uploads\/2026\/04\/dotyk-miekkosci-pastelowy-nasycony-roz-50x50.png 50w, https:\/\/nudu.pl\/wp-content\/uploads\/2026\/04\/dotyk-miekkosci-pastelowy-nasycony-roz-600x600.png 600w, https:\/\/nudu.pl\/wp-content\/uploads\/2026\/04\/dotyk-miekkosci-pastelowy-nasycony-roz-96x96.png 96w, https:\/\/nudu.pl\/wp-content\/uploads\/2026\/04\/dotyk-miekkosci-pastelowy-nasycony-roz-460x460.png 460w\" sizes=\"(max-width: 300px) 100vw, 300px\" \/><\/div>\n\t\t\t\t\t<div class=\"wc-block-grid__product-title\">koszula DOTYK mi\u0119kko\u015bci<\/div>\n\t\t\t\t<\/a>\n\t\t\t\t<div class=\"wc-block-grid__product-price price\"><span class=\"woocommerce-Price-amount amount\">599,00&nbsp;<span class=\"woocommerce-Price-currencySymbol\">zloty<\/span><\/span><\/div>\n\t\t\t\t\n\t\t\t\t<div class=\"wp-block-button wc-block-grid__product-add-to-cart\"><a href=\"https:\/\/nudu.pl\/en\/product\/koszula-dotyk-miekkosci\/\" aria-label=\"Select options for \u201ckoszula DOTYK mi\u0119kko\u015bci\u201d\" data-quantity=\"1\" data-product_id=\"11179\" data-product_sku=\"018-A\" data-price=\"599\" rel=\"nofollow\" class=\"wp-block-button__link  add_to_cart_button\" data-no-translation=\"\" data-trp-gettext=\"\" data-no-translation-aria-label=\"\">Select options<\/a><\/div>\n\t\t\t<\/li><li class=\"wc-block-grid__product\">\n\t\t\t\t<a href=\"https:\/\/nudu.pl\/en\/product\/mini-spodnica-emerald\/\" class=\"wc-block-grid__product-link\">\n\t\t\t\t\t\n\t\t\t\t\t<div class=\"wc-block-grid__product-image\"><img decoding=\"async\" width=\"300\" height=\"300\" src=\"https:\/\/nudu.pl\/wp-content\/uploads\/2026\/03\/klasyczna-biala-koszula-300x300.jpg\" class=\"attachment-woocommerce_thumbnail size-woocommerce_thumbnail wvs-archive-product-image\" alt=\"mini sp\u00f3dnica emerald\" srcset=\"https:\/\/nudu.pl\/wp-content\/uploads\/2026\/03\/klasyczna-biala-koszula-300x300.jpg 300w, https:\/\/nudu.pl\/wp-content\/uploads\/2026\/03\/klasyczna-biala-koszula-150x150.jpg 150w, https:\/\/nudu.pl\/wp-content\/uploads\/2026\/03\/klasyczna-biala-koszula-100x100.jpg 100w, https:\/\/nudu.pl\/wp-content\/uploads\/2026\/03\/klasyczna-biala-koszula-50x50.jpg 50w, https:\/\/nudu.pl\/wp-content\/uploads\/2026\/03\/klasyczna-biala-koszula-600x600.jpg 600w, https:\/\/nudu.pl\/wp-content\/uploads\/2026\/03\/klasyczna-biala-koszula-96x96.jpg 96w, https:\/\/nudu.pl\/wp-content\/uploads\/2026\/03\/klasyczna-biala-koszula-460x460.jpg 460w\" sizes=\"(max-width: 300px) 100vw, 300px\" \/><\/div>\n\t\t\t\t\t<div class=\"wc-block-grid__product-title\">mini sp\u00f3dnica emerald<\/div>\n\t\t\t\t<\/a>\n\t\t\t\t<div class=\"wc-block-grid__product-price price\"><span class=\"woocommerce-Price-amount amount\">489,00&nbsp;<span class=\"woocommerce-Price-currencySymbol\">zloty<\/span><\/span><\/div>\n\t\t\t\t\n\t\t\t\t<div class=\"wp-block-button wc-block-grid__product-add-to-cart\"><a href=\"?add-to-cart=11167\" aria-label=\"Add to basket: \u201cmini sp\u00f3dnica emerald\u201d\" data-quantity=\"1\" data-product_id=\"11167\" data-product_sku=\"QRWO4\" data-price=\"489\" rel=\"nofollow\" class=\"wp-block-button__link  add_to_cart_button ajax_add_to_cart\" data-no-translation=\"\" data-trp-gettext=\"\" data-no-translation-aria-label=\"\">Add to basket<\/a><\/div>\n\t\t\t<\/li><li class=\"wc-block-grid__product\">\n\t\t\t\t<a href=\"https:\/\/nudu.pl\/en\/product\/mini-spodnica-jedwabna-chmurka\/\" class=\"wc-block-grid__product-link\">\n\t\t\t\t\t\n\t\t\t\t\t<div class=\"wc-block-grid__product-image\"><img loading=\"lazy\" decoding=\"async\" width=\"300\" height=\"300\" src=\"https:\/\/nudu.pl\/wp-content\/uploads\/2026\/03\/mini-jedwabna-chmurka-300x300.png\" class=\"attachment-woocommerce_thumbnail size-woocommerce_thumbnail wvs-archive-product-image\" alt=\"mini sp\u00f3dnica jedwabna chmurka\" srcset=\"https:\/\/nudu.pl\/wp-content\/uploads\/2026\/03\/mini-jedwabna-chmurka-300x300.png 300w, https:\/\/nudu.pl\/wp-content\/uploads\/2026\/03\/mini-jedwabna-chmurka-150x150.png 150w, https:\/\/nudu.pl\/wp-content\/uploads\/2026\/03\/mini-jedwabna-chmurka-768x768.png 768w, https:\/\/nudu.pl\/wp-content\/uploads\/2026\/03\/mini-jedwabna-chmurka-12x12.png 12w, https:\/\/nudu.pl\/wp-content\/uploads\/2026\/03\/mini-jedwabna-chmurka-100x100.png 100w, https:\/\/nudu.pl\/wp-content\/uploads\/2026\/03\/mini-jedwabna-chmurka-600x600.png 600w, https:\/\/nudu.pl\/wp-content\/uploads\/2026\/03\/mini-jedwabna-chmurka-50x50.png 50w, https:\/\/nudu.pl\/wp-content\/uploads\/2026\/03\/mini-jedwabna-chmurka-96x96.png 96w, https:\/\/nudu.pl\/wp-content\/uploads\/2026\/03\/mini-jedwabna-chmurka-460x460.png 460w, https:\/\/nudu.pl\/wp-content\/uploads\/2026\/03\/mini-jedwabna-chmurka.png 1024w\" sizes=\"(max-width: 300px) 100vw, 300px\" \/><\/div>\n\t\t\t\t\t<div class=\"wc-block-grid__product-title\">mini sp\u00f3dnica jedwabna chmurka<\/div>\n\t\t\t\t<\/a>\n\t\t\t\t<div class=\"wc-block-grid__product-price price\"><span class=\"woocommerce-Price-amount amount\">790,00&nbsp;<span class=\"woocommerce-Price-currencySymbol\">zloty<\/span><\/span><\/div>\n\t\t\t\t\n\t\t\t\t<div class=\"wp-block-button wc-block-grid__product-add-to-cart\"><a href=\"?add-to-cart=11150\" aria-label=\"Add to basket: \u201cmini sp\u00f3dnica jedwabna chmurka\u201d\" data-quantity=\"1\" data-product_id=\"11150\" data-product_sku=\"74PRU\" data-price=\"790\" rel=\"nofollow\" class=\"wp-block-button__link  add_to_cart_button ajax_add_to_cart\" data-no-translation=\"\" data-trp-gettext=\"\" data-no-translation-aria-label=\"\">Add to basket<\/a><\/div>\n\t\t\t<\/li><\/ul><\/div><\/div><\/div><div class=\"wp-block-buttons is-layout-flex wp-block-buttons-is-layout-flex\"><div class=\"wp-block-button\"><a class=\"wp-block-button__link wp-element-button\" href=\"https:\/\/nudu.pl\/en\/sklep\/\">Continue shopping<\/a><\/div><\/div>","protected":false},"excerpt":{"rendered":"","protected":false},"author":1,"featured_media":0,"parent":0,"menu_order":0,"comment_status":"closed","ping_status":"closed","template":"","meta":{"_acf_changed":false,"footnotes":""},"class_list":["post-12","page","type-page","status-publish","hentry"],"acf":[],"yoast_head":"<!-- This site is optimized with the Yoast SEO plugin v24.3 - https:\/\/yoast.com\/wordpress\/plugins\/seo\/ -->\n<title>Koszyk - NuDu Boutique Warszawa<\/title>\n<meta name=\"robots\" content=\"index, follow, max-snippet:-1, max-image-preview:large, max-video-preview:-1\" \/>\n<link rel=\"canonical\" href=\"https:\/\/nudu.pl\/en\/koszyk\/\" \/>\n<meta property=\"og:locale\" content=\"en_GB\" \/>\n<meta property=\"og:type\" content=\"article\" \/>\n<meta property=\"og:title\" content=\"Koszyk - NuDu Boutique Warszawa\" \/>\n<meta property=\"og:url\" content=\"https:\/\/nudu.pl\/en\/koszyk\/\" \/>\n<meta property=\"og:site_name\" content=\"NuDu Boutique Warszawa\" \/>\n<meta property=\"article:modified_time\" content=\"2024-09-16T19:25:29+00:00\" \/>\n<meta name=\"twitter:card\" content=\"summary_large_image\" \/>\n<meta name=\"twitter:label1\" content=\"Estimated reading time\" \/>\n\t<meta name=\"twitter:data1\" content=\"1 minute\" \/>\n<script type=\"application\/ld+json\" class=\"yoast-schema-graph\">{\"@context\":\"https:\/\/schema.org\",\"@graph\":[{\"@type\":\"WebPage\",\"@id\":\"https:\/\/nudu.pl\/koszyk\/\",\"url\":\"https:\/\/nudu.pl\/koszyk\/\",\"name\":\"Koszyk - NuDu Boutique Warszawa\",\"isPartOf\":{\"@id\":\"https:\/\/nudu.pl\/#website\"},\"datePublished\":\"2024-07-17T19:53:00+00:00\",\"dateModified\":\"2024-09-16T19:25:29+00:00\",\"breadcrumb\":{\"@id\":\"https:\/\/nudu.pl\/koszyk\/#breadcrumb\"},\"inLanguage\":\"en-GB\",\"potentialAction\":[{\"@type\":\"ReadAction\",\"target\":[\"https:\/\/nudu.pl\/koszyk\/\"]}]},{\"@type\":\"BreadcrumbList\",\"@id\":\"https:\/\/nudu.pl\/koszyk\/#breadcrumb\",\"itemListElement\":[{\"@type\":\"ListItem\",\"position\":1,\"name\":\"Home\",\"item\":\"https:\/\/nudu.pl\/\"},{\"@type\":\"ListItem\",\"position\":2,\"name\":\"Koszyk\"}]},{\"@type\":\"WebSite\",\"@id\":\"https:\/\/nudu.pl\/#website\",\"url\":\"https:\/\/nudu.pl\/\",\"name\":\"NuDu Boutique Warszawa\",\"description\":\"Pocz\u0105tek pi\u0119knej przyja\u017ani\",\"publisher\":{\"@id\":\"https:\/\/nudu.pl\/#organization\"},\"potentialAction\":[{\"@type\":\"SearchAction\",\"target\":{\"@type\":\"EntryPoint\",\"urlTemplate\":\"https:\/\/nudu.pl\/?s={search_term_string}\"},\"query-input\":{\"@type\":\"PropertyValueSpecification\",\"valueRequired\":true,\"valueName\":\"search_term_string\"}}],\"inLanguage\":\"en-GB\"},{\"@type\":\"Organization\",\"@id\":\"https:\/\/nudu.pl\/#organization\",\"name\":\"NuDu Boutique Warszawa\",\"url\":\"https:\/\/nudu.pl\/\",\"logo\":{\"@type\":\"ImageObject\",\"inLanguage\":\"en-GB\",\"@id\":\"https:\/\/nudu.pl\/#\/schema\/logo\/image\/\",\"url\":\"https:\/\/nudu.pl\/wp-content\/uploads\/2024\/07\/NuDu-basic.svg\",\"contentUrl\":\"https:\/\/nudu.pl\/wp-content\/uploads\/2024\/07\/NuDu-basic.svg\",\"width\":166,\"height\":67,\"caption\":\"NuDu Boutique Warszawa\"},\"image\":{\"@id\":\"https:\/\/nudu.pl\/#\/schema\/logo\/image\/\"}}]}<\/script>\n<!-- \/ Yoast SEO plugin. -->","yoast_head_json":{"title":"Koszyk - NuDu Boutique Warszawa","robots":{"index":"index","follow":"follow","max-snippet":"max-snippet:-1","max-image-preview":"max-image-preview:large","max-video-preview":"max-video-preview:-1"},"canonical":"https:\/\/nudu.pl\/en\/koszyk\/","og_locale":"en_GB","og_type":"article","og_title":"Koszyk - NuDu Boutique Warszawa","og_url":"https:\/\/nudu.pl\/en\/koszyk\/","og_site_name":"NuDu Boutique Warszawa","article_modified_time":"2024-09-16T19:25:29+00:00","twitter_card":"summary_large_image","twitter_misc":{"Estimated reading time":"1 minute"},"schema":{"@context":"https:\/\/schema.org","@graph":[{"@type":"WebPage","@id":"https:\/\/nudu.pl\/koszyk\/","url":"https:\/\/nudu.pl\/koszyk\/","name":"Koszyk - NuDu Boutique Warszawa","isPartOf":{"@id":"https:\/\/nudu.pl\/#website"},"datePublished":"2024-07-17T19:53:00+00:00","dateModified":"2024-09-16T19:25:29+00:00","breadcrumb":{"@id":"https:\/\/nudu.pl\/koszyk\/#breadcrumb"},"inLanguage":"en-GB","potentialAction":[{"@type":"ReadAction","target":["https:\/\/nudu.pl\/koszyk\/"]}]},{"@type":"BreadcrumbList","@id":"https:\/\/nudu.pl\/koszyk\/#breadcrumb","itemListElement":[{"@type":"ListItem","position":1,"name":"Home","item":"https:\/\/nudu.pl\/"},{"@type":"ListItem","position":2,"name":"Koszyk"}]},{"@type":"WebSite","@id":"https:\/\/nudu.pl\/#website","url":"https:\/\/nudu.pl\/","name":"NuDu Boutique Warszawa","description":"Pocz\u0105tek pi\u0119knej przyja\u017ani","publisher":{"@id":"https:\/\/nudu.pl\/#organization"},"potentialAction":[{"@type":"SearchAction","target":{"@type":"EntryPoint","urlTemplate":"https:\/\/nudu.pl\/?s={search_term_string}"},"query-input":{"@type":"PropertyValueSpecification","valueRequired":true,"valueName":"search_term_string"}}],"inLanguage":"en-GB"},{"@type":"Organization","@id":"https:\/\/nudu.pl\/#organization","name":"NuDu Boutique Warszawa","url":"https:\/\/nudu.pl\/","logo":{"@type":"ImageObject","inLanguage":"en-GB","@id":"https:\/\/nudu.pl\/#\/schema\/logo\/image\/","url":"https:\/\/nudu.pl\/wp-content\/uploads\/2024\/07\/NuDu-basic.svg","contentUrl":"https:\/\/nudu.pl\/wp-content\/uploads\/2024\/07\/NuDu-basic.svg","width":166,"height":67,"caption":"NuDu Boutique Warszawa"},"image":{"@id":"https:\/\/nudu.pl\/#\/schema\/logo\/image\/"}}]}},"_links":{"self":[{"href":"https:\/\/nudu.pl\/en\/wp-json\/wp\/v2\/pages\/12","targetHints":{"allow":["GET"]}}],"collection":[{"href":"https:\/\/nudu.pl\/en\/wp-json\/wp\/v2\/pages"}],"about":[{"href":"https:\/\/nudu.pl\/en\/wp-json\/wp\/v2\/types\/page"}],"author":[{"embeddable":true,"href":"https:\/\/nudu.pl\/en\/wp-json\/wp\/v2\/users\/1"}],"replies":[{"embeddable":true,"href":"https:\/\/nudu.pl\/en\/wp-json\/wp\/v2\/comments?post=12"}],"version-history":[{"count":4,"href":"https:\/\/nudu.pl\/en\/wp-json\/wp\/v2\/pages\/12\/revisions"}],"predecessor-version":[{"id":10698,"href":"https:\/\/nudu.pl\/en\/wp-json\/wp\/v2\/pages\/12\/revisions\/10698"}],"wp:attachment":[{"href":"https:\/\/nudu.pl\/en\/wp-json\/wp\/v2\/media?parent=12"}],"curies":[{"name":"wp","href":"https:\/\/api.w.org\/{rel}","templated":true}]}}