{"id":2409,"date":"2020-12-07T04:05:37","date_gmt":"2020-12-07T04:05:37","guid":{"rendered":"https:\/\/demo2wpopal.b-cdn.net\/woncep\/?page_id=2409"},"modified":"2025-03-02T00:06:50","modified_gmt":"2025-03-01T23:06:50","slug":"about-us","status":"publish","type":"page","link":"https:\/\/nudu.pl\/en\/about-us\/","title":{"rendered":"About us"},"content":{"rendered":"<div class=\"wp-block-image\"><figure class=\"aligncenter size-large\"><img fetchpriority=\"high\" decoding=\"async\" width=\"615\" height=\"1024\" src=\"https:\/\/nudu.pl\/wp-content\/uploads\/2024\/11\/526A0880-1-615x1024.jpg\" alt=\"\" class=\"wp-image-8703\" srcset=\"https:\/\/nudu.pl\/wp-content\/uploads\/2024\/11\/526A0880-1-615x1024.jpg 615w, https:\/\/nudu.pl\/wp-content\/uploads\/2024\/11\/526A0880-1-scaled-600x999.jpg 600w, https:\/\/nudu.pl\/wp-content\/uploads\/2024\/11\/526A0880-1-180x300.jpg 180w, https:\/\/nudu.pl\/wp-content\/uploads\/2024\/11\/526A0880-1-768x1279.jpg 768w, https:\/\/nudu.pl\/wp-content\/uploads\/2024\/11\/526A0880-1-922x1536.jpg 922w, https:\/\/nudu.pl\/wp-content\/uploads\/2024\/11\/526A0880-1-1230x2048.jpg 1230w, https:\/\/nudu.pl\/wp-content\/uploads\/2024\/11\/526A0880-1-scaled.jpg 1537w\" sizes=\"(max-width: 615px) 100vw, 615px\" \/><\/figure><\/div><p style=\"text-align: left;\">NUDU translated into French NOUS DEUX means We Two and is an expression of the deep bond that connects me with my Friend \u2013 the author of this inspiring name. She was a huge support for me to believe in myself and release the first collection of casual clothes for Business Women that I designed.\u00a0<\/p>\n<p>NUDU suggests unity and bond, which perfectly matches the brand&#039;s vision, emphasizing the closeness and understanding between the designer and her clients \u2013 Successful Women. NOUS DEUX subtly reflects the elegance carried by the French language, synonymous with classic Parisian fashion and luxury.<\/p>\n<p>Over the last 15 years of working in the fashion industry, designing wedding dresses, I have had the honor of designing, drawing and sewing almost one and a half thousand unique dresses for Brides. Each of these Women was an inspiration to me, and their stories - motivation. Today, looking back, I feel that it was these stories and emotions, accompanying these special moments in life, that became the foundation for my new collection. NUDU is a bridge that connects these two beautiful projects in my life. On the one hand, I dedicate this collection to my Brides - Women who gave me a lot of joy and satisfaction from work. On the other hand, I direct it to a new group of Women - Business Women who boldly combine professional life with passions and dreams. It is also a tribute to wonderful Friends <a href=\"http:\/\/www.atelier.nadolnej.pl\">VIE DE CH\u00c2TEAU ATELIER<\/a>, who have told me about their professions, passions and daily challenges over the years. NUDU X VIE DE CH\u00c2TEAU ATELIER is united by the care for the highest quality fabrics. This is a value that has always been the foundation of my collections.\u00a0<\/p>\n<p>Today, I happily return to these shared experiences by creating a collection of clothes designed especially for my wonderful clients. NUDU is not just clothing \u2013 it is a story about the power of friendship, passion and courage to be ourselves, in every role that WE women play every day.\u00a0<\/p>\n<p>\u00a0September 2024\u00a0<\/p>\n<p>Malwina Kalata \/ Designer and Founder of NUDU<\/p>","protected":false},"excerpt":{"rendered":"<p>NUDU w t\u0142umaczeniu na j\u0119zyk francuski NOUS DEUX, oznacza My Dwie i jest wyrazem g\u0142\u0119bokiej wi\u0119zi, kt\u00f3ra \u0142\u0105czy mnie z moj\u0105 Przyjaci\u00f3\u0142k\u0105 &#8211; autork\u0105 tej inspiruj\u0105cej nazwy. To ona by\u0142a dla mnie ogromnym wsparciem, by uwierzy\u0107 w siebie i wyda\u0107 pierwsz\u0105 zaprojektowan\u0105 przeze mnie kolekcj\u0119 ubra\u0144 codziennych dla Kobiet Biznesu.\u00a0 NUDU sugeruje jedno\u015b\u0107 i wi\u0119\u017a, [&hellip;]<\/p>","protected":false},"author":1,"featured_media":0,"parent":0,"menu_order":0,"comment_status":"closed","ping_status":"closed","template":"elementor_header_footer","meta":{"_acf_changed":false,"footnotes":""},"class_list":["post-2409","page","type-page","status-publish","hentry"],"acf":[],"yoast_head":"<!-- This site is optimized with the Yoast SEO plugin v24.3 - https:\/\/yoast.com\/wordpress\/plugins\/seo\/ -->\n<title>O nas - NuDu Boutique Warszawa<\/title>\n<meta name=\"robots\" content=\"index, follow, max-snippet:-1, max-image-preview:large, max-video-preview:-1\" \/>\n<link rel=\"canonical\" href=\"https:\/\/nudu.pl\/en\/about-us\/\" \/>\n<meta property=\"og:locale\" content=\"en_GB\" \/>\n<meta property=\"og:type\" content=\"article\" \/>\n<meta property=\"og:title\" content=\"O nas - NuDu Boutique Warszawa\" \/>\n<meta property=\"og:description\" content=\"NUDU w t\u0142umaczeniu na j\u0119zyk francuski NOUS DEUX, oznacza My Dwie i jest wyrazem g\u0142\u0119bokiej wi\u0119zi, kt\u00f3ra \u0142\u0105czy mnie z moj\u0105 Przyjaci\u00f3\u0142k\u0105 &#8211; autork\u0105 tej inspiruj\u0105cej nazwy. To ona by\u0142a dla mnie ogromnym wsparciem, by uwierzy\u0107 w siebie i wyda\u0107 pierwsz\u0105 zaprojektowan\u0105 przeze mnie kolekcj\u0119 ubra\u0144 codziennych dla Kobiet Biznesu.\u00a0 NUDU sugeruje jedno\u015b\u0107 i wi\u0119\u017a, [&hellip;]\" \/>\n<meta property=\"og:url\" content=\"https:\/\/nudu.pl\/en\/about-us\/\" \/>\n<meta property=\"og:site_name\" content=\"NuDu Boutique Warszawa\" \/>\n<meta property=\"article:modified_time\" content=\"2025-03-01T23:06:50+00:00\" \/>\n<meta property=\"og:image\" content=\"https:\/\/nudu.pl\/wp-content\/uploads\/2024\/11\/526A0880-1-scaled.jpg\" \/>\n\t<meta property=\"og:image:width\" content=\"1537\" \/>\n\t<meta property=\"og:image:height\" content=\"2560\" \/>\n\t<meta property=\"og:image:type\" content=\"image\/jpeg\" \/>\n<meta name=\"twitter:card\" content=\"summary_large_image\" \/>\n<meta name=\"twitter:label1\" content=\"Estimated reading time\" \/>\n\t<meta name=\"twitter:data1\" content=\"2 minutes\" \/>\n<script type=\"application\/ld+json\" class=\"yoast-schema-graph\">{\"@context\":\"https:\/\/schema.org\",\"@graph\":[{\"@type\":\"WebPage\",\"@id\":\"https:\/\/nudu.pl\/about-us\/\",\"url\":\"https:\/\/nudu.pl\/about-us\/\",\"name\":\"O nas - NuDu Boutique Warszawa\",\"isPartOf\":{\"@id\":\"https:\/\/nudu.pl\/#website\"},\"primaryImageOfPage\":{\"@id\":\"https:\/\/nudu.pl\/about-us\/#primaryimage\"},\"image\":{\"@id\":\"https:\/\/nudu.pl\/about-us\/#primaryimage\"},\"thumbnailUrl\":\"https:\/\/nudu.pl\/wp-content\/uploads\/2024\/11\/526A0880-1-615x1024.jpg\",\"datePublished\":\"2020-12-07T04:05:37+00:00\",\"dateModified\":\"2025-03-01T23:06:50+00:00\",\"breadcrumb\":{\"@id\":\"https:\/\/nudu.pl\/about-us\/#breadcrumb\"},\"inLanguage\":\"en-GB\",\"potentialAction\":[{\"@type\":\"ReadAction\",\"target\":[\"https:\/\/nudu.pl\/about-us\/\"]}]},{\"@type\":\"ImageObject\",\"inLanguage\":\"en-GB\",\"@id\":\"https:\/\/nudu.pl\/about-us\/#primaryimage\",\"url\":\"https:\/\/nudu.pl\/wp-content\/uploads\/2024\/11\/526A0880-1-615x1024.jpg\",\"contentUrl\":\"https:\/\/nudu.pl\/wp-content\/uploads\/2024\/11\/526A0880-1-615x1024.jpg\"},{\"@type\":\"BreadcrumbList\",\"@id\":\"https:\/\/nudu.pl\/about-us\/#breadcrumb\",\"itemListElement\":[{\"@type\":\"ListItem\",\"position\":1,\"name\":\"Home\",\"item\":\"https:\/\/nudu.pl\/\"},{\"@type\":\"ListItem\",\"position\":2,\"name\":\"O nas\"}]},{\"@type\":\"WebSite\",\"@id\":\"https:\/\/nudu.pl\/#website\",\"url\":\"https:\/\/nudu.pl\/\",\"name\":\"NuDu Boutique Warszawa\",\"description\":\"Pocz\u0105tek pi\u0119knej przyja\u017ani\",\"publisher\":{\"@id\":\"https:\/\/nudu.pl\/#organization\"},\"potentialAction\":[{\"@type\":\"SearchAction\",\"target\":{\"@type\":\"EntryPoint\",\"urlTemplate\":\"https:\/\/nudu.pl\/?s={search_term_string}\"},\"query-input\":{\"@type\":\"PropertyValueSpecification\",\"valueRequired\":true,\"valueName\":\"search_term_string\"}}],\"inLanguage\":\"en-GB\"},{\"@type\":\"Organization\",\"@id\":\"https:\/\/nudu.pl\/#organization\",\"name\":\"NuDu Boutique Warszawa\",\"url\":\"https:\/\/nudu.pl\/\",\"logo\":{\"@type\":\"ImageObject\",\"inLanguage\":\"en-GB\",\"@id\":\"https:\/\/nudu.pl\/#\/schema\/logo\/image\/\",\"url\":\"https:\/\/nudu.pl\/wp-content\/uploads\/2024\/07\/NuDu-basic.svg\",\"contentUrl\":\"https:\/\/nudu.pl\/wp-content\/uploads\/2024\/07\/NuDu-basic.svg\",\"width\":166,\"height\":67,\"caption\":\"NuDu Boutique Warszawa\"},\"image\":{\"@id\":\"https:\/\/nudu.pl\/#\/schema\/logo\/image\/\"}}]}<\/script>\n<!-- \/ Yoast SEO plugin. -->","yoast_head_json":{"title":"O nas - NuDu Boutique Warszawa","robots":{"index":"index","follow":"follow","max-snippet":"max-snippet:-1","max-image-preview":"max-image-preview:large","max-video-preview":"max-video-preview:-1"},"canonical":"https:\/\/nudu.pl\/en\/about-us\/","og_locale":"en_GB","og_type":"article","og_title":"O nas - NuDu Boutique Warszawa","og_description":"NUDU w t\u0142umaczeniu na j\u0119zyk francuski NOUS DEUX, oznacza My Dwie i jest wyrazem g\u0142\u0119bokiej wi\u0119zi, kt\u00f3ra \u0142\u0105czy mnie z moj\u0105 Przyjaci\u00f3\u0142k\u0105 &#8211; autork\u0105 tej inspiruj\u0105cej nazwy. To ona by\u0142a dla mnie ogromnym wsparciem, by uwierzy\u0107 w siebie i wyda\u0107 pierwsz\u0105 zaprojektowan\u0105 przeze mnie kolekcj\u0119 ubra\u0144 codziennych dla Kobiet Biznesu.\u00a0 NUDU sugeruje jedno\u015b\u0107 i wi\u0119\u017a, [&hellip;]","og_url":"https:\/\/nudu.pl\/en\/about-us\/","og_site_name":"NuDu Boutique Warszawa","article_modified_time":"2025-03-01T23:06:50+00:00","og_image":[{"width":1537,"height":2560,"url":"https:\/\/nudu.pl\/wp-content\/uploads\/2024\/11\/526A0880-1-scaled.jpg","type":"image\/jpeg"}],"twitter_card":"summary_large_image","twitter_misc":{"Estimated reading time":"2 minutes"},"schema":{"@context":"https:\/\/schema.org","@graph":[{"@type":"WebPage","@id":"https:\/\/nudu.pl\/about-us\/","url":"https:\/\/nudu.pl\/about-us\/","name":"O nas - NuDu Boutique Warszawa","isPartOf":{"@id":"https:\/\/nudu.pl\/#website"},"primaryImageOfPage":{"@id":"https:\/\/nudu.pl\/about-us\/#primaryimage"},"image":{"@id":"https:\/\/nudu.pl\/about-us\/#primaryimage"},"thumbnailUrl":"https:\/\/nudu.pl\/wp-content\/uploads\/2024\/11\/526A0880-1-615x1024.jpg","datePublished":"2020-12-07T04:05:37+00:00","dateModified":"2025-03-01T23:06:50+00:00","breadcrumb":{"@id":"https:\/\/nudu.pl\/about-us\/#breadcrumb"},"inLanguage":"en-GB","potentialAction":[{"@type":"ReadAction","target":["https:\/\/nudu.pl\/about-us\/"]}]},{"@type":"ImageObject","inLanguage":"en-GB","@id":"https:\/\/nudu.pl\/about-us\/#primaryimage","url":"https:\/\/nudu.pl\/wp-content\/uploads\/2024\/11\/526A0880-1-615x1024.jpg","contentUrl":"https:\/\/nudu.pl\/wp-content\/uploads\/2024\/11\/526A0880-1-615x1024.jpg"},{"@type":"BreadcrumbList","@id":"https:\/\/nudu.pl\/about-us\/#breadcrumb","itemListElement":[{"@type":"ListItem","position":1,"name":"Home","item":"https:\/\/nudu.pl\/"},{"@type":"ListItem","position":2,"name":"O nas"}]},{"@type":"WebSite","@id":"https:\/\/nudu.pl\/#website","url":"https:\/\/nudu.pl\/","name":"NuDu Boutique Warszawa","description":"Pocz\u0105tek pi\u0119knej przyja\u017ani","publisher":{"@id":"https:\/\/nudu.pl\/#organization"},"potentialAction":[{"@type":"SearchAction","target":{"@type":"EntryPoint","urlTemplate":"https:\/\/nudu.pl\/?s={search_term_string}"},"query-input":{"@type":"PropertyValueSpecification","valueRequired":true,"valueName":"search_term_string"}}],"inLanguage":"en-GB"},{"@type":"Organization","@id":"https:\/\/nudu.pl\/#organization","name":"NuDu Boutique Warszawa","url":"https:\/\/nudu.pl\/","logo":{"@type":"ImageObject","inLanguage":"en-GB","@id":"https:\/\/nudu.pl\/#\/schema\/logo\/image\/","url":"https:\/\/nudu.pl\/wp-content\/uploads\/2024\/07\/NuDu-basic.svg","contentUrl":"https:\/\/nudu.pl\/wp-content\/uploads\/2024\/07\/NuDu-basic.svg","width":166,"height":67,"caption":"NuDu Boutique Warszawa"},"image":{"@id":"https:\/\/nudu.pl\/#\/schema\/logo\/image\/"}}]}},"_links":{"self":[{"href":"https:\/\/nudu.pl\/en\/wp-json\/wp\/v2\/pages\/2409","targetHints":{"allow":["GET"]}}],"collection":[{"href":"https:\/\/nudu.pl\/en\/wp-json\/wp\/v2\/pages"}],"about":[{"href":"https:\/\/nudu.pl\/en\/wp-json\/wp\/v2\/types\/page"}],"author":[{"embeddable":true,"href":"https:\/\/nudu.pl\/en\/wp-json\/wp\/v2\/users\/1"}],"replies":[{"embeddable":true,"href":"https:\/\/nudu.pl\/en\/wp-json\/wp\/v2\/comments?post=2409"}],"version-history":[{"count":31,"href":"https:\/\/nudu.pl\/en\/wp-json\/wp\/v2\/pages\/2409\/revisions"}],"predecessor-version":[{"id":9514,"href":"https:\/\/nudu.pl\/en\/wp-json\/wp\/v2\/pages\/2409\/revisions\/9514"}],"wp:attachment":[{"href":"https:\/\/nudu.pl\/en\/wp-json\/wp\/v2\/media?parent=2409"}],"curies":[{"name":"wp","href":"https:\/\/api.w.org\/{rel}","templated":true}]}}