{"id":8287,"date":"2024-09-15T21:58:03","date_gmt":"2024-09-15T19:58:03","guid":{"rendered":"https:\/\/nudu.pl\/?page_id=8287"},"modified":"2024-09-15T22:02:02","modified_gmt":"2024-09-15T20:02:02","slug":"lookbook","status":"publish","type":"page","link":"https:\/\/nudu.pl\/en\/lookbook\/","title":{"rendered":"Lookbook"},"content":{"rendered":"<div data-elementor-type=\"wp-page\" data-elementor-id=\"8287\" class=\"elementor elementor-8287\" data-elementor-post-type=\"page\">\n\t\t\t\t<div class=\"elementor-element elementor-element-9aadf61 e-con-full e-flex e-con e-parent\" data-id=\"9aadf61\" data-element_type=\"container\">\n\t\t\t\t<div class=\"elementor-element elementor-element-3a99a33 elementor-widget elementor-widget-gallery\" data-id=\"3a99a33\" data-element_type=\"widget\" data-settings=\"{&quot;gallery_layout&quot;:&quot;masonry&quot;,&quot;columns&quot;:3,&quot;lazyload&quot;:&quot;yes&quot;,&quot;columns_tablet&quot;:2,&quot;columns_mobile&quot;:1,&quot;gap&quot;:{&quot;unit&quot;:&quot;px&quot;,&quot;size&quot;:10,&quot;sizes&quot;:[]},&quot;gap_tablet&quot;:{&quot;unit&quot;:&quot;px&quot;,&quot;size&quot;:10,&quot;sizes&quot;:[]},&quot;gap_mobile&quot;:{&quot;unit&quot;:&quot;px&quot;,&quot;size&quot;:10,&quot;sizes&quot;:[]},&quot;link_to&quot;:&quot;file&quot;,&quot;overlay_background&quot;:&quot;yes&quot;,&quot;content_hover_animation&quot;:&quot;fade-in&quot;}\" data-widget_type=\"gallery.default\">\n\t\t\t\t<div class=\"elementor-widget-container\">\n\t\t\t\t\t\t\t<div class=\"elementor-gallery__container\">\n\t\t\t\t\t\t\t<a class=\"e-gallery-item elementor-gallery-item elementor-animated-content\" href=\"https:\/\/nudu.pl\/wp-content\/uploads\/2024\/08\/thea-1.jpg\" data-elementor-open-lightbox=\"yes\" data-elementor-lightbox-slideshow=\"3a99a33\" data-elementor-lightbox-title=\"thea 1\" data-e-action-hash=\"#elementor-action%3Aaction%3Dlightbox%26settings%3DeyJpZCI6ODIzNywidXJsIjoiaHR0cHM6XC9cL251ZHUucGxcL3dwLWNvbnRlbnRcL3VwbG9hZHNcLzIwMjRcLzA4XC90aGVhLTEuanBnIiwic2xpZGVzaG93IjoiM2E5OWEzMyJ9\">\n\t\t\t\t\t<div class=\"e-gallery-image elementor-gallery-item__image\" data-thumbnail=\"https:\/\/nudu.pl\/wp-content\/uploads\/2024\/08\/thea-1-600x400.jpg\" data-width=\"600\" data-height=\"400\" aria-label=\"\" role=\"img\" ><\/div>\n\t\t\t\t\t\t\t\t\t\t\t<div class=\"elementor-gallery-item__overlay\"><\/div>\n\t\t\t\t\t\t\t\t\t\t\t\t\t\t<\/a>\n\t\t\t\t\t\t\t<a class=\"e-gallery-item elementor-gallery-item elementor-animated-content\" href=\"https:\/\/nudu.pl\/wp-content\/uploads\/2024\/08\/THEA-8.jpg\" data-elementor-open-lightbox=\"yes\" data-elementor-lightbox-slideshow=\"3a99a33\" data-elementor-lightbox-title=\"THEA 8\" data-e-action-hash=\"#elementor-action%3Aaction%3Dlightbox%26settings%3DeyJpZCI6ODIzMywidXJsIjoiaHR0cHM6XC9cL251ZHUucGxcL3dwLWNvbnRlbnRcL3VwbG9hZHNcLzIwMjRcLzA4XC9USEVBLTguanBnIiwic2xpZGVzaG93IjoiM2E5OWEzMyJ9\">\n\t\t\t\t\t<div class=\"e-gallery-image elementor-gallery-item__image\" data-thumbnail=\"https:\/\/nudu.pl\/wp-content\/uploads\/2024\/08\/THEA-8-600x900.jpg\" data-width=\"600\" data-height=\"900\" aria-label=\"\" role=\"img\" ><\/div>\n\t\t\t\t\t\t\t\t\t\t\t<div class=\"elementor-gallery-item__overlay\"><\/div>\n\t\t\t\t\t\t\t\t\t\t\t\t\t\t<\/a>\n\t\t\t\t\t\t\t<a class=\"e-gallery-item elementor-gallery-item elementor-animated-content\" href=\"https:\/\/nudu.pl\/wp-content\/uploads\/2024\/08\/NUSA-2.jpg\" data-elementor-open-lightbox=\"yes\" data-elementor-lightbox-slideshow=\"3a99a33\" data-elementor-lightbox-title=\"NUSA 2\" data-e-action-hash=\"#elementor-action%3Aaction%3Dlightbox%26settings%3DeyJpZCI6ODIyOSwidXJsIjoiaHR0cHM6XC9cL251ZHUucGxcL3dwLWNvbnRlbnRcL3VwbG9hZHNcLzIwMjRcLzA4XC9OVVNBLTIuanBnIiwic2xpZGVzaG93IjoiM2E5OWEzMyJ9\">\n\t\t\t\t\t<div class=\"e-gallery-image elementor-gallery-item__image\" data-thumbnail=\"https:\/\/nudu.pl\/wp-content\/uploads\/2024\/08\/NUSA-2-600x400.jpg\" data-width=\"600\" data-height=\"400\" aria-label=\"\" role=\"img\" ><\/div>\n\t\t\t\t\t\t\t\t\t\t\t<div class=\"elementor-gallery-item__overlay\"><\/div>\n\t\t\t\t\t\t\t\t\t\t\t\t\t\t<\/a>\n\t\t\t\t\t\t\t<a class=\"e-gallery-item elementor-gallery-item elementor-animated-content\" href=\"https:\/\/nudu.pl\/wp-content\/uploads\/2024\/08\/CLOE.jpg\" data-elementor-open-lightbox=\"yes\" data-elementor-lightbox-slideshow=\"3a99a33\" data-elementor-lightbox-title=\"CLOE\" data-e-action-hash=\"#elementor-action%3Aaction%3Dlightbox%26settings%3DeyJpZCI6ODIyNSwidXJsIjoiaHR0cHM6XC9cL251ZHUucGxcL3dwLWNvbnRlbnRcL3VwbG9hZHNcLzIwMjRcLzA4XC9DTE9FLmpwZyIsInNsaWRlc2hvdyI6IjNhOTlhMzMifQ%3D%3D\">\n\t\t\t\t\t<div class=\"e-gallery-image elementor-gallery-item__image\" data-thumbnail=\"https:\/\/nudu.pl\/wp-content\/uploads\/2024\/08\/CLOE-600x400.jpg\" data-width=\"600\" data-height=\"400\" aria-label=\"\" role=\"img\" ><\/div>\n\t\t\t\t\t\t\t\t\t\t\t<div class=\"elementor-gallery-item__overlay\"><\/div>\n\t\t\t\t\t\t\t\t\t\t\t\t\t\t<\/a>\n\t\t\t\t\t\t\t<a class=\"e-gallery-item elementor-gallery-item elementor-animated-content\" href=\"https:\/\/nudu.pl\/wp-content\/uploads\/2024\/08\/3B3A6475.jpg\" data-elementor-open-lightbox=\"yes\" data-elementor-lightbox-slideshow=\"3a99a33\" data-elementor-lightbox-title=\"3B3A6475\" data-e-action-hash=\"#elementor-action%3Aaction%3Dlightbox%26settings%3DeyJpZCI6ODEwNywidXJsIjoiaHR0cHM6XC9cL251ZHUucGxcL3dwLWNvbnRlbnRcL3VwbG9hZHNcLzIwMjRcLzA4XC8zQjNBNjQ3NS5qcGciLCJzbGlkZXNob3ciOiIzYTk5YTMzIn0%3D\">\n\t\t\t\t\t<div class=\"e-gallery-image elementor-gallery-item__image\" data-thumbnail=\"https:\/\/nudu.pl\/wp-content\/uploads\/2024\/08\/3B3A6475-600x400.jpg\" data-width=\"600\" data-height=\"400\" aria-label=\"\" role=\"img\" ><\/div>\n\t\t\t\t\t\t\t\t\t\t\t<div class=\"elementor-gallery-item__overlay\"><\/div>\n\t\t\t\t\t\t\t\t\t\t\t\t\t\t<\/a>\n\t\t\t\t\t\t\t<a class=\"e-gallery-item elementor-gallery-item elementor-animated-content\" href=\"https:\/\/nudu.pl\/wp-content\/uploads\/2024\/08\/akcesoria2-1.jpg\" data-elementor-open-lightbox=\"yes\" data-elementor-lightbox-slideshow=\"3a99a33\" data-elementor-lightbox-title=\"akcesoria2\" data-e-action-hash=\"#elementor-action%3Aaction%3Dlightbox%26settings%3DeyJpZCI6ODA5MSwidXJsIjoiaHR0cHM6XC9cL251ZHUucGxcL3dwLWNvbnRlbnRcL3VwbG9hZHNcLzIwMjRcLzA4XC9ha2Nlc29yaWEyLTEuanBnIiwic2xpZGVzaG93IjoiM2E5OWEzMyJ9\">\n\t\t\t\t\t<div class=\"e-gallery-image elementor-gallery-item__image\" data-thumbnail=\"https:\/\/nudu.pl\/wp-content\/uploads\/2024\/08\/akcesoria2-1.jpg\" data-width=\"600\" data-height=\"600\" aria-label=\"\" role=\"img\" ><\/div>\n\t\t\t\t\t\t\t\t\t\t\t<div class=\"elementor-gallery-item__overlay\"><\/div>\n\t\t\t\t\t\t\t\t\t\t\t\t\t\t<\/a>\n\t\t\t\t\t\t\t<a class=\"e-gallery-item elementor-gallery-item elementor-animated-content\" href=\"https:\/\/nudu.pl\/wp-content\/uploads\/2024\/08\/3B3A4647.jpg\" data-elementor-open-lightbox=\"yes\" data-elementor-lightbox-slideshow=\"3a99a33\" data-elementor-lightbox-title=\"3B3A4647\" data-e-action-hash=\"#elementor-action%3Aaction%3Dlightbox%26settings%3DeyJpZCI6Nzg5NSwidXJsIjoiaHR0cHM6XC9cL251ZHUucGxcL3dwLWNvbnRlbnRcL3VwbG9hZHNcLzIwMjRcLzA4XC8zQjNBNDY0Ny5qcGciLCJzbGlkZXNob3ciOiIzYTk5YTMzIn0%3D\">\n\t\t\t\t\t<div class=\"e-gallery-image elementor-gallery-item__image\" data-thumbnail=\"https:\/\/nudu.pl\/wp-content\/uploads\/2024\/08\/3B3A4647-600x899.jpg\" data-width=\"600\" data-height=\"899\" aria-label=\"\" role=\"img\" ><\/div>\n\t\t\t\t\t\t\t\t\t\t\t<div class=\"elementor-gallery-item__overlay\"><\/div>\n\t\t\t\t\t\t\t\t\t\t\t\t\t\t<\/a>\n\t\t\t\t\t\t\t<a class=\"e-gallery-item elementor-gallery-item elementor-animated-content\" href=\"https:\/\/nudu.pl\/wp-content\/uploads\/2024\/08\/3B3A6537.jpg\" data-elementor-open-lightbox=\"yes\" data-elementor-lightbox-slideshow=\"3a99a33\" data-elementor-lightbox-title=\"3B3A6537\" data-e-action-hash=\"#elementor-action%3Aaction%3Dlightbox%26settings%3DeyJpZCI6Nzg5MCwidXJsIjoiaHR0cHM6XC9cL251ZHUucGxcL3dwLWNvbnRlbnRcL3VwbG9hZHNcLzIwMjRcLzA4XC8zQjNBNjUzNy5qcGciLCJzbGlkZXNob3ciOiIzYTk5YTMzIn0%3D\">\n\t\t\t\t\t<div class=\"e-gallery-image elementor-gallery-item__image\" data-thumbnail=\"https:\/\/nudu.pl\/wp-content\/uploads\/2024\/08\/3B3A6537-600x899.jpg\" data-width=\"600\" data-height=\"899\" aria-label=\"\" role=\"img\" ><\/div>\n\t\t\t\t\t\t\t\t\t\t\t<div class=\"elementor-gallery-item__overlay\"><\/div>\n\t\t\t\t\t\t\t\t\t\t\t\t\t\t<\/a>\n\t\t\t\t\t\t\t<a class=\"e-gallery-item elementor-gallery-item elementor-animated-content\" href=\"https:\/\/nudu.pl\/wp-content\/uploads\/2024\/08\/3B3A6320.jpg\" data-elementor-open-lightbox=\"yes\" data-elementor-lightbox-slideshow=\"3a99a33\" data-elementor-lightbox-title=\"3B3A6320\" data-e-action-hash=\"#elementor-action%3Aaction%3Dlightbox%26settings%3DeyJpZCI6Nzg4MiwidXJsIjoiaHR0cHM6XC9cL251ZHUucGxcL3dwLWNvbnRlbnRcL3VwbG9hZHNcLzIwMjRcLzA4XC8zQjNBNjMyMC5qcGciLCJzbGlkZXNob3ciOiIzYTk5YTMzIn0%3D\">\n\t\t\t\t\t<div class=\"e-gallery-image elementor-gallery-item__image\" data-thumbnail=\"https:\/\/nudu.pl\/wp-content\/uploads\/2024\/08\/3B3A6320-600x899.jpg\" data-width=\"600\" data-height=\"899\" aria-label=\"\" role=\"img\" ><\/div>\n\t\t\t\t\t\t\t\t\t\t\t<div class=\"elementor-gallery-item__overlay\"><\/div>\n\t\t\t\t\t\t\t\t\t\t\t\t\t\t<\/a>\n\t\t\t\t\t\t\t<a class=\"e-gallery-item elementor-gallery-item elementor-animated-content\" href=\"https:\/\/nudu.pl\/wp-content\/uploads\/2024\/08\/3B3A4739.jpg\" data-elementor-open-lightbox=\"yes\" data-elementor-lightbox-slideshow=\"3a99a33\" data-elementor-lightbox-title=\"3B3A4739\" data-e-action-hash=\"#elementor-action%3Aaction%3Dlightbox%26settings%3DeyJpZCI6Nzg3OCwidXJsIjoiaHR0cHM6XC9cL251ZHUucGxcL3dwLWNvbnRlbnRcL3VwbG9hZHNcLzIwMjRcLzA4XC8zQjNBNDczOS5qcGciLCJzbGlkZXNob3ciOiIzYTk5YTMzIn0%3D\">\n\t\t\t\t\t<div class=\"e-gallery-image elementor-gallery-item__image\" data-thumbnail=\"https:\/\/nudu.pl\/wp-content\/uploads\/2024\/08\/3B3A4739-600x899.jpg\" data-width=\"600\" data-height=\"899\" aria-label=\"\" role=\"img\" ><\/div>\n\t\t\t\t\t\t\t\t\t\t\t<div class=\"elementor-gallery-item__overlay\"><\/div>\n\t\t\t\t\t\t\t\t\t\t\t\t\t\t<\/a>\n\t\t\t\t\t\t\t<a class=\"e-gallery-item elementor-gallery-item elementor-animated-content\" href=\"https:\/\/nudu.pl\/wp-content\/uploads\/2024\/08\/3B3A4980.jpg\" data-elementor-open-lightbox=\"yes\" data-elementor-lightbox-slideshow=\"3a99a33\" data-elementor-lightbox-title=\"3B3A4980\" data-e-action-hash=\"#elementor-action%3Aaction%3Dlightbox%26settings%3DeyJpZCI6Nzg3NCwidXJsIjoiaHR0cHM6XC9cL251ZHUucGxcL3dwLWNvbnRlbnRcL3VwbG9hZHNcLzIwMjRcLzA4XC8zQjNBNDk4MC5qcGciLCJzbGlkZXNob3ciOiIzYTk5YTMzIn0%3D\">\n\t\t\t\t\t<div class=\"e-gallery-image elementor-gallery-item__image\" data-thumbnail=\"https:\/\/nudu.pl\/wp-content\/uploads\/2024\/08\/3B3A4980-600x400.jpg\" data-width=\"600\" data-height=\"400\" aria-label=\"\" role=\"img\" ><\/div>\n\t\t\t\t\t\t\t\t\t\t\t<div class=\"elementor-gallery-item__overlay\"><\/div>\n\t\t\t\t\t\t\t\t\t\t\t\t\t\t<\/a>\n\t\t\t\t\t\t\t<a class=\"e-gallery-item elementor-gallery-item elementor-animated-content\" href=\"https:\/\/nudu.pl\/wp-content\/uploads\/2024\/08\/3B3A5575.jpg\" data-elementor-open-lightbox=\"yes\" data-elementor-lightbox-slideshow=\"3a99a33\" data-elementor-lightbox-title=\"3B3A5575\" data-e-action-hash=\"#elementor-action%3Aaction%3Dlightbox%26settings%3DeyJpZCI6Nzg3MSwidXJsIjoiaHR0cHM6XC9cL251ZHUucGxcL3dwLWNvbnRlbnRcL3VwbG9hZHNcLzIwMjRcLzA4XC8zQjNBNTU3NS5qcGciLCJzbGlkZXNob3ciOiIzYTk5YTMzIn0%3D\">\n\t\t\t\t\t<div class=\"e-gallery-image elementor-gallery-item__image\" data-thumbnail=\"https:\/\/nudu.pl\/wp-content\/uploads\/2024\/08\/3B3A5575-600x899.jpg\" data-width=\"600\" data-height=\"899\" aria-label=\"\" role=\"img\" ><\/div>\n\t\t\t\t\t\t\t\t\t\t\t<div class=\"elementor-gallery-item__overlay\"><\/div>\n\t\t\t\t\t\t\t\t\t\t\t\t\t\t<\/a>\n\t\t\t\t\t\t\t<a class=\"e-gallery-item elementor-gallery-item elementor-animated-content\" href=\"https:\/\/nudu.pl\/wp-content\/uploads\/2024\/08\/3B3A5547.jpg\" data-elementor-open-lightbox=\"yes\" data-elementor-lightbox-slideshow=\"3a99a33\" data-elementor-lightbox-title=\"3B3A5547\" data-e-action-hash=\"#elementor-action%3Aaction%3Dlightbox%26settings%3DeyJpZCI6Nzg2OSwidXJsIjoiaHR0cHM6XC9cL251ZHUucGxcL3dwLWNvbnRlbnRcL3VwbG9hZHNcLzIwMjRcLzA4XC8zQjNBNTU0Ny5qcGciLCJzbGlkZXNob3ciOiIzYTk5YTMzIn0%3D\">\n\t\t\t\t\t<div class=\"e-gallery-image elementor-gallery-item__image\" data-thumbnail=\"https:\/\/nudu.pl\/wp-content\/uploads\/2024\/08\/3B3A5547-600x899.jpg\" data-width=\"600\" data-height=\"899\" aria-label=\"\" role=\"img\" ><\/div>\n\t\t\t\t\t\t\t\t\t\t\t<div class=\"elementor-gallery-item__overlay\"><\/div>\n\t\t\t\t\t\t\t\t\t\t\t\t\t\t<\/a>\n\t\t\t\t\t\t\t<a class=\"e-gallery-item elementor-gallery-item elementor-animated-content\" href=\"https:\/\/nudu.pl\/wp-content\/uploads\/2024\/08\/3B3A5130.jpg\" data-elementor-open-lightbox=\"yes\" data-elementor-lightbox-slideshow=\"3a99a33\" data-elementor-lightbox-title=\"3B3A5130\" data-e-action-hash=\"#elementor-action%3Aaction%3Dlightbox%26settings%3DeyJpZCI6Nzg2NSwidXJsIjoiaHR0cHM6XC9cL251ZHUucGxcL3dwLWNvbnRlbnRcL3VwbG9hZHNcLzIwMjRcLzA4XC8zQjNBNTEzMC5qcGciLCJzbGlkZXNob3ciOiIzYTk5YTMzIn0%3D\">\n\t\t\t\t\t<div class=\"e-gallery-image elementor-gallery-item__image\" data-thumbnail=\"https:\/\/nudu.pl\/wp-content\/uploads\/2024\/08\/3B3A5130-600x400.jpg\" data-width=\"600\" data-height=\"400\" aria-label=\"\" role=\"img\" ><\/div>\n\t\t\t\t\t\t\t\t\t\t\t<div class=\"elementor-gallery-item__overlay\"><\/div>\n\t\t\t\t\t\t\t\t\t\t\t\t\t\t<\/a>\n\t\t\t\t\t\t\t<a class=\"e-gallery-item elementor-gallery-item elementor-animated-content\" href=\"https:\/\/nudu.pl\/wp-content\/uploads\/2024\/08\/3B3A5406.jpg\" data-elementor-open-lightbox=\"yes\" data-elementor-lightbox-slideshow=\"3a99a33\" data-elementor-lightbox-title=\"3B3A5406\" data-e-action-hash=\"#elementor-action%3Aaction%3Dlightbox%26settings%3DeyJpZCI6Nzg2MywidXJsIjoiaHR0cHM6XC9cL251ZHUucGxcL3dwLWNvbnRlbnRcL3VwbG9hZHNcLzIwMjRcLzA4XC8zQjNBNTQwNi5qcGciLCJzbGlkZXNob3ciOiIzYTk5YTMzIn0%3D\">\n\t\t\t\t\t<div class=\"e-gallery-image elementor-gallery-item__image\" data-thumbnail=\"https:\/\/nudu.pl\/wp-content\/uploads\/2024\/08\/3B3A5406-600x899.jpg\" data-width=\"600\" data-height=\"899\" aria-label=\"\" role=\"img\" ><\/div>\n\t\t\t\t\t\t\t\t\t\t\t<div class=\"elementor-gallery-item__overlay\"><\/div>\n\t\t\t\t\t\t\t\t\t\t\t\t\t\t<\/a>\n\t\t\t\t\t\t\t<a class=\"e-gallery-item elementor-gallery-item elementor-animated-content\" href=\"https:\/\/nudu.pl\/wp-content\/uploads\/2024\/08\/3B3A7040.jpg\" data-elementor-open-lightbox=\"yes\" data-elementor-lightbox-slideshow=\"3a99a33\" data-elementor-lightbox-title=\"3B3A7040\" data-e-action-hash=\"#elementor-action%3Aaction%3Dlightbox%26settings%3DeyJpZCI6Nzg1NywidXJsIjoiaHR0cHM6XC9cL251ZHUucGxcL3dwLWNvbnRlbnRcL3VwbG9hZHNcLzIwMjRcLzA4XC8zQjNBNzA0MC5qcGciLCJzbGlkZXNob3ciOiIzYTk5YTMzIn0%3D\">\n\t\t\t\t\t<div class=\"e-gallery-image elementor-gallery-item__image\" data-thumbnail=\"https:\/\/nudu.pl\/wp-content\/uploads\/2024\/08\/3B3A7040-600x899.jpg\" data-width=\"600\" data-height=\"899\" aria-label=\"\" role=\"img\" ><\/div>\n\t\t\t\t\t\t\t\t\t\t\t<div class=\"elementor-gallery-item__overlay\"><\/div>\n\t\t\t\t\t\t\t\t\t\t\t\t\t\t<\/a>\n\t\t\t\t\t\t\t<a class=\"e-gallery-item elementor-gallery-item elementor-animated-content\" href=\"https:\/\/nudu.pl\/wp-content\/uploads\/2024\/08\/3B3A6973.jpg\" data-elementor-open-lightbox=\"yes\" data-elementor-lightbox-slideshow=\"3a99a33\" data-elementor-lightbox-title=\"3B3A6973\" data-e-action-hash=\"#elementor-action%3Aaction%3Dlightbox%26settings%3DeyJpZCI6Nzg1MSwidXJsIjoiaHR0cHM6XC9cL251ZHUucGxcL3dwLWNvbnRlbnRcL3VwbG9hZHNcLzIwMjRcLzA4XC8zQjNBNjk3My5qcGciLCJzbGlkZXNob3ciOiIzYTk5YTMzIn0%3D\">\n\t\t\t\t\t<div class=\"e-gallery-image elementor-gallery-item__image\" data-thumbnail=\"https:\/\/nudu.pl\/wp-content\/uploads\/2024\/08\/3B3A6973-600x899.jpg\" data-width=\"600\" data-height=\"899\" aria-label=\"\" role=\"img\" ><\/div>\n\t\t\t\t\t\t\t\t\t\t\t<div class=\"elementor-gallery-item__overlay\"><\/div>\n\t\t\t\t\t\t\t\t\t\t\t\t\t\t<\/a>\n\t\t\t\t\t\t\t<a class=\"e-gallery-item elementor-gallery-item elementor-animated-content\" href=\"https:\/\/nudu.pl\/wp-content\/uploads\/2024\/08\/3B3A4587-1.jpg\" data-elementor-open-lightbox=\"yes\" data-elementor-lightbox-slideshow=\"3a99a33\" data-elementor-lightbox-title=\"3B3A4587\" data-e-action-hash=\"#elementor-action%3Aaction%3Dlightbox%26settings%3DeyJpZCI6ODA4NCwidXJsIjoiaHR0cHM6XC9cL251ZHUucGxcL3dwLWNvbnRlbnRcL3VwbG9hZHNcLzIwMjRcLzA4XC8zQjNBNDU4Ny0xLmpwZyIsInNsaWRlc2hvdyI6IjNhOTlhMzMifQ%3D%3D\">\n\t\t\t\t\t<div class=\"e-gallery-image elementor-gallery-item__image\" data-thumbnail=\"https:\/\/nudu.pl\/wp-content\/uploads\/2024\/08\/3B3A4587-1-600x400.jpg\" data-width=\"600\" data-height=\"400\" aria-label=\"\" role=\"img\" ><\/div>\n\t\t\t\t\t\t\t\t\t\t\t<div class=\"elementor-gallery-item__overlay\"><\/div>\n\t\t\t\t\t\t\t\t\t\t\t\t\t\t<\/a>\n\t\t\t\t\t<\/div>\n\t\t\t\t\t<\/div>\n\t\t\t\t<\/div>\n\t\t\t\t<\/div>\n\t\t\t\t<\/div>","protected":false},"excerpt":{"rendered":"","protected":false},"author":2,"featured_media":0,"parent":0,"menu_order":0,"comment_status":"closed","ping_status":"closed","template":"","meta":{"_acf_changed":false,"footnotes":""},"class_list":["post-8287","page","type-page","status-publish","hentry"],"acf":[],"yoast_head":"<!-- This site is optimized with the Yoast SEO plugin v24.3 - https:\/\/yoast.com\/wordpress\/plugins\/seo\/ -->\n<title>Lookbook - NuDu Boutique Warszawa<\/title>\n<meta name=\"robots\" content=\"index, follow, max-snippet:-1, max-image-preview:large, max-video-preview:-1\" \/>\n<link rel=\"canonical\" href=\"https:\/\/nudu.pl\/en\/lookbook\/\" \/>\n<meta property=\"og:locale\" content=\"en_GB\" \/>\n<meta property=\"og:type\" content=\"article\" \/>\n<meta property=\"og:title\" content=\"Lookbook - NuDu Boutique Warszawa\" \/>\n<meta property=\"og:url\" content=\"https:\/\/nudu.pl\/en\/lookbook\/\" \/>\n<meta property=\"og:site_name\" content=\"NuDu Boutique Warszawa\" \/>\n<meta property=\"article:modified_time\" content=\"2024-09-15T20:02:02+00:00\" \/>\n<meta name=\"twitter:card\" content=\"summary_large_image\" \/>\n<script type=\"application\/ld+json\" class=\"yoast-schema-graph\">{\"@context\":\"https:\/\/schema.org\",\"@graph\":[{\"@type\":\"WebPage\",\"@id\":\"https:\/\/nudu.pl\/lookbook\/\",\"url\":\"https:\/\/nudu.pl\/lookbook\/\",\"name\":\"Lookbook - NuDu Boutique Warszawa\",\"isPartOf\":{\"@id\":\"https:\/\/nudu.pl\/#website\"},\"datePublished\":\"2024-09-15T19:58:03+00:00\",\"dateModified\":\"2024-09-15T20:02:02+00:00\",\"breadcrumb\":{\"@id\":\"https:\/\/nudu.pl\/lookbook\/#breadcrumb\"},\"inLanguage\":\"en-GB\",\"potentialAction\":[{\"@type\":\"ReadAction\",\"target\":[\"https:\/\/nudu.pl\/lookbook\/\"]}]},{\"@type\":\"BreadcrumbList\",\"@id\":\"https:\/\/nudu.pl\/lookbook\/#breadcrumb\",\"itemListElement\":[{\"@type\":\"ListItem\",\"position\":1,\"name\":\"Home\",\"item\":\"https:\/\/nudu.pl\/\"},{\"@type\":\"ListItem\",\"position\":2,\"name\":\"Lookbook\"}]},{\"@type\":\"WebSite\",\"@id\":\"https:\/\/nudu.pl\/#website\",\"url\":\"https:\/\/nudu.pl\/\",\"name\":\"NuDu Boutique Warszawa\",\"description\":\"Pocz\u0105tek pi\u0119knej przyja\u017ani\",\"publisher\":{\"@id\":\"https:\/\/nudu.pl\/#organization\"},\"potentialAction\":[{\"@type\":\"SearchAction\",\"target\":{\"@type\":\"EntryPoint\",\"urlTemplate\":\"https:\/\/nudu.pl\/?s={search_term_string}\"},\"query-input\":{\"@type\":\"PropertyValueSpecification\",\"valueRequired\":true,\"valueName\":\"search_term_string\"}}],\"inLanguage\":\"en-GB\"},{\"@type\":\"Organization\",\"@id\":\"https:\/\/nudu.pl\/#organization\",\"name\":\"NuDu Boutique Warszawa\",\"url\":\"https:\/\/nudu.pl\/\",\"logo\":{\"@type\":\"ImageObject\",\"inLanguage\":\"en-GB\",\"@id\":\"https:\/\/nudu.pl\/#\/schema\/logo\/image\/\",\"url\":\"https:\/\/nudu.pl\/wp-content\/uploads\/2024\/07\/NuDu-basic.svg\",\"contentUrl\":\"https:\/\/nudu.pl\/wp-content\/uploads\/2024\/07\/NuDu-basic.svg\",\"width\":166,\"height\":67,\"caption\":\"NuDu Boutique Warszawa\"},\"image\":{\"@id\":\"https:\/\/nudu.pl\/#\/schema\/logo\/image\/\"}}]}<\/script>\n<!-- \/ Yoast SEO plugin. -->","yoast_head_json":{"title":"Lookbook - NuDu Boutique Warszawa","robots":{"index":"index","follow":"follow","max-snippet":"max-snippet:-1","max-image-preview":"max-image-preview:large","max-video-preview":"max-video-preview:-1"},"canonical":"https:\/\/nudu.pl\/en\/lookbook\/","og_locale":"en_GB","og_type":"article","og_title":"Lookbook - NuDu Boutique Warszawa","og_url":"https:\/\/nudu.pl\/en\/lookbook\/","og_site_name":"NuDu Boutique Warszawa","article_modified_time":"2024-09-15T20:02:02+00:00","twitter_card":"summary_large_image","schema":{"@context":"https:\/\/schema.org","@graph":[{"@type":"WebPage","@id":"https:\/\/nudu.pl\/lookbook\/","url":"https:\/\/nudu.pl\/lookbook\/","name":"Lookbook - NuDu Boutique Warszawa","isPartOf":{"@id":"https:\/\/nudu.pl\/#website"},"datePublished":"2024-09-15T19:58:03+00:00","dateModified":"2024-09-15T20:02:02+00:00","breadcrumb":{"@id":"https:\/\/nudu.pl\/lookbook\/#breadcrumb"},"inLanguage":"en-GB","potentialAction":[{"@type":"ReadAction","target":["https:\/\/nudu.pl\/lookbook\/"]}]},{"@type":"BreadcrumbList","@id":"https:\/\/nudu.pl\/lookbook\/#breadcrumb","itemListElement":[{"@type":"ListItem","position":1,"name":"Home","item":"https:\/\/nudu.pl\/"},{"@type":"ListItem","position":2,"name":"Lookbook"}]},{"@type":"WebSite","@id":"https:\/\/nudu.pl\/#website","url":"https:\/\/nudu.pl\/","name":"NuDu Boutique Warszawa","description":"Pocz\u0105tek pi\u0119knej przyja\u017ani","publisher":{"@id":"https:\/\/nudu.pl\/#organization"},"potentialAction":[{"@type":"SearchAction","target":{"@type":"EntryPoint","urlTemplate":"https:\/\/nudu.pl\/?s={search_term_string}"},"query-input":{"@type":"PropertyValueSpecification","valueRequired":true,"valueName":"search_term_string"}}],"inLanguage":"en-GB"},{"@type":"Organization","@id":"https:\/\/nudu.pl\/#organization","name":"NuDu Boutique Warszawa","url":"https:\/\/nudu.pl\/","logo":{"@type":"ImageObject","inLanguage":"en-GB","@id":"https:\/\/nudu.pl\/#\/schema\/logo\/image\/","url":"https:\/\/nudu.pl\/wp-content\/uploads\/2024\/07\/NuDu-basic.svg","contentUrl":"https:\/\/nudu.pl\/wp-content\/uploads\/2024\/07\/NuDu-basic.svg","width":166,"height":67,"caption":"NuDu Boutique Warszawa"},"image":{"@id":"https:\/\/nudu.pl\/#\/schema\/logo\/image\/"}}]}},"_links":{"self":[{"href":"https:\/\/nudu.pl\/en\/wp-json\/wp\/v2\/pages\/8287","targetHints":{"allow":["GET"]}}],"collection":[{"href":"https:\/\/nudu.pl\/en\/wp-json\/wp\/v2\/pages"}],"about":[{"href":"https:\/\/nudu.pl\/en\/wp-json\/wp\/v2\/types\/page"}],"author":[{"embeddable":true,"href":"https:\/\/nudu.pl\/en\/wp-json\/wp\/v2\/users\/2"}],"replies":[{"embeddable":true,"href":"https:\/\/nudu.pl\/en\/wp-json\/wp\/v2\/comments?post=8287"}],"version-history":[{"count":13,"href":"https:\/\/nudu.pl\/en\/wp-json\/wp\/v2\/pages\/8287\/revisions"}],"predecessor-version":[{"id":8300,"href":"https:\/\/nudu.pl\/en\/wp-json\/wp\/v2\/pages\/8287\/revisions\/8300"}],"wp:attachment":[{"href":"https:\/\/nudu.pl\/en\/wp-json\/wp\/v2\/media?parent=8287"}],"curies":[{"name":"wp","href":"https:\/\/api.w.org\/{rel}","templated":true}]}}