{"id":8542,"date":"2024-10-22T00:16:59","date_gmt":"2024-10-21T22:16:59","guid":{"rendered":"https:\/\/nudu.pl\/?page_id=8542"},"modified":"2024-10-22T00:25:54","modified_gmt":"2024-10-21T22:25:54","slug":"metody-platnosci","status":"publish","type":"page","link":"https:\/\/nudu.pl\/en\/metody-platnosci\/","title":{"rendered":"Payment methods"},"content":{"rendered":"<div data-elementor-type=\"wp-page\" data-elementor-id=\"8542\" class=\"elementor elementor-8542\" data-elementor-post-type=\"page\">\n\t\t\t\t<div class=\"elementor-element elementor-element-4bb0347 e-flex e-con-boxed e-con e-parent\" data-id=\"4bb0347\" data-element_type=\"container\">\n\t\t\t\t\t<div class=\"e-con-inner\">\n\t\t<div class=\"elementor-element elementor-element-ca68373 e-con-full e-flex e-con e-child\" data-id=\"ca68373\" data-element_type=\"container\">\n\t\t\t\t<div class=\"elementor-element elementor-element-11b8fa8 elementor-widget elementor-widget-image\" data-id=\"11b8fa8\" data-element_type=\"widget\" data-widget_type=\"image.default\">\n\t\t\t\t<div class=\"elementor-widget-container\">\n\t\t\t\t\t\t\t\t\t\t\t\t\t\t\t<img fetchpriority=\"high\" decoding=\"async\" width=\"381\" height=\"150\" src=\"https:\/\/nudu.pl\/wp-content\/uploads\/2024\/10\/Przelewy24_logo-1.png\" class=\"attachment-large size-large wp-image-8547 wvs-archive-product-image\" alt=\"\" srcset=\"https:\/\/nudu.pl\/wp-content\/uploads\/2024\/10\/Przelewy24_logo-1.png 381w, https:\/\/nudu.pl\/wp-content\/uploads\/2024\/10\/Przelewy24_logo-1-300x118.png 300w\" sizes=\"(max-width: 381px) 100vw, 381px\" \/>\t\t\t\t\t\t\t\t\t\t\t\t\t\t\t<\/div>\n\t\t\t\t<\/div>\n\t\t<div class=\"elementor-element elementor-element-ebb83c2 e-con-full e-flex e-con e-child\" data-id=\"ebb83c2\" data-element_type=\"container\">\n\t\t\t\t<div class=\"elementor-element elementor-element-81743db elementor-widget elementor-widget-heading\" data-id=\"81743db\" data-element_type=\"widget\" data-widget_type=\"heading.default\">\n\t\t\t\t<div class=\"elementor-widget-container\">\n\t\t\t\t\t<h2 class=\"elementor-heading-title elementor-size-default\">Payment Transfers 24<\/h2>\t\t\t\t<\/div>\n\t\t\t\t<\/div>\n\t\t\t\t<div class=\"elementor-element elementor-element-89f7d05 elementor-widget elementor-widget-text-editor\" data-id=\"89f7d05\" data-element_type=\"widget\" data-widget_type=\"text-editor.default\">\n\t\t\t\t<div class=\"elementor-widget-container\">\n\t\t\t\t\t\t\t\t\t<p>Select Przelewy24 payment to make a bank transfer, and after redirecting to the next page, select the Transfer option. Then select your bank from the list and make the transfer according to your bank&#039;s guidelines. The amount will be blocked in your bank account. We do not share the account number for payments outside of Przelewy24.<\/p>\t\t\t\t\t\t\t\t<\/div>\n\t\t\t\t<\/div>\n\t\t\t\t<\/div>\n\t\t\t\t<\/div>\n\t\t<div class=\"elementor-element elementor-element-e821959 e-con-full e-flex e-con e-child\" data-id=\"e821959\" data-element_type=\"container\">\n\t\t\t\t<div class=\"elementor-element elementor-element-65d43bc elementor-widget elementor-widget-image\" data-id=\"65d43bc\" data-element_type=\"widget\" data-widget_type=\"image.default\">\n\t\t\t\t<div class=\"elementor-widget-container\">\n\t\t\t\t\t\t\t\t\t\t\t\t\t\t\t<img decoding=\"async\" width=\"381\" height=\"150\" src=\"https:\/\/nudu.pl\/wp-content\/uploads\/2024\/10\/blik.png\" class=\"attachment-large size-large wp-image-8544 wvs-archive-product-image\" alt=\"\" srcset=\"https:\/\/nudu.pl\/wp-content\/uploads\/2024\/10\/blik.png 381w, https:\/\/nudu.pl\/wp-content\/uploads\/2024\/10\/blik-300x118.png 300w\" sizes=\"(max-width: 381px) 100vw, 381px\" \/>\t\t\t\t\t\t\t\t\t\t\t\t\t\t\t<\/div>\n\t\t\t\t<\/div>\n\t\t<div class=\"elementor-element elementor-element-6cb013e e-con-full e-flex e-con e-child\" data-id=\"6cb013e\" data-element_type=\"container\">\n\t\t\t\t<div class=\"elementor-element elementor-element-eacdd9c elementor-widget elementor-widget-heading\" data-id=\"eacdd9c\" data-element_type=\"widget\" data-widget_type=\"heading.default\">\n\t\t\t\t<div class=\"elementor-widget-container\">\n\t\t\t\t\t<h2 class=\"elementor-heading-title elementor-size-default\">BLIK payment<\/h2>\t\t\t\t<\/div>\n\t\t\t\t<\/div>\n\t\t\t\t<div class=\"elementor-element elementor-element-71a2a04 elementor-widget elementor-widget-text-editor\" data-id=\"71a2a04\" data-element_type=\"widget\" data-widget_type=\"text-editor.default\">\n\t\t\t\t<div class=\"elementor-widget-container\">\n\t\t\t\t\t\t\t\t\tTo pay with BLIK, select this payment option and after redirecting to the next page, enter the BLIK code in the bank application. Click &quot;pay&quot;, confirm the transaction with the PIN in the bank application and that&#039;s it. The amount will be automatically debited from your bank account.\t\t\t\t\t\t\t\t<\/div>\n\t\t\t\t<\/div>\n\t\t\t\t<\/div>\n\t\t\t\t<\/div>\n\t\t<div class=\"elementor-element elementor-element-40b93e8 e-con-full e-flex e-con e-child\" data-id=\"40b93e8\" data-element_type=\"container\">\n\t\t\t\t<div class=\"elementor-element elementor-element-5cc3abc elementor-widget elementor-widget-image\" data-id=\"5cc3abc\" data-element_type=\"widget\" data-widget_type=\"image.default\">\n\t\t\t\t<div class=\"elementor-widget-container\">\n\t\t\t\t\t\t\t\t\t\t\t\t\t\t\t<img decoding=\"async\" width=\"381\" height=\"150\" src=\"https:\/\/nudu.pl\/wp-content\/uploads\/2024\/10\/paypo.png\" class=\"attachment-large size-large wp-image-8546 wvs-archive-product-image\" alt=\"\" srcset=\"https:\/\/nudu.pl\/wp-content\/uploads\/2024\/10\/paypo.png 381w, https:\/\/nudu.pl\/wp-content\/uploads\/2024\/10\/paypo-300x118.png 300w\" sizes=\"(max-width: 381px) 100vw, 381px\" \/>\t\t\t\t\t\t\t\t\t\t\t\t\t\t\t<\/div>\n\t\t\t\t<\/div>\n\t\t<div class=\"elementor-element elementor-element-d516414 e-con-full e-flex e-con e-child\" data-id=\"d516414\" data-element_type=\"container\">\n\t\t\t\t<div class=\"elementor-element elementor-element-58e75ae elementor-widget elementor-widget-heading\" data-id=\"58e75ae\" data-element_type=\"widget\" data-widget_type=\"heading.default\">\n\t\t\t\t<div class=\"elementor-widget-container\">\n\t\t\t\t\t<h2 class=\"elementor-heading-title elementor-size-default\">PayPo - Order now, pay later<\/h2>\t\t\t\t<\/div>\n\t\t\t\t<\/div>\n\t\t\t\t<div class=\"elementor-element elementor-element-a8f3b29 elementor-widget elementor-widget-text-editor\" data-id=\"a8f3b29\" data-element_type=\"widget\" data-widget_type=\"text-editor.default\">\n\t\t\t\t<div class=\"elementor-widget-container\">\n\t\t\t\t\t\t\t\t\t<p>If you want to use deferred payment and pay for your order later, select the PayPo option. In the next step, fill out a short form, provide your basic details and confirm the transaction with an SMS code, and PayPo will pay your bill. You can pay for the ordered products within 30 days of placing the order without any additional costs, or return the goods to the warehouse without paying any fees. You can also return the goods in a stationary store. This payment method is available for orders from PLN 40 to PLN 2,000. More information can be found here <a href=\"https:\/\/nudu.pl\/en\/paypo\/\">HERE<\/a><\/p>\t\t\t\t\t\t\t\t<\/div>\n\t\t\t\t<\/div>\n\t\t\t\t<\/div>\n\t\t\t\t<\/div>\n\t\t<div class=\"elementor-element elementor-element-2e68d0b e-con-full e-flex e-con e-child\" data-id=\"2e68d0b\" data-element_type=\"container\">\n\t\t\t\t<div class=\"elementor-element elementor-element-66fcd59 elementor-widget elementor-widget-image\" data-id=\"66fcd59\" data-element_type=\"widget\" data-widget_type=\"image.default\">\n\t\t\t\t<div class=\"elementor-widget-container\">\n\t\t\t\t\t\t\t\t\t\t\t\t\t\t\t<img loading=\"lazy\" decoding=\"async\" width=\"381\" height=\"150\" src=\"https:\/\/nudu.pl\/wp-content\/uploads\/2024\/10\/paypal.png\" class=\"attachment-large size-large wp-image-8545 wvs-archive-product-image\" alt=\"\" srcset=\"https:\/\/nudu.pl\/wp-content\/uploads\/2024\/10\/paypal.png 381w, https:\/\/nudu.pl\/wp-content\/uploads\/2024\/10\/paypal-300x118.png 300w\" sizes=\"(max-width: 381px) 100vw, 381px\" \/>\t\t\t\t\t\t\t\t\t\t\t\t\t\t\t<\/div>\n\t\t\t\t<\/div>\n\t\t<div class=\"elementor-element elementor-element-dd5bdfb e-con-full e-flex e-con e-child\" data-id=\"dd5bdfb\" data-element_type=\"container\">\n\t\t\t\t<div class=\"elementor-element elementor-element-a153bd9 elementor-widget elementor-widget-heading\" data-id=\"a153bd9\" data-element_type=\"widget\" data-widget_type=\"heading.default\">\n\t\t\t\t<div class=\"elementor-widget-container\">\n\t\t\t\t\t<h2 class=\"elementor-heading-title elementor-size-default\">PayPal<\/h2>\t\t\t\t<\/div>\n\t\t\t\t<\/div>\n\t\t\t\t<div class=\"elementor-element elementor-element-6e7420e elementor-widget elementor-widget-text-editor\" data-id=\"6e7420e\" data-element_type=\"widget\" data-widget_type=\"text-editor.default\">\n\t\t\t\t<div class=\"elementor-widget-container\">\n\t\t\t\t\t\t\t\t\tIf you want to use PayPal, select this option in the payment method selection. After logging in to your account, which is connected to your credit card or bank account, accept the transaction with the &quot;Pay&quot; button. The amount will be automatically debited from your bank account.\t\t\t\t\t\t\t\t<\/div>\n\t\t\t\t<\/div>\n\t\t\t\t<\/div>\n\t\t\t\t<\/div>\n\t\t\t\t\t<\/div>\n\t\t\t\t<\/div>\n\t\t\t\t<\/div>","protected":false},"excerpt":{"rendered":"<p>P\u0142atno\u015b\u0107 Przelewy 24 Zaznacz p\u0142atno\u015b\u0107 Przelewy24, aby dokona\u0107 przelewu bankowego, a po przekierowaniu na kolejn\u0105 stron\u0119 wybierz opcj\u0119 Przelew. Nast\u0119pnie wybierz sw\u00f3j bank spo\u015br\u00f3d listy i dokonaj przelewu zgodnie z wytycznymi Twojego banku. Kwota zostanie zablokowana na Twoim rachunku bankowym. Nie udost\u0119pniamy numeru konta do p\u0142atno\u015bci poza Przelewy24. P\u0142atno\u015b\u0107 BLIK Aby zap\u0142aci\u0107 BLIKIEM, wybierz t\u0119 [&hellip;]<\/p>","protected":false},"author":2,"featured_media":0,"parent":0,"menu_order":0,"comment_status":"closed","ping_status":"closed","template":"","meta":{"_acf_changed":false,"footnotes":""},"class_list":["post-8542","page","type-page","status-publish","hentry"],"acf":[],"yoast_head":"<!-- This site is optimized with the Yoast SEO plugin v24.3 - https:\/\/yoast.com\/wordpress\/plugins\/seo\/ -->\n<title>Metody p\u0142atno\u015bci - NuDu Boutique Warszawa<\/title>\n<meta name=\"robots\" content=\"index, follow, max-snippet:-1, max-image-preview:large, max-video-preview:-1\" \/>\n<link rel=\"canonical\" href=\"https:\/\/nudu.pl\/en\/metody-platnosci\/\" \/>\n<meta property=\"og:locale\" content=\"en_GB\" \/>\n<meta property=\"og:type\" content=\"article\" \/>\n<meta property=\"og:title\" content=\"Metody p\u0142atno\u015bci - NuDu Boutique Warszawa\" \/>\n<meta property=\"og:description\" content=\"P\u0142atno\u015b\u0107 Przelewy 24 Zaznacz p\u0142atno\u015b\u0107 Przelewy24, aby dokona\u0107 przelewu bankowego, a po przekierowaniu na kolejn\u0105 stron\u0119 wybierz opcj\u0119 Przelew. Nast\u0119pnie wybierz sw\u00f3j bank spo\u015br\u00f3d listy i dokonaj przelewu zgodnie z wytycznymi Twojego banku. Kwota zostanie zablokowana na Twoim rachunku bankowym. Nie udost\u0119pniamy numeru konta do p\u0142atno\u015bci poza Przelewy24. P\u0142atno\u015b\u0107 BLIK Aby zap\u0142aci\u0107 BLIKIEM, wybierz t\u0119 [&hellip;]\" \/>\n<meta property=\"og:url\" content=\"https:\/\/nudu.pl\/en\/metody-platnosci\/\" \/>\n<meta property=\"og:site_name\" content=\"NuDu Boutique Warszawa\" \/>\n<meta property=\"article:modified_time\" content=\"2024-10-21T22:25:54+00:00\" \/>\n<meta property=\"og:image\" content=\"https:\/\/nudu.pl\/wp-content\/uploads\/2024\/10\/Przelewy24_logo-1.png\" \/>\n\t<meta property=\"og:image:width\" content=\"381\" \/>\n\t<meta property=\"og:image:height\" content=\"150\" \/>\n\t<meta property=\"og:image:type\" content=\"image\/png\" \/>\n<meta name=\"twitter:card\" content=\"summary_large_image\" \/>\n<meta name=\"twitter:label1\" content=\"Estimated reading time\" \/>\n\t<meta name=\"twitter:data1\" content=\"3 minutes\" \/>\n<script type=\"application\/ld+json\" class=\"yoast-schema-graph\">{\"@context\":\"https:\/\/schema.org\",\"@graph\":[{\"@type\":\"WebPage\",\"@id\":\"https:\/\/nudu.pl\/metody-platnosci\/\",\"url\":\"https:\/\/nudu.pl\/metody-platnosci\/\",\"name\":\"Metody p\u0142atno\u015bci - NuDu Boutique Warszawa\",\"isPartOf\":{\"@id\":\"https:\/\/nudu.pl\/#website\"},\"primaryImageOfPage\":{\"@id\":\"https:\/\/nudu.pl\/metody-platnosci\/#primaryimage\"},\"image\":{\"@id\":\"https:\/\/nudu.pl\/metody-platnosci\/#primaryimage\"},\"thumbnailUrl\":\"https:\/\/nudu.pl\/wp-content\/uploads\/2024\/10\/Przelewy24_logo-1.png\",\"datePublished\":\"2024-10-21T22:16:59+00:00\",\"dateModified\":\"2024-10-21T22:25:54+00:00\",\"breadcrumb\":{\"@id\":\"https:\/\/nudu.pl\/metody-platnosci\/#breadcrumb\"},\"inLanguage\":\"en-GB\",\"potentialAction\":[{\"@type\":\"ReadAction\",\"target\":[\"https:\/\/nudu.pl\/metody-platnosci\/\"]}]},{\"@type\":\"ImageObject\",\"inLanguage\":\"en-GB\",\"@id\":\"https:\/\/nudu.pl\/metody-platnosci\/#primaryimage\",\"url\":\"https:\/\/nudu.pl\/wp-content\/uploads\/2024\/10\/Przelewy24_logo-1.png\",\"contentUrl\":\"https:\/\/nudu.pl\/wp-content\/uploads\/2024\/10\/Przelewy24_logo-1.png\"},{\"@type\":\"BreadcrumbList\",\"@id\":\"https:\/\/nudu.pl\/metody-platnosci\/#breadcrumb\",\"itemListElement\":[{\"@type\":\"ListItem\",\"position\":1,\"name\":\"Home\",\"item\":\"https:\/\/nudu.pl\/\"},{\"@type\":\"ListItem\",\"position\":2,\"name\":\"Metody p\u0142atno\u015bci\"}]},{\"@type\":\"WebSite\",\"@id\":\"https:\/\/nudu.pl\/#website\",\"url\":\"https:\/\/nudu.pl\/\",\"name\":\"NuDu Boutique Warszawa\",\"description\":\"Pocz\u0105tek pi\u0119knej przyja\u017ani\",\"publisher\":{\"@id\":\"https:\/\/nudu.pl\/#organization\"},\"potentialAction\":[{\"@type\":\"SearchAction\",\"target\":{\"@type\":\"EntryPoint\",\"urlTemplate\":\"https:\/\/nudu.pl\/?s={search_term_string}\"},\"query-input\":{\"@type\":\"PropertyValueSpecification\",\"valueRequired\":true,\"valueName\":\"search_term_string\"}}],\"inLanguage\":\"en-GB\"},{\"@type\":\"Organization\",\"@id\":\"https:\/\/nudu.pl\/#organization\",\"name\":\"NuDu Boutique Warszawa\",\"url\":\"https:\/\/nudu.pl\/\",\"logo\":{\"@type\":\"ImageObject\",\"inLanguage\":\"en-GB\",\"@id\":\"https:\/\/nudu.pl\/#\/schema\/logo\/image\/\",\"url\":\"https:\/\/nudu.pl\/wp-content\/uploads\/2024\/07\/NuDu-basic.svg\",\"contentUrl\":\"https:\/\/nudu.pl\/wp-content\/uploads\/2024\/07\/NuDu-basic.svg\",\"width\":166,\"height\":67,\"caption\":\"NuDu Boutique Warszawa\"},\"image\":{\"@id\":\"https:\/\/nudu.pl\/#\/schema\/logo\/image\/\"}}]}<\/script>\n<!-- \/ Yoast SEO plugin. -->","yoast_head_json":{"title":"Metody p\u0142atno\u015bci - NuDu Boutique Warszawa","robots":{"index":"index","follow":"follow","max-snippet":"max-snippet:-1","max-image-preview":"max-image-preview:large","max-video-preview":"max-video-preview:-1"},"canonical":"https:\/\/nudu.pl\/en\/metody-platnosci\/","og_locale":"en_GB","og_type":"article","og_title":"Metody p\u0142atno\u015bci - NuDu Boutique Warszawa","og_description":"P\u0142atno\u015b\u0107 Przelewy 24 Zaznacz p\u0142atno\u015b\u0107 Przelewy24, aby dokona\u0107 przelewu bankowego, a po przekierowaniu na kolejn\u0105 stron\u0119 wybierz opcj\u0119 Przelew. Nast\u0119pnie wybierz sw\u00f3j bank spo\u015br\u00f3d listy i dokonaj przelewu zgodnie z wytycznymi Twojego banku. Kwota zostanie zablokowana na Twoim rachunku bankowym. Nie udost\u0119pniamy numeru konta do p\u0142atno\u015bci poza Przelewy24. P\u0142atno\u015b\u0107 BLIK Aby zap\u0142aci\u0107 BLIKIEM, wybierz t\u0119 [&hellip;]","og_url":"https:\/\/nudu.pl\/en\/metody-platnosci\/","og_site_name":"NuDu Boutique Warszawa","article_modified_time":"2024-10-21T22:25:54+00:00","og_image":[{"width":381,"height":150,"url":"https:\/\/nudu.pl\/wp-content\/uploads\/2024\/10\/Przelewy24_logo-1.png","type":"image\/png"}],"twitter_card":"summary_large_image","twitter_misc":{"Estimated reading time":"3 minutes"},"schema":{"@context":"https:\/\/schema.org","@graph":[{"@type":"WebPage","@id":"https:\/\/nudu.pl\/metody-platnosci\/","url":"https:\/\/nudu.pl\/metody-platnosci\/","name":"Metody p\u0142atno\u015bci - NuDu Boutique Warszawa","isPartOf":{"@id":"https:\/\/nudu.pl\/#website"},"primaryImageOfPage":{"@id":"https:\/\/nudu.pl\/metody-platnosci\/#primaryimage"},"image":{"@id":"https:\/\/nudu.pl\/metody-platnosci\/#primaryimage"},"thumbnailUrl":"https:\/\/nudu.pl\/wp-content\/uploads\/2024\/10\/Przelewy24_logo-1.png","datePublished":"2024-10-21T22:16:59+00:00","dateModified":"2024-10-21T22:25:54+00:00","breadcrumb":{"@id":"https:\/\/nudu.pl\/metody-platnosci\/#breadcrumb"},"inLanguage":"en-GB","potentialAction":[{"@type":"ReadAction","target":["https:\/\/nudu.pl\/metody-platnosci\/"]}]},{"@type":"ImageObject","inLanguage":"en-GB","@id":"https:\/\/nudu.pl\/metody-platnosci\/#primaryimage","url":"https:\/\/nudu.pl\/wp-content\/uploads\/2024\/10\/Przelewy24_logo-1.png","contentUrl":"https:\/\/nudu.pl\/wp-content\/uploads\/2024\/10\/Przelewy24_logo-1.png"},{"@type":"BreadcrumbList","@id":"https:\/\/nudu.pl\/metody-platnosci\/#breadcrumb","itemListElement":[{"@type":"ListItem","position":1,"name":"Home","item":"https:\/\/nudu.pl\/"},{"@type":"ListItem","position":2,"name":"Metody p\u0142atno\u015bci"}]},{"@type":"WebSite","@id":"https:\/\/nudu.pl\/#website","url":"https:\/\/nudu.pl\/","name":"NuDu Boutique Warszawa","description":"Pocz\u0105tek pi\u0119knej przyja\u017ani","publisher":{"@id":"https:\/\/nudu.pl\/#organization"},"potentialAction":[{"@type":"SearchAction","target":{"@type":"EntryPoint","urlTemplate":"https:\/\/nudu.pl\/?s={search_term_string}"},"query-input":{"@type":"PropertyValueSpecification","valueRequired":true,"valueName":"search_term_string"}}],"inLanguage":"en-GB"},{"@type":"Organization","@id":"https:\/\/nudu.pl\/#organization","name":"NuDu Boutique Warszawa","url":"https:\/\/nudu.pl\/","logo":{"@type":"ImageObject","inLanguage":"en-GB","@id":"https:\/\/nudu.pl\/#\/schema\/logo\/image\/","url":"https:\/\/nudu.pl\/wp-content\/uploads\/2024\/07\/NuDu-basic.svg","contentUrl":"https:\/\/nudu.pl\/wp-content\/uploads\/2024\/07\/NuDu-basic.svg","width":166,"height":67,"caption":"NuDu Boutique Warszawa"},"image":{"@id":"https:\/\/nudu.pl\/#\/schema\/logo\/image\/"}}]}},"_links":{"self":[{"href":"https:\/\/nudu.pl\/en\/wp-json\/wp\/v2\/pages\/8542","targetHints":{"allow":["GET"]}}],"collection":[{"href":"https:\/\/nudu.pl\/en\/wp-json\/wp\/v2\/pages"}],"about":[{"href":"https:\/\/nudu.pl\/en\/wp-json\/wp\/v2\/types\/page"}],"author":[{"embeddable":true,"href":"https:\/\/nudu.pl\/en\/wp-json\/wp\/v2\/users\/2"}],"replies":[{"embeddable":true,"href":"https:\/\/nudu.pl\/en\/wp-json\/wp\/v2\/comments?post=8542"}],"version-history":[{"count":10,"href":"https:\/\/nudu.pl\/en\/wp-json\/wp\/v2\/pages\/8542\/revisions"}],"predecessor-version":[{"id":8558,"href":"https:\/\/nudu.pl\/en\/wp-json\/wp\/v2\/pages\/8542\/revisions\/8558"}],"wp:attachment":[{"href":"https:\/\/nudu.pl\/en\/wp-json\/wp\/v2\/media?parent=8542"}],"curies":[{"name":"wp","href":"https:\/\/api.w.org\/{rel}","templated":true}]}}