{"id":8548,"date":"2024-10-22T00:23:41","date_gmt":"2024-10-21T22:23:41","guid":{"rendered":"https:\/\/nudu.pl\/?page_id=8548"},"modified":"2024-10-24T08:49:33","modified_gmt":"2024-10-24T06:49:33","slug":"paypo","status":"publish","type":"page","link":"https:\/\/nudu.pl\/en\/paypo\/","title":{"rendered":"PayPo"},"content":{"rendered":"<iframe id=\"paypoIframe\" src=\"https:\/\/start.paypo.pl\" width=\"100%\" frameborder=\"no\"><\/iframe><script>      function handleIframeMessage(event) {\r\n          const paypoIframe = document.querySelector('#paypoIframe');\r\n          let eventData = event.data;\r\n          let isPageHeightSet = false;\r\n  \r\n          if (typeof eventData === \"string\") {\r\n              try {\r\n                  eventData = JSON.parse(eventData);\r\n              } catch (error) {\r\n                  console.error(\"Error parsing event data:\", error);\r\n                  return; \r\n              }\r\n          }\r\n  \r\n          if (typeof eventData === \"object\" && eventData !== null) {\r\n              if ('pageBodyHeight' in eventData) {\r\n                  paypoIframe.style.height = eventData.pageBodyHeight + 'px';\r\n                  isPageHeightSet = true;\r\n                  window.removeEventListener('message', handleIframeMessage);\r\n              } else {\r\n                  isPageHeightSet || (paypoIframe.style.height = '5200px');\r\n              }\r\n          }\r\n      }\r\n      window.addEventListener('message', handleIframeMessage);\r\n  \r\n      function sendReadyMessage() {\r\n          var iframe = document.getElementById('paypoIframe');\r\n          iframe.contentWindow.postMessage({\r\n              messageType: 'parentReady'\r\n          }, \"https:\/\/start.paypo.pl\/\");\r\n      }\r\n      window.onload = sendReadyMessage;<\/script><p><\/p>","protected":false},"excerpt":{"rendered":"","protected":false},"author":2,"featured_media":0,"parent":0,"menu_order":0,"comment_status":"closed","ping_status":"closed","template":"","meta":{"_acf_changed":false,"footnotes":""},"class_list":["post-8548","page","type-page","status-publish","hentry"],"acf":[],"yoast_head":"<!-- This site is optimized with the Yoast SEO plugin v24.3 - https:\/\/yoast.com\/wordpress\/plugins\/seo\/ -->\n<title>PayPo - NuDu Boutique Warszawa<\/title>\n<meta name=\"robots\" content=\"index, follow, max-snippet:-1, max-image-preview:large, max-video-preview:-1\" \/>\n<link rel=\"canonical\" href=\"https:\/\/nudu.pl\/en\/paypo\/\" \/>\n<meta property=\"og:locale\" content=\"en_GB\" \/>\n<meta property=\"og:type\" content=\"article\" \/>\n<meta property=\"og:title\" content=\"PayPo - NuDu Boutique Warszawa\" \/>\n<meta property=\"og:url\" content=\"https:\/\/nudu.pl\/en\/paypo\/\" \/>\n<meta property=\"og:site_name\" content=\"NuDu Boutique Warszawa\" \/>\n<meta property=\"article:modified_time\" content=\"2024-10-24T06:49:33+00:00\" \/>\n<meta name=\"twitter:card\" content=\"summary_large_image\" \/>\n<script type=\"application\/ld+json\" class=\"yoast-schema-graph\">{\"@context\":\"https:\/\/schema.org\",\"@graph\":[{\"@type\":\"WebPage\",\"@id\":\"https:\/\/nudu.pl\/paypo\/\",\"url\":\"https:\/\/nudu.pl\/paypo\/\",\"name\":\"PayPo - NuDu Boutique Warszawa\",\"isPartOf\":{\"@id\":\"https:\/\/nudu.pl\/#website\"},\"datePublished\":\"2024-10-21T22:23:41+00:00\",\"dateModified\":\"2024-10-24T06:49:33+00:00\",\"breadcrumb\":{\"@id\":\"https:\/\/nudu.pl\/paypo\/#breadcrumb\"},\"inLanguage\":\"en-GB\",\"potentialAction\":[{\"@type\":\"ReadAction\",\"target\":[\"https:\/\/nudu.pl\/paypo\/\"]}]},{\"@type\":\"BreadcrumbList\",\"@id\":\"https:\/\/nudu.pl\/paypo\/#breadcrumb\",\"itemListElement\":[{\"@type\":\"ListItem\",\"position\":1,\"name\":\"Home\",\"item\":\"https:\/\/nudu.pl\/\"},{\"@type\":\"ListItem\",\"position\":2,\"name\":\"PayPo\"}]},{\"@type\":\"WebSite\",\"@id\":\"https:\/\/nudu.pl\/#website\",\"url\":\"https:\/\/nudu.pl\/\",\"name\":\"NuDu Boutique Warszawa\",\"description\":\"Pocz\u0105tek pi\u0119knej przyja\u017ani\",\"publisher\":{\"@id\":\"https:\/\/nudu.pl\/#organization\"},\"potentialAction\":[{\"@type\":\"SearchAction\",\"target\":{\"@type\":\"EntryPoint\",\"urlTemplate\":\"https:\/\/nudu.pl\/?s={search_term_string}\"},\"query-input\":{\"@type\":\"PropertyValueSpecification\",\"valueRequired\":true,\"valueName\":\"search_term_string\"}}],\"inLanguage\":\"en-GB\"},{\"@type\":\"Organization\",\"@id\":\"https:\/\/nudu.pl\/#organization\",\"name\":\"NuDu Boutique Warszawa\",\"url\":\"https:\/\/nudu.pl\/\",\"logo\":{\"@type\":\"ImageObject\",\"inLanguage\":\"en-GB\",\"@id\":\"https:\/\/nudu.pl\/#\/schema\/logo\/image\/\",\"url\":\"https:\/\/nudu.pl\/wp-content\/uploads\/2024\/07\/NuDu-basic.svg\",\"contentUrl\":\"https:\/\/nudu.pl\/wp-content\/uploads\/2024\/07\/NuDu-basic.svg\",\"width\":166,\"height\":67,\"caption\":\"NuDu Boutique Warszawa\"},\"image\":{\"@id\":\"https:\/\/nudu.pl\/#\/schema\/logo\/image\/\"}}]}<\/script>\n<!-- \/ Yoast SEO plugin. -->","yoast_head_json":{"title":"PayPo - NuDu Boutique Warszawa","robots":{"index":"index","follow":"follow","max-snippet":"max-snippet:-1","max-image-preview":"max-image-preview:large","max-video-preview":"max-video-preview:-1"},"canonical":"https:\/\/nudu.pl\/en\/paypo\/","og_locale":"en_GB","og_type":"article","og_title":"PayPo - NuDu Boutique Warszawa","og_url":"https:\/\/nudu.pl\/en\/paypo\/","og_site_name":"NuDu Boutique Warszawa","article_modified_time":"2024-10-24T06:49:33+00:00","twitter_card":"summary_large_image","schema":{"@context":"https:\/\/schema.org","@graph":[{"@type":"WebPage","@id":"https:\/\/nudu.pl\/paypo\/","url":"https:\/\/nudu.pl\/paypo\/","name":"PayPo - NuDu Boutique Warszawa","isPartOf":{"@id":"https:\/\/nudu.pl\/#website"},"datePublished":"2024-10-21T22:23:41+00:00","dateModified":"2024-10-24T06:49:33+00:00","breadcrumb":{"@id":"https:\/\/nudu.pl\/paypo\/#breadcrumb"},"inLanguage":"en-GB","potentialAction":[{"@type":"ReadAction","target":["https:\/\/nudu.pl\/paypo\/"]}]},{"@type":"BreadcrumbList","@id":"https:\/\/nudu.pl\/paypo\/#breadcrumb","itemListElement":[{"@type":"ListItem","position":1,"name":"Home","item":"https:\/\/nudu.pl\/"},{"@type":"ListItem","position":2,"name":"PayPo"}]},{"@type":"WebSite","@id":"https:\/\/nudu.pl\/#website","url":"https:\/\/nudu.pl\/","name":"NuDu Boutique Warszawa","description":"Pocz\u0105tek pi\u0119knej przyja\u017ani","publisher":{"@id":"https:\/\/nudu.pl\/#organization"},"potentialAction":[{"@type":"SearchAction","target":{"@type":"EntryPoint","urlTemplate":"https:\/\/nudu.pl\/?s={search_term_string}"},"query-input":{"@type":"PropertyValueSpecification","valueRequired":true,"valueName":"search_term_string"}}],"inLanguage":"en-GB"},{"@type":"Organization","@id":"https:\/\/nudu.pl\/#organization","name":"NuDu Boutique Warszawa","url":"https:\/\/nudu.pl\/","logo":{"@type":"ImageObject","inLanguage":"en-GB","@id":"https:\/\/nudu.pl\/#\/schema\/logo\/image\/","url":"https:\/\/nudu.pl\/wp-content\/uploads\/2024\/07\/NuDu-basic.svg","contentUrl":"https:\/\/nudu.pl\/wp-content\/uploads\/2024\/07\/NuDu-basic.svg","width":166,"height":67,"caption":"NuDu Boutique Warszawa"},"image":{"@id":"https:\/\/nudu.pl\/#\/schema\/logo\/image\/"}}]}},"_links":{"self":[{"href":"https:\/\/nudu.pl\/en\/wp-json\/wp\/v2\/pages\/8548","targetHints":{"allow":["GET"]}}],"collection":[{"href":"https:\/\/nudu.pl\/en\/wp-json\/wp\/v2\/pages"}],"about":[{"href":"https:\/\/nudu.pl\/en\/wp-json\/wp\/v2\/types\/page"}],"author":[{"embeddable":true,"href":"https:\/\/nudu.pl\/en\/wp-json\/wp\/v2\/users\/2"}],"replies":[{"embeddable":true,"href":"https:\/\/nudu.pl\/en\/wp-json\/wp\/v2\/comments?post=8548"}],"version-history":[{"count":4,"href":"https:\/\/nudu.pl\/en\/wp-json\/wp\/v2\/pages\/8548\/revisions"}],"predecessor-version":[{"id":8596,"href":"https:\/\/nudu.pl\/en\/wp-json\/wp\/v2\/pages\/8548\/revisions\/8596"}],"wp:attachment":[{"href":"https:\/\/nudu.pl\/en\/wp-json\/wp\/v2\/media?parent=8548"}],"curies":[{"name":"wp","href":"https:\/\/api.w.org\/{rel}","templated":true}]}}