{"id":8559,"date":"2024-10-22T00:28:14","date_gmt":"2024-10-21T22:28:14","guid":{"rendered":"https:\/\/nudu.pl\/?page_id=8559"},"modified":"2024-11-09T16:16:47","modified_gmt":"2024-11-09T15:16:47","slug":"zwroty","status":"publish","type":"page","link":"https:\/\/nudu.pl\/en\/zwroty\/","title":{"rendered":"Returns"},"content":{"rendered":"<div data-elementor-type=\"wp-page\" data-elementor-id=\"8559\" class=\"elementor elementor-8559\" data-elementor-post-type=\"page\">\n\t\t\t\t<div class=\"elementor-element elementor-element-1988395d e-flex e-con-boxed e-con e-parent\" data-id=\"1988395d\" data-element_type=\"container\">\n\t\t\t\t\t<div class=\"e-con-inner\">\n\t\t\t\t<div class=\"elementor-element elementor-element-16a807f elementor-widget elementor-widget-text-editor\" data-id=\"16a807f\" data-element_type=\"widget\" data-widget_type=\"text-editor.default\">\n\t\t\t\t<div class=\"elementor-widget-container\"><p>How to return goods?<\/p><p>After receiving your parcel, you have 14 days to comfortably try on the ordered products at home and decide whether they meet your expectations if you made a purchase via the website <a href=\"https:\/\/nudu.pl\/en\/\">www.nudu.pl<\/a><\/p><p>If you decide to return the goods, you can do so in the two ways described below.<\/p><p>Just in case, we remind you that the returned goods cannot show any signs of use and must be originally labeled.<\/p><p><strong>Returning goods from the nudu.pl online store \u2013 available options<\/strong><\/p><p><strong>1. Shipment by courier or post at your own expense to the following address:<\/strong><\/p><p>NUDU Boutique Warsaw<br \/>ul. Dolna 14\/16\/18<br \/>00-774 Warsaw<br \/>tel. 576 586 888<\/p><p>Remember to provide your order number. Pack the products in a box (preferably the original box in which you received the shipment) and attach the invoice or receipt. We do not accept cash on delivery.<\/p><p><strong>2. Return stationary at NUDU Boutique Warsaw<\/strong><\/p><p>Return of goods is possible at NUDU Boutique Warsaw at ul. Dolna 14\/16\/18.<br \/>Take the products you want to return - you do not need to take the original box in which we delivered the order. Give the boutique employee the returned products and the receipt or invoice. You can find the boutique&#039;s opening hours here <a href=\"https:\/\/nudu.pl\/en\/kontakt\/\">here<\/a>.<\/p><p>Within a few days after we accept your return, you will receive a refund for the products in the same way you paid for them (to your bank account or card).<\/p><p>Detailed conditions for withdrawal from a distance contract are described in \u00a710. The right to withdraw from the contract in <a href=\"https:\/\/nudu.pl\/en\/regulamin-zakupow\/\">Purchase Regulations<\/a>.<\/p><p>Model declaration of withdrawal from a distance contract <a href=\"https:\/\/nudu.pl\/wp-content\/uploads\/2024\/07\/Wzor-oswiadczenia-o-odstapieniu-od-umowy-zawartej-na-odleglosc.pdf\">[download]<\/a><\/p><\/div>\n\t\t\t\t<\/div>\n\t\t\t\t\t<\/div>\n\t\t\t\t<\/div>\t\t<\/div>","protected":false},"excerpt":{"rendered":"<p>Jak zwr\u00f3ci\u0107 towar? Po otrzymaniu przesy\u0142ki masz 14 dni, aby wygodnie przymierzy\u0107 w domu zam\u00f3wione produkty i zdecydowa\u0107, czy spe\u0142niaj\u0105 Twoje oczekiwania, je\u015bli dokona\u0142e\u015b zakupu przez stron\u0119 internetow\u0105 www.nudu.pl Je\u015bli zdecydujesz si\u0119 na zwrot towaru to mo\u017cesz go zrealizowa\u0107 na dwa ni\u017cej opisane sposoby. Tak na wszelki wypadek przypominamy, \u017ce zwracany towar nie mo\u017ce posiada\u0107 [&hellip;]<\/p>","protected":false},"author":2,"featured_media":0,"parent":0,"menu_order":0,"comment_status":"closed","ping_status":"closed","template":"","meta":{"_acf_changed":false,"footnotes":""},"class_list":["post-8559","page","type-page","status-publish","hentry"],"acf":[],"yoast_head":"<!-- This site is optimized with the Yoast SEO plugin v24.3 - https:\/\/yoast.com\/wordpress\/plugins\/seo\/ -->\n<title>Zwroty - NuDu Boutique Warszawa<\/title>\n<meta name=\"robots\" content=\"index, follow, max-snippet:-1, max-image-preview:large, max-video-preview:-1\" \/>\n<link rel=\"canonical\" href=\"https:\/\/nudu.pl\/en\/zwroty\/\" \/>\n<meta property=\"og:locale\" content=\"en_GB\" \/>\n<meta property=\"og:type\" content=\"article\" \/>\n<meta property=\"og:title\" content=\"Zwroty - NuDu Boutique Warszawa\" \/>\n<meta property=\"og:description\" content=\"Jak zwr\u00f3ci\u0107 towar? Po otrzymaniu przesy\u0142ki masz 14 dni, aby wygodnie przymierzy\u0107 w domu zam\u00f3wione produkty i zdecydowa\u0107, czy spe\u0142niaj\u0105 Twoje oczekiwania, je\u015bli dokona\u0142e\u015b zakupu przez stron\u0119 internetow\u0105 www.nudu.pl Je\u015bli zdecydujesz si\u0119 na zwrot towaru to mo\u017cesz go zrealizowa\u0107 na dwa ni\u017cej opisane sposoby. Tak na wszelki wypadek przypominamy, \u017ce zwracany towar nie mo\u017ce posiada\u0107 [&hellip;]\" \/>\n<meta property=\"og:url\" content=\"https:\/\/nudu.pl\/en\/zwroty\/\" \/>\n<meta property=\"og:site_name\" content=\"NuDu Boutique Warszawa\" \/>\n<meta property=\"article:modified_time\" content=\"2024-11-09T15:16:47+00:00\" \/>\n<meta name=\"twitter:card\" content=\"summary_large_image\" \/>\n<meta name=\"twitter:label1\" content=\"Estimated reading time\" \/>\n\t<meta name=\"twitter:data1\" content=\"2 minutes\" \/>\n<script type=\"application\/ld+json\" class=\"yoast-schema-graph\">{\"@context\":\"https:\/\/schema.org\",\"@graph\":[{\"@type\":\"WebPage\",\"@id\":\"https:\/\/nudu.pl\/zwroty\/\",\"url\":\"https:\/\/nudu.pl\/zwroty\/\",\"name\":\"Zwroty - NuDu Boutique Warszawa\",\"isPartOf\":{\"@id\":\"https:\/\/nudu.pl\/#website\"},\"datePublished\":\"2024-10-21T22:28:14+00:00\",\"dateModified\":\"2024-11-09T15:16:47+00:00\",\"breadcrumb\":{\"@id\":\"https:\/\/nudu.pl\/zwroty\/#breadcrumb\"},\"inLanguage\":\"en-GB\",\"potentialAction\":[{\"@type\":\"ReadAction\",\"target\":[\"https:\/\/nudu.pl\/zwroty\/\"]}]},{\"@type\":\"BreadcrumbList\",\"@id\":\"https:\/\/nudu.pl\/zwroty\/#breadcrumb\",\"itemListElement\":[{\"@type\":\"ListItem\",\"position\":1,\"name\":\"Home\",\"item\":\"https:\/\/nudu.pl\/\"},{\"@type\":\"ListItem\",\"position\":2,\"name\":\"Zwroty\"}]},{\"@type\":\"WebSite\",\"@id\":\"https:\/\/nudu.pl\/#website\",\"url\":\"https:\/\/nudu.pl\/\",\"name\":\"NuDu Boutique Warszawa\",\"description\":\"Pocz\u0105tek pi\u0119knej przyja\u017ani\",\"publisher\":{\"@id\":\"https:\/\/nudu.pl\/#organization\"},\"potentialAction\":[{\"@type\":\"SearchAction\",\"target\":{\"@type\":\"EntryPoint\",\"urlTemplate\":\"https:\/\/nudu.pl\/?s={search_term_string}\"},\"query-input\":{\"@type\":\"PropertyValueSpecification\",\"valueRequired\":true,\"valueName\":\"search_term_string\"}}],\"inLanguage\":\"en-GB\"},{\"@type\":\"Organization\",\"@id\":\"https:\/\/nudu.pl\/#organization\",\"name\":\"NuDu Boutique Warszawa\",\"url\":\"https:\/\/nudu.pl\/\",\"logo\":{\"@type\":\"ImageObject\",\"inLanguage\":\"en-GB\",\"@id\":\"https:\/\/nudu.pl\/#\/schema\/logo\/image\/\",\"url\":\"https:\/\/nudu.pl\/wp-content\/uploads\/2024\/07\/NuDu-basic.svg\",\"contentUrl\":\"https:\/\/nudu.pl\/wp-content\/uploads\/2024\/07\/NuDu-basic.svg\",\"width\":166,\"height\":67,\"caption\":\"NuDu Boutique Warszawa\"},\"image\":{\"@id\":\"https:\/\/nudu.pl\/#\/schema\/logo\/image\/\"}}]}<\/script>\n<!-- \/ Yoast SEO plugin. -->","yoast_head_json":{"title":"Zwroty - NuDu Boutique Warszawa","robots":{"index":"index","follow":"follow","max-snippet":"max-snippet:-1","max-image-preview":"max-image-preview:large","max-video-preview":"max-video-preview:-1"},"canonical":"https:\/\/nudu.pl\/en\/zwroty\/","og_locale":"en_GB","og_type":"article","og_title":"Zwroty - NuDu Boutique Warszawa","og_description":"Jak zwr\u00f3ci\u0107 towar? Po otrzymaniu przesy\u0142ki masz 14 dni, aby wygodnie przymierzy\u0107 w domu zam\u00f3wione produkty i zdecydowa\u0107, czy spe\u0142niaj\u0105 Twoje oczekiwania, je\u015bli dokona\u0142e\u015b zakupu przez stron\u0119 internetow\u0105 www.nudu.pl Je\u015bli zdecydujesz si\u0119 na zwrot towaru to mo\u017cesz go zrealizowa\u0107 na dwa ni\u017cej opisane sposoby. Tak na wszelki wypadek przypominamy, \u017ce zwracany towar nie mo\u017ce posiada\u0107 [&hellip;]","og_url":"https:\/\/nudu.pl\/en\/zwroty\/","og_site_name":"NuDu Boutique Warszawa","article_modified_time":"2024-11-09T15:16:47+00:00","twitter_card":"summary_large_image","twitter_misc":{"Estimated reading time":"2 minutes"},"schema":{"@context":"https:\/\/schema.org","@graph":[{"@type":"WebPage","@id":"https:\/\/nudu.pl\/zwroty\/","url":"https:\/\/nudu.pl\/zwroty\/","name":"Zwroty - NuDu Boutique Warszawa","isPartOf":{"@id":"https:\/\/nudu.pl\/#website"},"datePublished":"2024-10-21T22:28:14+00:00","dateModified":"2024-11-09T15:16:47+00:00","breadcrumb":{"@id":"https:\/\/nudu.pl\/zwroty\/#breadcrumb"},"inLanguage":"en-GB","potentialAction":[{"@type":"ReadAction","target":["https:\/\/nudu.pl\/zwroty\/"]}]},{"@type":"BreadcrumbList","@id":"https:\/\/nudu.pl\/zwroty\/#breadcrumb","itemListElement":[{"@type":"ListItem","position":1,"name":"Home","item":"https:\/\/nudu.pl\/"},{"@type":"ListItem","position":2,"name":"Zwroty"}]},{"@type":"WebSite","@id":"https:\/\/nudu.pl\/#website","url":"https:\/\/nudu.pl\/","name":"NuDu Boutique Warszawa","description":"Pocz\u0105tek pi\u0119knej przyja\u017ani","publisher":{"@id":"https:\/\/nudu.pl\/#organization"},"potentialAction":[{"@type":"SearchAction","target":{"@type":"EntryPoint","urlTemplate":"https:\/\/nudu.pl\/?s={search_term_string}"},"query-input":{"@type":"PropertyValueSpecification","valueRequired":true,"valueName":"search_term_string"}}],"inLanguage":"en-GB"},{"@type":"Organization","@id":"https:\/\/nudu.pl\/#organization","name":"NuDu Boutique Warszawa","url":"https:\/\/nudu.pl\/","logo":{"@type":"ImageObject","inLanguage":"en-GB","@id":"https:\/\/nudu.pl\/#\/schema\/logo\/image\/","url":"https:\/\/nudu.pl\/wp-content\/uploads\/2024\/07\/NuDu-basic.svg","contentUrl":"https:\/\/nudu.pl\/wp-content\/uploads\/2024\/07\/NuDu-basic.svg","width":166,"height":67,"caption":"NuDu Boutique Warszawa"},"image":{"@id":"https:\/\/nudu.pl\/#\/schema\/logo\/image\/"}}]}},"_links":{"self":[{"href":"https:\/\/nudu.pl\/en\/wp-json\/wp\/v2\/pages\/8559","targetHints":{"allow":["GET"]}}],"collection":[{"href":"https:\/\/nudu.pl\/en\/wp-json\/wp\/v2\/pages"}],"about":[{"href":"https:\/\/nudu.pl\/en\/wp-json\/wp\/v2\/types\/page"}],"author":[{"embeddable":true,"href":"https:\/\/nudu.pl\/en\/wp-json\/wp\/v2\/users\/2"}],"replies":[{"embeddable":true,"href":"https:\/\/nudu.pl\/en\/wp-json\/wp\/v2\/comments?post=8559"}],"version-history":[{"count":8,"href":"https:\/\/nudu.pl\/en\/wp-json\/wp\/v2\/pages\/8559\/revisions"}],"predecessor-version":[{"id":8696,"href":"https:\/\/nudu.pl\/en\/wp-json\/wp\/v2\/pages\/8559\/revisions\/8696"}],"wp:attachment":[{"href":"https:\/\/nudu.pl\/en\/wp-json\/wp\/v2\/media?parent=8559"}],"curies":[{"name":"wp","href":"https:\/\/api.w.org\/{rel}","templated":true}]}}