{"id":10189,"date":"2025-10-19T18:48:50","date_gmt":"2025-10-19T16:48:50","guid":{"rendered":"https:\/\/nudu.pl\/?post_type=product&#038;p=10189"},"modified":"2026-04-29T13:41:14","modified_gmt":"2026-04-29T11:41:14","slug":"frida-bluzka-z-rozszerzanym-mankietem-klasyczna-biel","status":"publish","type":"product","link":"https:\/\/nudu.pl\/en\/product\/frida-bluzka-z-rozszerzanym-mankietem-klasyczna-biel\/","title":{"rendered":"Frida bluzka z rozszerzanym mankietem klasyczna biel"},"content":{"rendered":"<ul>\n<li>round neck blouse<\/li>\n<li>fastened with 1 button at the back<\/li>\n<li>has a long fitted sleeve with an extended three-layer cuff<\/li>\n<li>mankiet ko\u0144czy si\u0119 przed nadgarstkiem, tak by nie zas\u0142ania\u0142 bi\u017cuterii typu zegarek, bransoletka<\/li>\n<li>d\u0142ugo\u015b\u0107 bluzki 50cm mierzona \u015brodkiem ty\u0142u, zaprojektowana by nie wk\u0142ada\u0107 jej w sp\u00f3dnic\u0119 lub spodnie<\/li>\n<li>kr\u00f3j bluzki dopasowany z zaszewk\u0105 na biust<\/li>\n<li>rodzaj bawe\u0142ny z jakiej uszyta jest Frida jest niezwyk\u0142e mi\u0142y i mi\u0119kki w noszeniu<\/li>\n<li>product designed and sewn in Poland<\/li>\n<li>dost\u0119pna w nowej udoskonalonej wersji d\u0142ugo\u015bci oraz wymodelowania r\u0119kaw\u00f3w<\/li>\n<li>wysy\u0142ka po 27 marca 2026<\/li>\n<\/ul>","protected":false},"excerpt":{"rendered":"<p>round neck blouse with flared layered cuff<\/p>","protected":false},"featured_media":10208,"template":"","meta":{"_acf_changed":false},"product_brand":[259],"product_cat":[159],"product_tag":[381,160,161],"class_list":{"0":"post-10189","1":"product","2":"type-product","3":"status-publish","4":"has-post-thumbnail","6":"product_brand-nudu-2","7":"product_cat-bluzka-z-mankietem","8":"product_tag-bluzka-z-rozszerzanym-mankietem","9":"product_tag-z-mankietem","10":"product_tag-z-okraglym-dekoltem","11":"pa_kolory-klasyczna-biel","13":"first","14":"instock","15":"taxable","16":"shipping-taxable","17":"purchasable","18":"product-type-variable","19":"has-default-attributes","20":"wvs-archive-product-wrapper"},"acf":[],"yoast_head":"<!-- This site is optimized with the Yoast SEO plugin v24.3 - https:\/\/yoast.com\/wordpress\/plugins\/seo\/ -->\n<title>Frida bluzka z rozszerzanym mankietem klasyczna biel - NuDu Boutique Warszawa<\/title>\n<meta name=\"description\" content=\"Bia\u0142a bluzka nie musi by\u0107 nudna. Frida z rozszerzonym rozbudowanym warstwowo mankietem to idealna propozycja dla mi\u0142o\u015bniczek klasycznej elegancji. Prosta forma bluzki z oryginalnym mankietem przy r\u0119kawach, kt\u00f3ry w swojej d\u0142ugo\u015bci eksponuje nadgarstek z Twoj\u0105 ulubion\u0105 bi\u017cuteri\u0105 b\u0105d\u017a zegarkiem.\" \/>\n<meta name=\"robots\" content=\"index, follow, max-snippet:-1, max-image-preview:large, max-video-preview:-1\" \/>\n<link rel=\"canonical\" href=\"https:\/\/nudu.pl\/en\/product\/frida-bluzka-z-rozszerzanym-mankietem-klasyczna-biel\/\" \/>\n<meta property=\"og:locale\" content=\"en_GB\" \/>\n<meta property=\"og:type\" content=\"article\" \/>\n<meta property=\"og:title\" content=\"Frida bluzka z rozszerzanym mankietem klasyczna biel - NuDu Boutique Warszawa\" \/>\n<meta property=\"og:description\" content=\"Bia\u0142a bluzka nie musi by\u0107 nudna. Frida z rozszerzonym rozbudowanym warstwowo mankietem to idealna propozycja dla mi\u0142o\u015bniczek klasycznej elegancji. Prosta forma bluzki z oryginalnym mankietem przy r\u0119kawach, kt\u00f3ry w swojej d\u0142ugo\u015bci eksponuje nadgarstek z Twoj\u0105 ulubion\u0105 bi\u017cuteri\u0105 b\u0105d\u017a zegarkiem.\" \/>\n<meta property=\"og:url\" content=\"https:\/\/nudu.pl\/en\/product\/frida-bluzka-z-rozszerzanym-mankietem-klasyczna-biel\/\" \/>\n<meta property=\"og:site_name\" content=\"NuDu Boutique Warszawa\" \/>\n<meta property=\"article:modified_time\" content=\"2026-04-29T11:41:14+00:00\" \/>\n<meta property=\"og:image\" content=\"https:\/\/nudu.pl\/wp-content\/uploads\/2025\/10\/20250926_1141471-scaled.jpg\" \/>\n\t<meta property=\"og:image:width\" content=\"1827\" \/>\n\t<meta property=\"og:image:height\" content=\"2560\" \/>\n\t<meta property=\"og:image:type\" content=\"image\/jpeg\" \/>\n<meta name=\"twitter:card\" content=\"summary_large_image\" \/>\n<meta name=\"twitter:label1\" content=\"Estimated reading time\" \/>\n\t<meta name=\"twitter:data1\" content=\"1 minute\" \/>\n<script type=\"application\/ld+json\" class=\"yoast-schema-graph\">{\"@context\":\"https:\/\/schema.org\",\"@graph\":[{\"@type\":\"WebPage\",\"@id\":\"https:\/\/nudu.pl\/produkt\/frida-bluzka-z-rozszerzanym-mankietem-klasyczna-biel\/\",\"url\":\"https:\/\/nudu.pl\/produkt\/frida-bluzka-z-rozszerzanym-mankietem-klasyczna-biel\/\",\"name\":\"Frida bluzka z rozszerzanym mankietem klasyczna biel - NuDu Boutique Warszawa\",\"isPartOf\":{\"@id\":\"https:\/\/nudu.pl\/#website\"},\"primaryImageOfPage\":{\"@id\":\"https:\/\/nudu.pl\/produkt\/frida-bluzka-z-rozszerzanym-mankietem-klasyczna-biel\/#primaryimage\"},\"image\":{\"@id\":\"https:\/\/nudu.pl\/produkt\/frida-bluzka-z-rozszerzanym-mankietem-klasyczna-biel\/#primaryimage\"},\"thumbnailUrl\":\"https:\/\/nudu.pl\/wp-content\/uploads\/2025\/10\/20250926_1141471-scaled.jpg\",\"datePublished\":\"2025-10-19T16:48:50+00:00\",\"dateModified\":\"2026-04-29T11:41:14+00:00\",\"description\":\"Bia\u0142a bluzka nie musi by\u0107 nudna. Frida z rozszerzonym rozbudowanym warstwowo mankietem to idealna propozycja dla mi\u0142o\u015bniczek klasycznej elegancji. Prosta forma bluzki z oryginalnym mankietem przy r\u0119kawach, kt\u00f3ry w swojej d\u0142ugo\u015bci eksponuje nadgarstek z Twoj\u0105 ulubion\u0105 bi\u017cuteri\u0105 b\u0105d\u017a zegarkiem.\",\"breadcrumb\":{\"@id\":\"https:\/\/nudu.pl\/produkt\/frida-bluzka-z-rozszerzanym-mankietem-klasyczna-biel\/#breadcrumb\"},\"inLanguage\":\"en-GB\",\"potentialAction\":[{\"@type\":\"ReadAction\",\"target\":[\"https:\/\/nudu.pl\/produkt\/frida-bluzka-z-rozszerzanym-mankietem-klasyczna-biel\/\"]}]},{\"@type\":\"ImageObject\",\"inLanguage\":\"en-GB\",\"@id\":\"https:\/\/nudu.pl\/produkt\/frida-bluzka-z-rozszerzanym-mankietem-klasyczna-biel\/#primaryimage\",\"url\":\"https:\/\/nudu.pl\/wp-content\/uploads\/2025\/10\/20250926_1141471-scaled.jpg\",\"contentUrl\":\"https:\/\/nudu.pl\/wp-content\/uploads\/2025\/10\/20250926_1141471-scaled.jpg\",\"width\":1827,\"height\":2560},{\"@type\":\"BreadcrumbList\",\"@id\":\"https:\/\/nudu.pl\/produkt\/frida-bluzka-z-rozszerzanym-mankietem-klasyczna-biel\/#breadcrumb\",\"itemListElement\":[{\"@type\":\"ListItem\",\"position\":1,\"name\":\"Home\",\"item\":\"https:\/\/nudu.pl\/\"},{\"@type\":\"ListItem\",\"position\":2,\"name\":\"Sklep\",\"item\":\"https:\/\/nudu.pl\/sklep\/\"},{\"@type\":\"ListItem\",\"position\":3,\"name\":\"Frida bluzka z rozszerzanym mankietem klasyczna biel\"}]},{\"@type\":\"WebSite\",\"@id\":\"https:\/\/nudu.pl\/#website\",\"url\":\"https:\/\/nudu.pl\/\",\"name\":\"NuDu Boutique Warszawa\",\"description\":\"Pocz\u0105tek pi\u0119knej przyja\u017ani\",\"publisher\":{\"@id\":\"https:\/\/nudu.pl\/#organization\"},\"potentialAction\":[{\"@type\":\"SearchAction\",\"target\":{\"@type\":\"EntryPoint\",\"urlTemplate\":\"https:\/\/nudu.pl\/?s={search_term_string}\"},\"query-input\":{\"@type\":\"PropertyValueSpecification\",\"valueRequired\":true,\"valueName\":\"search_term_string\"}}],\"inLanguage\":\"en-GB\"},{\"@type\":\"Organization\",\"@id\":\"https:\/\/nudu.pl\/#organization\",\"name\":\"NuDu Boutique Warszawa\",\"url\":\"https:\/\/nudu.pl\/\",\"logo\":{\"@type\":\"ImageObject\",\"inLanguage\":\"en-GB\",\"@id\":\"https:\/\/nudu.pl\/#\/schema\/logo\/image\/\",\"url\":\"https:\/\/nudu.pl\/wp-content\/uploads\/2024\/07\/NuDu-basic.svg\",\"contentUrl\":\"https:\/\/nudu.pl\/wp-content\/uploads\/2024\/07\/NuDu-basic.svg\",\"width\":166,\"height\":67,\"caption\":\"NuDu Boutique Warszawa\"},\"image\":{\"@id\":\"https:\/\/nudu.pl\/#\/schema\/logo\/image\/\"}}]}<\/script>\n<!-- \/ Yoast SEO plugin. -->","yoast_head_json":{"title":"Frida bluzka z rozszerzanym mankietem klasyczna biel - NuDu Boutique Warszawa","description":"Bia\u0142a bluzka nie musi by\u0107 nudna. Frida z rozszerzonym rozbudowanym warstwowo mankietem to idealna propozycja dla mi\u0142o\u015bniczek klasycznej elegancji. Prosta forma bluzki z oryginalnym mankietem przy r\u0119kawach, kt\u00f3ry w swojej d\u0142ugo\u015bci eksponuje nadgarstek z Twoj\u0105 ulubion\u0105 bi\u017cuteri\u0105 b\u0105d\u017a zegarkiem.","robots":{"index":"index","follow":"follow","max-snippet":"max-snippet:-1","max-image-preview":"max-image-preview:large","max-video-preview":"max-video-preview:-1"},"canonical":"https:\/\/nudu.pl\/en\/product\/frida-bluzka-z-rozszerzanym-mankietem-klasyczna-biel\/","og_locale":"en_GB","og_type":"article","og_title":"Frida bluzka z rozszerzanym mankietem klasyczna biel - NuDu Boutique Warszawa","og_description":"Bia\u0142a bluzka nie musi by\u0107 nudna. Frida z rozszerzonym rozbudowanym warstwowo mankietem to idealna propozycja dla mi\u0142o\u015bniczek klasycznej elegancji. Prosta forma bluzki z oryginalnym mankietem przy r\u0119kawach, kt\u00f3ry w swojej d\u0142ugo\u015bci eksponuje nadgarstek z Twoj\u0105 ulubion\u0105 bi\u017cuteri\u0105 b\u0105d\u017a zegarkiem.","og_url":"https:\/\/nudu.pl\/en\/product\/frida-bluzka-z-rozszerzanym-mankietem-klasyczna-biel\/","og_site_name":"NuDu Boutique Warszawa","article_modified_time":"2026-04-29T11:41:14+00:00","og_image":[{"width":1827,"height":2560,"url":"https:\/\/nudu.pl\/wp-content\/uploads\/2025\/10\/20250926_1141471-scaled.jpg","type":"image\/jpeg"}],"twitter_card":"summary_large_image","twitter_misc":{"Estimated reading time":"1 minute"},"schema":{"@context":"https:\/\/schema.org","@graph":[{"@type":"WebPage","@id":"https:\/\/nudu.pl\/produkt\/frida-bluzka-z-rozszerzanym-mankietem-klasyczna-biel\/","url":"https:\/\/nudu.pl\/produkt\/frida-bluzka-z-rozszerzanym-mankietem-klasyczna-biel\/","name":"Frida bluzka z rozszerzanym mankietem klasyczna biel - NuDu Boutique Warszawa","isPartOf":{"@id":"https:\/\/nudu.pl\/#website"},"primaryImageOfPage":{"@id":"https:\/\/nudu.pl\/produkt\/frida-bluzka-z-rozszerzanym-mankietem-klasyczna-biel\/#primaryimage"},"image":{"@id":"https:\/\/nudu.pl\/produkt\/frida-bluzka-z-rozszerzanym-mankietem-klasyczna-biel\/#primaryimage"},"thumbnailUrl":"https:\/\/nudu.pl\/wp-content\/uploads\/2025\/10\/20250926_1141471-scaled.jpg","datePublished":"2025-10-19T16:48:50+00:00","dateModified":"2026-04-29T11:41:14+00:00","description":"Bia\u0142a bluzka nie musi by\u0107 nudna. Frida z rozszerzonym rozbudowanym warstwowo mankietem to idealna propozycja dla mi\u0142o\u015bniczek klasycznej elegancji. Prosta forma bluzki z oryginalnym mankietem przy r\u0119kawach, kt\u00f3ry w swojej d\u0142ugo\u015bci eksponuje nadgarstek z Twoj\u0105 ulubion\u0105 bi\u017cuteri\u0105 b\u0105d\u017a zegarkiem.","breadcrumb":{"@id":"https:\/\/nudu.pl\/produkt\/frida-bluzka-z-rozszerzanym-mankietem-klasyczna-biel\/#breadcrumb"},"inLanguage":"en-GB","potentialAction":[{"@type":"ReadAction","target":["https:\/\/nudu.pl\/produkt\/frida-bluzka-z-rozszerzanym-mankietem-klasyczna-biel\/"]}]},{"@type":"ImageObject","inLanguage":"en-GB","@id":"https:\/\/nudu.pl\/produkt\/frida-bluzka-z-rozszerzanym-mankietem-klasyczna-biel\/#primaryimage","url":"https:\/\/nudu.pl\/wp-content\/uploads\/2025\/10\/20250926_1141471-scaled.jpg","contentUrl":"https:\/\/nudu.pl\/wp-content\/uploads\/2025\/10\/20250926_1141471-scaled.jpg","width":1827,"height":2560},{"@type":"BreadcrumbList","@id":"https:\/\/nudu.pl\/produkt\/frida-bluzka-z-rozszerzanym-mankietem-klasyczna-biel\/#breadcrumb","itemListElement":[{"@type":"ListItem","position":1,"name":"Home","item":"https:\/\/nudu.pl\/"},{"@type":"ListItem","position":2,"name":"Sklep","item":"https:\/\/nudu.pl\/sklep\/"},{"@type":"ListItem","position":3,"name":"Frida bluzka z rozszerzanym mankietem klasyczna biel"}]},{"@type":"WebSite","@id":"https:\/\/nudu.pl\/#website","url":"https:\/\/nudu.pl\/","name":"NuDu Boutique Warszawa","description":"Pocz\u0105tek pi\u0119knej przyja\u017ani","publisher":{"@id":"https:\/\/nudu.pl\/#organization"},"potentialAction":[{"@type":"SearchAction","target":{"@type":"EntryPoint","urlTemplate":"https:\/\/nudu.pl\/?s={search_term_string}"},"query-input":{"@type":"PropertyValueSpecification","valueRequired":true,"valueName":"search_term_string"}}],"inLanguage":"en-GB"},{"@type":"Organization","@id":"https:\/\/nudu.pl\/#organization","name":"NuDu Boutique Warszawa","url":"https:\/\/nudu.pl\/","logo":{"@type":"ImageObject","inLanguage":"en-GB","@id":"https:\/\/nudu.pl\/#\/schema\/logo\/image\/","url":"https:\/\/nudu.pl\/wp-content\/uploads\/2024\/07\/NuDu-basic.svg","contentUrl":"https:\/\/nudu.pl\/wp-content\/uploads\/2024\/07\/NuDu-basic.svg","width":166,"height":67,"caption":"NuDu Boutique Warszawa"},"image":{"@id":"https:\/\/nudu.pl\/#\/schema\/logo\/image\/"}}]}},"_links":{"self":[{"href":"https:\/\/nudu.pl\/en\/wp-json\/wp\/v2\/product\/10189","targetHints":{"allow":["GET"]}}],"collection":[{"href":"https:\/\/nudu.pl\/en\/wp-json\/wp\/v2\/product"}],"about":[{"href":"https:\/\/nudu.pl\/en\/wp-json\/wp\/v2\/types\/product"}],"wp:featuredmedia":[{"embeddable":true,"href":"https:\/\/nudu.pl\/en\/wp-json\/wp\/v2\/media\/10208"}],"wp:attachment":[{"href":"https:\/\/nudu.pl\/en\/wp-json\/wp\/v2\/media?parent=10189"}],"wp:term":[{"taxonomy":"product_brand","embeddable":true,"href":"https:\/\/nudu.pl\/en\/wp-json\/wp\/v2\/product_brand?post=10189"},{"taxonomy":"product_cat","embeddable":true,"href":"https:\/\/nudu.pl\/en\/wp-json\/wp\/v2\/product_cat?post=10189"},{"taxonomy":"product_tag","embeddable":true,"href":"https:\/\/nudu.pl\/en\/wp-json\/wp\/v2\/product_tag?post=10189"}],"curies":[{"name":"wp","href":"https:\/\/api.w.org\/{rel}","templated":true}]}}