{"id":10257,"date":"2025-10-24T12:57:08","date_gmt":"2025-10-24T10:57:08","guid":{"rendered":"https:\/\/nudu.pl\/?post_type=product&#038;p=10257"},"modified":"2025-11-27T22:28:01","modified_gmt":"2025-11-27T21:28:01","slug":"koszula-cavalier-king-na-kieszonce","status":"publish","type":"product","link":"https:\/\/nudu.pl\/en\/product\/koszula-cavalier-king-na-kieszonce\/","title":{"rendered":"koszula Cavalier King na kieszonce"},"content":{"rendered":"<p>koszula z kolekcji NUDU z polskimi artystami<\/p>\n<p>bawe\u0142niana koszula w kroju oversize ze \u015bci\u0105gaczem u do\u0142u do regulacji<\/p>\n<p>motyw pieska Cavaliera na kieszonce koszuli<\/p>\n<p>ilustracja przeniesiona na 100% bawe\u0142n\u0119 trwa\u0142ym drukiem<\/p>\n<p>produkt wykonany i uszyty w Polsce<\/p>\n<p>kupuj\u0105c t\u0119 koszul\u0119 wspierasz schronisko dla zwierz\u0105t<\/p>\n<p>cz\u0119\u015b\u0107 z dochodu sprzeda\u017cy koszuli z motywem cavaliera przekazujemy na schronisko dla zwierz\u0105t (szczeg\u00f3\u0142y na naszym instagramowym profilu )<\/p>","protected":false},"excerpt":{"rendered":"<p>koszula z kolekcji NUDU z polskimi artystami bawe\u0142niana koszula w kroju oversize ze \u015bci\u0105gaczem u do\u0142u do regulacji motyw pieska Cavaliera na kieszonce koszuli ilustracja przeniesiona na 100% bawe\u0142n\u0119 trwa\u0142ym drukiem produkt wykonany i uszyty w Polsce kupuj\u0105c t\u0119 koszul\u0119 wspierasz schronisko dla zwierz\u0105t cz\u0119\u015b\u0107 z dochodu sprzeda\u017cy koszuli z motywem cavaliera przekazujemy na schronisko [&hellip;]<\/p>","protected":false},"featured_media":10258,"template":"","meta":{"_acf_changed":false},"product_brand":[259],"product_cat":[134,277],"product_tag":[],"class_list":{"0":"post-10257","1":"product","2":"type-product","3":"status-publish","4":"has-post-thumbnail","6":"product_brand-nudu-2","7":"product_cat-koszule","8":"product_cat-pomysl-na-prezent","9":"pa_kolory-klasyczna-biel","11":"first","12":"instock","13":"taxable","14":"shipping-taxable","15":"purchasable","16":"product-type-simple"},"acf":[],"yoast_head":"<!-- This site is optimized with the Yoast SEO plugin v24.3 - https:\/\/yoast.com\/wordpress\/plugins\/seo\/ -->\n<title>koszula Cavalier King na kieszonce - NuDu Boutique Warszawa<\/title>\n<meta name=\"robots\" content=\"index, follow, max-snippet:-1, max-image-preview:large, max-video-preview:-1\" \/>\n<link rel=\"canonical\" href=\"https:\/\/nudu.pl\/en\/product\/koszula-cavalier-king-na-kieszonce\/\" \/>\n<meta property=\"og:locale\" content=\"en_GB\" \/>\n<meta property=\"og:type\" content=\"article\" \/>\n<meta property=\"og:title\" content=\"koszula Cavalier King na kieszonce - NuDu Boutique Warszawa\" \/>\n<meta property=\"og:description\" content=\"koszula z kolekcji NUDU z polskimi artystami bawe\u0142niana koszula w kroju oversize ze \u015bci\u0105gaczem u do\u0142u do regulacji motyw pieska Cavaliera na kieszonce koszuli ilustracja przeniesiona na 100% bawe\u0142n\u0119 trwa\u0142ym drukiem produkt wykonany i uszyty w Polsce kupuj\u0105c t\u0119 koszul\u0119 wspierasz schronisko dla zwierz\u0105t cz\u0119\u015b\u0107 z dochodu sprzeda\u017cy koszuli z motywem cavaliera przekazujemy na schronisko [&hellip;]\" \/>\n<meta property=\"og:url\" content=\"https:\/\/nudu.pl\/en\/product\/koszula-cavalier-king-na-kieszonce\/\" \/>\n<meta property=\"og:site_name\" content=\"NuDu Boutique Warszawa\" \/>\n<meta property=\"article:modified_time\" content=\"2025-11-27T21:28:01+00:00\" \/>\n<meta property=\"og:image\" content=\"https:\/\/nudu.pl\/wp-content\/uploads\/2025\/10\/koszula-cavalier--scaled.jpg\" \/>\n\t<meta property=\"og:image:width\" content=\"1441\" \/>\n\t<meta property=\"og:image:height\" content=\"2560\" \/>\n\t<meta property=\"og:image:type\" content=\"image\/jpeg\" \/>\n<meta name=\"twitter:card\" content=\"summary_large_image\" \/>\n<meta name=\"twitter:label1\" content=\"Estimated reading time\" \/>\n\t<meta name=\"twitter:data1\" content=\"1 minute\" \/>\n<script type=\"application\/ld+json\" class=\"yoast-schema-graph\">{\"@context\":\"https:\/\/schema.org\",\"@graph\":[{\"@type\":\"WebPage\",\"@id\":\"https:\/\/nudu.pl\/produkt\/koszula-cavalier-king-na-kieszonce\/\",\"url\":\"https:\/\/nudu.pl\/produkt\/koszula-cavalier-king-na-kieszonce\/\",\"name\":\"koszula Cavalier King na kieszonce - NuDu Boutique Warszawa\",\"isPartOf\":{\"@id\":\"https:\/\/nudu.pl\/#website\"},\"primaryImageOfPage\":{\"@id\":\"https:\/\/nudu.pl\/produkt\/koszula-cavalier-king-na-kieszonce\/#primaryimage\"},\"image\":{\"@id\":\"https:\/\/nudu.pl\/produkt\/koszula-cavalier-king-na-kieszonce\/#primaryimage\"},\"thumbnailUrl\":\"https:\/\/nudu.pl\/wp-content\/uploads\/2025\/10\/koszula-cavalier--scaled.jpg\",\"datePublished\":\"2025-10-24T10:57:08+00:00\",\"dateModified\":\"2025-11-27T21:28:01+00:00\",\"breadcrumb\":{\"@id\":\"https:\/\/nudu.pl\/produkt\/koszula-cavalier-king-na-kieszonce\/#breadcrumb\"},\"inLanguage\":\"en-GB\",\"potentialAction\":[{\"@type\":\"ReadAction\",\"target\":[\"https:\/\/nudu.pl\/produkt\/koszula-cavalier-king-na-kieszonce\/\"]}]},{\"@type\":\"ImageObject\",\"inLanguage\":\"en-GB\",\"@id\":\"https:\/\/nudu.pl\/produkt\/koszula-cavalier-king-na-kieszonce\/#primaryimage\",\"url\":\"https:\/\/nudu.pl\/wp-content\/uploads\/2025\/10\/koszula-cavalier--scaled.jpg\",\"contentUrl\":\"https:\/\/nudu.pl\/wp-content\/uploads\/2025\/10\/koszula-cavalier--scaled.jpg\",\"width\":1441,\"height\":2560},{\"@type\":\"BreadcrumbList\",\"@id\":\"https:\/\/nudu.pl\/produkt\/koszula-cavalier-king-na-kieszonce\/#breadcrumb\",\"itemListElement\":[{\"@type\":\"ListItem\",\"position\":1,\"name\":\"Home\",\"item\":\"https:\/\/nudu.pl\/\"},{\"@type\":\"ListItem\",\"position\":2,\"name\":\"Sklep\",\"item\":\"https:\/\/nudu.pl\/sklep\/\"},{\"@type\":\"ListItem\",\"position\":3,\"name\":\"koszula Cavalier King na kieszonce\"}]},{\"@type\":\"WebSite\",\"@id\":\"https:\/\/nudu.pl\/#website\",\"url\":\"https:\/\/nudu.pl\/\",\"name\":\"NuDu Boutique Warszawa\",\"description\":\"Pocz\u0105tek pi\u0119knej przyja\u017ani\",\"publisher\":{\"@id\":\"https:\/\/nudu.pl\/#organization\"},\"potentialAction\":[{\"@type\":\"SearchAction\",\"target\":{\"@type\":\"EntryPoint\",\"urlTemplate\":\"https:\/\/nudu.pl\/?s={search_term_string}\"},\"query-input\":{\"@type\":\"PropertyValueSpecification\",\"valueRequired\":true,\"valueName\":\"search_term_string\"}}],\"inLanguage\":\"en-GB\"},{\"@type\":\"Organization\",\"@id\":\"https:\/\/nudu.pl\/#organization\",\"name\":\"NuDu Boutique Warszawa\",\"url\":\"https:\/\/nudu.pl\/\",\"logo\":{\"@type\":\"ImageObject\",\"inLanguage\":\"en-GB\",\"@id\":\"https:\/\/nudu.pl\/#\/schema\/logo\/image\/\",\"url\":\"https:\/\/nudu.pl\/wp-content\/uploads\/2024\/07\/NuDu-basic.svg\",\"contentUrl\":\"https:\/\/nudu.pl\/wp-content\/uploads\/2024\/07\/NuDu-basic.svg\",\"width\":166,\"height\":67,\"caption\":\"NuDu Boutique Warszawa\"},\"image\":{\"@id\":\"https:\/\/nudu.pl\/#\/schema\/logo\/image\/\"}}]}<\/script>\n<!-- \/ Yoast SEO plugin. -->","yoast_head_json":{"title":"koszula Cavalier King na kieszonce - NuDu Boutique Warszawa","robots":{"index":"index","follow":"follow","max-snippet":"max-snippet:-1","max-image-preview":"max-image-preview:large","max-video-preview":"max-video-preview:-1"},"canonical":"https:\/\/nudu.pl\/en\/product\/koszula-cavalier-king-na-kieszonce\/","og_locale":"en_GB","og_type":"article","og_title":"koszula Cavalier King na kieszonce - NuDu Boutique Warszawa","og_description":"koszula z kolekcji NUDU z polskimi artystami bawe\u0142niana koszula w kroju oversize ze \u015bci\u0105gaczem u do\u0142u do regulacji motyw pieska Cavaliera na kieszonce koszuli ilustracja przeniesiona na 100% bawe\u0142n\u0119 trwa\u0142ym drukiem produkt wykonany i uszyty w Polsce kupuj\u0105c t\u0119 koszul\u0119 wspierasz schronisko dla zwierz\u0105t cz\u0119\u015b\u0107 z dochodu sprzeda\u017cy koszuli z motywem cavaliera przekazujemy na schronisko [&hellip;]","og_url":"https:\/\/nudu.pl\/en\/product\/koszula-cavalier-king-na-kieszonce\/","og_site_name":"NuDu Boutique Warszawa","article_modified_time":"2025-11-27T21:28:01+00:00","og_image":[{"width":1441,"height":2560,"url":"https:\/\/nudu.pl\/wp-content\/uploads\/2025\/10\/koszula-cavalier--scaled.jpg","type":"image\/jpeg"}],"twitter_card":"summary_large_image","twitter_misc":{"Estimated reading time":"1 minute"},"schema":{"@context":"https:\/\/schema.org","@graph":[{"@type":"WebPage","@id":"https:\/\/nudu.pl\/produkt\/koszula-cavalier-king-na-kieszonce\/","url":"https:\/\/nudu.pl\/produkt\/koszula-cavalier-king-na-kieszonce\/","name":"koszula Cavalier King na kieszonce - NuDu Boutique Warszawa","isPartOf":{"@id":"https:\/\/nudu.pl\/#website"},"primaryImageOfPage":{"@id":"https:\/\/nudu.pl\/produkt\/koszula-cavalier-king-na-kieszonce\/#primaryimage"},"image":{"@id":"https:\/\/nudu.pl\/produkt\/koszula-cavalier-king-na-kieszonce\/#primaryimage"},"thumbnailUrl":"https:\/\/nudu.pl\/wp-content\/uploads\/2025\/10\/koszula-cavalier--scaled.jpg","datePublished":"2025-10-24T10:57:08+00:00","dateModified":"2025-11-27T21:28:01+00:00","breadcrumb":{"@id":"https:\/\/nudu.pl\/produkt\/koszula-cavalier-king-na-kieszonce\/#breadcrumb"},"inLanguage":"en-GB","potentialAction":[{"@type":"ReadAction","target":["https:\/\/nudu.pl\/produkt\/koszula-cavalier-king-na-kieszonce\/"]}]},{"@type":"ImageObject","inLanguage":"en-GB","@id":"https:\/\/nudu.pl\/produkt\/koszula-cavalier-king-na-kieszonce\/#primaryimage","url":"https:\/\/nudu.pl\/wp-content\/uploads\/2025\/10\/koszula-cavalier--scaled.jpg","contentUrl":"https:\/\/nudu.pl\/wp-content\/uploads\/2025\/10\/koszula-cavalier--scaled.jpg","width":1441,"height":2560},{"@type":"BreadcrumbList","@id":"https:\/\/nudu.pl\/produkt\/koszula-cavalier-king-na-kieszonce\/#breadcrumb","itemListElement":[{"@type":"ListItem","position":1,"name":"Home","item":"https:\/\/nudu.pl\/"},{"@type":"ListItem","position":2,"name":"Sklep","item":"https:\/\/nudu.pl\/sklep\/"},{"@type":"ListItem","position":3,"name":"koszula Cavalier King na kieszonce"}]},{"@type":"WebSite","@id":"https:\/\/nudu.pl\/#website","url":"https:\/\/nudu.pl\/","name":"NuDu Boutique Warszawa","description":"Pocz\u0105tek pi\u0119knej przyja\u017ani","publisher":{"@id":"https:\/\/nudu.pl\/#organization"},"potentialAction":[{"@type":"SearchAction","target":{"@type":"EntryPoint","urlTemplate":"https:\/\/nudu.pl\/?s={search_term_string}"},"query-input":{"@type":"PropertyValueSpecification","valueRequired":true,"valueName":"search_term_string"}}],"inLanguage":"en-GB"},{"@type":"Organization","@id":"https:\/\/nudu.pl\/#organization","name":"NuDu Boutique Warszawa","url":"https:\/\/nudu.pl\/","logo":{"@type":"ImageObject","inLanguage":"en-GB","@id":"https:\/\/nudu.pl\/#\/schema\/logo\/image\/","url":"https:\/\/nudu.pl\/wp-content\/uploads\/2024\/07\/NuDu-basic.svg","contentUrl":"https:\/\/nudu.pl\/wp-content\/uploads\/2024\/07\/NuDu-basic.svg","width":166,"height":67,"caption":"NuDu Boutique Warszawa"},"image":{"@id":"https:\/\/nudu.pl\/#\/schema\/logo\/image\/"}}]}},"_links":{"self":[{"href":"https:\/\/nudu.pl\/en\/wp-json\/wp\/v2\/product\/10257","targetHints":{"allow":["GET"]}}],"collection":[{"href":"https:\/\/nudu.pl\/en\/wp-json\/wp\/v2\/product"}],"about":[{"href":"https:\/\/nudu.pl\/en\/wp-json\/wp\/v2\/types\/product"}],"wp:featuredmedia":[{"embeddable":true,"href":"https:\/\/nudu.pl\/en\/wp-json\/wp\/v2\/media\/10258"}],"wp:attachment":[{"href":"https:\/\/nudu.pl\/en\/wp-json\/wp\/v2\/media?parent=10257"}],"wp:term":[{"taxonomy":"product_brand","embeddable":true,"href":"https:\/\/nudu.pl\/en\/wp-json\/wp\/v2\/product_brand?post=10257"},{"taxonomy":"product_cat","embeddable":true,"href":"https:\/\/nudu.pl\/en\/wp-json\/wp\/v2\/product_cat?post=10257"},{"taxonomy":"product_tag","embeddable":true,"href":"https:\/\/nudu.pl\/en\/wp-json\/wp\/v2\/product_tag?post=10257"}],"curies":[{"name":"wp","href":"https:\/\/api.w.org\/{rel}","templated":true}]}}