{"id":10370,"date":"2025-11-11T20:17:04","date_gmt":"2025-11-11T19:17:04","guid":{"rendered":"https:\/\/nudu.pl\/?post_type=product&#038;p=10370"},"modified":"2026-01-01T22:05:33","modified_gmt":"2026-01-01T21:05:33","slug":"koszula-magali","status":"publish","type":"product","link":"https:\/\/nudu.pl\/en\/product\/koszula-magali\/","title":{"rendered":"koszula Magali"},"content":{"rendered":"<p>koszula w kroju dopasowanym do sylwetki<\/p>\n<p>posiada zaszewki na wysoko\u015bci biustu<\/p>\n<p>delikatna st\u00f3jka zako\u0144czon\u0105 plis\u0105<\/p>\n<p>kryta listwa guzikowa<\/p>\n<p>widoczne guziki przy mankietach owleczone tkanin\u0105<\/p>\n<p>produkt wykonany i uszyty w Polsce<\/p>\n<p>koszula \u015bwietnie komponuje si\u0119 z szarf\u0105, kt\u00f3r\u0105 mo\u017cesz dodatkowo zam\u00f3wi\u0107 na nudu.pl &#8211; szukaj w kategorii <a href=\"https:\/\/nudu.pl\/en\/product-category\/kobieta\/stylizacje\/akcesoria-do-koszuli\/\">Shirt accessories<\/a><\/p>\n<p>produkt na zam\u00f3wienie &#8211; czas realizacji do 14 dni plus wysy\u0142ka<\/p>","protected":false},"excerpt":{"rendered":"<p>koszula w kroju dopasowanym do sylwetki posiada zaszewki na wysoko\u015bci biustu delikatna st\u00f3jka zako\u0144czon\u0105 plis\u0105 kryta listwa guzikowa widoczne guziki przy mankietach owleczone tkanin\u0105 produkt wykonany i uszyty w Polsce koszula \u015bwietnie komponuje si\u0119 z szarf\u0105, kt\u00f3r\u0105 mo\u017cesz dodatkowo zam\u00f3wi\u0107 na nudu.pl &#8211; szukaj w kategorii Akcesoria do koszuli produkt na zam\u00f3wienie &#8211; czas realizacji [&hellip;]<\/p>","protected":false},"featured_media":10382,"template":"","meta":{"_acf_changed":false},"product_brand":[259],"product_cat":[134,277],"product_tag":[285,281,280,284,283,282,279],"class_list":{"0":"post-10370","1":"product","2":"type-product","3":"status-publish","4":"has-post-thumbnail","6":"product_brand-nudu-2","7":"product_cat-koszule","8":"product_cat-pomysl-na-prezent","9":"product_tag-koszula-cynamonowa","10":"product_tag-koszula-damska-slim","11":"product_tag-koszula-dopasowana","12":"product_tag-koszula-w-kolorze-karmelowym","13":"product_tag-koszula-w-stylu-retro","14":"product_tag-koszula-z-plisa","15":"product_tag-koszula-ze-stojka","16":"pa_kolory-cinnamon","18":"first","19":"onbackorder","20":"taxable","21":"shipping-taxable","22":"purchasable","23":"product-type-variable","24":"has-default-attributes","25":"wvs-archive-product-wrapper"},"acf":[],"yoast_head":"<!-- This site is optimized with the Yoast SEO plugin v24.3 - https:\/\/yoast.com\/wordpress\/plugins\/seo\/ -->\n<title>koszula Magali - NuDu Boutique Warszawa<\/title>\n<meta name=\"robots\" content=\"index, follow, max-snippet:-1, max-image-preview:large, max-video-preview:-1\" \/>\n<link rel=\"canonical\" href=\"https:\/\/nudu.pl\/en\/product\/koszula-magali\/\" \/>\n<meta property=\"og:locale\" content=\"en_GB\" \/>\n<meta property=\"og:type\" content=\"article\" \/>\n<meta property=\"og:title\" content=\"koszula Magali - NuDu Boutique Warszawa\" \/>\n<meta property=\"og:description\" content=\"koszula w kroju dopasowanym do sylwetki posiada zaszewki na wysoko\u015bci biustu delikatna st\u00f3jka zako\u0144czon\u0105 plis\u0105 kryta listwa guzikowa widoczne guziki przy mankietach owleczone tkanin\u0105 produkt wykonany i uszyty w Polsce koszula \u015bwietnie komponuje si\u0119 z szarf\u0105, kt\u00f3r\u0105 mo\u017cesz dodatkowo zam\u00f3wi\u0107 na nudu.pl &#8211; szukaj w kategorii Akcesoria do koszuli produkt na zam\u00f3wienie &#8211; czas realizacji [&hellip;]\" \/>\n<meta property=\"og:url\" content=\"https:\/\/nudu.pl\/en\/product\/koszula-magali\/\" \/>\n<meta property=\"og:site_name\" content=\"NuDu Boutique Warszawa\" \/>\n<meta property=\"article:modified_time\" content=\"2026-01-01T21:05:33+00:00\" \/>\n<meta property=\"og:image\" content=\"https:\/\/nudu.pl\/wp-content\/uploads\/2025\/11\/20251110_112128-768x1024.png\" \/>\n\t<meta property=\"og:image:width\" content=\"768\" \/>\n\t<meta property=\"og:image:height\" content=\"1024\" \/>\n\t<meta property=\"og:image:type\" content=\"image\/png\" \/>\n<meta name=\"twitter:card\" content=\"summary_large_image\" \/>\n<meta name=\"twitter:label1\" content=\"Estimated reading time\" \/>\n\t<meta name=\"twitter:data1\" content=\"1 minute\" \/>\n<script type=\"application\/ld+json\" class=\"yoast-schema-graph\">{\"@context\":\"https:\/\/schema.org\",\"@graph\":[{\"@type\":\"WebPage\",\"@id\":\"https:\/\/nudu.pl\/produkt\/koszula-magali\/\",\"url\":\"https:\/\/nudu.pl\/produkt\/koszula-magali\/\",\"name\":\"koszula Magali - NuDu Boutique Warszawa\",\"isPartOf\":{\"@id\":\"https:\/\/nudu.pl\/#website\"},\"primaryImageOfPage\":{\"@id\":\"https:\/\/nudu.pl\/produkt\/koszula-magali\/#primaryimage\"},\"image\":{\"@id\":\"https:\/\/nudu.pl\/produkt\/koszula-magali\/#primaryimage\"},\"thumbnailUrl\":\"https:\/\/nudu.pl\/wp-content\/uploads\/2025\/11\/20251110_112128.png\",\"datePublished\":\"2025-11-11T19:17:04+00:00\",\"dateModified\":\"2026-01-01T21:05:33+00:00\",\"breadcrumb\":{\"@id\":\"https:\/\/nudu.pl\/produkt\/koszula-magali\/#breadcrumb\"},\"inLanguage\":\"en-GB\",\"potentialAction\":[{\"@type\":\"ReadAction\",\"target\":[\"https:\/\/nudu.pl\/produkt\/koszula-magali\/\"]}]},{\"@type\":\"ImageObject\",\"inLanguage\":\"en-GB\",\"@id\":\"https:\/\/nudu.pl\/produkt\/koszula-magali\/#primaryimage\",\"url\":\"https:\/\/nudu.pl\/wp-content\/uploads\/2025\/11\/20251110_112128.png\",\"contentUrl\":\"https:\/\/nudu.pl\/wp-content\/uploads\/2025\/11\/20251110_112128.png\",\"width\":1512,\"height\":2016},{\"@type\":\"BreadcrumbList\",\"@id\":\"https:\/\/nudu.pl\/produkt\/koszula-magali\/#breadcrumb\",\"itemListElement\":[{\"@type\":\"ListItem\",\"position\":1,\"name\":\"Home\",\"item\":\"https:\/\/nudu.pl\/\"},{\"@type\":\"ListItem\",\"position\":2,\"name\":\"Sklep\",\"item\":\"https:\/\/nudu.pl\/sklep\/\"},{\"@type\":\"ListItem\",\"position\":3,\"name\":\"koszula Magali\"}]},{\"@type\":\"WebSite\",\"@id\":\"https:\/\/nudu.pl\/#website\",\"url\":\"https:\/\/nudu.pl\/\",\"name\":\"NuDu Boutique Warszawa\",\"description\":\"Pocz\u0105tek pi\u0119knej przyja\u017ani\",\"publisher\":{\"@id\":\"https:\/\/nudu.pl\/#organization\"},\"potentialAction\":[{\"@type\":\"SearchAction\",\"target\":{\"@type\":\"EntryPoint\",\"urlTemplate\":\"https:\/\/nudu.pl\/?s={search_term_string}\"},\"query-input\":{\"@type\":\"PropertyValueSpecification\",\"valueRequired\":true,\"valueName\":\"search_term_string\"}}],\"inLanguage\":\"en-GB\"},{\"@type\":\"Organization\",\"@id\":\"https:\/\/nudu.pl\/#organization\",\"name\":\"NuDu Boutique Warszawa\",\"url\":\"https:\/\/nudu.pl\/\",\"logo\":{\"@type\":\"ImageObject\",\"inLanguage\":\"en-GB\",\"@id\":\"https:\/\/nudu.pl\/#\/schema\/logo\/image\/\",\"url\":\"https:\/\/nudu.pl\/wp-content\/uploads\/2024\/07\/NuDu-basic.svg\",\"contentUrl\":\"https:\/\/nudu.pl\/wp-content\/uploads\/2024\/07\/NuDu-basic.svg\",\"width\":166,\"height\":67,\"caption\":\"NuDu Boutique Warszawa\"},\"image\":{\"@id\":\"https:\/\/nudu.pl\/#\/schema\/logo\/image\/\"}}]}<\/script>\n<!-- \/ Yoast SEO plugin. -->","yoast_head_json":{"title":"koszula Magali - NuDu Boutique Warszawa","robots":{"index":"index","follow":"follow","max-snippet":"max-snippet:-1","max-image-preview":"max-image-preview:large","max-video-preview":"max-video-preview:-1"},"canonical":"https:\/\/nudu.pl\/en\/product\/koszula-magali\/","og_locale":"en_GB","og_type":"article","og_title":"koszula Magali - NuDu Boutique Warszawa","og_description":"koszula w kroju dopasowanym do sylwetki posiada zaszewki na wysoko\u015bci biustu delikatna st\u00f3jka zako\u0144czon\u0105 plis\u0105 kryta listwa guzikowa widoczne guziki przy mankietach owleczone tkanin\u0105 produkt wykonany i uszyty w Polsce koszula \u015bwietnie komponuje si\u0119 z szarf\u0105, kt\u00f3r\u0105 mo\u017cesz dodatkowo zam\u00f3wi\u0107 na nudu.pl &#8211; szukaj w kategorii Akcesoria do koszuli produkt na zam\u00f3wienie &#8211; czas realizacji [&hellip;]","og_url":"https:\/\/nudu.pl\/en\/product\/koszula-magali\/","og_site_name":"NuDu Boutique Warszawa","article_modified_time":"2026-01-01T21:05:33+00:00","og_image":[{"width":768,"height":1024,"url":"https:\/\/nudu.pl\/wp-content\/uploads\/2025\/11\/20251110_112128-768x1024.png","type":"image\/png"}],"twitter_card":"summary_large_image","twitter_misc":{"Estimated reading time":"1 minute"},"schema":{"@context":"https:\/\/schema.org","@graph":[{"@type":"WebPage","@id":"https:\/\/nudu.pl\/produkt\/koszula-magali\/","url":"https:\/\/nudu.pl\/produkt\/koszula-magali\/","name":"koszula Magali - NuDu Boutique Warszawa","isPartOf":{"@id":"https:\/\/nudu.pl\/#website"},"primaryImageOfPage":{"@id":"https:\/\/nudu.pl\/produkt\/koszula-magali\/#primaryimage"},"image":{"@id":"https:\/\/nudu.pl\/produkt\/koszula-magali\/#primaryimage"},"thumbnailUrl":"https:\/\/nudu.pl\/wp-content\/uploads\/2025\/11\/20251110_112128.png","datePublished":"2025-11-11T19:17:04+00:00","dateModified":"2026-01-01T21:05:33+00:00","breadcrumb":{"@id":"https:\/\/nudu.pl\/produkt\/koszula-magali\/#breadcrumb"},"inLanguage":"en-GB","potentialAction":[{"@type":"ReadAction","target":["https:\/\/nudu.pl\/produkt\/koszula-magali\/"]}]},{"@type":"ImageObject","inLanguage":"en-GB","@id":"https:\/\/nudu.pl\/produkt\/koszula-magali\/#primaryimage","url":"https:\/\/nudu.pl\/wp-content\/uploads\/2025\/11\/20251110_112128.png","contentUrl":"https:\/\/nudu.pl\/wp-content\/uploads\/2025\/11\/20251110_112128.png","width":1512,"height":2016},{"@type":"BreadcrumbList","@id":"https:\/\/nudu.pl\/produkt\/koszula-magali\/#breadcrumb","itemListElement":[{"@type":"ListItem","position":1,"name":"Home","item":"https:\/\/nudu.pl\/"},{"@type":"ListItem","position":2,"name":"Sklep","item":"https:\/\/nudu.pl\/sklep\/"},{"@type":"ListItem","position":3,"name":"koszula Magali"}]},{"@type":"WebSite","@id":"https:\/\/nudu.pl\/#website","url":"https:\/\/nudu.pl\/","name":"NuDu Boutique Warszawa","description":"Pocz\u0105tek pi\u0119knej przyja\u017ani","publisher":{"@id":"https:\/\/nudu.pl\/#organization"},"potentialAction":[{"@type":"SearchAction","target":{"@type":"EntryPoint","urlTemplate":"https:\/\/nudu.pl\/?s={search_term_string}"},"query-input":{"@type":"PropertyValueSpecification","valueRequired":true,"valueName":"search_term_string"}}],"inLanguage":"en-GB"},{"@type":"Organization","@id":"https:\/\/nudu.pl\/#organization","name":"NuDu Boutique Warszawa","url":"https:\/\/nudu.pl\/","logo":{"@type":"ImageObject","inLanguage":"en-GB","@id":"https:\/\/nudu.pl\/#\/schema\/logo\/image\/","url":"https:\/\/nudu.pl\/wp-content\/uploads\/2024\/07\/NuDu-basic.svg","contentUrl":"https:\/\/nudu.pl\/wp-content\/uploads\/2024\/07\/NuDu-basic.svg","width":166,"height":67,"caption":"NuDu Boutique Warszawa"},"image":{"@id":"https:\/\/nudu.pl\/#\/schema\/logo\/image\/"}}]}},"_links":{"self":[{"href":"https:\/\/nudu.pl\/en\/wp-json\/wp\/v2\/product\/10370","targetHints":{"allow":["GET"]}}],"collection":[{"href":"https:\/\/nudu.pl\/en\/wp-json\/wp\/v2\/product"}],"about":[{"href":"https:\/\/nudu.pl\/en\/wp-json\/wp\/v2\/types\/product"}],"wp:featuredmedia":[{"embeddable":true,"href":"https:\/\/nudu.pl\/en\/wp-json\/wp\/v2\/media\/10382"}],"wp:attachment":[{"href":"https:\/\/nudu.pl\/en\/wp-json\/wp\/v2\/media?parent=10370"}],"wp:term":[{"taxonomy":"product_brand","embeddable":true,"href":"https:\/\/nudu.pl\/en\/wp-json\/wp\/v2\/product_brand?post=10370"},{"taxonomy":"product_cat","embeddable":true,"href":"https:\/\/nudu.pl\/en\/wp-json\/wp\/v2\/product_cat?post=10370"},{"taxonomy":"product_tag","embeddable":true,"href":"https:\/\/nudu.pl\/en\/wp-json\/wp\/v2\/product_tag?post=10370"}],"curies":[{"name":"wp","href":"https:\/\/api.w.org\/{rel}","templated":true}]}}