{"id":10401,"date":"2025-11-22T18:41:00","date_gmt":"2025-11-22T17:41:00","guid":{"rendered":"https:\/\/nudu.pl\/?post_type=product&#038;p=10401"},"modified":"2025-11-27T22:00:39","modified_gmt":"2025-11-27T21:00:39","slug":"panamera-spodnica-maxi","status":"publish","type":"product","link":"https:\/\/nudu.pl\/en\/product\/panamera-spodnica-maxi\/","title":{"rendered":"Panamera sp\u00f3dnica maxi"},"content":{"rendered":"<p>Panamera<\/p>\n<p>sp\u00f3dnica w d\u0142ugo\u015bci maxi<\/p>\n<p>z rozci\u0119ciem z lewej strony<\/p>\n<p>sp\u00f3dnica posiada kiesze\u0144 z prawej strony<\/p>\n<p>zapinana za zamek<\/p>\n<p>realizowana na zam\u00f3wienie ze wskazaniem rozmiaru talii i d\u0142ugo\u015bci oraz d\u0142ugo\u015bci rozporka<\/p>\n<p>dost\u0119pna w kilku kolorach, w tym w kilku odcieniach czerwieni, zar\u00f3wno w matowej jak i delikatnie po\u0142yskuj\u0105cej fakturze tkaniny<\/p>\n<p>wykonana z satynowej tkaniny z delikatnym wype\u0142nieniem unosz\u0105cym konstrukcj\u0119 i spos\u00f3b uk\u0142adania si\u0119 sp\u00f3dnicy<\/p>\n<p>istnieje mo\u017cliwo\u015b\u0107 zaprojektowania g\u00f3ry do tej sukni w postaci TOPU, GORSETU, KOSZULI &#8211; zakres cenowy 590z\u0142-1490z\u0142<\/p>\n<p>&nbsp;<\/p>","protected":false},"excerpt":{"rendered":"<p>sp\u00f3dnica w d\u0142ugo\u015bci maxi<\/p>","protected":false},"featured_media":10407,"template":"","meta":{"_acf_changed":false},"product_brand":[259],"product_cat":[124,141],"product_tag":[],"class_list":{"0":"post-10401","1":"product","2":"type-product","3":"status-publish","4":"has-post-thumbnail","6":"product_brand-nudu-2","7":"product_cat-kobieta","8":"product_cat-spodnica","10":"first","11":"onbackorder","12":"taxable","13":"shipping-taxable","14":"purchasable","15":"product-type-simple"},"acf":[],"yoast_head":"<!-- This site is optimized with the Yoast SEO plugin v24.3 - https:\/\/yoast.com\/wordpress\/plugins\/seo\/ -->\n<title>Panamera sp\u00f3dnica maxi - NuDu Boutique Warszawa<\/title>\n<meta name=\"robots\" content=\"index, follow, max-snippet:-1, max-image-preview:large, max-video-preview:-1\" \/>\n<link rel=\"canonical\" href=\"https:\/\/nudu.pl\/en\/product\/panamera-spodnica-maxi\/\" \/>\n<meta property=\"og:locale\" content=\"en_GB\" \/>\n<meta property=\"og:type\" content=\"article\" \/>\n<meta property=\"og:title\" content=\"Panamera sp\u00f3dnica maxi - NuDu Boutique Warszawa\" \/>\n<meta property=\"og:description\" content=\"sp\u00f3dnica w d\u0142ugo\u015bci maxi\" \/>\n<meta property=\"og:url\" content=\"https:\/\/nudu.pl\/en\/product\/panamera-spodnica-maxi\/\" \/>\n<meta property=\"og:site_name\" content=\"NuDu Boutique Warszawa\" \/>\n<meta property=\"article:modified_time\" content=\"2025-11-27T21:00:39+00:00\" \/>\n<meta property=\"og:image\" content=\"https:\/\/nudu.pl\/wp-content\/uploads\/2025\/11\/panamera_nudu_maxi_3-scaled.jpg\" \/>\n\t<meta property=\"og:image:width\" content=\"1440\" \/>\n\t<meta property=\"og:image:height\" content=\"2560\" \/>\n\t<meta property=\"og:image:type\" content=\"image\/jpeg\" \/>\n<meta name=\"twitter:card\" content=\"summary_large_image\" \/>\n<meta name=\"twitter:label1\" content=\"Estimated reading time\" \/>\n\t<meta name=\"twitter:data1\" content=\"1 minute\" \/>\n<script type=\"application\/ld+json\" class=\"yoast-schema-graph\">{\"@context\":\"https:\/\/schema.org\",\"@graph\":[{\"@type\":\"WebPage\",\"@id\":\"https:\/\/nudu.pl\/produkt\/panamera-spodnica-maxi\/\",\"url\":\"https:\/\/nudu.pl\/produkt\/panamera-spodnica-maxi\/\",\"name\":\"Panamera sp\u00f3dnica maxi - NuDu Boutique Warszawa\",\"isPartOf\":{\"@id\":\"https:\/\/nudu.pl\/#website\"},\"primaryImageOfPage\":{\"@id\":\"https:\/\/nudu.pl\/produkt\/panamera-spodnica-maxi\/#primaryimage\"},\"image\":{\"@id\":\"https:\/\/nudu.pl\/produkt\/panamera-spodnica-maxi\/#primaryimage\"},\"thumbnailUrl\":\"https:\/\/nudu.pl\/wp-content\/uploads\/2025\/11\/panamera_nudu_maxi_3-scaled.jpg\",\"datePublished\":\"2025-11-22T17:41:00+00:00\",\"dateModified\":\"2025-11-27T21:00:39+00:00\",\"breadcrumb\":{\"@id\":\"https:\/\/nudu.pl\/produkt\/panamera-spodnica-maxi\/#breadcrumb\"},\"inLanguage\":\"en-GB\",\"potentialAction\":[{\"@type\":\"ReadAction\",\"target\":[\"https:\/\/nudu.pl\/produkt\/panamera-spodnica-maxi\/\"]}]},{\"@type\":\"ImageObject\",\"inLanguage\":\"en-GB\",\"@id\":\"https:\/\/nudu.pl\/produkt\/panamera-spodnica-maxi\/#primaryimage\",\"url\":\"https:\/\/nudu.pl\/wp-content\/uploads\/2025\/11\/panamera_nudu_maxi_3-scaled.jpg\",\"contentUrl\":\"https:\/\/nudu.pl\/wp-content\/uploads\/2025\/11\/panamera_nudu_maxi_3-scaled.jpg\",\"width\":1440,\"height\":2560},{\"@type\":\"BreadcrumbList\",\"@id\":\"https:\/\/nudu.pl\/produkt\/panamera-spodnica-maxi\/#breadcrumb\",\"itemListElement\":[{\"@type\":\"ListItem\",\"position\":1,\"name\":\"Home\",\"item\":\"https:\/\/nudu.pl\/\"},{\"@type\":\"ListItem\",\"position\":2,\"name\":\"Sklep\",\"item\":\"https:\/\/nudu.pl\/sklep\/\"},{\"@type\":\"ListItem\",\"position\":3,\"name\":\"Panamera sp\u00f3dnica maxi\"}]},{\"@type\":\"WebSite\",\"@id\":\"https:\/\/nudu.pl\/#website\",\"url\":\"https:\/\/nudu.pl\/\",\"name\":\"NuDu Boutique Warszawa\",\"description\":\"Pocz\u0105tek pi\u0119knej przyja\u017ani\",\"publisher\":{\"@id\":\"https:\/\/nudu.pl\/#organization\"},\"potentialAction\":[{\"@type\":\"SearchAction\",\"target\":{\"@type\":\"EntryPoint\",\"urlTemplate\":\"https:\/\/nudu.pl\/?s={search_term_string}\"},\"query-input\":{\"@type\":\"PropertyValueSpecification\",\"valueRequired\":true,\"valueName\":\"search_term_string\"}}],\"inLanguage\":\"en-GB\"},{\"@type\":\"Organization\",\"@id\":\"https:\/\/nudu.pl\/#organization\",\"name\":\"NuDu Boutique Warszawa\",\"url\":\"https:\/\/nudu.pl\/\",\"logo\":{\"@type\":\"ImageObject\",\"inLanguage\":\"en-GB\",\"@id\":\"https:\/\/nudu.pl\/#\/schema\/logo\/image\/\",\"url\":\"https:\/\/nudu.pl\/wp-content\/uploads\/2024\/07\/NuDu-basic.svg\",\"contentUrl\":\"https:\/\/nudu.pl\/wp-content\/uploads\/2024\/07\/NuDu-basic.svg\",\"width\":166,\"height\":67,\"caption\":\"NuDu Boutique Warszawa\"},\"image\":{\"@id\":\"https:\/\/nudu.pl\/#\/schema\/logo\/image\/\"}}]}<\/script>\n<!-- \/ Yoast SEO plugin. -->","yoast_head_json":{"title":"Panamera sp\u00f3dnica maxi - NuDu Boutique Warszawa","robots":{"index":"index","follow":"follow","max-snippet":"max-snippet:-1","max-image-preview":"max-image-preview:large","max-video-preview":"max-video-preview:-1"},"canonical":"https:\/\/nudu.pl\/en\/product\/panamera-spodnica-maxi\/","og_locale":"en_GB","og_type":"article","og_title":"Panamera sp\u00f3dnica maxi - NuDu Boutique Warszawa","og_description":"sp\u00f3dnica w d\u0142ugo\u015bci maxi","og_url":"https:\/\/nudu.pl\/en\/product\/panamera-spodnica-maxi\/","og_site_name":"NuDu Boutique Warszawa","article_modified_time":"2025-11-27T21:00:39+00:00","og_image":[{"width":1440,"height":2560,"url":"https:\/\/nudu.pl\/wp-content\/uploads\/2025\/11\/panamera_nudu_maxi_3-scaled.jpg","type":"image\/jpeg"}],"twitter_card":"summary_large_image","twitter_misc":{"Estimated reading time":"1 minute"},"schema":{"@context":"https:\/\/schema.org","@graph":[{"@type":"WebPage","@id":"https:\/\/nudu.pl\/produkt\/panamera-spodnica-maxi\/","url":"https:\/\/nudu.pl\/produkt\/panamera-spodnica-maxi\/","name":"Panamera sp\u00f3dnica maxi - NuDu Boutique Warszawa","isPartOf":{"@id":"https:\/\/nudu.pl\/#website"},"primaryImageOfPage":{"@id":"https:\/\/nudu.pl\/produkt\/panamera-spodnica-maxi\/#primaryimage"},"image":{"@id":"https:\/\/nudu.pl\/produkt\/panamera-spodnica-maxi\/#primaryimage"},"thumbnailUrl":"https:\/\/nudu.pl\/wp-content\/uploads\/2025\/11\/panamera_nudu_maxi_3-scaled.jpg","datePublished":"2025-11-22T17:41:00+00:00","dateModified":"2025-11-27T21:00:39+00:00","breadcrumb":{"@id":"https:\/\/nudu.pl\/produkt\/panamera-spodnica-maxi\/#breadcrumb"},"inLanguage":"en-GB","potentialAction":[{"@type":"ReadAction","target":["https:\/\/nudu.pl\/produkt\/panamera-spodnica-maxi\/"]}]},{"@type":"ImageObject","inLanguage":"en-GB","@id":"https:\/\/nudu.pl\/produkt\/panamera-spodnica-maxi\/#primaryimage","url":"https:\/\/nudu.pl\/wp-content\/uploads\/2025\/11\/panamera_nudu_maxi_3-scaled.jpg","contentUrl":"https:\/\/nudu.pl\/wp-content\/uploads\/2025\/11\/panamera_nudu_maxi_3-scaled.jpg","width":1440,"height":2560},{"@type":"BreadcrumbList","@id":"https:\/\/nudu.pl\/produkt\/panamera-spodnica-maxi\/#breadcrumb","itemListElement":[{"@type":"ListItem","position":1,"name":"Home","item":"https:\/\/nudu.pl\/"},{"@type":"ListItem","position":2,"name":"Sklep","item":"https:\/\/nudu.pl\/sklep\/"},{"@type":"ListItem","position":3,"name":"Panamera sp\u00f3dnica maxi"}]},{"@type":"WebSite","@id":"https:\/\/nudu.pl\/#website","url":"https:\/\/nudu.pl\/","name":"NuDu Boutique Warszawa","description":"Pocz\u0105tek pi\u0119knej przyja\u017ani","publisher":{"@id":"https:\/\/nudu.pl\/#organization"},"potentialAction":[{"@type":"SearchAction","target":{"@type":"EntryPoint","urlTemplate":"https:\/\/nudu.pl\/?s={search_term_string}"},"query-input":{"@type":"PropertyValueSpecification","valueRequired":true,"valueName":"search_term_string"}}],"inLanguage":"en-GB"},{"@type":"Organization","@id":"https:\/\/nudu.pl\/#organization","name":"NuDu Boutique Warszawa","url":"https:\/\/nudu.pl\/","logo":{"@type":"ImageObject","inLanguage":"en-GB","@id":"https:\/\/nudu.pl\/#\/schema\/logo\/image\/","url":"https:\/\/nudu.pl\/wp-content\/uploads\/2024\/07\/NuDu-basic.svg","contentUrl":"https:\/\/nudu.pl\/wp-content\/uploads\/2024\/07\/NuDu-basic.svg","width":166,"height":67,"caption":"NuDu Boutique Warszawa"},"image":{"@id":"https:\/\/nudu.pl\/#\/schema\/logo\/image\/"}}]}},"_links":{"self":[{"href":"https:\/\/nudu.pl\/en\/wp-json\/wp\/v2\/product\/10401","targetHints":{"allow":["GET"]}}],"collection":[{"href":"https:\/\/nudu.pl\/en\/wp-json\/wp\/v2\/product"}],"about":[{"href":"https:\/\/nudu.pl\/en\/wp-json\/wp\/v2\/types\/product"}],"wp:featuredmedia":[{"embeddable":true,"href":"https:\/\/nudu.pl\/en\/wp-json\/wp\/v2\/media\/10407"}],"wp:attachment":[{"href":"https:\/\/nudu.pl\/en\/wp-json\/wp\/v2\/media?parent=10401"}],"wp:term":[{"taxonomy":"product_brand","embeddable":true,"href":"https:\/\/nudu.pl\/en\/wp-json\/wp\/v2\/product_brand?post=10401"},{"taxonomy":"product_cat","embeddable":true,"href":"https:\/\/nudu.pl\/en\/wp-json\/wp\/v2\/product_cat?post=10401"},{"taxonomy":"product_tag","embeddable":true,"href":"https:\/\/nudu.pl\/en\/wp-json\/wp\/v2\/product_tag?post=10401"}],"curies":[{"name":"wp","href":"https:\/\/api.w.org\/{rel}","templated":true}]}}