{"id":10446,"date":"2025-11-28T21:11:56","date_gmt":"2025-11-28T20:11:56","guid":{"rendered":"https:\/\/nudu.pl\/?post_type=product&#038;p=10446"},"modified":"2025-11-28T21:11:56","modified_gmt":"2025-11-28T20:11:56","slug":"jedwabna-narzutka-charlotte","status":"publish","type":"product","link":"https:\/\/nudu.pl\/en\/product\/jedwabna-narzutka-charlotte\/","title":{"rendered":"jedwabna narzutka Charlotte"},"content":{"rendered":"","protected":false},"excerpt":{"rendered":"<p>narzutka Charlotte zaprojektowana z my\u015bl\u0105 o okryciu ramion w szykowny i elegancki spos\u00f3b<\/p>\n<p>projekt wykonany z mu\u015blinowego 100% jedwabiu<\/p>\n<p>delikatnie a\u017curowy projekt narzutki z wi\u0105zaniem na szyji<\/p>\n<p>mo\u017cliwo\u015b\u0107 zam\u00f3wienia w pe\u0142nej gamie kolorystycznej<\/p>\n<p>w atelier dost\u0119pny w kolorze per\u0142owym<\/p>\n<p>produkt dost\u0119pny na zam\u00f3wienie<\/p>\n<p>czas realizacji 14 dni<\/p>\n<p>sk\u0142ad 100% jedwab<\/p>\n<p>pranie : chemiczne<\/p>\n<p>&nbsp;<\/p>\n<p>&nbsp;<\/p>","protected":false},"featured_media":10459,"template":"","meta":{"_acf_changed":false},"product_brand":[259],"product_cat":[287,276],"product_tag":[290,289,288],"class_list":{"0":"post-10446","1":"product","2":"type-product","3":"status-publish","4":"has-post-thumbnail","6":"product_brand-nudu-2","7":"product_cat-narzutka-nudu-bridal","8":"product_cat-nudu-bridal","9":"product_tag-jedwabna-narzutka","10":"product_tag-narzutka","11":"product_tag-okrycie-ramion","12":"pa_kolory-perla","14":"first","15":"onbackorder","16":"taxable","17":"shipping-taxable","18":"purchasable","19":"product-type-simple"},"acf":[],"yoast_head":"<!-- This site is optimized with the Yoast SEO plugin v24.3 - https:\/\/yoast.com\/wordpress\/plugins\/seo\/ -->\n<title>jedwabna narzutka Charlotte - NuDu Boutique Warszawa<\/title>\n<meta name=\"description\" content=\"Narzutka ze 100% naturalnego jedwabiu. Charlotte to projekt mu\u015blinowej narzutki zaprojektowany z my\u015bl\u0105 o okryciu ramion w szykowny i elegancki spos\u00f3b. Produkt dost\u0119pny na zam\u00f3wienie z mo\u017cliwo\u015bci\u0105 wyboru w pe\u0142nej gamie kolor\u00f3w.\" \/>\n<meta name=\"robots\" content=\"index, follow, max-snippet:-1, max-image-preview:large, max-video-preview:-1\" \/>\n<link rel=\"canonical\" href=\"https:\/\/nudu.pl\/en\/product\/jedwabna-narzutka-charlotte\/\" \/>\n<meta property=\"og:locale\" content=\"en_GB\" \/>\n<meta property=\"og:type\" content=\"article\" \/>\n<meta property=\"og:title\" content=\"jedwabna narzutka Charlotte - NuDu Boutique Warszawa\" \/>\n<meta property=\"og:description\" content=\"Narzutka ze 100% naturalnego jedwabiu. Charlotte to projekt mu\u015blinowej narzutki zaprojektowany z my\u015bl\u0105 o okryciu ramion w szykowny i elegancki spos\u00f3b. Produkt dost\u0119pny na zam\u00f3wienie z mo\u017cliwo\u015bci\u0105 wyboru w pe\u0142nej gamie kolor\u00f3w.\" \/>\n<meta property=\"og:url\" content=\"https:\/\/nudu.pl\/en\/product\/jedwabna-narzutka-charlotte\/\" \/>\n<meta property=\"og:site_name\" content=\"NuDu Boutique Warszawa\" \/>\n<meta property=\"og:image\" content=\"https:\/\/nudu.pl\/wp-content\/uploads\/2025\/11\/NUDUVIE-DE-CHATEAU_28-scaled.jpg\" \/>\n\t<meta property=\"og:image:width\" content=\"1707\" \/>\n\t<meta property=\"og:image:height\" content=\"2560\" \/>\n\t<meta property=\"og:image:type\" content=\"image\/jpeg\" \/>\n<meta name=\"twitter:card\" content=\"summary_large_image\" \/>\n<meta name=\"twitter:label1\" content=\"Estimated reading time\" \/>\n\t<meta name=\"twitter:data1\" content=\"1 minute\" \/>\n<script type=\"application\/ld+json\" class=\"yoast-schema-graph\">{\"@context\":\"https:\/\/schema.org\",\"@graph\":[{\"@type\":\"WebPage\",\"@id\":\"https:\/\/nudu.pl\/produkt\/jedwabna-narzutka-charlotte\/\",\"url\":\"https:\/\/nudu.pl\/produkt\/jedwabna-narzutka-charlotte\/\",\"name\":\"jedwabna narzutka Charlotte - NuDu Boutique Warszawa\",\"isPartOf\":{\"@id\":\"https:\/\/nudu.pl\/#website\"},\"primaryImageOfPage\":{\"@id\":\"https:\/\/nudu.pl\/produkt\/jedwabna-narzutka-charlotte\/#primaryimage\"},\"image\":{\"@id\":\"https:\/\/nudu.pl\/produkt\/jedwabna-narzutka-charlotte\/#primaryimage\"},\"thumbnailUrl\":\"https:\/\/nudu.pl\/wp-content\/uploads\/2025\/11\/NUDUVIE-DE-CHATEAU_28-scaled.jpg\",\"datePublished\":\"2025-11-28T20:11:56+00:00\",\"dateModified\":\"2025-11-28T20:11:56+00:00\",\"description\":\"Narzutka ze 100% naturalnego jedwabiu. Charlotte to projekt mu\u015blinowej narzutki zaprojektowany z my\u015bl\u0105 o okryciu ramion w szykowny i elegancki spos\u00f3b. Produkt dost\u0119pny na zam\u00f3wienie z mo\u017cliwo\u015bci\u0105 wyboru w pe\u0142nej gamie kolor\u00f3w.\",\"breadcrumb\":{\"@id\":\"https:\/\/nudu.pl\/produkt\/jedwabna-narzutka-charlotte\/#breadcrumb\"},\"inLanguage\":\"en-GB\",\"potentialAction\":[{\"@type\":\"ReadAction\",\"target\":[\"https:\/\/nudu.pl\/produkt\/jedwabna-narzutka-charlotte\/\"]}]},{\"@type\":\"ImageObject\",\"inLanguage\":\"en-GB\",\"@id\":\"https:\/\/nudu.pl\/produkt\/jedwabna-narzutka-charlotte\/#primaryimage\",\"url\":\"https:\/\/nudu.pl\/wp-content\/uploads\/2025\/11\/NUDUVIE-DE-CHATEAU_28-scaled.jpg\",\"contentUrl\":\"https:\/\/nudu.pl\/wp-content\/uploads\/2025\/11\/NUDUVIE-DE-CHATEAU_28-scaled.jpg\",\"width\":1707,\"height\":2560},{\"@type\":\"BreadcrumbList\",\"@id\":\"https:\/\/nudu.pl\/produkt\/jedwabna-narzutka-charlotte\/#breadcrumb\",\"itemListElement\":[{\"@type\":\"ListItem\",\"position\":1,\"name\":\"Home\",\"item\":\"https:\/\/nudu.pl\/\"},{\"@type\":\"ListItem\",\"position\":2,\"name\":\"Sklep\",\"item\":\"https:\/\/nudu.pl\/sklep\/\"},{\"@type\":\"ListItem\",\"position\":3,\"name\":\"jedwabna narzutka Charlotte\"}]},{\"@type\":\"WebSite\",\"@id\":\"https:\/\/nudu.pl\/#website\",\"url\":\"https:\/\/nudu.pl\/\",\"name\":\"NuDu Boutique Warszawa\",\"description\":\"Pocz\u0105tek pi\u0119knej przyja\u017ani\",\"publisher\":{\"@id\":\"https:\/\/nudu.pl\/#organization\"},\"potentialAction\":[{\"@type\":\"SearchAction\",\"target\":{\"@type\":\"EntryPoint\",\"urlTemplate\":\"https:\/\/nudu.pl\/?s={search_term_string}\"},\"query-input\":{\"@type\":\"PropertyValueSpecification\",\"valueRequired\":true,\"valueName\":\"search_term_string\"}}],\"inLanguage\":\"en-GB\"},{\"@type\":\"Organization\",\"@id\":\"https:\/\/nudu.pl\/#organization\",\"name\":\"NuDu Boutique Warszawa\",\"url\":\"https:\/\/nudu.pl\/\",\"logo\":{\"@type\":\"ImageObject\",\"inLanguage\":\"en-GB\",\"@id\":\"https:\/\/nudu.pl\/#\/schema\/logo\/image\/\",\"url\":\"https:\/\/nudu.pl\/wp-content\/uploads\/2024\/07\/NuDu-basic.svg\",\"contentUrl\":\"https:\/\/nudu.pl\/wp-content\/uploads\/2024\/07\/NuDu-basic.svg\",\"width\":166,\"height\":67,\"caption\":\"NuDu Boutique Warszawa\"},\"image\":{\"@id\":\"https:\/\/nudu.pl\/#\/schema\/logo\/image\/\"}}]}<\/script>\n<!-- \/ Yoast SEO plugin. -->","yoast_head_json":{"title":"jedwabna narzutka Charlotte - NuDu Boutique Warszawa","description":"Narzutka ze 100% naturalnego jedwabiu. Charlotte to projekt mu\u015blinowej narzutki zaprojektowany z my\u015bl\u0105 o okryciu ramion w szykowny i elegancki spos\u00f3b. Produkt dost\u0119pny na zam\u00f3wienie z mo\u017cliwo\u015bci\u0105 wyboru w pe\u0142nej gamie kolor\u00f3w.","robots":{"index":"index","follow":"follow","max-snippet":"max-snippet:-1","max-image-preview":"max-image-preview:large","max-video-preview":"max-video-preview:-1"},"canonical":"https:\/\/nudu.pl\/en\/product\/jedwabna-narzutka-charlotte\/","og_locale":"en_GB","og_type":"article","og_title":"jedwabna narzutka Charlotte - NuDu Boutique Warszawa","og_description":"Narzutka ze 100% naturalnego jedwabiu. Charlotte to projekt mu\u015blinowej narzutki zaprojektowany z my\u015bl\u0105 o okryciu ramion w szykowny i elegancki spos\u00f3b. Produkt dost\u0119pny na zam\u00f3wienie z mo\u017cliwo\u015bci\u0105 wyboru w pe\u0142nej gamie kolor\u00f3w.","og_url":"https:\/\/nudu.pl\/en\/product\/jedwabna-narzutka-charlotte\/","og_site_name":"NuDu Boutique Warszawa","og_image":[{"width":1707,"height":2560,"url":"https:\/\/nudu.pl\/wp-content\/uploads\/2025\/11\/NUDUVIE-DE-CHATEAU_28-scaled.jpg","type":"image\/jpeg"}],"twitter_card":"summary_large_image","twitter_misc":{"Estimated reading time":"1 minute"},"schema":{"@context":"https:\/\/schema.org","@graph":[{"@type":"WebPage","@id":"https:\/\/nudu.pl\/produkt\/jedwabna-narzutka-charlotte\/","url":"https:\/\/nudu.pl\/produkt\/jedwabna-narzutka-charlotte\/","name":"jedwabna narzutka Charlotte - NuDu Boutique Warszawa","isPartOf":{"@id":"https:\/\/nudu.pl\/#website"},"primaryImageOfPage":{"@id":"https:\/\/nudu.pl\/produkt\/jedwabna-narzutka-charlotte\/#primaryimage"},"image":{"@id":"https:\/\/nudu.pl\/produkt\/jedwabna-narzutka-charlotte\/#primaryimage"},"thumbnailUrl":"https:\/\/nudu.pl\/wp-content\/uploads\/2025\/11\/NUDUVIE-DE-CHATEAU_28-scaled.jpg","datePublished":"2025-11-28T20:11:56+00:00","dateModified":"2025-11-28T20:11:56+00:00","description":"Narzutka ze 100% naturalnego jedwabiu. Charlotte to projekt mu\u015blinowej narzutki zaprojektowany z my\u015bl\u0105 o okryciu ramion w szykowny i elegancki spos\u00f3b. Produkt dost\u0119pny na zam\u00f3wienie z mo\u017cliwo\u015bci\u0105 wyboru w pe\u0142nej gamie kolor\u00f3w.","breadcrumb":{"@id":"https:\/\/nudu.pl\/produkt\/jedwabna-narzutka-charlotte\/#breadcrumb"},"inLanguage":"en-GB","potentialAction":[{"@type":"ReadAction","target":["https:\/\/nudu.pl\/produkt\/jedwabna-narzutka-charlotte\/"]}]},{"@type":"ImageObject","inLanguage":"en-GB","@id":"https:\/\/nudu.pl\/produkt\/jedwabna-narzutka-charlotte\/#primaryimage","url":"https:\/\/nudu.pl\/wp-content\/uploads\/2025\/11\/NUDUVIE-DE-CHATEAU_28-scaled.jpg","contentUrl":"https:\/\/nudu.pl\/wp-content\/uploads\/2025\/11\/NUDUVIE-DE-CHATEAU_28-scaled.jpg","width":1707,"height":2560},{"@type":"BreadcrumbList","@id":"https:\/\/nudu.pl\/produkt\/jedwabna-narzutka-charlotte\/#breadcrumb","itemListElement":[{"@type":"ListItem","position":1,"name":"Home","item":"https:\/\/nudu.pl\/"},{"@type":"ListItem","position":2,"name":"Sklep","item":"https:\/\/nudu.pl\/sklep\/"},{"@type":"ListItem","position":3,"name":"jedwabna narzutka Charlotte"}]},{"@type":"WebSite","@id":"https:\/\/nudu.pl\/#website","url":"https:\/\/nudu.pl\/","name":"NuDu Boutique Warszawa","description":"Pocz\u0105tek pi\u0119knej przyja\u017ani","publisher":{"@id":"https:\/\/nudu.pl\/#organization"},"potentialAction":[{"@type":"SearchAction","target":{"@type":"EntryPoint","urlTemplate":"https:\/\/nudu.pl\/?s={search_term_string}"},"query-input":{"@type":"PropertyValueSpecification","valueRequired":true,"valueName":"search_term_string"}}],"inLanguage":"en-GB"},{"@type":"Organization","@id":"https:\/\/nudu.pl\/#organization","name":"NuDu Boutique Warszawa","url":"https:\/\/nudu.pl\/","logo":{"@type":"ImageObject","inLanguage":"en-GB","@id":"https:\/\/nudu.pl\/#\/schema\/logo\/image\/","url":"https:\/\/nudu.pl\/wp-content\/uploads\/2024\/07\/NuDu-basic.svg","contentUrl":"https:\/\/nudu.pl\/wp-content\/uploads\/2024\/07\/NuDu-basic.svg","width":166,"height":67,"caption":"NuDu Boutique Warszawa"},"image":{"@id":"https:\/\/nudu.pl\/#\/schema\/logo\/image\/"}}]}},"_links":{"self":[{"href":"https:\/\/nudu.pl\/en\/wp-json\/wp\/v2\/product\/10446","targetHints":{"allow":["GET"]}}],"collection":[{"href":"https:\/\/nudu.pl\/en\/wp-json\/wp\/v2\/product"}],"about":[{"href":"https:\/\/nudu.pl\/en\/wp-json\/wp\/v2\/types\/product"}],"wp:featuredmedia":[{"embeddable":true,"href":"https:\/\/nudu.pl\/en\/wp-json\/wp\/v2\/media\/10459"}],"wp:attachment":[{"href":"https:\/\/nudu.pl\/en\/wp-json\/wp\/v2\/media?parent=10446"}],"wp:term":[{"taxonomy":"product_brand","embeddable":true,"href":"https:\/\/nudu.pl\/en\/wp-json\/wp\/v2\/product_brand?post=10446"},{"taxonomy":"product_cat","embeddable":true,"href":"https:\/\/nudu.pl\/en\/wp-json\/wp\/v2\/product_cat?post=10446"},{"taxonomy":"product_tag","embeddable":true,"href":"https:\/\/nudu.pl\/en\/wp-json\/wp\/v2\/product_tag?post=10446"}],"curies":[{"name":"wp","href":"https:\/\/api.w.org\/{rel}","templated":true}]}}