{"id":10532,"date":"2026-01-01T20:56:41","date_gmt":"2026-01-01T19:56:41","guid":{"rendered":"https:\/\/nudu.pl\/?post_type=product&#038;p=10532"},"modified":"2026-03-25T17:48:19","modified_gmt":"2026-03-25T16:48:19","slug":"body-z-motywem-kwiatow-czarny","status":"publish","type":"product","link":"https:\/\/nudu.pl\/en\/product\/body-z-motywem-kwiatow-czarny\/","title":{"rendered":"Body z motywem kwiat\u00f3w"},"content":{"rendered":"<p>BODY zdobione tr\u00f3jwymiarowymi kwiatami<\/p>\n<p>zdobienie z przodu, na r\u0119kawach i z ty\u0142u<\/p>\n<p>tkanina delikatnie transparentna w kolorze czarnym<\/p>\n<p>sk\u0142ad tkaniny z jakiej wykonane jest body to po\u0142\u0105czenie wiskozy oraz we\u0142ny merinos<\/p>\n<p>pra\u0107 w 30 stopniach, po odpi\u0119ciu kwiat\u00f3w<\/p>\n<p>kwiaty przypi\u0119te na transparentne napy<\/p>\n<p>body dost\u0119pne w rozmiarze S, M, L, XL<\/p>","protected":false},"excerpt":{"rendered":"<p>BODY zdobione tr\u00f3jwymiarowymi kwiatami zdobienie z przodu, na r\u0119kawach i z ty\u0142u tkanina delikatnie transparentna w kolorze czarnym sk\u0142ad tkaniny z jakiej wykonane jest body to po\u0142\u0105czenie wiskozy oraz we\u0142ny merinos pra\u0107 w 30 stopniach, po odpi\u0119ciu kwiat\u00f3w kwiaty przypi\u0119te na transparentne napy body dost\u0119pne w rozmiarze S, M, L, XL<\/p>","protected":false},"featured_media":10563,"template":"","meta":{"_acf_changed":false},"product_brand":[259],"product_cat":[294,125],"product_tag":[295,296,293],"class_list":{"0":"post-10532","1":"product","2":"type-product","3":"status-publish","4":"has-post-thumbnail","6":"product_brand-nudu-2","7":"product_cat-body","8":"product_cat-odziez","9":"product_tag-body","10":"product_tag-body-z-kwiatami","11":"product_tag-nosze-polskie-marki","13":"first","14":"instock","15":"taxable","16":"shipping-taxable","17":"purchasable","18":"product-type-variable","19":"has-default-attributes","20":"wvs-archive-product-wrapper"},"acf":[],"yoast_head":"<!-- This site is optimized with the Yoast SEO plugin v24.3 - https:\/\/yoast.com\/wordpress\/plugins\/seo\/ -->\n<title>Body z motywem kwiat\u00f3w - NuDu Boutique Warszawa<\/title>\n<meta name=\"description\" content=\"Body na d\u0142ugi r\u0119kaw, zdobione tr\u00f3jwymiarowymi kwiatami. Dost\u0119pne w czarnym kolorze.\" \/>\n<meta name=\"robots\" content=\"index, follow, max-snippet:-1, max-image-preview:large, max-video-preview:-1\" \/>\n<link rel=\"canonical\" href=\"https:\/\/nudu.pl\/en\/product\/body-z-motywem-kwiatow-czarny\/\" \/>\n<meta property=\"og:locale\" content=\"en_GB\" \/>\n<meta property=\"og:type\" content=\"article\" \/>\n<meta property=\"og:title\" content=\"Body z motywem kwiat\u00f3w - NuDu Boutique Warszawa\" \/>\n<meta property=\"og:description\" content=\"Body na d\u0142ugi r\u0119kaw, zdobione tr\u00f3jwymiarowymi kwiatami. Dost\u0119pne w czarnym kolorze.\" \/>\n<meta property=\"og:url\" content=\"https:\/\/nudu.pl\/en\/product\/body-z-motywem-kwiatow-czarny\/\" \/>\n<meta property=\"og:site_name\" content=\"NuDu Boutique Warszawa\" \/>\n<meta property=\"article:modified_time\" content=\"2026-03-25T16:48:19+00:00\" \/>\n<meta property=\"og:image\" content=\"https:\/\/nudu.pl\/wp-content\/uploads\/2026\/01\/BODY-CZARNY.png\" \/>\n\t<meta property=\"og:image:width\" content=\"720\" \/>\n\t<meta property=\"og:image:height\" content=\"1280\" \/>\n\t<meta property=\"og:image:type\" content=\"image\/png\" \/>\n<meta name=\"twitter:card\" content=\"summary_large_image\" \/>\n<meta name=\"twitter:label1\" content=\"Estimated reading time\" \/>\n\t<meta name=\"twitter:data1\" content=\"1 minute\" \/>\n<script type=\"application\/ld+json\" class=\"yoast-schema-graph\">{\"@context\":\"https:\/\/schema.org\",\"@graph\":[{\"@type\":\"WebPage\",\"@id\":\"https:\/\/nudu.pl\/produkt\/body-z-motywem-kwiatow-czarny\/\",\"url\":\"https:\/\/nudu.pl\/produkt\/body-z-motywem-kwiatow-czarny\/\",\"name\":\"Body z motywem kwiat\u00f3w - NuDu Boutique Warszawa\",\"isPartOf\":{\"@id\":\"https:\/\/nudu.pl\/#website\"},\"primaryImageOfPage\":{\"@id\":\"https:\/\/nudu.pl\/produkt\/body-z-motywem-kwiatow-czarny\/#primaryimage\"},\"image\":{\"@id\":\"https:\/\/nudu.pl\/produkt\/body-z-motywem-kwiatow-czarny\/#primaryimage\"},\"thumbnailUrl\":\"https:\/\/nudu.pl\/wp-content\/uploads\/2026\/01\/BODY-CZARNY.png\",\"datePublished\":\"2026-01-01T19:56:41+00:00\",\"dateModified\":\"2026-03-25T16:48:19+00:00\",\"description\":\"Body na d\u0142ugi r\u0119kaw, zdobione tr\u00f3jwymiarowymi kwiatami. Dost\u0119pne w czarnym kolorze.\",\"breadcrumb\":{\"@id\":\"https:\/\/nudu.pl\/produkt\/body-z-motywem-kwiatow-czarny\/#breadcrumb\"},\"inLanguage\":\"en-GB\",\"potentialAction\":[{\"@type\":\"ReadAction\",\"target\":[\"https:\/\/nudu.pl\/produkt\/body-z-motywem-kwiatow-czarny\/\"]}]},{\"@type\":\"ImageObject\",\"inLanguage\":\"en-GB\",\"@id\":\"https:\/\/nudu.pl\/produkt\/body-z-motywem-kwiatow-czarny\/#primaryimage\",\"url\":\"https:\/\/nudu.pl\/wp-content\/uploads\/2026\/01\/BODY-CZARNY.png\",\"contentUrl\":\"https:\/\/nudu.pl\/wp-content\/uploads\/2026\/01\/BODY-CZARNY.png\",\"width\":720,\"height\":1280},{\"@type\":\"BreadcrumbList\",\"@id\":\"https:\/\/nudu.pl\/produkt\/body-z-motywem-kwiatow-czarny\/#breadcrumb\",\"itemListElement\":[{\"@type\":\"ListItem\",\"position\":1,\"name\":\"Home\",\"item\":\"https:\/\/nudu.pl\/\"},{\"@type\":\"ListItem\",\"position\":2,\"name\":\"Sklep\",\"item\":\"https:\/\/nudu.pl\/sklep\/\"},{\"@type\":\"ListItem\",\"position\":3,\"name\":\"Body z motywem kwiat\u00f3w\"}]},{\"@type\":\"WebSite\",\"@id\":\"https:\/\/nudu.pl\/#website\",\"url\":\"https:\/\/nudu.pl\/\",\"name\":\"NuDu Boutique Warszawa\",\"description\":\"Pocz\u0105tek pi\u0119knej przyja\u017ani\",\"publisher\":{\"@id\":\"https:\/\/nudu.pl\/#organization\"},\"potentialAction\":[{\"@type\":\"SearchAction\",\"target\":{\"@type\":\"EntryPoint\",\"urlTemplate\":\"https:\/\/nudu.pl\/?s={search_term_string}\"},\"query-input\":{\"@type\":\"PropertyValueSpecification\",\"valueRequired\":true,\"valueName\":\"search_term_string\"}}],\"inLanguage\":\"en-GB\"},{\"@type\":\"Organization\",\"@id\":\"https:\/\/nudu.pl\/#organization\",\"name\":\"NuDu Boutique Warszawa\",\"url\":\"https:\/\/nudu.pl\/\",\"logo\":{\"@type\":\"ImageObject\",\"inLanguage\":\"en-GB\",\"@id\":\"https:\/\/nudu.pl\/#\/schema\/logo\/image\/\",\"url\":\"https:\/\/nudu.pl\/wp-content\/uploads\/2024\/07\/NuDu-basic.svg\",\"contentUrl\":\"https:\/\/nudu.pl\/wp-content\/uploads\/2024\/07\/NuDu-basic.svg\",\"width\":166,\"height\":67,\"caption\":\"NuDu Boutique Warszawa\"},\"image\":{\"@id\":\"https:\/\/nudu.pl\/#\/schema\/logo\/image\/\"}}]}<\/script>\n<!-- \/ Yoast SEO plugin. -->","yoast_head_json":{"title":"Body z motywem kwiat\u00f3w - NuDu Boutique Warszawa","description":"Body na d\u0142ugi r\u0119kaw, zdobione tr\u00f3jwymiarowymi kwiatami. Dost\u0119pne w czarnym kolorze.","robots":{"index":"index","follow":"follow","max-snippet":"max-snippet:-1","max-image-preview":"max-image-preview:large","max-video-preview":"max-video-preview:-1"},"canonical":"https:\/\/nudu.pl\/en\/product\/body-z-motywem-kwiatow-czarny\/","og_locale":"en_GB","og_type":"article","og_title":"Body z motywem kwiat\u00f3w - NuDu Boutique Warszawa","og_description":"Body na d\u0142ugi r\u0119kaw, zdobione tr\u00f3jwymiarowymi kwiatami. Dost\u0119pne w czarnym kolorze.","og_url":"https:\/\/nudu.pl\/en\/product\/body-z-motywem-kwiatow-czarny\/","og_site_name":"NuDu Boutique Warszawa","article_modified_time":"2026-03-25T16:48:19+00:00","og_image":[{"width":720,"height":1280,"url":"https:\/\/nudu.pl\/wp-content\/uploads\/2026\/01\/BODY-CZARNY.png","type":"image\/png"}],"twitter_card":"summary_large_image","twitter_misc":{"Estimated reading time":"1 minute"},"schema":{"@context":"https:\/\/schema.org","@graph":[{"@type":"WebPage","@id":"https:\/\/nudu.pl\/produkt\/body-z-motywem-kwiatow-czarny\/","url":"https:\/\/nudu.pl\/produkt\/body-z-motywem-kwiatow-czarny\/","name":"Body z motywem kwiat\u00f3w - NuDu Boutique Warszawa","isPartOf":{"@id":"https:\/\/nudu.pl\/#website"},"primaryImageOfPage":{"@id":"https:\/\/nudu.pl\/produkt\/body-z-motywem-kwiatow-czarny\/#primaryimage"},"image":{"@id":"https:\/\/nudu.pl\/produkt\/body-z-motywem-kwiatow-czarny\/#primaryimage"},"thumbnailUrl":"https:\/\/nudu.pl\/wp-content\/uploads\/2026\/01\/BODY-CZARNY.png","datePublished":"2026-01-01T19:56:41+00:00","dateModified":"2026-03-25T16:48:19+00:00","description":"Body na d\u0142ugi r\u0119kaw, zdobione tr\u00f3jwymiarowymi kwiatami. Dost\u0119pne w czarnym kolorze.","breadcrumb":{"@id":"https:\/\/nudu.pl\/produkt\/body-z-motywem-kwiatow-czarny\/#breadcrumb"},"inLanguage":"en-GB","potentialAction":[{"@type":"ReadAction","target":["https:\/\/nudu.pl\/produkt\/body-z-motywem-kwiatow-czarny\/"]}]},{"@type":"ImageObject","inLanguage":"en-GB","@id":"https:\/\/nudu.pl\/produkt\/body-z-motywem-kwiatow-czarny\/#primaryimage","url":"https:\/\/nudu.pl\/wp-content\/uploads\/2026\/01\/BODY-CZARNY.png","contentUrl":"https:\/\/nudu.pl\/wp-content\/uploads\/2026\/01\/BODY-CZARNY.png","width":720,"height":1280},{"@type":"BreadcrumbList","@id":"https:\/\/nudu.pl\/produkt\/body-z-motywem-kwiatow-czarny\/#breadcrumb","itemListElement":[{"@type":"ListItem","position":1,"name":"Home","item":"https:\/\/nudu.pl\/"},{"@type":"ListItem","position":2,"name":"Sklep","item":"https:\/\/nudu.pl\/sklep\/"},{"@type":"ListItem","position":3,"name":"Body z motywem kwiat\u00f3w"}]},{"@type":"WebSite","@id":"https:\/\/nudu.pl\/#website","url":"https:\/\/nudu.pl\/","name":"NuDu Boutique Warszawa","description":"Pocz\u0105tek pi\u0119knej przyja\u017ani","publisher":{"@id":"https:\/\/nudu.pl\/#organization"},"potentialAction":[{"@type":"SearchAction","target":{"@type":"EntryPoint","urlTemplate":"https:\/\/nudu.pl\/?s={search_term_string}"},"query-input":{"@type":"PropertyValueSpecification","valueRequired":true,"valueName":"search_term_string"}}],"inLanguage":"en-GB"},{"@type":"Organization","@id":"https:\/\/nudu.pl\/#organization","name":"NuDu Boutique Warszawa","url":"https:\/\/nudu.pl\/","logo":{"@type":"ImageObject","inLanguage":"en-GB","@id":"https:\/\/nudu.pl\/#\/schema\/logo\/image\/","url":"https:\/\/nudu.pl\/wp-content\/uploads\/2024\/07\/NuDu-basic.svg","contentUrl":"https:\/\/nudu.pl\/wp-content\/uploads\/2024\/07\/NuDu-basic.svg","width":166,"height":67,"caption":"NuDu Boutique Warszawa"},"image":{"@id":"https:\/\/nudu.pl\/#\/schema\/logo\/image\/"}}]}},"_links":{"self":[{"href":"https:\/\/nudu.pl\/en\/wp-json\/wp\/v2\/product\/10532","targetHints":{"allow":["GET"]}}],"collection":[{"href":"https:\/\/nudu.pl\/en\/wp-json\/wp\/v2\/product"}],"about":[{"href":"https:\/\/nudu.pl\/en\/wp-json\/wp\/v2\/types\/product"}],"wp:featuredmedia":[{"embeddable":true,"href":"https:\/\/nudu.pl\/en\/wp-json\/wp\/v2\/media\/10563"}],"wp:attachment":[{"href":"https:\/\/nudu.pl\/en\/wp-json\/wp\/v2\/media?parent=10532"}],"wp:term":[{"taxonomy":"product_brand","embeddable":true,"href":"https:\/\/nudu.pl\/en\/wp-json\/wp\/v2\/product_brand?post=10532"},{"taxonomy":"product_cat","embeddable":true,"href":"https:\/\/nudu.pl\/en\/wp-json\/wp\/v2\/product_cat?post=10532"},{"taxonomy":"product_tag","embeddable":true,"href":"https:\/\/nudu.pl\/en\/wp-json\/wp\/v2\/product_tag?post=10532"}],"curies":[{"name":"wp","href":"https:\/\/api.w.org\/{rel}","templated":true}]}}