{"id":10643,"date":"2026-01-11T14:13:01","date_gmt":"2026-01-11T13:13:01","guid":{"rendered":"https:\/\/nudu.pl\/?post_type=product&#038;p=10643"},"modified":"2026-01-13T22:18:38","modified_gmt":"2026-01-13T21:18:38","slug":"gorset-valentina-czerwony","status":"publish","type":"product","link":"https:\/\/nudu.pl\/en\/product\/gorset-valentina-czerwony\/","title":{"rendered":"Gorset Valentina czerwony"},"content":{"rendered":"<ul>\n<li>gorset z usztywnianymi miseczkami<\/li>\n<li>zawiera modeluj\u0105ce wi\u0105zanie gorsetowe<\/li>\n<li>wykonany z tafty o splocie rypsowym<\/li>\n<li>odszyty podszewk\u0105 100% wiskoza<\/li>\n<li>d\u0142ugo\u015b\u0107 gorsetu po boku 18-20 cm w zale\u017cno\u015bci od rozmiaru<\/li>\n<li>produkt dost\u0119py w pre-orderze<\/li>\n<li>po z\u0142o\u017ceniu zam\u00f3wienia zapytamy Ci\u0119 drog\u0105 mailow\u0105 o podanie obwodu talii, biustu i rozmiaru biustonosza<\/li>\n<li>czas realizacji 14-21 dni<\/li>\n<li>produkt wykonany i uszyty w Polsce<\/li>\n<\/ul>","protected":false},"excerpt":{"rendered":"<p>gorset z usztywnianymi miseczkami zawiera modeluj\u0105ce wi\u0105zanie gorsetowe wykonany z tafty o splocie rypsowym odszyty podszewk\u0105 100% wiskoza d\u0142ugo\u015b\u0107 gorsetu po boku 18-20 cm w zale\u017cno\u015bci od rozmiaru produkt dost\u0119py w pre-orderze po z\u0142o\u017ceniu zam\u00f3wienia zapytamy Ci\u0119 drog\u0105 mailow\u0105 o podanie obwodu talii, biustu i rozmiaru biustonosza czas realizacji 14-21 dni produkt wykonany i uszyty [&hellip;]<\/p>","protected":false},"featured_media":10659,"template":"","meta":{"_acf_changed":false},"product_brand":[259],"product_cat":[298],"product_tag":[312,309,311,310],"class_list":{"0":"post-10643","1":"product","2":"type-product","3":"status-publish","4":"has-post-thumbnail","6":"product_brand-nudu-2","7":"product_cat-gorsety","8":"product_tag-czerwony-gorset","9":"product_tag-gorset","10":"product_tag-gorset-modelujacy","11":"product_tag-polska-marka","12":"pa_kolory-czerwony","14":"first","15":"onbackorder","16":"taxable","17":"shipping-taxable","18":"purchasable","19":"product-type-variable","20":"has-default-attributes","21":"wvs-archive-product-wrapper"},"acf":[],"yoast_head":"<!-- This site is optimized with the Yoast SEO plugin v24.3 - https:\/\/yoast.com\/wordpress\/plugins\/seo\/ -->\n<title>Gorset Valentina czerwony - NuDu Boutique Warszawa<\/title>\n<meta name=\"robots\" content=\"index, follow, max-snippet:-1, max-image-preview:large, max-video-preview:-1\" \/>\n<link rel=\"canonical\" href=\"https:\/\/nudu.pl\/en\/product\/gorset-valentina-czerwony\/\" \/>\n<meta property=\"og:locale\" content=\"en_GB\" \/>\n<meta property=\"og:type\" content=\"article\" \/>\n<meta property=\"og:title\" content=\"Gorset Valentina czerwony - NuDu Boutique Warszawa\" \/>\n<meta property=\"og:description\" content=\"gorset z usztywnianymi miseczkami zawiera modeluj\u0105ce wi\u0105zanie gorsetowe wykonany z tafty o splocie rypsowym odszyty podszewk\u0105 100% wiskoza d\u0142ugo\u015b\u0107 gorsetu po boku 18-20 cm w zale\u017cno\u015bci od rozmiaru produkt dost\u0119py w pre-orderze po z\u0142o\u017ceniu zam\u00f3wienia zapytamy Ci\u0119 drog\u0105 mailow\u0105 o podanie obwodu talii, biustu i rozmiaru biustonosza czas realizacji 14-21 dni produkt wykonany i uszyty [&hellip;]\" \/>\n<meta property=\"og:url\" content=\"https:\/\/nudu.pl\/en\/product\/gorset-valentina-czerwony\/\" \/>\n<meta property=\"og:site_name\" content=\"NuDu Boutique Warszawa\" \/>\n<meta property=\"article:modified_time\" content=\"2026-01-13T21:18:38+00:00\" \/>\n<meta property=\"og:image\" content=\"https:\/\/nudu.pl\/wp-content\/uploads\/2026\/01\/20251219_131200.png\" \/>\n\t<meta property=\"og:image:width\" content=\"1440\" \/>\n\t<meta property=\"og:image:height\" content=\"2560\" \/>\n\t<meta property=\"og:image:type\" content=\"image\/png\" \/>\n<meta name=\"twitter:card\" content=\"summary_large_image\" \/>\n<meta name=\"twitter:label1\" content=\"Estimated reading time\" \/>\n\t<meta name=\"twitter:data1\" content=\"1 minute\" \/>\n<script type=\"application\/ld+json\" class=\"yoast-schema-graph\">{\"@context\":\"https:\/\/schema.org\",\"@graph\":[{\"@type\":\"WebPage\",\"@id\":\"https:\/\/nudu.pl\/produkt\/gorset-valentina-czerwony\/\",\"url\":\"https:\/\/nudu.pl\/produkt\/gorset-valentina-czerwony\/\",\"name\":\"Gorset Valentina czerwony - NuDu Boutique Warszawa\",\"isPartOf\":{\"@id\":\"https:\/\/nudu.pl\/#website\"},\"primaryImageOfPage\":{\"@id\":\"https:\/\/nudu.pl\/produkt\/gorset-valentina-czerwony\/#primaryimage\"},\"image\":{\"@id\":\"https:\/\/nudu.pl\/produkt\/gorset-valentina-czerwony\/#primaryimage\"},\"thumbnailUrl\":\"https:\/\/nudu.pl\/wp-content\/uploads\/2026\/01\/20251219_131200.png\",\"datePublished\":\"2026-01-11T13:13:01+00:00\",\"dateModified\":\"2026-01-13T21:18:38+00:00\",\"breadcrumb\":{\"@id\":\"https:\/\/nudu.pl\/produkt\/gorset-valentina-czerwony\/#breadcrumb\"},\"inLanguage\":\"en-GB\",\"potentialAction\":[{\"@type\":\"ReadAction\",\"target\":[\"https:\/\/nudu.pl\/produkt\/gorset-valentina-czerwony\/\"]}]},{\"@type\":\"ImageObject\",\"inLanguage\":\"en-GB\",\"@id\":\"https:\/\/nudu.pl\/produkt\/gorset-valentina-czerwony\/#primaryimage\",\"url\":\"https:\/\/nudu.pl\/wp-content\/uploads\/2026\/01\/20251219_131200.png\",\"contentUrl\":\"https:\/\/nudu.pl\/wp-content\/uploads\/2026\/01\/20251219_131200.png\",\"width\":1440,\"height\":2560},{\"@type\":\"BreadcrumbList\",\"@id\":\"https:\/\/nudu.pl\/produkt\/gorset-valentina-czerwony\/#breadcrumb\",\"itemListElement\":[{\"@type\":\"ListItem\",\"position\":1,\"name\":\"Home\",\"item\":\"https:\/\/nudu.pl\/\"},{\"@type\":\"ListItem\",\"position\":2,\"name\":\"Sklep\",\"item\":\"https:\/\/nudu.pl\/sklep\/\"},{\"@type\":\"ListItem\",\"position\":3,\"name\":\"Gorset Valentina czerwony\"}]},{\"@type\":\"WebSite\",\"@id\":\"https:\/\/nudu.pl\/#website\",\"url\":\"https:\/\/nudu.pl\/\",\"name\":\"NuDu Boutique Warszawa\",\"description\":\"Pocz\u0105tek pi\u0119knej przyja\u017ani\",\"publisher\":{\"@id\":\"https:\/\/nudu.pl\/#organization\"},\"potentialAction\":[{\"@type\":\"SearchAction\",\"target\":{\"@type\":\"EntryPoint\",\"urlTemplate\":\"https:\/\/nudu.pl\/?s={search_term_string}\"},\"query-input\":{\"@type\":\"PropertyValueSpecification\",\"valueRequired\":true,\"valueName\":\"search_term_string\"}}],\"inLanguage\":\"en-GB\"},{\"@type\":\"Organization\",\"@id\":\"https:\/\/nudu.pl\/#organization\",\"name\":\"NuDu Boutique Warszawa\",\"url\":\"https:\/\/nudu.pl\/\",\"logo\":{\"@type\":\"ImageObject\",\"inLanguage\":\"en-GB\",\"@id\":\"https:\/\/nudu.pl\/#\/schema\/logo\/image\/\",\"url\":\"https:\/\/nudu.pl\/wp-content\/uploads\/2024\/07\/NuDu-basic.svg\",\"contentUrl\":\"https:\/\/nudu.pl\/wp-content\/uploads\/2024\/07\/NuDu-basic.svg\",\"width\":166,\"height\":67,\"caption\":\"NuDu Boutique Warszawa\"},\"image\":{\"@id\":\"https:\/\/nudu.pl\/#\/schema\/logo\/image\/\"}}]}<\/script>\n<!-- \/ Yoast SEO plugin. -->","yoast_head_json":{"title":"Gorset Valentina czerwony - NuDu Boutique Warszawa","robots":{"index":"index","follow":"follow","max-snippet":"max-snippet:-1","max-image-preview":"max-image-preview:large","max-video-preview":"max-video-preview:-1"},"canonical":"https:\/\/nudu.pl\/en\/product\/gorset-valentina-czerwony\/","og_locale":"en_GB","og_type":"article","og_title":"Gorset Valentina czerwony - NuDu Boutique Warszawa","og_description":"gorset z usztywnianymi miseczkami zawiera modeluj\u0105ce wi\u0105zanie gorsetowe wykonany z tafty o splocie rypsowym odszyty podszewk\u0105 100% wiskoza d\u0142ugo\u015b\u0107 gorsetu po boku 18-20 cm w zale\u017cno\u015bci od rozmiaru produkt dost\u0119py w pre-orderze po z\u0142o\u017ceniu zam\u00f3wienia zapytamy Ci\u0119 drog\u0105 mailow\u0105 o podanie obwodu talii, biustu i rozmiaru biustonosza czas realizacji 14-21 dni produkt wykonany i uszyty [&hellip;]","og_url":"https:\/\/nudu.pl\/en\/product\/gorset-valentina-czerwony\/","og_site_name":"NuDu Boutique Warszawa","article_modified_time":"2026-01-13T21:18:38+00:00","og_image":[{"width":1440,"height":2560,"url":"https:\/\/nudu.pl\/wp-content\/uploads\/2026\/01\/20251219_131200.png","type":"image\/png"}],"twitter_card":"summary_large_image","twitter_misc":{"Estimated reading time":"1 minute"},"schema":{"@context":"https:\/\/schema.org","@graph":[{"@type":"WebPage","@id":"https:\/\/nudu.pl\/produkt\/gorset-valentina-czerwony\/","url":"https:\/\/nudu.pl\/produkt\/gorset-valentina-czerwony\/","name":"Gorset Valentina czerwony - NuDu Boutique Warszawa","isPartOf":{"@id":"https:\/\/nudu.pl\/#website"},"primaryImageOfPage":{"@id":"https:\/\/nudu.pl\/produkt\/gorset-valentina-czerwony\/#primaryimage"},"image":{"@id":"https:\/\/nudu.pl\/produkt\/gorset-valentina-czerwony\/#primaryimage"},"thumbnailUrl":"https:\/\/nudu.pl\/wp-content\/uploads\/2026\/01\/20251219_131200.png","datePublished":"2026-01-11T13:13:01+00:00","dateModified":"2026-01-13T21:18:38+00:00","breadcrumb":{"@id":"https:\/\/nudu.pl\/produkt\/gorset-valentina-czerwony\/#breadcrumb"},"inLanguage":"en-GB","potentialAction":[{"@type":"ReadAction","target":["https:\/\/nudu.pl\/produkt\/gorset-valentina-czerwony\/"]}]},{"@type":"ImageObject","inLanguage":"en-GB","@id":"https:\/\/nudu.pl\/produkt\/gorset-valentina-czerwony\/#primaryimage","url":"https:\/\/nudu.pl\/wp-content\/uploads\/2026\/01\/20251219_131200.png","contentUrl":"https:\/\/nudu.pl\/wp-content\/uploads\/2026\/01\/20251219_131200.png","width":1440,"height":2560},{"@type":"BreadcrumbList","@id":"https:\/\/nudu.pl\/produkt\/gorset-valentina-czerwony\/#breadcrumb","itemListElement":[{"@type":"ListItem","position":1,"name":"Home","item":"https:\/\/nudu.pl\/"},{"@type":"ListItem","position":2,"name":"Sklep","item":"https:\/\/nudu.pl\/sklep\/"},{"@type":"ListItem","position":3,"name":"Gorset Valentina czerwony"}]},{"@type":"WebSite","@id":"https:\/\/nudu.pl\/#website","url":"https:\/\/nudu.pl\/","name":"NuDu Boutique Warszawa","description":"Pocz\u0105tek pi\u0119knej przyja\u017ani","publisher":{"@id":"https:\/\/nudu.pl\/#organization"},"potentialAction":[{"@type":"SearchAction","target":{"@type":"EntryPoint","urlTemplate":"https:\/\/nudu.pl\/?s={search_term_string}"},"query-input":{"@type":"PropertyValueSpecification","valueRequired":true,"valueName":"search_term_string"}}],"inLanguage":"en-GB"},{"@type":"Organization","@id":"https:\/\/nudu.pl\/#organization","name":"NuDu Boutique Warszawa","url":"https:\/\/nudu.pl\/","logo":{"@type":"ImageObject","inLanguage":"en-GB","@id":"https:\/\/nudu.pl\/#\/schema\/logo\/image\/","url":"https:\/\/nudu.pl\/wp-content\/uploads\/2024\/07\/NuDu-basic.svg","contentUrl":"https:\/\/nudu.pl\/wp-content\/uploads\/2024\/07\/NuDu-basic.svg","width":166,"height":67,"caption":"NuDu Boutique Warszawa"},"image":{"@id":"https:\/\/nudu.pl\/#\/schema\/logo\/image\/"}}]}},"_links":{"self":[{"href":"https:\/\/nudu.pl\/en\/wp-json\/wp\/v2\/product\/10643","targetHints":{"allow":["GET"]}}],"collection":[{"href":"https:\/\/nudu.pl\/en\/wp-json\/wp\/v2\/product"}],"about":[{"href":"https:\/\/nudu.pl\/en\/wp-json\/wp\/v2\/types\/product"}],"wp:featuredmedia":[{"embeddable":true,"href":"https:\/\/nudu.pl\/en\/wp-json\/wp\/v2\/media\/10659"}],"wp:attachment":[{"href":"https:\/\/nudu.pl\/en\/wp-json\/wp\/v2\/media?parent=10643"}],"wp:term":[{"taxonomy":"product_brand","embeddable":true,"href":"https:\/\/nudu.pl\/en\/wp-json\/wp\/v2\/product_brand?post=10643"},{"taxonomy":"product_cat","embeddable":true,"href":"https:\/\/nudu.pl\/en\/wp-json\/wp\/v2\/product_cat?post=10643"},{"taxonomy":"product_tag","embeddable":true,"href":"https:\/\/nudu.pl\/en\/wp-json\/wp\/v2\/product_tag?post=10643"}],"curies":[{"name":"wp","href":"https:\/\/api.w.org\/{rel}","templated":true}]}}