{"id":10670,"date":"2026-01-11T14:40:23","date_gmt":"2026-01-11T13:40:23","guid":{"rendered":"https:\/\/nudu.pl\/?post_type=product&#038;p=10670"},"modified":"2026-01-11T14:40:24","modified_gmt":"2026-01-11T13:40:24","slug":"spodnica-mini-valentina-roz","status":"publish","type":"product","link":"https:\/\/nudu.pl\/en\/product\/spodnica-mini-valentina-roz\/","title":{"rendered":"Sp\u00f3dnica mini Valentina r\u00f3\u017c"},"content":{"rendered":"<ul>\n<li>sp\u00f3dnica mini z szarf\u0105 w kolorze pastelowego nasyconego r\u00f3\u017cu<\/li>\n<li>zapinana na zamek<\/li>\n<li>wykonana z 100% wiskozy o splocie cupro<\/li>\n<li>odszyta wiod\u0105c\u0105 tkanin\u0105<\/li>\n<li>d\u0142ugo\u015b\u0107 sp\u00f3dnicy po boku 42-46 cm w zale\u017cno\u015bci od rozmiaru<\/li>\n<li>d\u0142ugo\u015b\u0107 szarfy 118 cm<\/li>\n<li>produkt dost\u0119py w pre-orderze<\/li>\n<li>czas realizacji 14-21 dni<\/li>\n<li>produkt wykonany i uszyty w Polsce<\/li>\n<\/ul>","protected":false},"excerpt":{"rendered":"<p>sp\u00f3dnica mini z szarf\u0105 w kolorze pastelowego nasyconego r\u00f3\u017cu zapinana na zamek wykonana z 100% wiskozy o splocie cupro odszyta wiod\u0105c\u0105 tkanin\u0105 d\u0142ugo\u015b\u0107 sp\u00f3dnicy po boku 42-46 cm w zale\u017cno\u015bci od rozmiaru d\u0142ugo\u015b\u0107 szarfy 118 cm produkt dost\u0119py w pre-orderze czas realizacji 14-21 dni produkt wykonany i uszyty w Polsce<\/p>","protected":false},"featured_media":10686,"template":"","meta":{"_acf_changed":false},"product_brand":[259],"product_cat":[141],"product_tag":[316,317,314,315],"class_list":{"0":"post-10670","1":"product","2":"type-product","3":"status-publish","4":"has-post-thumbnail","6":"product_brand-nudu-2","7":"product_cat-spodnica","8":"product_tag-krotka-spodnica-z-szarfa","9":"product_tag-rozowa-spodnica-mini","10":"product_tag-spodnica-mini","11":"product_tag-spodnica-mini-z-szarfa","12":"pa_kolory-pastelowy-nasycony-roz","14":"first","15":"onbackorder","16":"taxable","17":"shipping-taxable","18":"purchasable","19":"product-type-variable","20":"has-default-attributes","21":"wvs-archive-product-wrapper"},"acf":[],"yoast_head":"<!-- This site is optimized with the Yoast SEO plugin v24.3 - https:\/\/yoast.com\/wordpress\/plugins\/seo\/ -->\n<title>Sp\u00f3dnica mini Valentina r\u00f3\u017c - NuDu Boutique Warszawa<\/title>\n<meta name=\"robots\" content=\"index, follow, max-snippet:-1, max-image-preview:large, max-video-preview:-1\" \/>\n<link rel=\"canonical\" href=\"https:\/\/nudu.pl\/en\/product\/spodnica-mini-valentina-roz\/\" \/>\n<meta property=\"og:locale\" content=\"en_GB\" \/>\n<meta property=\"og:type\" content=\"article\" \/>\n<meta property=\"og:title\" content=\"Sp\u00f3dnica mini Valentina r\u00f3\u017c - NuDu Boutique Warszawa\" \/>\n<meta property=\"og:description\" content=\"sp\u00f3dnica mini z szarf\u0105 w kolorze pastelowego nasyconego r\u00f3\u017cu zapinana na zamek wykonana z 100% wiskozy o splocie cupro odszyta wiod\u0105c\u0105 tkanin\u0105 d\u0142ugo\u015b\u0107 sp\u00f3dnicy po boku 42-46 cm w zale\u017cno\u015bci od rozmiaru d\u0142ugo\u015b\u0107 szarfy 118 cm produkt dost\u0119py w pre-orderze czas realizacji 14-21 dni produkt wykonany i uszyty w Polsce\" \/>\n<meta property=\"og:url\" content=\"https:\/\/nudu.pl\/en\/product\/spodnica-mini-valentina-roz\/\" \/>\n<meta property=\"og:site_name\" content=\"NuDu Boutique Warszawa\" \/>\n<meta property=\"article:modified_time\" content=\"2026-01-11T13:40:24+00:00\" \/>\n<meta property=\"og:image\" content=\"https:\/\/nudu.pl\/wp-content\/uploads\/2026\/01\/20260104_184951.png\" \/>\n\t<meta property=\"og:image:width\" content=\"1290\" \/>\n\t<meta property=\"og:image:height\" content=\"2291\" \/>\n\t<meta property=\"og:image:type\" content=\"image\/png\" \/>\n<meta name=\"twitter:card\" content=\"summary_large_image\" \/>\n<meta name=\"twitter:label1\" content=\"Estimated reading time\" \/>\n\t<meta name=\"twitter:data1\" content=\"1 minute\" \/>\n<script type=\"application\/ld+json\" class=\"yoast-schema-graph\">{\"@context\":\"https:\/\/schema.org\",\"@graph\":[{\"@type\":\"WebPage\",\"@id\":\"https:\/\/nudu.pl\/produkt\/spodnica-mini-valentina-roz\/\",\"url\":\"https:\/\/nudu.pl\/produkt\/spodnica-mini-valentina-roz\/\",\"name\":\"Sp\u00f3dnica mini Valentina r\u00f3\u017c - NuDu Boutique Warszawa\",\"isPartOf\":{\"@id\":\"https:\/\/nudu.pl\/#website\"},\"primaryImageOfPage\":{\"@id\":\"https:\/\/nudu.pl\/produkt\/spodnica-mini-valentina-roz\/#primaryimage\"},\"image\":{\"@id\":\"https:\/\/nudu.pl\/produkt\/spodnica-mini-valentina-roz\/#primaryimage\"},\"thumbnailUrl\":\"https:\/\/nudu.pl\/wp-content\/uploads\/2026\/01\/20260104_184951.png\",\"datePublished\":\"2026-01-11T13:40:23+00:00\",\"dateModified\":\"2026-01-11T13:40:24+00:00\",\"breadcrumb\":{\"@id\":\"https:\/\/nudu.pl\/produkt\/spodnica-mini-valentina-roz\/#breadcrumb\"},\"inLanguage\":\"en-GB\",\"potentialAction\":[{\"@type\":\"ReadAction\",\"target\":[\"https:\/\/nudu.pl\/produkt\/spodnica-mini-valentina-roz\/\"]}]},{\"@type\":\"ImageObject\",\"inLanguage\":\"en-GB\",\"@id\":\"https:\/\/nudu.pl\/produkt\/spodnica-mini-valentina-roz\/#primaryimage\",\"url\":\"https:\/\/nudu.pl\/wp-content\/uploads\/2026\/01\/20260104_184951.png\",\"contentUrl\":\"https:\/\/nudu.pl\/wp-content\/uploads\/2026\/01\/20260104_184951.png\",\"width\":1290,\"height\":2291},{\"@type\":\"BreadcrumbList\",\"@id\":\"https:\/\/nudu.pl\/produkt\/spodnica-mini-valentina-roz\/#breadcrumb\",\"itemListElement\":[{\"@type\":\"ListItem\",\"position\":1,\"name\":\"Home\",\"item\":\"https:\/\/nudu.pl\/\"},{\"@type\":\"ListItem\",\"position\":2,\"name\":\"Sklep\",\"item\":\"https:\/\/nudu.pl\/sklep\/\"},{\"@type\":\"ListItem\",\"position\":3,\"name\":\"Sp\u00f3dnica mini Valentina r\u00f3\u017c\"}]},{\"@type\":\"WebSite\",\"@id\":\"https:\/\/nudu.pl\/#website\",\"url\":\"https:\/\/nudu.pl\/\",\"name\":\"NuDu Boutique Warszawa\",\"description\":\"Pocz\u0105tek pi\u0119knej przyja\u017ani\",\"publisher\":{\"@id\":\"https:\/\/nudu.pl\/#organization\"},\"potentialAction\":[{\"@type\":\"SearchAction\",\"target\":{\"@type\":\"EntryPoint\",\"urlTemplate\":\"https:\/\/nudu.pl\/?s={search_term_string}\"},\"query-input\":{\"@type\":\"PropertyValueSpecification\",\"valueRequired\":true,\"valueName\":\"search_term_string\"}}],\"inLanguage\":\"en-GB\"},{\"@type\":\"Organization\",\"@id\":\"https:\/\/nudu.pl\/#organization\",\"name\":\"NuDu Boutique Warszawa\",\"url\":\"https:\/\/nudu.pl\/\",\"logo\":{\"@type\":\"ImageObject\",\"inLanguage\":\"en-GB\",\"@id\":\"https:\/\/nudu.pl\/#\/schema\/logo\/image\/\",\"url\":\"https:\/\/nudu.pl\/wp-content\/uploads\/2024\/07\/NuDu-basic.svg\",\"contentUrl\":\"https:\/\/nudu.pl\/wp-content\/uploads\/2024\/07\/NuDu-basic.svg\",\"width\":166,\"height\":67,\"caption\":\"NuDu Boutique Warszawa\"},\"image\":{\"@id\":\"https:\/\/nudu.pl\/#\/schema\/logo\/image\/\"}}]}<\/script>\n<!-- \/ Yoast SEO plugin. -->","yoast_head_json":{"title":"Sp\u00f3dnica mini Valentina r\u00f3\u017c - NuDu Boutique Warszawa","robots":{"index":"index","follow":"follow","max-snippet":"max-snippet:-1","max-image-preview":"max-image-preview:large","max-video-preview":"max-video-preview:-1"},"canonical":"https:\/\/nudu.pl\/en\/product\/spodnica-mini-valentina-roz\/","og_locale":"en_GB","og_type":"article","og_title":"Sp\u00f3dnica mini Valentina r\u00f3\u017c - NuDu Boutique Warszawa","og_description":"sp\u00f3dnica mini z szarf\u0105 w kolorze pastelowego nasyconego r\u00f3\u017cu zapinana na zamek wykonana z 100% wiskozy o splocie cupro odszyta wiod\u0105c\u0105 tkanin\u0105 d\u0142ugo\u015b\u0107 sp\u00f3dnicy po boku 42-46 cm w zale\u017cno\u015bci od rozmiaru d\u0142ugo\u015b\u0107 szarfy 118 cm produkt dost\u0119py w pre-orderze czas realizacji 14-21 dni produkt wykonany i uszyty w Polsce","og_url":"https:\/\/nudu.pl\/en\/product\/spodnica-mini-valentina-roz\/","og_site_name":"NuDu Boutique Warszawa","article_modified_time":"2026-01-11T13:40:24+00:00","og_image":[{"width":1290,"height":2291,"url":"https:\/\/nudu.pl\/wp-content\/uploads\/2026\/01\/20260104_184951.png","type":"image\/png"}],"twitter_card":"summary_large_image","twitter_misc":{"Estimated reading time":"1 minute"},"schema":{"@context":"https:\/\/schema.org","@graph":[{"@type":"WebPage","@id":"https:\/\/nudu.pl\/produkt\/spodnica-mini-valentina-roz\/","url":"https:\/\/nudu.pl\/produkt\/spodnica-mini-valentina-roz\/","name":"Sp\u00f3dnica mini Valentina r\u00f3\u017c - NuDu Boutique Warszawa","isPartOf":{"@id":"https:\/\/nudu.pl\/#website"},"primaryImageOfPage":{"@id":"https:\/\/nudu.pl\/produkt\/spodnica-mini-valentina-roz\/#primaryimage"},"image":{"@id":"https:\/\/nudu.pl\/produkt\/spodnica-mini-valentina-roz\/#primaryimage"},"thumbnailUrl":"https:\/\/nudu.pl\/wp-content\/uploads\/2026\/01\/20260104_184951.png","datePublished":"2026-01-11T13:40:23+00:00","dateModified":"2026-01-11T13:40:24+00:00","breadcrumb":{"@id":"https:\/\/nudu.pl\/produkt\/spodnica-mini-valentina-roz\/#breadcrumb"},"inLanguage":"en-GB","potentialAction":[{"@type":"ReadAction","target":["https:\/\/nudu.pl\/produkt\/spodnica-mini-valentina-roz\/"]}]},{"@type":"ImageObject","inLanguage":"en-GB","@id":"https:\/\/nudu.pl\/produkt\/spodnica-mini-valentina-roz\/#primaryimage","url":"https:\/\/nudu.pl\/wp-content\/uploads\/2026\/01\/20260104_184951.png","contentUrl":"https:\/\/nudu.pl\/wp-content\/uploads\/2026\/01\/20260104_184951.png","width":1290,"height":2291},{"@type":"BreadcrumbList","@id":"https:\/\/nudu.pl\/produkt\/spodnica-mini-valentina-roz\/#breadcrumb","itemListElement":[{"@type":"ListItem","position":1,"name":"Home","item":"https:\/\/nudu.pl\/"},{"@type":"ListItem","position":2,"name":"Sklep","item":"https:\/\/nudu.pl\/sklep\/"},{"@type":"ListItem","position":3,"name":"Sp\u00f3dnica mini Valentina r\u00f3\u017c"}]},{"@type":"WebSite","@id":"https:\/\/nudu.pl\/#website","url":"https:\/\/nudu.pl\/","name":"NuDu Boutique Warszawa","description":"Pocz\u0105tek pi\u0119knej przyja\u017ani","publisher":{"@id":"https:\/\/nudu.pl\/#organization"},"potentialAction":[{"@type":"SearchAction","target":{"@type":"EntryPoint","urlTemplate":"https:\/\/nudu.pl\/?s={search_term_string}"},"query-input":{"@type":"PropertyValueSpecification","valueRequired":true,"valueName":"search_term_string"}}],"inLanguage":"en-GB"},{"@type":"Organization","@id":"https:\/\/nudu.pl\/#organization","name":"NuDu Boutique Warszawa","url":"https:\/\/nudu.pl\/","logo":{"@type":"ImageObject","inLanguage":"en-GB","@id":"https:\/\/nudu.pl\/#\/schema\/logo\/image\/","url":"https:\/\/nudu.pl\/wp-content\/uploads\/2024\/07\/NuDu-basic.svg","contentUrl":"https:\/\/nudu.pl\/wp-content\/uploads\/2024\/07\/NuDu-basic.svg","width":166,"height":67,"caption":"NuDu Boutique Warszawa"},"image":{"@id":"https:\/\/nudu.pl\/#\/schema\/logo\/image\/"}}]}},"_links":{"self":[{"href":"https:\/\/nudu.pl\/en\/wp-json\/wp\/v2\/product\/10670","targetHints":{"allow":["GET"]}}],"collection":[{"href":"https:\/\/nudu.pl\/en\/wp-json\/wp\/v2\/product"}],"about":[{"href":"https:\/\/nudu.pl\/en\/wp-json\/wp\/v2\/types\/product"}],"wp:featuredmedia":[{"embeddable":true,"href":"https:\/\/nudu.pl\/en\/wp-json\/wp\/v2\/media\/10686"}],"wp:attachment":[{"href":"https:\/\/nudu.pl\/en\/wp-json\/wp\/v2\/media?parent=10670"}],"wp:term":[{"taxonomy":"product_brand","embeddable":true,"href":"https:\/\/nudu.pl\/en\/wp-json\/wp\/v2\/product_brand?post=10670"},{"taxonomy":"product_cat","embeddable":true,"href":"https:\/\/nudu.pl\/en\/wp-json\/wp\/v2\/product_cat?post=10670"},{"taxonomy":"product_tag","embeddable":true,"href":"https:\/\/nudu.pl\/en\/wp-json\/wp\/v2\/product_tag?post=10670"}],"curies":[{"name":"wp","href":"https:\/\/api.w.org\/{rel}","templated":true}]}}