{"id":10752,"date":"2026-01-16T18:30:27","date_gmt":"2026-01-16T17:30:27","guid":{"rendered":"https:\/\/nudu.pl\/?post_type=product&#038;p=10752"},"modified":"2026-01-18T20:06:17","modified_gmt":"2026-01-18T19:06:17","slug":"butter-yellow-koszula-bez-rekawa","status":"publish","type":"product","link":"https:\/\/nudu.pl\/en\/product\/butter-yellow-koszula-bez-rekawa\/","title":{"rendered":"BUTTER YELLOW koszula bez r\u0119kawa"},"content":{"rendered":"<ul>\n<li>koszula bez r\u0119kawa zapinana na guziki<\/li>\n<li>koszula ze \u015bci\u0105gaczem u do\u0142u<\/li>\n<li>posiada kiesze\u0144 z lewej strony<\/li>\n<li>koszula zaprojektowana w kroju oversize&#8217;owym<\/li>\n<li>wykonana z tkaniny o naturalnym sk\u0142adzie bawe\u0142na 48% lyocell 49% elastan 3%<\/li>\n<li>tkanina z delikatnym sko\u015bnym pr\u0105\u017ckiem<\/li>\n<li>produkt wykonany w polskiej szwalni<\/li>\n<li>produkt dost\u0119pny w pre-orderze, czas realizacji 21 dni roboczych<\/li>\n<\/ul>\n<p>&nbsp;<\/p>","protected":false},"excerpt":{"rendered":"<p>koszula bez r\u0119kawa zapinana na guziki koszula ze \u015bci\u0105gaczem u do\u0142u posiada kiesze\u0144 z lewej strony koszula zaprojektowana w kroju oversize&#8217;owym wykonana z tkaniny o naturalnym sk\u0142adzie bawe\u0142na 48% lyocell 49% elastan 3% tkanina z delikatnym sko\u015bnym pr\u0105\u017ckiem produkt wykonany w polskiej szwalni produkt dost\u0119pny w pre-orderze, czas realizacji 21 dni roboczych &nbsp;<\/p>","protected":false},"featured_media":10749,"template":"","meta":{"_acf_changed":false},"product_brand":[259],"product_cat":[134],"product_tag":[322,323,324],"class_list":{"0":"post-10752","1":"product","2":"type-product","3":"status-publish","4":"has-post-thumbnail","6":"product_brand-nudu-2","7":"product_cat-koszule","8":"product_tag-koszula-bez-rekawa","9":"product_tag-koszula-butter-yellow","10":"product_tag-letnia-koszula-pastelowa","11":"pa_kolory-butter-yellow","13":"first","14":"onbackorder","15":"taxable","16":"shipping-taxable","17":"purchasable","18":"product-type-variable","19":"has-default-attributes","20":"wvs-archive-product-wrapper"},"acf":[],"yoast_head":"<!-- This site is optimized with the Yoast SEO plugin v24.3 - https:\/\/yoast.com\/wordpress\/plugins\/seo\/ -->\n<title>BUTTER YELLOW koszula bez r\u0119kawa - NuDu Boutique Warszawa<\/title>\n<meta name=\"description\" content=\"koszula bez r\u0119kawa w pastelowym kolorze butter yellow ze \u015bci\u0105gaczem u do\u0142u, idealna do letnich stylizacji, koszula wykonana z tkaniny o naturalnym sk\u0142adzie, niezwykle komfortowa w noszeniu, zaprojektowana do po\u0142\u0105czenia ze sp\u00f3dnic\u0105 mini BUTTER YELLOW\" \/>\n<meta name=\"robots\" content=\"index, follow, max-snippet:-1, max-image-preview:large, max-video-preview:-1\" \/>\n<link rel=\"canonical\" href=\"https:\/\/nudu.pl\/en\/product\/butter-yellow-koszula-bez-rekawa\/\" \/>\n<meta property=\"og:locale\" content=\"en_GB\" \/>\n<meta property=\"og:type\" content=\"article\" \/>\n<meta property=\"og:title\" content=\"BUTTER YELLOW koszula bez r\u0119kawa - NuDu Boutique Warszawa\" \/>\n<meta property=\"og:description\" content=\"koszula bez r\u0119kawa w pastelowym kolorze butter yellow ze \u015bci\u0105gaczem u do\u0142u, idealna do letnich stylizacji, koszula wykonana z tkaniny o naturalnym sk\u0142adzie, niezwykle komfortowa w noszeniu, zaprojektowana do po\u0142\u0105czenia ze sp\u00f3dnic\u0105 mini BUTTER YELLOW\" \/>\n<meta property=\"og:url\" content=\"https:\/\/nudu.pl\/en\/product\/butter-yellow-koszula-bez-rekawa\/\" \/>\n<meta property=\"og:site_name\" content=\"NuDu Boutique Warszawa\" \/>\n<meta property=\"article:modified_time\" content=\"2026-01-18T19:06:17+00:00\" \/>\n<meta property=\"og:image\" content=\"https:\/\/nudu.pl\/wp-content\/uploads\/2026\/01\/SET-NUDU-YELLOW-BUTTER-scaled.jpg\" \/>\n\t<meta property=\"og:image:width\" content=\"1707\" \/>\n\t<meta property=\"og:image:height\" content=\"2560\" \/>\n\t<meta property=\"og:image:type\" content=\"image\/jpeg\" \/>\n<meta name=\"twitter:card\" content=\"summary_large_image\" \/>\n<meta name=\"twitter:label1\" content=\"Estimated reading time\" \/>\n\t<meta name=\"twitter:data1\" content=\"1 minute\" \/>\n<script type=\"application\/ld+json\" class=\"yoast-schema-graph\">{\"@context\":\"https:\/\/schema.org\",\"@graph\":[{\"@type\":\"WebPage\",\"@id\":\"https:\/\/nudu.pl\/produkt\/butter-yellow-koszula-bez-rekawa\/\",\"url\":\"https:\/\/nudu.pl\/produkt\/butter-yellow-koszula-bez-rekawa\/\",\"name\":\"BUTTER YELLOW koszula bez r\u0119kawa - NuDu Boutique Warszawa\",\"isPartOf\":{\"@id\":\"https:\/\/nudu.pl\/#website\"},\"primaryImageOfPage\":{\"@id\":\"https:\/\/nudu.pl\/produkt\/butter-yellow-koszula-bez-rekawa\/#primaryimage\"},\"image\":{\"@id\":\"https:\/\/nudu.pl\/produkt\/butter-yellow-koszula-bez-rekawa\/#primaryimage\"},\"thumbnailUrl\":\"https:\/\/nudu.pl\/wp-content\/uploads\/2026\/01\/SET-NUDU-YELLOW-BUTTER-scaled.jpg\",\"datePublished\":\"2026-01-16T17:30:27+00:00\",\"dateModified\":\"2026-01-18T19:06:17+00:00\",\"description\":\"koszula bez r\u0119kawa w pastelowym kolorze butter yellow ze \u015bci\u0105gaczem u do\u0142u, idealna do letnich stylizacji, koszula wykonana z tkaniny o naturalnym sk\u0142adzie, niezwykle komfortowa w noszeniu, zaprojektowana do po\u0142\u0105czenia ze sp\u00f3dnic\u0105 mini BUTTER YELLOW\",\"breadcrumb\":{\"@id\":\"https:\/\/nudu.pl\/produkt\/butter-yellow-koszula-bez-rekawa\/#breadcrumb\"},\"inLanguage\":\"en-GB\",\"potentialAction\":[{\"@type\":\"ReadAction\",\"target\":[\"https:\/\/nudu.pl\/produkt\/butter-yellow-koszula-bez-rekawa\/\"]}]},{\"@type\":\"ImageObject\",\"inLanguage\":\"en-GB\",\"@id\":\"https:\/\/nudu.pl\/produkt\/butter-yellow-koszula-bez-rekawa\/#primaryimage\",\"url\":\"https:\/\/nudu.pl\/wp-content\/uploads\/2026\/01\/SET-NUDU-YELLOW-BUTTER-scaled.jpg\",\"contentUrl\":\"https:\/\/nudu.pl\/wp-content\/uploads\/2026\/01\/SET-NUDU-YELLOW-BUTTER-scaled.jpg\",\"width\":1707,\"height\":2560},{\"@type\":\"BreadcrumbList\",\"@id\":\"https:\/\/nudu.pl\/produkt\/butter-yellow-koszula-bez-rekawa\/#breadcrumb\",\"itemListElement\":[{\"@type\":\"ListItem\",\"position\":1,\"name\":\"Home\",\"item\":\"https:\/\/nudu.pl\/\"},{\"@type\":\"ListItem\",\"position\":2,\"name\":\"Sklep\",\"item\":\"https:\/\/nudu.pl\/sklep\/\"},{\"@type\":\"ListItem\",\"position\":3,\"name\":\"BUTTER YELLOW koszula bez r\u0119kawa\"}]},{\"@type\":\"WebSite\",\"@id\":\"https:\/\/nudu.pl\/#website\",\"url\":\"https:\/\/nudu.pl\/\",\"name\":\"NuDu Boutique Warszawa\",\"description\":\"Pocz\u0105tek pi\u0119knej przyja\u017ani\",\"publisher\":{\"@id\":\"https:\/\/nudu.pl\/#organization\"},\"potentialAction\":[{\"@type\":\"SearchAction\",\"target\":{\"@type\":\"EntryPoint\",\"urlTemplate\":\"https:\/\/nudu.pl\/?s={search_term_string}\"},\"query-input\":{\"@type\":\"PropertyValueSpecification\",\"valueRequired\":true,\"valueName\":\"search_term_string\"}}],\"inLanguage\":\"en-GB\"},{\"@type\":\"Organization\",\"@id\":\"https:\/\/nudu.pl\/#organization\",\"name\":\"NuDu Boutique Warszawa\",\"url\":\"https:\/\/nudu.pl\/\",\"logo\":{\"@type\":\"ImageObject\",\"inLanguage\":\"en-GB\",\"@id\":\"https:\/\/nudu.pl\/#\/schema\/logo\/image\/\",\"url\":\"https:\/\/nudu.pl\/wp-content\/uploads\/2024\/07\/NuDu-basic.svg\",\"contentUrl\":\"https:\/\/nudu.pl\/wp-content\/uploads\/2024\/07\/NuDu-basic.svg\",\"width\":166,\"height\":67,\"caption\":\"NuDu Boutique Warszawa\"},\"image\":{\"@id\":\"https:\/\/nudu.pl\/#\/schema\/logo\/image\/\"}}]}<\/script>\n<!-- \/ Yoast SEO plugin. -->","yoast_head_json":{"title":"BUTTER YELLOW koszula bez r\u0119kawa - NuDu Boutique Warszawa","description":"koszula bez r\u0119kawa w pastelowym kolorze butter yellow ze \u015bci\u0105gaczem u do\u0142u, idealna do letnich stylizacji, koszula wykonana z tkaniny o naturalnym sk\u0142adzie, niezwykle komfortowa w noszeniu, zaprojektowana do po\u0142\u0105czenia ze sp\u00f3dnic\u0105 mini BUTTER YELLOW","robots":{"index":"index","follow":"follow","max-snippet":"max-snippet:-1","max-image-preview":"max-image-preview:large","max-video-preview":"max-video-preview:-1"},"canonical":"https:\/\/nudu.pl\/en\/product\/butter-yellow-koszula-bez-rekawa\/","og_locale":"en_GB","og_type":"article","og_title":"BUTTER YELLOW koszula bez r\u0119kawa - NuDu Boutique Warszawa","og_description":"koszula bez r\u0119kawa w pastelowym kolorze butter yellow ze \u015bci\u0105gaczem u do\u0142u, idealna do letnich stylizacji, koszula wykonana z tkaniny o naturalnym sk\u0142adzie, niezwykle komfortowa w noszeniu, zaprojektowana do po\u0142\u0105czenia ze sp\u00f3dnic\u0105 mini BUTTER YELLOW","og_url":"https:\/\/nudu.pl\/en\/product\/butter-yellow-koszula-bez-rekawa\/","og_site_name":"NuDu Boutique Warszawa","article_modified_time":"2026-01-18T19:06:17+00:00","og_image":[{"width":1707,"height":2560,"url":"https:\/\/nudu.pl\/wp-content\/uploads\/2026\/01\/SET-NUDU-YELLOW-BUTTER-scaled.jpg","type":"image\/jpeg"}],"twitter_card":"summary_large_image","twitter_misc":{"Estimated reading time":"1 minute"},"schema":{"@context":"https:\/\/schema.org","@graph":[{"@type":"WebPage","@id":"https:\/\/nudu.pl\/produkt\/butter-yellow-koszula-bez-rekawa\/","url":"https:\/\/nudu.pl\/produkt\/butter-yellow-koszula-bez-rekawa\/","name":"BUTTER YELLOW koszula bez r\u0119kawa - NuDu Boutique Warszawa","isPartOf":{"@id":"https:\/\/nudu.pl\/#website"},"primaryImageOfPage":{"@id":"https:\/\/nudu.pl\/produkt\/butter-yellow-koszula-bez-rekawa\/#primaryimage"},"image":{"@id":"https:\/\/nudu.pl\/produkt\/butter-yellow-koszula-bez-rekawa\/#primaryimage"},"thumbnailUrl":"https:\/\/nudu.pl\/wp-content\/uploads\/2026\/01\/SET-NUDU-YELLOW-BUTTER-scaled.jpg","datePublished":"2026-01-16T17:30:27+00:00","dateModified":"2026-01-18T19:06:17+00:00","description":"koszula bez r\u0119kawa w pastelowym kolorze butter yellow ze \u015bci\u0105gaczem u do\u0142u, idealna do letnich stylizacji, koszula wykonana z tkaniny o naturalnym sk\u0142adzie, niezwykle komfortowa w noszeniu, zaprojektowana do po\u0142\u0105czenia ze sp\u00f3dnic\u0105 mini BUTTER YELLOW","breadcrumb":{"@id":"https:\/\/nudu.pl\/produkt\/butter-yellow-koszula-bez-rekawa\/#breadcrumb"},"inLanguage":"en-GB","potentialAction":[{"@type":"ReadAction","target":["https:\/\/nudu.pl\/produkt\/butter-yellow-koszula-bez-rekawa\/"]}]},{"@type":"ImageObject","inLanguage":"en-GB","@id":"https:\/\/nudu.pl\/produkt\/butter-yellow-koszula-bez-rekawa\/#primaryimage","url":"https:\/\/nudu.pl\/wp-content\/uploads\/2026\/01\/SET-NUDU-YELLOW-BUTTER-scaled.jpg","contentUrl":"https:\/\/nudu.pl\/wp-content\/uploads\/2026\/01\/SET-NUDU-YELLOW-BUTTER-scaled.jpg","width":1707,"height":2560},{"@type":"BreadcrumbList","@id":"https:\/\/nudu.pl\/produkt\/butter-yellow-koszula-bez-rekawa\/#breadcrumb","itemListElement":[{"@type":"ListItem","position":1,"name":"Home","item":"https:\/\/nudu.pl\/"},{"@type":"ListItem","position":2,"name":"Sklep","item":"https:\/\/nudu.pl\/sklep\/"},{"@type":"ListItem","position":3,"name":"BUTTER YELLOW koszula bez r\u0119kawa"}]},{"@type":"WebSite","@id":"https:\/\/nudu.pl\/#website","url":"https:\/\/nudu.pl\/","name":"NuDu Boutique Warszawa","description":"Pocz\u0105tek pi\u0119knej przyja\u017ani","publisher":{"@id":"https:\/\/nudu.pl\/#organization"},"potentialAction":[{"@type":"SearchAction","target":{"@type":"EntryPoint","urlTemplate":"https:\/\/nudu.pl\/?s={search_term_string}"},"query-input":{"@type":"PropertyValueSpecification","valueRequired":true,"valueName":"search_term_string"}}],"inLanguage":"en-GB"},{"@type":"Organization","@id":"https:\/\/nudu.pl\/#organization","name":"NuDu Boutique Warszawa","url":"https:\/\/nudu.pl\/","logo":{"@type":"ImageObject","inLanguage":"en-GB","@id":"https:\/\/nudu.pl\/#\/schema\/logo\/image\/","url":"https:\/\/nudu.pl\/wp-content\/uploads\/2024\/07\/NuDu-basic.svg","contentUrl":"https:\/\/nudu.pl\/wp-content\/uploads\/2024\/07\/NuDu-basic.svg","width":166,"height":67,"caption":"NuDu Boutique Warszawa"},"image":{"@id":"https:\/\/nudu.pl\/#\/schema\/logo\/image\/"}}]}},"_links":{"self":[{"href":"https:\/\/nudu.pl\/en\/wp-json\/wp\/v2\/product\/10752","targetHints":{"allow":["GET"]}}],"collection":[{"href":"https:\/\/nudu.pl\/en\/wp-json\/wp\/v2\/product"}],"about":[{"href":"https:\/\/nudu.pl\/en\/wp-json\/wp\/v2\/types\/product"}],"wp:featuredmedia":[{"embeddable":true,"href":"https:\/\/nudu.pl\/en\/wp-json\/wp\/v2\/media\/10749"}],"wp:attachment":[{"href":"https:\/\/nudu.pl\/en\/wp-json\/wp\/v2\/media?parent=10752"}],"wp:term":[{"taxonomy":"product_brand","embeddable":true,"href":"https:\/\/nudu.pl\/en\/wp-json\/wp\/v2\/product_brand?post=10752"},{"taxonomy":"product_cat","embeddable":true,"href":"https:\/\/nudu.pl\/en\/wp-json\/wp\/v2\/product_cat?post=10752"},{"taxonomy":"product_tag","embeddable":true,"href":"https:\/\/nudu.pl\/en\/wp-json\/wp\/v2\/product_tag?post=10752"}],"curies":[{"name":"wp","href":"https:\/\/api.w.org\/{rel}","templated":true}]}}