{"id":10856,"date":"2026-03-01T09:10:32","date_gmt":"2026-03-01T08:10:32","guid":{"rendered":"https:\/\/nudu.pl\/?post_type=product&#038;p=10856"},"modified":"2026-03-01T18:46:13","modified_gmt":"2026-03-01T17:46:13","slug":"catherine-koszula-rozpinana","status":"publish","type":"product","link":"https:\/\/nudu.pl\/en\/product\/catherine-koszula-rozpinana\/","title":{"rendered":"Catherine button-up shirt"},"content":{"rendered":"<ul>\n<li>kr\u00f3tka koszula<\/li>\n<li>kr\u00f3j delikatnie poszerzony do linii oversize<\/li>\n<li>with a classic sleeve line<\/li>\n<li>has a covered button placket<\/li>\n<li>two-button cuff<\/li>\n<li>has a pocket on the left side<\/li>\n<li>product designed and sewn in Poland<\/li>\n<li><strong>product available in a limited collection\u00a0<\/strong><\/li>\n<li><strong>czas realizacji zam\u00f3wienia wynosi 3-5 dni<\/strong><\/li>\n<\/ul>","protected":false},"excerpt":{"rendered":"<p>kr\u00f3tka koszula rozpinana z d\u0142ugim r\u0119kawem z mi\u0119sistej naturalnej bawe\u0142ny 100% o podw\u00f3jnym splocie PRODUKT Z LIMITOWANEJ KOLEKCJI NUDU<\/p>","protected":false},"featured_media":10862,"template":"","meta":{"_acf_changed":false},"product_brand":[259],"product_cat":[134],"product_tag":[171,137],"class_list":{"0":"post-10856","1":"product","2":"type-product","3":"status-publish","4":"has-post-thumbnail","6":"product_brand-nudu-2","7":"product_cat-koszule","8":"product_tag-biala-koszula","9":"product_tag-klasyczna-koszula","10":"pa_kolory-zlamana-biel","12":"first","13":"instock","14":"taxable","15":"shipping-taxable","16":"purchasable","17":"product-type-variable","18":"has-default-attributes","19":"wvs-archive-product-wrapper"},"acf":[],"yoast_head":"<!-- This site is optimized with the Yoast SEO plugin v24.3 - https:\/\/yoast.com\/wordpress\/plugins\/seo\/ -->\n<title>Catherine koszula rozpinana - NuDu Boutique Warszawa<\/title>\n<meta name=\"description\" content=\"Catherine to projekt kr\u00f3tkiej bia\u0142ej koszuli o kroju oversize&#039;owym. Wyr\u00f3\u017cnia j\u0105 mi\u0119sista tkanina, w 100% bawe\u0142niana o podw\u00f3jnym splocie. Z t\u0105 koszul\u0105 stworzysz biznesowy look w najlepszej jako\u015bci i formie.\" \/>\n<meta name=\"robots\" content=\"index, follow, max-snippet:-1, max-image-preview:large, max-video-preview:-1\" \/>\n<link rel=\"canonical\" href=\"https:\/\/nudu.pl\/en\/product\/catherine-koszula-rozpinana\/\" \/>\n<meta property=\"og:locale\" content=\"en_GB\" \/>\n<meta property=\"og:type\" content=\"article\" \/>\n<meta property=\"og:title\" content=\"Catherine koszula rozpinana - NuDu Boutique Warszawa\" \/>\n<meta property=\"og:description\" content=\"Catherine to projekt kr\u00f3tkiej bia\u0142ej koszuli o kroju oversize&#039;owym. Wyr\u00f3\u017cnia j\u0105 mi\u0119sista tkanina, w 100% bawe\u0142niana o podw\u00f3jnym splocie. Z t\u0105 koszul\u0105 stworzysz biznesowy look w najlepszej jako\u015bci i formie.\" \/>\n<meta property=\"og:url\" content=\"https:\/\/nudu.pl\/en\/product\/catherine-koszula-rozpinana\/\" \/>\n<meta property=\"og:site_name\" content=\"NuDu Boutique Warszawa\" \/>\n<meta property=\"article:modified_time\" content=\"2026-03-01T17:46:13+00:00\" \/>\n<meta property=\"og:image\" content=\"https:\/\/nudu.pl\/wp-content\/uploads\/2026\/03\/biala-krotka-Catherine-scaled.jpg\" \/>\n\t<meta property=\"og:image:width\" content=\"1542\" \/>\n\t<meta property=\"og:image:height\" content=\"2560\" \/>\n\t<meta property=\"og:image:type\" content=\"image\/jpeg\" \/>\n<meta name=\"twitter:card\" content=\"summary_large_image\" \/>\n<meta name=\"twitter:label1\" content=\"Estimated reading time\" \/>\n\t<meta name=\"twitter:data1\" content=\"1 minute\" \/>\n<script type=\"application\/ld+json\" class=\"yoast-schema-graph\">{\"@context\":\"https:\/\/schema.org\",\"@graph\":[{\"@type\":\"WebPage\",\"@id\":\"https:\/\/nudu.pl\/produkt\/catherine-koszula-rozpinana\/\",\"url\":\"https:\/\/nudu.pl\/produkt\/catherine-koszula-rozpinana\/\",\"name\":\"Catherine koszula rozpinana - NuDu Boutique Warszawa\",\"isPartOf\":{\"@id\":\"https:\/\/nudu.pl\/#website\"},\"primaryImageOfPage\":{\"@id\":\"https:\/\/nudu.pl\/produkt\/catherine-koszula-rozpinana\/#primaryimage\"},\"image\":{\"@id\":\"https:\/\/nudu.pl\/produkt\/catherine-koszula-rozpinana\/#primaryimage\"},\"thumbnailUrl\":\"https:\/\/nudu.pl\/wp-content\/uploads\/2026\/03\/biala-krotka-Catherine-scaled.jpg\",\"datePublished\":\"2026-03-01T08:10:32+00:00\",\"dateModified\":\"2026-03-01T17:46:13+00:00\",\"description\":\"Catherine to projekt kr\u00f3tkiej bia\u0142ej koszuli o kroju oversize'owym. Wyr\u00f3\u017cnia j\u0105 mi\u0119sista tkanina, w 100% bawe\u0142niana o podw\u00f3jnym splocie. Z t\u0105 koszul\u0105 stworzysz biznesowy look w najlepszej jako\u015bci i formie.\",\"breadcrumb\":{\"@id\":\"https:\/\/nudu.pl\/produkt\/catherine-koszula-rozpinana\/#breadcrumb\"},\"inLanguage\":\"en-GB\",\"potentialAction\":[{\"@type\":\"ReadAction\",\"target\":[\"https:\/\/nudu.pl\/produkt\/catherine-koszula-rozpinana\/\"]}]},{\"@type\":\"ImageObject\",\"inLanguage\":\"en-GB\",\"@id\":\"https:\/\/nudu.pl\/produkt\/catherine-koszula-rozpinana\/#primaryimage\",\"url\":\"https:\/\/nudu.pl\/wp-content\/uploads\/2026\/03\/biala-krotka-Catherine-scaled.jpg\",\"contentUrl\":\"https:\/\/nudu.pl\/wp-content\/uploads\/2026\/03\/biala-krotka-Catherine-scaled.jpg\",\"width\":1542,\"height\":2560},{\"@type\":\"BreadcrumbList\",\"@id\":\"https:\/\/nudu.pl\/produkt\/catherine-koszula-rozpinana\/#breadcrumb\",\"itemListElement\":[{\"@type\":\"ListItem\",\"position\":1,\"name\":\"Home\",\"item\":\"https:\/\/nudu.pl\/\"},{\"@type\":\"ListItem\",\"position\":2,\"name\":\"Sklep\",\"item\":\"https:\/\/nudu.pl\/sklep\/\"},{\"@type\":\"ListItem\",\"position\":3,\"name\":\"Catherine koszula rozpinana\"}]},{\"@type\":\"WebSite\",\"@id\":\"https:\/\/nudu.pl\/#website\",\"url\":\"https:\/\/nudu.pl\/\",\"name\":\"NuDu Boutique Warszawa\",\"description\":\"Pocz\u0105tek pi\u0119knej przyja\u017ani\",\"publisher\":{\"@id\":\"https:\/\/nudu.pl\/#organization\"},\"potentialAction\":[{\"@type\":\"SearchAction\",\"target\":{\"@type\":\"EntryPoint\",\"urlTemplate\":\"https:\/\/nudu.pl\/?s={search_term_string}\"},\"query-input\":{\"@type\":\"PropertyValueSpecification\",\"valueRequired\":true,\"valueName\":\"search_term_string\"}}],\"inLanguage\":\"en-GB\"},{\"@type\":\"Organization\",\"@id\":\"https:\/\/nudu.pl\/#organization\",\"name\":\"NuDu Boutique Warszawa\",\"url\":\"https:\/\/nudu.pl\/\",\"logo\":{\"@type\":\"ImageObject\",\"inLanguage\":\"en-GB\",\"@id\":\"https:\/\/nudu.pl\/#\/schema\/logo\/image\/\",\"url\":\"https:\/\/nudu.pl\/wp-content\/uploads\/2024\/07\/NuDu-basic.svg\",\"contentUrl\":\"https:\/\/nudu.pl\/wp-content\/uploads\/2024\/07\/NuDu-basic.svg\",\"width\":166,\"height\":67,\"caption\":\"NuDu Boutique Warszawa\"},\"image\":{\"@id\":\"https:\/\/nudu.pl\/#\/schema\/logo\/image\/\"}}]}<\/script>\n<!-- \/ Yoast SEO plugin. -->","yoast_head_json":{"title":"Catherine koszula rozpinana - NuDu Boutique Warszawa","description":"Catherine to projekt kr\u00f3tkiej bia\u0142ej koszuli o kroju oversize'owym. Wyr\u00f3\u017cnia j\u0105 mi\u0119sista tkanina, w 100% bawe\u0142niana o podw\u00f3jnym splocie. Z t\u0105 koszul\u0105 stworzysz biznesowy look w najlepszej jako\u015bci i formie.","robots":{"index":"index","follow":"follow","max-snippet":"max-snippet:-1","max-image-preview":"max-image-preview:large","max-video-preview":"max-video-preview:-1"},"canonical":"https:\/\/nudu.pl\/en\/product\/catherine-koszula-rozpinana\/","og_locale":"en_GB","og_type":"article","og_title":"Catherine koszula rozpinana - NuDu Boutique Warszawa","og_description":"Catherine to projekt kr\u00f3tkiej bia\u0142ej koszuli o kroju oversize'owym. Wyr\u00f3\u017cnia j\u0105 mi\u0119sista tkanina, w 100% bawe\u0142niana o podw\u00f3jnym splocie. Z t\u0105 koszul\u0105 stworzysz biznesowy look w najlepszej jako\u015bci i formie.","og_url":"https:\/\/nudu.pl\/en\/product\/catherine-koszula-rozpinana\/","og_site_name":"NuDu Boutique Warszawa","article_modified_time":"2026-03-01T17:46:13+00:00","og_image":[{"width":1542,"height":2560,"url":"https:\/\/nudu.pl\/wp-content\/uploads\/2026\/03\/biala-krotka-Catherine-scaled.jpg","type":"image\/jpeg"}],"twitter_card":"summary_large_image","twitter_misc":{"Estimated reading time":"1 minute"},"schema":{"@context":"https:\/\/schema.org","@graph":[{"@type":"WebPage","@id":"https:\/\/nudu.pl\/produkt\/catherine-koszula-rozpinana\/","url":"https:\/\/nudu.pl\/produkt\/catherine-koszula-rozpinana\/","name":"Catherine koszula rozpinana - NuDu Boutique Warszawa","isPartOf":{"@id":"https:\/\/nudu.pl\/#website"},"primaryImageOfPage":{"@id":"https:\/\/nudu.pl\/produkt\/catherine-koszula-rozpinana\/#primaryimage"},"image":{"@id":"https:\/\/nudu.pl\/produkt\/catherine-koszula-rozpinana\/#primaryimage"},"thumbnailUrl":"https:\/\/nudu.pl\/wp-content\/uploads\/2026\/03\/biala-krotka-Catherine-scaled.jpg","datePublished":"2026-03-01T08:10:32+00:00","dateModified":"2026-03-01T17:46:13+00:00","description":"Catherine to projekt kr\u00f3tkiej bia\u0142ej koszuli o kroju oversize'owym. Wyr\u00f3\u017cnia j\u0105 mi\u0119sista tkanina, w 100% bawe\u0142niana o podw\u00f3jnym splocie. Z t\u0105 koszul\u0105 stworzysz biznesowy look w najlepszej jako\u015bci i formie.","breadcrumb":{"@id":"https:\/\/nudu.pl\/produkt\/catherine-koszula-rozpinana\/#breadcrumb"},"inLanguage":"en-GB","potentialAction":[{"@type":"ReadAction","target":["https:\/\/nudu.pl\/produkt\/catherine-koszula-rozpinana\/"]}]},{"@type":"ImageObject","inLanguage":"en-GB","@id":"https:\/\/nudu.pl\/produkt\/catherine-koszula-rozpinana\/#primaryimage","url":"https:\/\/nudu.pl\/wp-content\/uploads\/2026\/03\/biala-krotka-Catherine-scaled.jpg","contentUrl":"https:\/\/nudu.pl\/wp-content\/uploads\/2026\/03\/biala-krotka-Catherine-scaled.jpg","width":1542,"height":2560},{"@type":"BreadcrumbList","@id":"https:\/\/nudu.pl\/produkt\/catherine-koszula-rozpinana\/#breadcrumb","itemListElement":[{"@type":"ListItem","position":1,"name":"Home","item":"https:\/\/nudu.pl\/"},{"@type":"ListItem","position":2,"name":"Sklep","item":"https:\/\/nudu.pl\/sklep\/"},{"@type":"ListItem","position":3,"name":"Catherine koszula rozpinana"}]},{"@type":"WebSite","@id":"https:\/\/nudu.pl\/#website","url":"https:\/\/nudu.pl\/","name":"NuDu Boutique Warszawa","description":"Pocz\u0105tek pi\u0119knej przyja\u017ani","publisher":{"@id":"https:\/\/nudu.pl\/#organization"},"potentialAction":[{"@type":"SearchAction","target":{"@type":"EntryPoint","urlTemplate":"https:\/\/nudu.pl\/?s={search_term_string}"},"query-input":{"@type":"PropertyValueSpecification","valueRequired":true,"valueName":"search_term_string"}}],"inLanguage":"en-GB"},{"@type":"Organization","@id":"https:\/\/nudu.pl\/#organization","name":"NuDu Boutique Warszawa","url":"https:\/\/nudu.pl\/","logo":{"@type":"ImageObject","inLanguage":"en-GB","@id":"https:\/\/nudu.pl\/#\/schema\/logo\/image\/","url":"https:\/\/nudu.pl\/wp-content\/uploads\/2024\/07\/NuDu-basic.svg","contentUrl":"https:\/\/nudu.pl\/wp-content\/uploads\/2024\/07\/NuDu-basic.svg","width":166,"height":67,"caption":"NuDu Boutique Warszawa"},"image":{"@id":"https:\/\/nudu.pl\/#\/schema\/logo\/image\/"}}]}},"_links":{"self":[{"href":"https:\/\/nudu.pl\/en\/wp-json\/wp\/v2\/product\/10856","targetHints":{"allow":["GET"]}}],"collection":[{"href":"https:\/\/nudu.pl\/en\/wp-json\/wp\/v2\/product"}],"about":[{"href":"https:\/\/nudu.pl\/en\/wp-json\/wp\/v2\/types\/product"}],"wp:featuredmedia":[{"embeddable":true,"href":"https:\/\/nudu.pl\/en\/wp-json\/wp\/v2\/media\/10862"}],"wp:attachment":[{"href":"https:\/\/nudu.pl\/en\/wp-json\/wp\/v2\/media?parent=10856"}],"wp:term":[{"taxonomy":"product_brand","embeddable":true,"href":"https:\/\/nudu.pl\/en\/wp-json\/wp\/v2\/product_brand?post=10856"},{"taxonomy":"product_cat","embeddable":true,"href":"https:\/\/nudu.pl\/en\/wp-json\/wp\/v2\/product_cat?post=10856"},{"taxonomy":"product_tag","embeddable":true,"href":"https:\/\/nudu.pl\/en\/wp-json\/wp\/v2\/product_tag?post=10856"}],"curies":[{"name":"wp","href":"https:\/\/api.w.org\/{rel}","templated":true}]}}