{"id":10907,"date":"2026-03-05T14:10:15","date_gmt":"2026-03-05T13:10:15","guid":{"rendered":"https:\/\/nudu.pl\/?post_type=product&#038;p=10907"},"modified":"2026-03-28T13:18:42","modified_gmt":"2026-03-28T12:18:42","slug":"wanda-koszula-ze-stojka-zapinana-z-tylu","status":"publish","type":"product","link":"https:\/\/nudu.pl\/en\/product\/wanda-koszula-ze-stojka-zapinana-z-tylu\/","title":{"rendered":"Wanda shirt with a stand-up collar, buttoned at the back"},"content":{"rendered":"<p>a shirt with a stand-up collar in a classic fitted cut<\/p>\n<p>it has bust darts, thanks to which it shapes the figure, shapes the shirt and emphasizes the proportions of the figure<\/p>\n<p>stand-up collar and cuffs finished with ruffles<\/p>\n<p>shirt with button closure at the back<\/p>\n<p>fabric-covered buttons, each in a different color<\/p>\n<p>made of natural 100% cotton with a slightly crumpled effect<\/p>\n<p>available in sizes XS, S, M, L<\/p>\n<p>hand wash recommended, max 30 degrees C<\/p>","protected":false},"excerpt":{"rendered":"<p>koszula ze st\u00f3jk\u0105 w klasycznym taliowanym kroju posiada zaszewki biustowe, dzi\u0119ki kt\u00f3rym odpowiednio modeluje sylwetk\u0119, profiluje koszul\u0119 i podkre\u015bla proporcje sylwetki st\u00f3jka i mankiety zako\u0144czone falbank\u0105 koszula z zapi\u0119ciem na guziki z ty\u0142u guziki owlekane tkanin\u0105, ka\u017cdy w innym kolorze wykonana z naturalnej 100% bawe\u0142ny z efektem delikatnie pogniecionej tkaniny dost\u0119pna w rozmiarze XS, S [&hellip;]<\/p>","protected":false},"featured_media":10908,"template":"","meta":{"_acf_changed":false},"product_brand":[259],"product_cat":[133,134],"product_tag":[],"class_list":{"0":"post-10907","1":"product","2":"type-product","3":"status-publish","4":"has-post-thumbnail","6":"product_brand-nudu-2","7":"product_cat-bluzki-i-koszule","8":"product_cat-koszule","10":"first","11":"instock","12":"taxable","13":"shipping-taxable","14":"purchasable","15":"product-type-variable","16":"has-default-attributes","17":"wvs-archive-product-wrapper"},"acf":[],"yoast_head":"<!-- This site is optimized with the Yoast SEO plugin v24.3 - https:\/\/yoast.com\/wordpress\/plugins\/seo\/ -->\n<title>Wanda koszula ze st\u00f3jk\u0105 zapinana z ty\u0142u - NuDu Boutique Warszawa<\/title>\n<meta name=\"description\" content=\"Koszula z linii retro chic, zapinana z ty\u0142u na kolorowe guziki. Dost\u0119pna w klasycznym odcieniu bieli, wyko\u0144czona detalem w postaci kolorowych, r\u0119cznie owlekanych guzik\u00f3w przy mankietach i zapi\u0119ciu z ty\u0142u koszuli.\" \/>\n<meta name=\"robots\" content=\"index, follow, max-snippet:-1, max-image-preview:large, max-video-preview:-1\" \/>\n<link rel=\"canonical\" href=\"https:\/\/nudu.pl\/en\/product\/wanda-koszula-ze-stojka-zapinana-z-tylu\/\" \/>\n<meta property=\"og:locale\" content=\"en_GB\" \/>\n<meta property=\"og:type\" content=\"article\" \/>\n<meta property=\"og:title\" content=\"Wanda koszula ze st\u00f3jk\u0105 zapinana z ty\u0142u - NuDu Boutique Warszawa\" \/>\n<meta property=\"og:description\" content=\"Koszula z linii retro chic, zapinana z ty\u0142u na kolorowe guziki. Dost\u0119pna w klasycznym odcieniu bieli, wyko\u0144czona detalem w postaci kolorowych, r\u0119cznie owlekanych guzik\u00f3w przy mankietach i zapi\u0119ciu z ty\u0142u koszuli.\" \/>\n<meta property=\"og:url\" content=\"https:\/\/nudu.pl\/en\/product\/wanda-koszula-ze-stojka-zapinana-z-tylu\/\" \/>\n<meta property=\"og:site_name\" content=\"NuDu Boutique Warszawa\" \/>\n<meta property=\"article:modified_time\" content=\"2026-03-28T12:18:42+00:00\" \/>\n<meta property=\"og:image\" content=\"https:\/\/nudu.pl\/wp-content\/uploads\/2026\/03\/wanda-nudu-koszula-ze-stojka-scaled.jpg\" \/>\n\t<meta property=\"og:image:width\" content=\"1707\" \/>\n\t<meta property=\"og:image:height\" content=\"2560\" \/>\n\t<meta property=\"og:image:type\" content=\"image\/jpeg\" \/>\n<meta name=\"twitter:card\" content=\"summary_large_image\" \/>\n<meta name=\"twitter:label1\" content=\"Estimated reading time\" \/>\n\t<meta name=\"twitter:data1\" content=\"1 minute\" \/>\n<script type=\"application\/ld+json\" class=\"yoast-schema-graph\">{\"@context\":\"https:\/\/schema.org\",\"@graph\":[{\"@type\":\"WebPage\",\"@id\":\"https:\/\/nudu.pl\/produkt\/wanda-koszula-ze-stojka-zapinana-z-tylu\/\",\"url\":\"https:\/\/nudu.pl\/produkt\/wanda-koszula-ze-stojka-zapinana-z-tylu\/\",\"name\":\"Wanda koszula ze st\u00f3jk\u0105 zapinana z ty\u0142u - NuDu Boutique Warszawa\",\"isPartOf\":{\"@id\":\"https:\/\/nudu.pl\/#website\"},\"primaryImageOfPage\":{\"@id\":\"https:\/\/nudu.pl\/produkt\/wanda-koszula-ze-stojka-zapinana-z-tylu\/#primaryimage\"},\"image\":{\"@id\":\"https:\/\/nudu.pl\/produkt\/wanda-koszula-ze-stojka-zapinana-z-tylu\/#primaryimage\"},\"thumbnailUrl\":\"https:\/\/nudu.pl\/wp-content\/uploads\/2026\/03\/wanda-nudu-koszula-ze-stojka-scaled.jpg\",\"datePublished\":\"2026-03-05T13:10:15+00:00\",\"dateModified\":\"2026-03-28T12:18:42+00:00\",\"description\":\"Koszula z linii retro chic, zapinana z ty\u0142u na kolorowe guziki. Dost\u0119pna w klasycznym odcieniu bieli, wyko\u0144czona detalem w postaci kolorowych, r\u0119cznie owlekanych guzik\u00f3w przy mankietach i zapi\u0119ciu z ty\u0142u koszuli.\",\"breadcrumb\":{\"@id\":\"https:\/\/nudu.pl\/produkt\/wanda-koszula-ze-stojka-zapinana-z-tylu\/#breadcrumb\"},\"inLanguage\":\"en-GB\",\"potentialAction\":[{\"@type\":\"ReadAction\",\"target\":[\"https:\/\/nudu.pl\/produkt\/wanda-koszula-ze-stojka-zapinana-z-tylu\/\"]}]},{\"@type\":\"ImageObject\",\"inLanguage\":\"en-GB\",\"@id\":\"https:\/\/nudu.pl\/produkt\/wanda-koszula-ze-stojka-zapinana-z-tylu\/#primaryimage\",\"url\":\"https:\/\/nudu.pl\/wp-content\/uploads\/2026\/03\/wanda-nudu-koszula-ze-stojka-scaled.jpg\",\"contentUrl\":\"https:\/\/nudu.pl\/wp-content\/uploads\/2026\/03\/wanda-nudu-koszula-ze-stojka-scaled.jpg\",\"width\":1707,\"height\":2560,\"caption\":\"koszula ze st\u00f3jk\u0105\"},{\"@type\":\"BreadcrumbList\",\"@id\":\"https:\/\/nudu.pl\/produkt\/wanda-koszula-ze-stojka-zapinana-z-tylu\/#breadcrumb\",\"itemListElement\":[{\"@type\":\"ListItem\",\"position\":1,\"name\":\"Home\",\"item\":\"https:\/\/nudu.pl\/\"},{\"@type\":\"ListItem\",\"position\":2,\"name\":\"Sklep\",\"item\":\"https:\/\/nudu.pl\/sklep\/\"},{\"@type\":\"ListItem\",\"position\":3,\"name\":\"Wanda koszula ze st\u00f3jk\u0105 zapinana z ty\u0142u\"}]},{\"@type\":\"WebSite\",\"@id\":\"https:\/\/nudu.pl\/#website\",\"url\":\"https:\/\/nudu.pl\/\",\"name\":\"NuDu Boutique Warszawa\",\"description\":\"Pocz\u0105tek pi\u0119knej przyja\u017ani\",\"publisher\":{\"@id\":\"https:\/\/nudu.pl\/#organization\"},\"potentialAction\":[{\"@type\":\"SearchAction\",\"target\":{\"@type\":\"EntryPoint\",\"urlTemplate\":\"https:\/\/nudu.pl\/?s={search_term_string}\"},\"query-input\":{\"@type\":\"PropertyValueSpecification\",\"valueRequired\":true,\"valueName\":\"search_term_string\"}}],\"inLanguage\":\"en-GB\"},{\"@type\":\"Organization\",\"@id\":\"https:\/\/nudu.pl\/#organization\",\"name\":\"NuDu Boutique Warszawa\",\"url\":\"https:\/\/nudu.pl\/\",\"logo\":{\"@type\":\"ImageObject\",\"inLanguage\":\"en-GB\",\"@id\":\"https:\/\/nudu.pl\/#\/schema\/logo\/image\/\",\"url\":\"https:\/\/nudu.pl\/wp-content\/uploads\/2024\/07\/NuDu-basic.svg\",\"contentUrl\":\"https:\/\/nudu.pl\/wp-content\/uploads\/2024\/07\/NuDu-basic.svg\",\"width\":166,\"height\":67,\"caption\":\"NuDu Boutique Warszawa\"},\"image\":{\"@id\":\"https:\/\/nudu.pl\/#\/schema\/logo\/image\/\"}}]}<\/script>\n<!-- \/ Yoast SEO plugin. -->","yoast_head_json":{"title":"Wanda koszula ze st\u00f3jk\u0105 zapinana z ty\u0142u - NuDu Boutique Warszawa","description":"Koszula z linii retro chic, zapinana z ty\u0142u na kolorowe guziki. Dost\u0119pna w klasycznym odcieniu bieli, wyko\u0144czona detalem w postaci kolorowych, r\u0119cznie owlekanych guzik\u00f3w przy mankietach i zapi\u0119ciu z ty\u0142u koszuli.","robots":{"index":"index","follow":"follow","max-snippet":"max-snippet:-1","max-image-preview":"max-image-preview:large","max-video-preview":"max-video-preview:-1"},"canonical":"https:\/\/nudu.pl\/en\/product\/wanda-koszula-ze-stojka-zapinana-z-tylu\/","og_locale":"en_GB","og_type":"article","og_title":"Wanda koszula ze st\u00f3jk\u0105 zapinana z ty\u0142u - NuDu Boutique Warszawa","og_description":"Koszula z linii retro chic, zapinana z ty\u0142u na kolorowe guziki. Dost\u0119pna w klasycznym odcieniu bieli, wyko\u0144czona detalem w postaci kolorowych, r\u0119cznie owlekanych guzik\u00f3w przy mankietach i zapi\u0119ciu z ty\u0142u koszuli.","og_url":"https:\/\/nudu.pl\/en\/product\/wanda-koszula-ze-stojka-zapinana-z-tylu\/","og_site_name":"NuDu Boutique Warszawa","article_modified_time":"2026-03-28T12:18:42+00:00","og_image":[{"width":1707,"height":2560,"url":"https:\/\/nudu.pl\/wp-content\/uploads\/2026\/03\/wanda-nudu-koszula-ze-stojka-scaled.jpg","type":"image\/jpeg"}],"twitter_card":"summary_large_image","twitter_misc":{"Estimated reading time":"1 minute"},"schema":{"@context":"https:\/\/schema.org","@graph":[{"@type":"WebPage","@id":"https:\/\/nudu.pl\/produkt\/wanda-koszula-ze-stojka-zapinana-z-tylu\/","url":"https:\/\/nudu.pl\/produkt\/wanda-koszula-ze-stojka-zapinana-z-tylu\/","name":"Wanda koszula ze st\u00f3jk\u0105 zapinana z ty\u0142u - NuDu Boutique Warszawa","isPartOf":{"@id":"https:\/\/nudu.pl\/#website"},"primaryImageOfPage":{"@id":"https:\/\/nudu.pl\/produkt\/wanda-koszula-ze-stojka-zapinana-z-tylu\/#primaryimage"},"image":{"@id":"https:\/\/nudu.pl\/produkt\/wanda-koszula-ze-stojka-zapinana-z-tylu\/#primaryimage"},"thumbnailUrl":"https:\/\/nudu.pl\/wp-content\/uploads\/2026\/03\/wanda-nudu-koszula-ze-stojka-scaled.jpg","datePublished":"2026-03-05T13:10:15+00:00","dateModified":"2026-03-28T12:18:42+00:00","description":"Koszula z linii retro chic, zapinana z ty\u0142u na kolorowe guziki. Dost\u0119pna w klasycznym odcieniu bieli, wyko\u0144czona detalem w postaci kolorowych, r\u0119cznie owlekanych guzik\u00f3w przy mankietach i zapi\u0119ciu z ty\u0142u koszuli.","breadcrumb":{"@id":"https:\/\/nudu.pl\/produkt\/wanda-koszula-ze-stojka-zapinana-z-tylu\/#breadcrumb"},"inLanguage":"en-GB","potentialAction":[{"@type":"ReadAction","target":["https:\/\/nudu.pl\/produkt\/wanda-koszula-ze-stojka-zapinana-z-tylu\/"]}]},{"@type":"ImageObject","inLanguage":"en-GB","@id":"https:\/\/nudu.pl\/produkt\/wanda-koszula-ze-stojka-zapinana-z-tylu\/#primaryimage","url":"https:\/\/nudu.pl\/wp-content\/uploads\/2026\/03\/wanda-nudu-koszula-ze-stojka-scaled.jpg","contentUrl":"https:\/\/nudu.pl\/wp-content\/uploads\/2026\/03\/wanda-nudu-koszula-ze-stojka-scaled.jpg","width":1707,"height":2560,"caption":"koszula ze st\u00f3jk\u0105"},{"@type":"BreadcrumbList","@id":"https:\/\/nudu.pl\/produkt\/wanda-koszula-ze-stojka-zapinana-z-tylu\/#breadcrumb","itemListElement":[{"@type":"ListItem","position":1,"name":"Home","item":"https:\/\/nudu.pl\/"},{"@type":"ListItem","position":2,"name":"Sklep","item":"https:\/\/nudu.pl\/sklep\/"},{"@type":"ListItem","position":3,"name":"Wanda koszula ze st\u00f3jk\u0105 zapinana z ty\u0142u"}]},{"@type":"WebSite","@id":"https:\/\/nudu.pl\/#website","url":"https:\/\/nudu.pl\/","name":"NuDu Boutique Warszawa","description":"Pocz\u0105tek pi\u0119knej przyja\u017ani","publisher":{"@id":"https:\/\/nudu.pl\/#organization"},"potentialAction":[{"@type":"SearchAction","target":{"@type":"EntryPoint","urlTemplate":"https:\/\/nudu.pl\/?s={search_term_string}"},"query-input":{"@type":"PropertyValueSpecification","valueRequired":true,"valueName":"search_term_string"}}],"inLanguage":"en-GB"},{"@type":"Organization","@id":"https:\/\/nudu.pl\/#organization","name":"NuDu Boutique Warszawa","url":"https:\/\/nudu.pl\/","logo":{"@type":"ImageObject","inLanguage":"en-GB","@id":"https:\/\/nudu.pl\/#\/schema\/logo\/image\/","url":"https:\/\/nudu.pl\/wp-content\/uploads\/2024\/07\/NuDu-basic.svg","contentUrl":"https:\/\/nudu.pl\/wp-content\/uploads\/2024\/07\/NuDu-basic.svg","width":166,"height":67,"caption":"NuDu Boutique Warszawa"},"image":{"@id":"https:\/\/nudu.pl\/#\/schema\/logo\/image\/"}}]}},"_links":{"self":[{"href":"https:\/\/nudu.pl\/en\/wp-json\/wp\/v2\/product\/10907","targetHints":{"allow":["GET"]}}],"collection":[{"href":"https:\/\/nudu.pl\/en\/wp-json\/wp\/v2\/product"}],"about":[{"href":"https:\/\/nudu.pl\/en\/wp-json\/wp\/v2\/types\/product"}],"wp:featuredmedia":[{"embeddable":true,"href":"https:\/\/nudu.pl\/en\/wp-json\/wp\/v2\/media\/10908"}],"wp:attachment":[{"href":"https:\/\/nudu.pl\/en\/wp-json\/wp\/v2\/media?parent=10907"}],"wp:term":[{"taxonomy":"product_brand","embeddable":true,"href":"https:\/\/nudu.pl\/en\/wp-json\/wp\/v2\/product_brand?post=10907"},{"taxonomy":"product_cat","embeddable":true,"href":"https:\/\/nudu.pl\/en\/wp-json\/wp\/v2\/product_cat?post=10907"},{"taxonomy":"product_tag","embeddable":true,"href":"https:\/\/nudu.pl\/en\/wp-json\/wp\/v2\/product_tag?post=10907"}],"curies":[{"name":"wp","href":"https:\/\/api.w.org\/{rel}","templated":true}]}}