{"id":11040,"date":"2026-03-15T20:26:02","date_gmt":"2026-03-15T19:26:02","guid":{"rendered":"https:\/\/nudu.pl\/?post_type=product&#038;p=11040"},"modified":"2026-03-15T20:45:58","modified_gmt":"2026-03-15T19:45:58","slug":"spodnica-z-jedwabnej-zorzety","status":"publish","type":"product","link":"https:\/\/nudu.pl\/en\/product\/spodnica-z-jedwabnej-zorzety\/","title":{"rendered":"Sp\u00f3dnica z jedwabnej \u017cor\u017cety"},"content":{"rendered":"<ul>\n<li>sp\u00f3dnica d\u0142ugo\u015bci mini<\/li>\n<li>zaprojektowana z asymetrycznym u\u0142o\u017ceniem wzoru<\/li>\n<li>warstwy jedwabiu z motywem \u0142uski syreniej tworz\u0105 jej tr\u00f3jwymiarowy, zwiewny szyk<\/li>\n<li>\u017cor\u017ceta przepleciona lureksow\u0105 nitk\u0105, kt\u00f3ra dodaje blasku i roz\u015bwietla naturalny kolor jedwabiu<\/li>\n<li>odszyta \u017cor\u017cet\u0105 jedwabn\u0105 100%<\/li>\n<li>sp\u00f3dnica delikatnie transparentna<\/li>\n<li>d\u0142ugo\u015b\u0107 sp\u00f3dnicy od 40 do 45 cm w zale\u017cno\u015bci od rozmiaru<\/li>\n<li>zapinana na zamek<\/li>\n<li>wykonana ze 100% jedwabiu<\/li>\n<li>realizowana w ramach zam\u00f3wie\u0144 pre-order<\/li>\n<li>czas realizacji do 21 dni roboczych<\/li>\n<li><strong>po dokonaniu zam\u00f3wienia skontaktujemy si\u0119 z Tob\u0105, aby ustali\u0107 szczeg\u00f3\u0142y rozmiaru projektu<\/strong><\/li>\n<li>sp\u00f3dnica zaprojektowana i uszyta w Polsce<\/li>\n<li>projekt tej sp\u00f3dnicy idealnie komponuje si\u0119 z <a href=\"https:\/\/nudu.pl\/en\/product\/top-z-jedwabnej-zorzety\/\">topem<\/a> z kolekcji wiosna-lato 2026<\/li>\n<\/ul>","protected":false},"excerpt":{"rendered":"<p>sp\u00f3dnica d\u0142ugo\u015bci mini zaprojektowana z asymetrycznym u\u0142o\u017ceniem wzoru warstwy jedwabiu z motywem \u0142uski syreniej tworz\u0105 jej tr\u00f3jwymiarowy, zwiewny szyk \u017cor\u017ceta przepleciona lureksow\u0105 nitk\u0105, kt\u00f3ra dodaje blasku i roz\u015bwietla naturalny kolor jedwabiu odszyta \u017cor\u017cet\u0105 jedwabn\u0105 100% sp\u00f3dnica delikatnie transparentna d\u0142ugo\u015b\u0107 sp\u00f3dnicy od 40 do 45 cm w zale\u017cno\u015bci od rozmiaru zapinana na zamek wykonana ze 100% [&hellip;]<\/p>","protected":false},"featured_media":11032,"template":"","meta":{"_acf_changed":false},"product_brand":[259],"product_cat":[141],"product_tag":[333,275,332,331,330],"class_list":{"0":"post-11040","1":"product","2":"type-product","3":"status-publish","4":"has-post-thumbnail","6":"product_brand-nudu-2","7":"product_cat-spodnica","8":"product_tag-jedwabna-spodnica-mini-mini-spodnica-z-jedwabiu-spodnica-jedwabna-damska-luksusowa-spodnica-jedwabna-spodnica-mini-z-jedwabiu","9":"product_tag-mini-spodnica","10":"product_tag-spodnica-luska-syrenia","11":"product_tag-spodnica-z-asymetria","12":"product_tag-spodnica-z-jedwabiu","14":"first","15":"onbackorder","16":"taxable","17":"shipping-taxable","18":"purchasable","19":"product-type-simple"},"acf":[],"yoast_head":"<!-- This site is optimized with the Yoast SEO plugin v24.3 - https:\/\/yoast.com\/wordpress\/plugins\/seo\/ -->\n<title>Sp\u00f3dnica z jedwabnej \u017cor\u017cety - NuDu Boutique Warszawa<\/title>\n<meta name=\"description\" content=\"Mini sp\u00f3dnica z 100% jedwabiu z asymetrycznym wzorem i subtelnym po\u0142yskiem lureksu. Delikatnie transparentna, szyta w Polsce na zam\u00f3wienie (pre-order, do 21 dni).\" \/>\n<meta name=\"robots\" content=\"index, follow, max-snippet:-1, max-image-preview:large, max-video-preview:-1\" \/>\n<link rel=\"canonical\" href=\"https:\/\/nudu.pl\/en\/product\/spodnica-z-jedwabnej-zorzety\/\" \/>\n<meta property=\"og:locale\" content=\"en_GB\" \/>\n<meta property=\"og:type\" content=\"article\" \/>\n<meta property=\"og:title\" content=\"Sp\u00f3dnica z jedwabnej \u017cor\u017cety - NuDu Boutique Warszawa\" \/>\n<meta property=\"og:description\" content=\"Mini sp\u00f3dnica z 100% jedwabiu z asymetrycznym wzorem i subtelnym po\u0142yskiem lureksu. Delikatnie transparentna, szyta w Polsce na zam\u00f3wienie (pre-order, do 21 dni).\" \/>\n<meta property=\"og:url\" content=\"https:\/\/nudu.pl\/en\/product\/spodnica-z-jedwabnej-zorzety\/\" \/>\n<meta property=\"og:site_name\" content=\"NuDu Boutique Warszawa\" \/>\n<meta property=\"article:modified_time\" content=\"2026-03-15T19:45:58+00:00\" \/>\n<meta property=\"og:image\" content=\"https:\/\/nudu.pl\/wp-content\/uploads\/2026\/03\/NUDU-set-jedwabny-z-wzorem-luski-syreniej-576x1024.png\" \/>\n\t<meta property=\"og:image:width\" content=\"576\" \/>\n\t<meta property=\"og:image:height\" content=\"1024\" \/>\n\t<meta property=\"og:image:type\" content=\"image\/png\" \/>\n<meta name=\"twitter:card\" content=\"summary_large_image\" \/>\n<meta name=\"twitter:label1\" content=\"Estimated reading time\" \/>\n\t<meta name=\"twitter:data1\" content=\"1 minute\" \/>\n<script type=\"application\/ld+json\" class=\"yoast-schema-graph\">{\"@context\":\"https:\/\/schema.org\",\"@graph\":[{\"@type\":\"WebPage\",\"@id\":\"https:\/\/nudu.pl\/produkt\/spodnica-z-jedwabnej-zorzety\/\",\"url\":\"https:\/\/nudu.pl\/produkt\/spodnica-z-jedwabnej-zorzety\/\",\"name\":\"Sp\u00f3dnica z jedwabnej \u017cor\u017cety - NuDu Boutique Warszawa\",\"isPartOf\":{\"@id\":\"https:\/\/nudu.pl\/#website\"},\"primaryImageOfPage\":{\"@id\":\"https:\/\/nudu.pl\/produkt\/spodnica-z-jedwabnej-zorzety\/#primaryimage\"},\"image\":{\"@id\":\"https:\/\/nudu.pl\/produkt\/spodnica-z-jedwabnej-zorzety\/#primaryimage\"},\"thumbnailUrl\":\"https:\/\/nudu.pl\/wp-content\/uploads\/2026\/03\/NUDU-set-jedwabny-z-wzorem-luski-syreniej.png\",\"datePublished\":\"2026-03-15T19:26:02+00:00\",\"dateModified\":\"2026-03-15T19:45:58+00:00\",\"description\":\"Mini sp\u00f3dnica z 100% jedwabiu z asymetrycznym wzorem i subtelnym po\u0142yskiem lureksu. Delikatnie transparentna, szyta w Polsce na zam\u00f3wienie (pre-order, do 21 dni).\",\"breadcrumb\":{\"@id\":\"https:\/\/nudu.pl\/produkt\/spodnica-z-jedwabnej-zorzety\/#breadcrumb\"},\"inLanguage\":\"en-GB\",\"potentialAction\":[{\"@type\":\"ReadAction\",\"target\":[\"https:\/\/nudu.pl\/produkt\/spodnica-z-jedwabnej-zorzety\/\"]}]},{\"@type\":\"ImageObject\",\"inLanguage\":\"en-GB\",\"@id\":\"https:\/\/nudu.pl\/produkt\/spodnica-z-jedwabnej-zorzety\/#primaryimage\",\"url\":\"https:\/\/nudu.pl\/wp-content\/uploads\/2026\/03\/NUDU-set-jedwabny-z-wzorem-luski-syreniej.png\",\"contentUrl\":\"https:\/\/nudu.pl\/wp-content\/uploads\/2026\/03\/NUDU-set-jedwabny-z-wzorem-luski-syreniej.png\",\"width\":1440,\"height\":2560},{\"@type\":\"BreadcrumbList\",\"@id\":\"https:\/\/nudu.pl\/produkt\/spodnica-z-jedwabnej-zorzety\/#breadcrumb\",\"itemListElement\":[{\"@type\":\"ListItem\",\"position\":1,\"name\":\"Home\",\"item\":\"https:\/\/nudu.pl\/\"},{\"@type\":\"ListItem\",\"position\":2,\"name\":\"Sklep\",\"item\":\"https:\/\/nudu.pl\/sklep\/\"},{\"@type\":\"ListItem\",\"position\":3,\"name\":\"Sp\u00f3dnica z jedwabnej \u017cor\u017cety\"}]},{\"@type\":\"WebSite\",\"@id\":\"https:\/\/nudu.pl\/#website\",\"url\":\"https:\/\/nudu.pl\/\",\"name\":\"NuDu Boutique Warszawa\",\"description\":\"Pocz\u0105tek pi\u0119knej przyja\u017ani\",\"publisher\":{\"@id\":\"https:\/\/nudu.pl\/#organization\"},\"potentialAction\":[{\"@type\":\"SearchAction\",\"target\":{\"@type\":\"EntryPoint\",\"urlTemplate\":\"https:\/\/nudu.pl\/?s={search_term_string}\"},\"query-input\":{\"@type\":\"PropertyValueSpecification\",\"valueRequired\":true,\"valueName\":\"search_term_string\"}}],\"inLanguage\":\"en-GB\"},{\"@type\":\"Organization\",\"@id\":\"https:\/\/nudu.pl\/#organization\",\"name\":\"NuDu Boutique Warszawa\",\"url\":\"https:\/\/nudu.pl\/\",\"logo\":{\"@type\":\"ImageObject\",\"inLanguage\":\"en-GB\",\"@id\":\"https:\/\/nudu.pl\/#\/schema\/logo\/image\/\",\"url\":\"https:\/\/nudu.pl\/wp-content\/uploads\/2024\/07\/NuDu-basic.svg\",\"contentUrl\":\"https:\/\/nudu.pl\/wp-content\/uploads\/2024\/07\/NuDu-basic.svg\",\"width\":166,\"height\":67,\"caption\":\"NuDu Boutique Warszawa\"},\"image\":{\"@id\":\"https:\/\/nudu.pl\/#\/schema\/logo\/image\/\"}}]}<\/script>\n<!-- \/ Yoast SEO plugin. -->","yoast_head_json":{"title":"Sp\u00f3dnica z jedwabnej \u017cor\u017cety - NuDu Boutique Warszawa","description":"Mini sp\u00f3dnica z 100% jedwabiu z asymetrycznym wzorem i subtelnym po\u0142yskiem lureksu. Delikatnie transparentna, szyta w Polsce na zam\u00f3wienie (pre-order, do 21 dni).","robots":{"index":"index","follow":"follow","max-snippet":"max-snippet:-1","max-image-preview":"max-image-preview:large","max-video-preview":"max-video-preview:-1"},"canonical":"https:\/\/nudu.pl\/en\/product\/spodnica-z-jedwabnej-zorzety\/","og_locale":"en_GB","og_type":"article","og_title":"Sp\u00f3dnica z jedwabnej \u017cor\u017cety - NuDu Boutique Warszawa","og_description":"Mini sp\u00f3dnica z 100% jedwabiu z asymetrycznym wzorem i subtelnym po\u0142yskiem lureksu. Delikatnie transparentna, szyta w Polsce na zam\u00f3wienie (pre-order, do 21 dni).","og_url":"https:\/\/nudu.pl\/en\/product\/spodnica-z-jedwabnej-zorzety\/","og_site_name":"NuDu Boutique Warszawa","article_modified_time":"2026-03-15T19:45:58+00:00","og_image":[{"width":576,"height":1024,"url":"https:\/\/nudu.pl\/wp-content\/uploads\/2026\/03\/NUDU-set-jedwabny-z-wzorem-luski-syreniej-576x1024.png","type":"image\/png"}],"twitter_card":"summary_large_image","twitter_misc":{"Estimated reading time":"1 minute"},"schema":{"@context":"https:\/\/schema.org","@graph":[{"@type":"WebPage","@id":"https:\/\/nudu.pl\/produkt\/spodnica-z-jedwabnej-zorzety\/","url":"https:\/\/nudu.pl\/produkt\/spodnica-z-jedwabnej-zorzety\/","name":"Sp\u00f3dnica z jedwabnej \u017cor\u017cety - NuDu Boutique Warszawa","isPartOf":{"@id":"https:\/\/nudu.pl\/#website"},"primaryImageOfPage":{"@id":"https:\/\/nudu.pl\/produkt\/spodnica-z-jedwabnej-zorzety\/#primaryimage"},"image":{"@id":"https:\/\/nudu.pl\/produkt\/spodnica-z-jedwabnej-zorzety\/#primaryimage"},"thumbnailUrl":"https:\/\/nudu.pl\/wp-content\/uploads\/2026\/03\/NUDU-set-jedwabny-z-wzorem-luski-syreniej.png","datePublished":"2026-03-15T19:26:02+00:00","dateModified":"2026-03-15T19:45:58+00:00","description":"Mini sp\u00f3dnica z 100% jedwabiu z asymetrycznym wzorem i subtelnym po\u0142yskiem lureksu. Delikatnie transparentna, szyta w Polsce na zam\u00f3wienie (pre-order, do 21 dni).","breadcrumb":{"@id":"https:\/\/nudu.pl\/produkt\/spodnica-z-jedwabnej-zorzety\/#breadcrumb"},"inLanguage":"en-GB","potentialAction":[{"@type":"ReadAction","target":["https:\/\/nudu.pl\/produkt\/spodnica-z-jedwabnej-zorzety\/"]}]},{"@type":"ImageObject","inLanguage":"en-GB","@id":"https:\/\/nudu.pl\/produkt\/spodnica-z-jedwabnej-zorzety\/#primaryimage","url":"https:\/\/nudu.pl\/wp-content\/uploads\/2026\/03\/NUDU-set-jedwabny-z-wzorem-luski-syreniej.png","contentUrl":"https:\/\/nudu.pl\/wp-content\/uploads\/2026\/03\/NUDU-set-jedwabny-z-wzorem-luski-syreniej.png","width":1440,"height":2560},{"@type":"BreadcrumbList","@id":"https:\/\/nudu.pl\/produkt\/spodnica-z-jedwabnej-zorzety\/#breadcrumb","itemListElement":[{"@type":"ListItem","position":1,"name":"Home","item":"https:\/\/nudu.pl\/"},{"@type":"ListItem","position":2,"name":"Sklep","item":"https:\/\/nudu.pl\/sklep\/"},{"@type":"ListItem","position":3,"name":"Sp\u00f3dnica z jedwabnej \u017cor\u017cety"}]},{"@type":"WebSite","@id":"https:\/\/nudu.pl\/#website","url":"https:\/\/nudu.pl\/","name":"NuDu Boutique Warszawa","description":"Pocz\u0105tek pi\u0119knej przyja\u017ani","publisher":{"@id":"https:\/\/nudu.pl\/#organization"},"potentialAction":[{"@type":"SearchAction","target":{"@type":"EntryPoint","urlTemplate":"https:\/\/nudu.pl\/?s={search_term_string}"},"query-input":{"@type":"PropertyValueSpecification","valueRequired":true,"valueName":"search_term_string"}}],"inLanguage":"en-GB"},{"@type":"Organization","@id":"https:\/\/nudu.pl\/#organization","name":"NuDu Boutique Warszawa","url":"https:\/\/nudu.pl\/","logo":{"@type":"ImageObject","inLanguage":"en-GB","@id":"https:\/\/nudu.pl\/#\/schema\/logo\/image\/","url":"https:\/\/nudu.pl\/wp-content\/uploads\/2024\/07\/NuDu-basic.svg","contentUrl":"https:\/\/nudu.pl\/wp-content\/uploads\/2024\/07\/NuDu-basic.svg","width":166,"height":67,"caption":"NuDu Boutique Warszawa"},"image":{"@id":"https:\/\/nudu.pl\/#\/schema\/logo\/image\/"}}]}},"_links":{"self":[{"href":"https:\/\/nudu.pl\/en\/wp-json\/wp\/v2\/product\/11040","targetHints":{"allow":["GET"]}}],"collection":[{"href":"https:\/\/nudu.pl\/en\/wp-json\/wp\/v2\/product"}],"about":[{"href":"https:\/\/nudu.pl\/en\/wp-json\/wp\/v2\/types\/product"}],"wp:featuredmedia":[{"embeddable":true,"href":"https:\/\/nudu.pl\/en\/wp-json\/wp\/v2\/media\/11032"}],"wp:attachment":[{"href":"https:\/\/nudu.pl\/en\/wp-json\/wp\/v2\/media?parent=11040"}],"wp:term":[{"taxonomy":"product_brand","embeddable":true,"href":"https:\/\/nudu.pl\/en\/wp-json\/wp\/v2\/product_brand?post=11040"},{"taxonomy":"product_cat","embeddable":true,"href":"https:\/\/nudu.pl\/en\/wp-json\/wp\/v2\/product_cat?post=11040"},{"taxonomy":"product_tag","embeddable":true,"href":"https:\/\/nudu.pl\/en\/wp-json\/wp\/v2\/product_tag?post=11040"}],"curies":[{"name":"wp","href":"https:\/\/api.w.org\/{rel}","templated":true}]}}