{"id":11043,"date":"2026-03-15T20:30:08","date_gmt":"2026-03-15T19:30:08","guid":{"rendered":"https:\/\/nudu.pl\/?post_type=product&#038;p=11043"},"modified":"2026-03-15T20:42:38","modified_gmt":"2026-03-15T19:42:38","slug":"top-z-jedwabnej-zorzety","status":"publish","type":"product","link":"https:\/\/nudu.pl\/en\/product\/top-z-jedwabnej-zorzety\/","title":{"rendered":"Top z jedwabnej \u017cor\u017cety"},"content":{"rendered":"<ul>\n<li>top na cienkich rami\u0105czkach<\/li>\n<li>warstwy jedwabiu z motywem \u0142uski syreniej tworz\u0105 jej tr\u00f3jwymiarowy, zwiewny szyk<\/li>\n<li>\u017cor\u017ceta przepleciona nitk\u0105 lureksow\u0105, kt\u00f3ra dodaje blasku i roz\u015bwietla naturalny kolor jedwabiu<\/li>\n<li>odszyty \u017cor\u017cet\u0105 jedwabn\u0105 100%<\/li>\n<li>top delikatnie transparentny<\/li>\n<li>d\u0142ugo\u015b\u0107 przodu 30 cm<\/li>\n<li>wi\u0105zany z ty\u0142u na dwa jedwabne troczki<\/li>\n<li>wykonany ze 100% jedwabiu<\/li>\n<li>realizowany w ramach zam\u00f3wie\u0144 pre-order<\/li>\n<li>czas realizacji do 21 dni roboczych<\/li>\n<li><strong>po dokonaniu zam\u00f3wienia skontaktujemy si\u0119 z Tob\u0105, aby ustali\u0107 szczeg\u00f3\u0142y rozmiaru projektu<\/strong><\/li>\n<li>top zaprojektowany i uszyty w Polsce<\/li>\n<li>projekt topu idealnie komponuje si\u0119 z asymetryczn\u0105 <a href=\"https:\/\/nudu.pl\/en\/product\/spodnica-z-jedwabnej-zorzety\/\">sp\u00f3dnic\u0105<\/a> z kolekcji wiosna-lato 2026<\/li>\n<\/ul>","protected":false},"excerpt":{"rendered":"<p>top na cienkich rami\u0105czkach warstwy jedwabiu z motywem \u0142uski syreniej tworz\u0105 jej tr\u00f3jwymiarowy, zwiewny szyk \u017cor\u017ceta przepleciona nitk\u0105 lureksow\u0105, kt\u00f3ra dodaje blasku i roz\u015bwietla naturalny kolor jedwabiu odszyty \u017cor\u017cet\u0105 jedwabn\u0105 100% top delikatnie transparentny d\u0142ugo\u015b\u0107 przodu 30 cm wi\u0105zany z ty\u0142u na dwa jedwabne troczki wykonany ze 100% jedwabiu realizowany w ramach zam\u00f3wie\u0144 pre-order czas [&hellip;]<\/p>","protected":false},"featured_media":11033,"template":"","meta":{"_acf_changed":false},"product_brand":[259],"product_cat":[334],"product_tag":[337,335,339,338,340,336],"class_list":{"0":"post-11043","1":"product","2":"type-product","3":"status-publish","4":"has-post-thumbnail","6":"product_brand-nudu-2","7":"product_cat-top","8":"product_tag-jedwabny-top-damski","9":"product_tag-jedwabny-top-na-ramiaczkach","10":"product_tag-luksusowy-top-jedwabny","11":"product_tag-top-jedwabny-cienkie-ramiaczka","12":"product_tag-top-jedwabny-z-motywem-luski-syreniej","13":"product_tag-top-z-jedwabiu-damski","15":"first","16":"onbackorder","17":"taxable","18":"shipping-taxable","19":"purchasable","20":"product-type-simple"},"acf":[],"yoast_head":"<!-- This site is optimized with the Yoast SEO plugin v24.3 - https:\/\/yoast.com\/wordpress\/plugins\/seo\/ -->\n<title>Top z jedwabnej \u017cor\u017cety - NuDu Boutique Warszawa<\/title>\n<meta name=\"description\" content=\"Jedwabny top na cienkich rami\u0105czkach \u2013 lekko\u015b\u0107, blask i subtelna forma. Delikatny top na cienkich rami\u0105czkach wykonany ze 100% jedwabiu to wyj\u0105tkowy element garderoby, kt\u00f3ry \u0142\u0105czy lekko\u015b\u0107 naturalnej tkaniny z wyrafinowanym designem. Model zachwyca subteln\u0105 konstrukcj\u0105 oraz dopracowanymi detalami, kt\u00f3re podkre\u015blaj\u0105 jego luksusowy charakter. Warstwowe elementy jedwabiu z motywem \u0142uski syreniej tworz\u0105 efekt tr\u00f3jwymiarowo\u015bci i nadaj\u0105 topowi zwiewnego, niemal eterycznego wygl\u0105du. Tkanina zosta\u0142a wykonana z jedwabnej \u017cor\u017cety przeplecionej nitk\u0105 lureksow\u0105, dzi\u0119ki czemu materia\u0142 delikatnie odbija \u015bwiat\u0142o i podkre\u015bla naturalny kolor jedwabiu, dodaj\u0105c stylizacji subtelnego blasku. Top jest odszyty w 100% jedwabn\u0105 \u017cor\u017cet\u0105, co zapewnia lekko\u015b\u0107 oraz przyjemn\u0105 mi\u0119kko\u015b\u0107 materia\u0142u. Model jest delikatnie transparentny, co nadaje mu nowoczesnego i zmys\u0142owego charakteru, idealnego zar\u00f3wno do eleganckich stylizacji, jak i bardziej artystycznych zestaw\u00f3w. D\u0142ugo\u015b\u0107 przodu topu wynosi oko\u0142o 30 cm, a ca\u0142o\u015b\u0107 zosta\u0142a zaprojektowana tak, aby podkre\u015bla\u0107 lini\u0119 sylwetki. Top wi\u0105zany jest z ty\u0142u na dwa jedwabne troczki, kt\u00f3re umo\u017cliwiaj\u0105 indywidualne dopasowanie i nadaj\u0105 projektowi lekko\u015bci. To jedwabny top premium, kt\u00f3ry \u0142\u0105czy naturalne materia\u0142y, kunszt wykonania oraz wyj\u0105tkow\u0105 estetyk\u0119 inspirowan\u0105 ruchem i \u015bwiat\u0142em. Idealny dla os\u00f3b poszukuj\u0105cych eleganckiej, a jednocze\u015bnie nowoczesnej odzie\u017cy z najwy\u017cszej jako\u015bci jedwabiu.\" \/>\n<meta name=\"robots\" content=\"index, follow, max-snippet:-1, max-image-preview:large, max-video-preview:-1\" \/>\n<link rel=\"canonical\" href=\"https:\/\/nudu.pl\/en\/product\/top-z-jedwabnej-zorzety\/\" \/>\n<meta property=\"og:locale\" content=\"en_GB\" \/>\n<meta property=\"og:type\" content=\"article\" \/>\n<meta property=\"og:title\" content=\"Top z jedwabnej \u017cor\u017cety - NuDu Boutique Warszawa\" \/>\n<meta property=\"og:description\" content=\"Jedwabny top na cienkich rami\u0105czkach \u2013 lekko\u015b\u0107, blask i subtelna forma. Delikatny top na cienkich rami\u0105czkach wykonany ze 100% jedwabiu to wyj\u0105tkowy element garderoby, kt\u00f3ry \u0142\u0105czy lekko\u015b\u0107 naturalnej tkaniny z wyrafinowanym designem. Model zachwyca subteln\u0105 konstrukcj\u0105 oraz dopracowanymi detalami, kt\u00f3re podkre\u015blaj\u0105 jego luksusowy charakter. Warstwowe elementy jedwabiu z motywem \u0142uski syreniej tworz\u0105 efekt tr\u00f3jwymiarowo\u015bci i nadaj\u0105 topowi zwiewnego, niemal eterycznego wygl\u0105du. Tkanina zosta\u0142a wykonana z jedwabnej \u017cor\u017cety przeplecionej nitk\u0105 lureksow\u0105, dzi\u0119ki czemu materia\u0142 delikatnie odbija \u015bwiat\u0142o i podkre\u015bla naturalny kolor jedwabiu, dodaj\u0105c stylizacji subtelnego blasku. Top jest odszyty w 100% jedwabn\u0105 \u017cor\u017cet\u0105, co zapewnia lekko\u015b\u0107 oraz przyjemn\u0105 mi\u0119kko\u015b\u0107 materia\u0142u. Model jest delikatnie transparentny, co nadaje mu nowoczesnego i zmys\u0142owego charakteru, idealnego zar\u00f3wno do eleganckich stylizacji, jak i bardziej artystycznych zestaw\u00f3w. D\u0142ugo\u015b\u0107 przodu topu wynosi oko\u0142o 30 cm, a ca\u0142o\u015b\u0107 zosta\u0142a zaprojektowana tak, aby podkre\u015bla\u0107 lini\u0119 sylwetki. Top wi\u0105zany jest z ty\u0142u na dwa jedwabne troczki, kt\u00f3re umo\u017cliwiaj\u0105 indywidualne dopasowanie i nadaj\u0105 projektowi lekko\u015bci. To jedwabny top premium, kt\u00f3ry \u0142\u0105czy naturalne materia\u0142y, kunszt wykonania oraz wyj\u0105tkow\u0105 estetyk\u0119 inspirowan\u0105 ruchem i \u015bwiat\u0142em. Idealny dla os\u00f3b poszukuj\u0105cych eleganckiej, a jednocze\u015bnie nowoczesnej odzie\u017cy z najwy\u017cszej jako\u015bci jedwabiu.\" \/>\n<meta property=\"og:url\" content=\"https:\/\/nudu.pl\/en\/product\/top-z-jedwabnej-zorzety\/\" \/>\n<meta property=\"og:site_name\" content=\"NuDu Boutique Warszawa\" \/>\n<meta property=\"article:modified_time\" content=\"2026-03-15T19:42:38+00:00\" \/>\n<meta property=\"og:image\" content=\"https:\/\/nudu.pl\/wp-content\/uploads\/2026\/03\/NUDU-TOP-jedwabny-576x1024.png\" \/>\n\t<meta property=\"og:image:width\" content=\"576\" \/>\n\t<meta property=\"og:image:height\" content=\"1024\" \/>\n\t<meta property=\"og:image:type\" content=\"image\/png\" \/>\n<meta name=\"twitter:card\" content=\"summary_large_image\" \/>\n<meta name=\"twitter:label1\" content=\"Estimated reading time\" \/>\n\t<meta name=\"twitter:data1\" content=\"1 minute\" \/>\n<script type=\"application\/ld+json\" class=\"yoast-schema-graph\">{\"@context\":\"https:\/\/schema.org\",\"@graph\":[{\"@type\":\"WebPage\",\"@id\":\"https:\/\/nudu.pl\/produkt\/top-z-jedwabnej-zorzety\/\",\"url\":\"https:\/\/nudu.pl\/produkt\/top-z-jedwabnej-zorzety\/\",\"name\":\"Top z jedwabnej \u017cor\u017cety - NuDu Boutique Warszawa\",\"isPartOf\":{\"@id\":\"https:\/\/nudu.pl\/#website\"},\"primaryImageOfPage\":{\"@id\":\"https:\/\/nudu.pl\/produkt\/top-z-jedwabnej-zorzety\/#primaryimage\"},\"image\":{\"@id\":\"https:\/\/nudu.pl\/produkt\/top-z-jedwabnej-zorzety\/#primaryimage\"},\"thumbnailUrl\":\"https:\/\/nudu.pl\/wp-content\/uploads\/2026\/03\/NUDU-TOP-jedwabny.png\",\"datePublished\":\"2026-03-15T19:30:08+00:00\",\"dateModified\":\"2026-03-15T19:42:38+00:00\",\"description\":\"Jedwabny top na cienkich rami\u0105czkach \u2013 lekko\u015b\u0107, blask i subtelna forma. Delikatny top na cienkich rami\u0105czkach wykonany ze 100% jedwabiu to wyj\u0105tkowy element garderoby, kt\u00f3ry \u0142\u0105czy lekko\u015b\u0107 naturalnej tkaniny z wyrafinowanym designem. Model zachwyca subteln\u0105 konstrukcj\u0105 oraz dopracowanymi detalami, kt\u00f3re podkre\u015blaj\u0105 jego luksusowy charakter. Warstwowe elementy jedwabiu z motywem \u0142uski syreniej tworz\u0105 efekt tr\u00f3jwymiarowo\u015bci i nadaj\u0105 topowi zwiewnego, niemal eterycznego wygl\u0105du. Tkanina zosta\u0142a wykonana z jedwabnej \u017cor\u017cety przeplecionej nitk\u0105 lureksow\u0105, dzi\u0119ki czemu materia\u0142 delikatnie odbija \u015bwiat\u0142o i podkre\u015bla naturalny kolor jedwabiu, dodaj\u0105c stylizacji subtelnego blasku. Top jest odszyty w 100% jedwabn\u0105 \u017cor\u017cet\u0105, co zapewnia lekko\u015b\u0107 oraz przyjemn\u0105 mi\u0119kko\u015b\u0107 materia\u0142u. Model jest delikatnie transparentny, co nadaje mu nowoczesnego i zmys\u0142owego charakteru, idealnego zar\u00f3wno do eleganckich stylizacji, jak i bardziej artystycznych zestaw\u00f3w. D\u0142ugo\u015b\u0107 przodu topu wynosi oko\u0142o 30 cm, a ca\u0142o\u015b\u0107 zosta\u0142a zaprojektowana tak, aby podkre\u015bla\u0107 lini\u0119 sylwetki. Top wi\u0105zany jest z ty\u0142u na dwa jedwabne troczki, kt\u00f3re umo\u017cliwiaj\u0105 indywidualne dopasowanie i nadaj\u0105 projektowi lekko\u015bci. To jedwabny top premium, kt\u00f3ry \u0142\u0105czy naturalne materia\u0142y, kunszt wykonania oraz wyj\u0105tkow\u0105 estetyk\u0119 inspirowan\u0105 ruchem i \u015bwiat\u0142em. Idealny dla os\u00f3b poszukuj\u0105cych eleganckiej, a jednocze\u015bnie nowoczesnej odzie\u017cy z najwy\u017cszej jako\u015bci jedwabiu.\",\"breadcrumb\":{\"@id\":\"https:\/\/nudu.pl\/produkt\/top-z-jedwabnej-zorzety\/#breadcrumb\"},\"inLanguage\":\"en-GB\",\"potentialAction\":[{\"@type\":\"ReadAction\",\"target\":[\"https:\/\/nudu.pl\/produkt\/top-z-jedwabnej-zorzety\/\"]}]},{\"@type\":\"ImageObject\",\"inLanguage\":\"en-GB\",\"@id\":\"https:\/\/nudu.pl\/produkt\/top-z-jedwabnej-zorzety\/#primaryimage\",\"url\":\"https:\/\/nudu.pl\/wp-content\/uploads\/2026\/03\/NUDU-TOP-jedwabny.png\",\"contentUrl\":\"https:\/\/nudu.pl\/wp-content\/uploads\/2026\/03\/NUDU-TOP-jedwabny.png\",\"width\":1441,\"height\":2560},{\"@type\":\"BreadcrumbList\",\"@id\":\"https:\/\/nudu.pl\/produkt\/top-z-jedwabnej-zorzety\/#breadcrumb\",\"itemListElement\":[{\"@type\":\"ListItem\",\"position\":1,\"name\":\"Home\",\"item\":\"https:\/\/nudu.pl\/\"},{\"@type\":\"ListItem\",\"position\":2,\"name\":\"Sklep\",\"item\":\"https:\/\/nudu.pl\/sklep\/\"},{\"@type\":\"ListItem\",\"position\":3,\"name\":\"Top z jedwabnej \u017cor\u017cety\"}]},{\"@type\":\"WebSite\",\"@id\":\"https:\/\/nudu.pl\/#website\",\"url\":\"https:\/\/nudu.pl\/\",\"name\":\"NuDu Boutique Warszawa\",\"description\":\"Pocz\u0105tek pi\u0119knej przyja\u017ani\",\"publisher\":{\"@id\":\"https:\/\/nudu.pl\/#organization\"},\"potentialAction\":[{\"@type\":\"SearchAction\",\"target\":{\"@type\":\"EntryPoint\",\"urlTemplate\":\"https:\/\/nudu.pl\/?s={search_term_string}\"},\"query-input\":{\"@type\":\"PropertyValueSpecification\",\"valueRequired\":true,\"valueName\":\"search_term_string\"}}],\"inLanguage\":\"en-GB\"},{\"@type\":\"Organization\",\"@id\":\"https:\/\/nudu.pl\/#organization\",\"name\":\"NuDu Boutique Warszawa\",\"url\":\"https:\/\/nudu.pl\/\",\"logo\":{\"@type\":\"ImageObject\",\"inLanguage\":\"en-GB\",\"@id\":\"https:\/\/nudu.pl\/#\/schema\/logo\/image\/\",\"url\":\"https:\/\/nudu.pl\/wp-content\/uploads\/2024\/07\/NuDu-basic.svg\",\"contentUrl\":\"https:\/\/nudu.pl\/wp-content\/uploads\/2024\/07\/NuDu-basic.svg\",\"width\":166,\"height\":67,\"caption\":\"NuDu Boutique Warszawa\"},\"image\":{\"@id\":\"https:\/\/nudu.pl\/#\/schema\/logo\/image\/\"}}]}<\/script>\n<!-- \/ Yoast SEO plugin. -->","yoast_head_json":{"title":"Top z jedwabnej \u017cor\u017cety - NuDu Boutique Warszawa","description":"Jedwabny top na cienkich rami\u0105czkach \u2013 lekko\u015b\u0107, blask i subtelna forma. Delikatny top na cienkich rami\u0105czkach wykonany ze 100% jedwabiu to wyj\u0105tkowy element garderoby, kt\u00f3ry \u0142\u0105czy lekko\u015b\u0107 naturalnej tkaniny z wyrafinowanym designem. Model zachwyca subteln\u0105 konstrukcj\u0105 oraz dopracowanymi detalami, kt\u00f3re podkre\u015blaj\u0105 jego luksusowy charakter. Warstwowe elementy jedwabiu z motywem \u0142uski syreniej tworz\u0105 efekt tr\u00f3jwymiarowo\u015bci i nadaj\u0105 topowi zwiewnego, niemal eterycznego wygl\u0105du. Tkanina zosta\u0142a wykonana z jedwabnej \u017cor\u017cety przeplecionej nitk\u0105 lureksow\u0105, dzi\u0119ki czemu materia\u0142 delikatnie odbija \u015bwiat\u0142o i podkre\u015bla naturalny kolor jedwabiu, dodaj\u0105c stylizacji subtelnego blasku. Top jest odszyty w 100% jedwabn\u0105 \u017cor\u017cet\u0105, co zapewnia lekko\u015b\u0107 oraz przyjemn\u0105 mi\u0119kko\u015b\u0107 materia\u0142u. Model jest delikatnie transparentny, co nadaje mu nowoczesnego i zmys\u0142owego charakteru, idealnego zar\u00f3wno do eleganckich stylizacji, jak i bardziej artystycznych zestaw\u00f3w. D\u0142ugo\u015b\u0107 przodu topu wynosi oko\u0142o 30 cm, a ca\u0142o\u015b\u0107 zosta\u0142a zaprojektowana tak, aby podkre\u015bla\u0107 lini\u0119 sylwetki. Top wi\u0105zany jest z ty\u0142u na dwa jedwabne troczki, kt\u00f3re umo\u017cliwiaj\u0105 indywidualne dopasowanie i nadaj\u0105 projektowi lekko\u015bci. To jedwabny top premium, kt\u00f3ry \u0142\u0105czy naturalne materia\u0142y, kunszt wykonania oraz wyj\u0105tkow\u0105 estetyk\u0119 inspirowan\u0105 ruchem i \u015bwiat\u0142em. Idealny dla os\u00f3b poszukuj\u0105cych eleganckiej, a jednocze\u015bnie nowoczesnej odzie\u017cy z najwy\u017cszej jako\u015bci jedwabiu.","robots":{"index":"index","follow":"follow","max-snippet":"max-snippet:-1","max-image-preview":"max-image-preview:large","max-video-preview":"max-video-preview:-1"},"canonical":"https:\/\/nudu.pl\/en\/product\/top-z-jedwabnej-zorzety\/","og_locale":"en_GB","og_type":"article","og_title":"Top z jedwabnej \u017cor\u017cety - NuDu Boutique Warszawa","og_description":"Jedwabny top na cienkich rami\u0105czkach \u2013 lekko\u015b\u0107, blask i subtelna forma. Delikatny top na cienkich rami\u0105czkach wykonany ze 100% jedwabiu to wyj\u0105tkowy element garderoby, kt\u00f3ry \u0142\u0105czy lekko\u015b\u0107 naturalnej tkaniny z wyrafinowanym designem. Model zachwyca subteln\u0105 konstrukcj\u0105 oraz dopracowanymi detalami, kt\u00f3re podkre\u015blaj\u0105 jego luksusowy charakter. Warstwowe elementy jedwabiu z motywem \u0142uski syreniej tworz\u0105 efekt tr\u00f3jwymiarowo\u015bci i nadaj\u0105 topowi zwiewnego, niemal eterycznego wygl\u0105du. Tkanina zosta\u0142a wykonana z jedwabnej \u017cor\u017cety przeplecionej nitk\u0105 lureksow\u0105, dzi\u0119ki czemu materia\u0142 delikatnie odbija \u015bwiat\u0142o i podkre\u015bla naturalny kolor jedwabiu, dodaj\u0105c stylizacji subtelnego blasku. Top jest odszyty w 100% jedwabn\u0105 \u017cor\u017cet\u0105, co zapewnia lekko\u015b\u0107 oraz przyjemn\u0105 mi\u0119kko\u015b\u0107 materia\u0142u. Model jest delikatnie transparentny, co nadaje mu nowoczesnego i zmys\u0142owego charakteru, idealnego zar\u00f3wno do eleganckich stylizacji, jak i bardziej artystycznych zestaw\u00f3w. D\u0142ugo\u015b\u0107 przodu topu wynosi oko\u0142o 30 cm, a ca\u0142o\u015b\u0107 zosta\u0142a zaprojektowana tak, aby podkre\u015bla\u0107 lini\u0119 sylwetki. Top wi\u0105zany jest z ty\u0142u na dwa jedwabne troczki, kt\u00f3re umo\u017cliwiaj\u0105 indywidualne dopasowanie i nadaj\u0105 projektowi lekko\u015bci. To jedwabny top premium, kt\u00f3ry \u0142\u0105czy naturalne materia\u0142y, kunszt wykonania oraz wyj\u0105tkow\u0105 estetyk\u0119 inspirowan\u0105 ruchem i \u015bwiat\u0142em. Idealny dla os\u00f3b poszukuj\u0105cych eleganckiej, a jednocze\u015bnie nowoczesnej odzie\u017cy z najwy\u017cszej jako\u015bci jedwabiu.","og_url":"https:\/\/nudu.pl\/en\/product\/top-z-jedwabnej-zorzety\/","og_site_name":"NuDu Boutique Warszawa","article_modified_time":"2026-03-15T19:42:38+00:00","og_image":[{"width":576,"height":1024,"url":"https:\/\/nudu.pl\/wp-content\/uploads\/2026\/03\/NUDU-TOP-jedwabny-576x1024.png","type":"image\/png"}],"twitter_card":"summary_large_image","twitter_misc":{"Estimated reading time":"1 minute"},"schema":{"@context":"https:\/\/schema.org","@graph":[{"@type":"WebPage","@id":"https:\/\/nudu.pl\/produkt\/top-z-jedwabnej-zorzety\/","url":"https:\/\/nudu.pl\/produkt\/top-z-jedwabnej-zorzety\/","name":"Top z jedwabnej \u017cor\u017cety - NuDu Boutique Warszawa","isPartOf":{"@id":"https:\/\/nudu.pl\/#website"},"primaryImageOfPage":{"@id":"https:\/\/nudu.pl\/produkt\/top-z-jedwabnej-zorzety\/#primaryimage"},"image":{"@id":"https:\/\/nudu.pl\/produkt\/top-z-jedwabnej-zorzety\/#primaryimage"},"thumbnailUrl":"https:\/\/nudu.pl\/wp-content\/uploads\/2026\/03\/NUDU-TOP-jedwabny.png","datePublished":"2026-03-15T19:30:08+00:00","dateModified":"2026-03-15T19:42:38+00:00","description":"Jedwabny top na cienkich rami\u0105czkach \u2013 lekko\u015b\u0107, blask i subtelna forma. Delikatny top na cienkich rami\u0105czkach wykonany ze 100% jedwabiu to wyj\u0105tkowy element garderoby, kt\u00f3ry \u0142\u0105czy lekko\u015b\u0107 naturalnej tkaniny z wyrafinowanym designem. Model zachwyca subteln\u0105 konstrukcj\u0105 oraz dopracowanymi detalami, kt\u00f3re podkre\u015blaj\u0105 jego luksusowy charakter. Warstwowe elementy jedwabiu z motywem \u0142uski syreniej tworz\u0105 efekt tr\u00f3jwymiarowo\u015bci i nadaj\u0105 topowi zwiewnego, niemal eterycznego wygl\u0105du. Tkanina zosta\u0142a wykonana z jedwabnej \u017cor\u017cety przeplecionej nitk\u0105 lureksow\u0105, dzi\u0119ki czemu materia\u0142 delikatnie odbija \u015bwiat\u0142o i podkre\u015bla naturalny kolor jedwabiu, dodaj\u0105c stylizacji subtelnego blasku. Top jest odszyty w 100% jedwabn\u0105 \u017cor\u017cet\u0105, co zapewnia lekko\u015b\u0107 oraz przyjemn\u0105 mi\u0119kko\u015b\u0107 materia\u0142u. Model jest delikatnie transparentny, co nadaje mu nowoczesnego i zmys\u0142owego charakteru, idealnego zar\u00f3wno do eleganckich stylizacji, jak i bardziej artystycznych zestaw\u00f3w. D\u0142ugo\u015b\u0107 przodu topu wynosi oko\u0142o 30 cm, a ca\u0142o\u015b\u0107 zosta\u0142a zaprojektowana tak, aby podkre\u015bla\u0107 lini\u0119 sylwetki. Top wi\u0105zany jest z ty\u0142u na dwa jedwabne troczki, kt\u00f3re umo\u017cliwiaj\u0105 indywidualne dopasowanie i nadaj\u0105 projektowi lekko\u015bci. To jedwabny top premium, kt\u00f3ry \u0142\u0105czy naturalne materia\u0142y, kunszt wykonania oraz wyj\u0105tkow\u0105 estetyk\u0119 inspirowan\u0105 ruchem i \u015bwiat\u0142em. Idealny dla os\u00f3b poszukuj\u0105cych eleganckiej, a jednocze\u015bnie nowoczesnej odzie\u017cy z najwy\u017cszej jako\u015bci jedwabiu.","breadcrumb":{"@id":"https:\/\/nudu.pl\/produkt\/top-z-jedwabnej-zorzety\/#breadcrumb"},"inLanguage":"en-GB","potentialAction":[{"@type":"ReadAction","target":["https:\/\/nudu.pl\/produkt\/top-z-jedwabnej-zorzety\/"]}]},{"@type":"ImageObject","inLanguage":"en-GB","@id":"https:\/\/nudu.pl\/produkt\/top-z-jedwabnej-zorzety\/#primaryimage","url":"https:\/\/nudu.pl\/wp-content\/uploads\/2026\/03\/NUDU-TOP-jedwabny.png","contentUrl":"https:\/\/nudu.pl\/wp-content\/uploads\/2026\/03\/NUDU-TOP-jedwabny.png","width":1441,"height":2560},{"@type":"BreadcrumbList","@id":"https:\/\/nudu.pl\/produkt\/top-z-jedwabnej-zorzety\/#breadcrumb","itemListElement":[{"@type":"ListItem","position":1,"name":"Home","item":"https:\/\/nudu.pl\/"},{"@type":"ListItem","position":2,"name":"Sklep","item":"https:\/\/nudu.pl\/sklep\/"},{"@type":"ListItem","position":3,"name":"Top z jedwabnej \u017cor\u017cety"}]},{"@type":"WebSite","@id":"https:\/\/nudu.pl\/#website","url":"https:\/\/nudu.pl\/","name":"NuDu Boutique Warszawa","description":"Pocz\u0105tek pi\u0119knej przyja\u017ani","publisher":{"@id":"https:\/\/nudu.pl\/#organization"},"potentialAction":[{"@type":"SearchAction","target":{"@type":"EntryPoint","urlTemplate":"https:\/\/nudu.pl\/?s={search_term_string}"},"query-input":{"@type":"PropertyValueSpecification","valueRequired":true,"valueName":"search_term_string"}}],"inLanguage":"en-GB"},{"@type":"Organization","@id":"https:\/\/nudu.pl\/#organization","name":"NuDu Boutique Warszawa","url":"https:\/\/nudu.pl\/","logo":{"@type":"ImageObject","inLanguage":"en-GB","@id":"https:\/\/nudu.pl\/#\/schema\/logo\/image\/","url":"https:\/\/nudu.pl\/wp-content\/uploads\/2024\/07\/NuDu-basic.svg","contentUrl":"https:\/\/nudu.pl\/wp-content\/uploads\/2024\/07\/NuDu-basic.svg","width":166,"height":67,"caption":"NuDu Boutique Warszawa"},"image":{"@id":"https:\/\/nudu.pl\/#\/schema\/logo\/image\/"}}]}},"_links":{"self":[{"href":"https:\/\/nudu.pl\/en\/wp-json\/wp\/v2\/product\/11043","targetHints":{"allow":["GET"]}}],"collection":[{"href":"https:\/\/nudu.pl\/en\/wp-json\/wp\/v2\/product"}],"about":[{"href":"https:\/\/nudu.pl\/en\/wp-json\/wp\/v2\/types\/product"}],"wp:featuredmedia":[{"embeddable":true,"href":"https:\/\/nudu.pl\/en\/wp-json\/wp\/v2\/media\/11033"}],"wp:attachment":[{"href":"https:\/\/nudu.pl\/en\/wp-json\/wp\/v2\/media?parent=11043"}],"wp:term":[{"taxonomy":"product_brand","embeddable":true,"href":"https:\/\/nudu.pl\/en\/wp-json\/wp\/v2\/product_brand?post=11043"},{"taxonomy":"product_cat","embeddable":true,"href":"https:\/\/nudu.pl\/en\/wp-json\/wp\/v2\/product_cat?post=11043"},{"taxonomy":"product_tag","embeddable":true,"href":"https:\/\/nudu.pl\/en\/wp-json\/wp\/v2\/product_tag?post=11043"}],"curies":[{"name":"wp","href":"https:\/\/api.w.org\/{rel}","templated":true}]}}