{"id":11064,"date":"2026-03-19T10:49:32","date_gmt":"2026-03-19T09:49:32","guid":{"rendered":"https:\/\/nudu.pl\/?post_type=product&#038;p=11064"},"modified":"2026-03-19T10:50:11","modified_gmt":"2026-03-19T09:50:11","slug":"sukienka-z-francuskiej-koronki-demi","status":"publish","type":"product","link":"https:\/\/nudu.pl\/en\/product\/sukienka-z-francuskiej-koronki-demi\/","title":{"rendered":"sukienka z francuskiej koronki Demi"},"content":{"rendered":"<p>sukienka z francuskiej koronki<\/p>\n<p>gorset modeluj\u0105cy z miseczk\u0105 o kroju bardotki<\/p>\n<p>d\u00f3\u0142 sukienki rozkloszowany, warstwowy pokryty francusk\u0105 koronk\u0105<\/p>\n<p>dope\u0142nieniem stylizacji jest bluzeczka koronkowa z d\u0142ugim r\u0119kawem, kt\u00f3r\u0105 nale\u017cy zam\u00f3wi\u0107 z osobna<\/p>\n<p>d\u0142ugo\u015b\u0107 sukienki mierz\u0105c od talii od 40 do 50cm, w zale\u017cno\u015bci od rozmiaru oraz Twoich indywidualnych preferencji<\/p>\n<p>sukienka dost\u0119pna w ramach zam\u00f3wie\u0144 pre order<\/p>\n<p>czas realizacji 21-28 dni roboczych lub do wyczerpania zapas\u00f3w wzoru koronki<\/p>\n<p>po dokonaniu zam\u00f3wienia skontaktujemy si\u0119 z Tob\u0105 w celu ustalenia szczeg\u00f3\u0142owych wymiar\u00f3w<\/p>\n<p>produkt realizowany w autorskiej pracowni krawieckiej NUDU<\/p>\n<p>&nbsp;<\/p>\n<p>&nbsp;<\/p>","protected":false},"excerpt":{"rendered":"<p>gorsetowa sukienka d\u0142ugo\u015bci mini z francuskiej koronki<\/p>","protected":false},"featured_media":11072,"template":"","meta":{"_acf_changed":false},"product_brand":[],"product_cat":[276,244],"product_tag":[],"class_list":{"0":"post-11064","1":"product","2":"type-product","3":"status-publish","4":"has-post-thumbnail","6":"product_cat-nudu-bridal","7":"product_cat-sukienki","9":"first","10":"onbackorder","11":"taxable","12":"shipping-taxable","13":"purchasable","14":"product-type-simple"},"acf":[],"yoast_head":"<!-- This site is optimized with the Yoast SEO plugin v24.3 - https:\/\/yoast.com\/wordpress\/plugins\/seo\/ -->\n<title>sukienka z francuskiej koronki Demi - NuDu Boutique Warszawa<\/title>\n<meta name=\"description\" content=\"Sukienka z gorsetem z francuskiej koronki d\u0142ugo\u015bci mini. Kr\u00f3tka sukienka z francuskiej koronki idealna dla Panny M\u0142odej, rocznic\u0119 \u015blubu, na wyj\u0105tkowy dzie\u0144, urodziny. Modeluj\u0105cy gorset w sukience o d\u0142ugo\u015bci mini, z rozkloszowanym do\u0142em. Kr\u00f3tka sukienka z gorsetem NUDU z kolekcji wiosna lato 2026.\" \/>\n<meta name=\"robots\" content=\"index, follow, max-snippet:-1, max-image-preview:large, max-video-preview:-1\" \/>\n<link rel=\"canonical\" href=\"https:\/\/nudu.pl\/en\/product\/sukienka-z-francuskiej-koronki-demi\/\" \/>\n<meta property=\"og:locale\" content=\"en_GB\" \/>\n<meta property=\"og:type\" content=\"article\" \/>\n<meta property=\"og:title\" content=\"sukienka z francuskiej koronki Demi - NuDu Boutique Warszawa\" \/>\n<meta property=\"og:description\" content=\"Sukienka z gorsetem z francuskiej koronki d\u0142ugo\u015bci mini. Kr\u00f3tka sukienka z francuskiej koronki idealna dla Panny M\u0142odej, rocznic\u0119 \u015blubu, na wyj\u0105tkowy dzie\u0144, urodziny. Modeluj\u0105cy gorset w sukience o d\u0142ugo\u015bci mini, z rozkloszowanym do\u0142em. Kr\u00f3tka sukienka z gorsetem NUDU z kolekcji wiosna lato 2026.\" \/>\n<meta property=\"og:url\" content=\"https:\/\/nudu.pl\/en\/product\/sukienka-z-francuskiej-koronki-demi\/\" \/>\n<meta property=\"og:site_name\" content=\"NuDu Boutique Warszawa\" \/>\n<meta property=\"article:modified_time\" content=\"2026-03-19T09:50:11+00:00\" \/>\n<meta property=\"og:image\" content=\"https:\/\/nudu.pl\/wp-content\/uploads\/2026\/03\/sukienka-z-francuskiej-koronki.png\" \/>\n\t<meta property=\"og:image:width\" content=\"1440\" \/>\n\t<meta property=\"og:image:height\" content=\"2560\" \/>\n\t<meta property=\"og:image:type\" content=\"image\/png\" \/>\n<meta name=\"twitter:card\" content=\"summary_large_image\" \/>\n<meta name=\"twitter:label1\" content=\"Estimated reading time\" \/>\n\t<meta name=\"twitter:data1\" content=\"1 minute\" \/>\n<script type=\"application\/ld+json\" class=\"yoast-schema-graph\">{\"@context\":\"https:\/\/schema.org\",\"@graph\":[{\"@type\":\"WebPage\",\"@id\":\"https:\/\/nudu.pl\/produkt\/sukienka-z-francuskiej-koronki-demi\/\",\"url\":\"https:\/\/nudu.pl\/produkt\/sukienka-z-francuskiej-koronki-demi\/\",\"name\":\"sukienka z francuskiej koronki Demi - NuDu Boutique Warszawa\",\"isPartOf\":{\"@id\":\"https:\/\/nudu.pl\/#website\"},\"primaryImageOfPage\":{\"@id\":\"https:\/\/nudu.pl\/produkt\/sukienka-z-francuskiej-koronki-demi\/#primaryimage\"},\"image\":{\"@id\":\"https:\/\/nudu.pl\/produkt\/sukienka-z-francuskiej-koronki-demi\/#primaryimage\"},\"thumbnailUrl\":\"https:\/\/nudu.pl\/wp-content\/uploads\/2026\/03\/sukienka-z-francuskiej-koronki.png\",\"datePublished\":\"2026-03-19T09:49:32+00:00\",\"dateModified\":\"2026-03-19T09:50:11+00:00\",\"description\":\"Sukienka z gorsetem z francuskiej koronki d\u0142ugo\u015bci mini. Kr\u00f3tka sukienka z francuskiej koronki idealna dla Panny M\u0142odej, rocznic\u0119 \u015blubu, na wyj\u0105tkowy dzie\u0144, urodziny. Modeluj\u0105cy gorset w sukience o d\u0142ugo\u015bci mini, z rozkloszowanym do\u0142em. Kr\u00f3tka sukienka z gorsetem NUDU z kolekcji wiosna lato 2026.\",\"breadcrumb\":{\"@id\":\"https:\/\/nudu.pl\/produkt\/sukienka-z-francuskiej-koronki-demi\/#breadcrumb\"},\"inLanguage\":\"en-GB\",\"potentialAction\":[{\"@type\":\"ReadAction\",\"target\":[\"https:\/\/nudu.pl\/produkt\/sukienka-z-francuskiej-koronki-demi\/\"]}]},{\"@type\":\"ImageObject\",\"inLanguage\":\"en-GB\",\"@id\":\"https:\/\/nudu.pl\/produkt\/sukienka-z-francuskiej-koronki-demi\/#primaryimage\",\"url\":\"https:\/\/nudu.pl\/wp-content\/uploads\/2026\/03\/sukienka-z-francuskiej-koronki.png\",\"contentUrl\":\"https:\/\/nudu.pl\/wp-content\/uploads\/2026\/03\/sukienka-z-francuskiej-koronki.png\",\"width\":1440,\"height\":2560},{\"@type\":\"BreadcrumbList\",\"@id\":\"https:\/\/nudu.pl\/produkt\/sukienka-z-francuskiej-koronki-demi\/#breadcrumb\",\"itemListElement\":[{\"@type\":\"ListItem\",\"position\":1,\"name\":\"Home\",\"item\":\"https:\/\/nudu.pl\/\"},{\"@type\":\"ListItem\",\"position\":2,\"name\":\"Sklep\",\"item\":\"https:\/\/nudu.pl\/sklep\/\"},{\"@type\":\"ListItem\",\"position\":3,\"name\":\"sukienka z francuskiej koronki Demi\"}]},{\"@type\":\"WebSite\",\"@id\":\"https:\/\/nudu.pl\/#website\",\"url\":\"https:\/\/nudu.pl\/\",\"name\":\"NuDu Boutique Warszawa\",\"description\":\"Pocz\u0105tek pi\u0119knej przyja\u017ani\",\"publisher\":{\"@id\":\"https:\/\/nudu.pl\/#organization\"},\"potentialAction\":[{\"@type\":\"SearchAction\",\"target\":{\"@type\":\"EntryPoint\",\"urlTemplate\":\"https:\/\/nudu.pl\/?s={search_term_string}\"},\"query-input\":{\"@type\":\"PropertyValueSpecification\",\"valueRequired\":true,\"valueName\":\"search_term_string\"}}],\"inLanguage\":\"en-GB\"},{\"@type\":\"Organization\",\"@id\":\"https:\/\/nudu.pl\/#organization\",\"name\":\"NuDu Boutique Warszawa\",\"url\":\"https:\/\/nudu.pl\/\",\"logo\":{\"@type\":\"ImageObject\",\"inLanguage\":\"en-GB\",\"@id\":\"https:\/\/nudu.pl\/#\/schema\/logo\/image\/\",\"url\":\"https:\/\/nudu.pl\/wp-content\/uploads\/2024\/07\/NuDu-basic.svg\",\"contentUrl\":\"https:\/\/nudu.pl\/wp-content\/uploads\/2024\/07\/NuDu-basic.svg\",\"width\":166,\"height\":67,\"caption\":\"NuDu Boutique Warszawa\"},\"image\":{\"@id\":\"https:\/\/nudu.pl\/#\/schema\/logo\/image\/\"}}]}<\/script>\n<!-- \/ Yoast SEO plugin. -->","yoast_head_json":{"title":"sukienka z francuskiej koronki Demi - NuDu Boutique Warszawa","description":"Sukienka z gorsetem z francuskiej koronki d\u0142ugo\u015bci mini. Kr\u00f3tka sukienka z francuskiej koronki idealna dla Panny M\u0142odej, rocznic\u0119 \u015blubu, na wyj\u0105tkowy dzie\u0144, urodziny. Modeluj\u0105cy gorset w sukience o d\u0142ugo\u015bci mini, z rozkloszowanym do\u0142em. Kr\u00f3tka sukienka z gorsetem NUDU z kolekcji wiosna lato 2026.","robots":{"index":"index","follow":"follow","max-snippet":"max-snippet:-1","max-image-preview":"max-image-preview:large","max-video-preview":"max-video-preview:-1"},"canonical":"https:\/\/nudu.pl\/en\/product\/sukienka-z-francuskiej-koronki-demi\/","og_locale":"en_GB","og_type":"article","og_title":"sukienka z francuskiej koronki Demi - NuDu Boutique Warszawa","og_description":"Sukienka z gorsetem z francuskiej koronki d\u0142ugo\u015bci mini. Kr\u00f3tka sukienka z francuskiej koronki idealna dla Panny M\u0142odej, rocznic\u0119 \u015blubu, na wyj\u0105tkowy dzie\u0144, urodziny. Modeluj\u0105cy gorset w sukience o d\u0142ugo\u015bci mini, z rozkloszowanym do\u0142em. Kr\u00f3tka sukienka z gorsetem NUDU z kolekcji wiosna lato 2026.","og_url":"https:\/\/nudu.pl\/en\/product\/sukienka-z-francuskiej-koronki-demi\/","og_site_name":"NuDu Boutique Warszawa","article_modified_time":"2026-03-19T09:50:11+00:00","og_image":[{"width":1440,"height":2560,"url":"https:\/\/nudu.pl\/wp-content\/uploads\/2026\/03\/sukienka-z-francuskiej-koronki.png","type":"image\/png"}],"twitter_card":"summary_large_image","twitter_misc":{"Estimated reading time":"1 minute"},"schema":{"@context":"https:\/\/schema.org","@graph":[{"@type":"WebPage","@id":"https:\/\/nudu.pl\/produkt\/sukienka-z-francuskiej-koronki-demi\/","url":"https:\/\/nudu.pl\/produkt\/sukienka-z-francuskiej-koronki-demi\/","name":"sukienka z francuskiej koronki Demi - NuDu Boutique Warszawa","isPartOf":{"@id":"https:\/\/nudu.pl\/#website"},"primaryImageOfPage":{"@id":"https:\/\/nudu.pl\/produkt\/sukienka-z-francuskiej-koronki-demi\/#primaryimage"},"image":{"@id":"https:\/\/nudu.pl\/produkt\/sukienka-z-francuskiej-koronki-demi\/#primaryimage"},"thumbnailUrl":"https:\/\/nudu.pl\/wp-content\/uploads\/2026\/03\/sukienka-z-francuskiej-koronki.png","datePublished":"2026-03-19T09:49:32+00:00","dateModified":"2026-03-19T09:50:11+00:00","description":"Sukienka z gorsetem z francuskiej koronki d\u0142ugo\u015bci mini. Kr\u00f3tka sukienka z francuskiej koronki idealna dla Panny M\u0142odej, rocznic\u0119 \u015blubu, na wyj\u0105tkowy dzie\u0144, urodziny. Modeluj\u0105cy gorset w sukience o d\u0142ugo\u015bci mini, z rozkloszowanym do\u0142em. Kr\u00f3tka sukienka z gorsetem NUDU z kolekcji wiosna lato 2026.","breadcrumb":{"@id":"https:\/\/nudu.pl\/produkt\/sukienka-z-francuskiej-koronki-demi\/#breadcrumb"},"inLanguage":"en-GB","potentialAction":[{"@type":"ReadAction","target":["https:\/\/nudu.pl\/produkt\/sukienka-z-francuskiej-koronki-demi\/"]}]},{"@type":"ImageObject","inLanguage":"en-GB","@id":"https:\/\/nudu.pl\/produkt\/sukienka-z-francuskiej-koronki-demi\/#primaryimage","url":"https:\/\/nudu.pl\/wp-content\/uploads\/2026\/03\/sukienka-z-francuskiej-koronki.png","contentUrl":"https:\/\/nudu.pl\/wp-content\/uploads\/2026\/03\/sukienka-z-francuskiej-koronki.png","width":1440,"height":2560},{"@type":"BreadcrumbList","@id":"https:\/\/nudu.pl\/produkt\/sukienka-z-francuskiej-koronki-demi\/#breadcrumb","itemListElement":[{"@type":"ListItem","position":1,"name":"Home","item":"https:\/\/nudu.pl\/"},{"@type":"ListItem","position":2,"name":"Sklep","item":"https:\/\/nudu.pl\/sklep\/"},{"@type":"ListItem","position":3,"name":"sukienka z francuskiej koronki Demi"}]},{"@type":"WebSite","@id":"https:\/\/nudu.pl\/#website","url":"https:\/\/nudu.pl\/","name":"NuDu Boutique Warszawa","description":"Pocz\u0105tek pi\u0119knej przyja\u017ani","publisher":{"@id":"https:\/\/nudu.pl\/#organization"},"potentialAction":[{"@type":"SearchAction","target":{"@type":"EntryPoint","urlTemplate":"https:\/\/nudu.pl\/?s={search_term_string}"},"query-input":{"@type":"PropertyValueSpecification","valueRequired":true,"valueName":"search_term_string"}}],"inLanguage":"en-GB"},{"@type":"Organization","@id":"https:\/\/nudu.pl\/#organization","name":"NuDu Boutique Warszawa","url":"https:\/\/nudu.pl\/","logo":{"@type":"ImageObject","inLanguage":"en-GB","@id":"https:\/\/nudu.pl\/#\/schema\/logo\/image\/","url":"https:\/\/nudu.pl\/wp-content\/uploads\/2024\/07\/NuDu-basic.svg","contentUrl":"https:\/\/nudu.pl\/wp-content\/uploads\/2024\/07\/NuDu-basic.svg","width":166,"height":67,"caption":"NuDu Boutique Warszawa"},"image":{"@id":"https:\/\/nudu.pl\/#\/schema\/logo\/image\/"}}]}},"_links":{"self":[{"href":"https:\/\/nudu.pl\/en\/wp-json\/wp\/v2\/product\/11064","targetHints":{"allow":["GET"]}}],"collection":[{"href":"https:\/\/nudu.pl\/en\/wp-json\/wp\/v2\/product"}],"about":[{"href":"https:\/\/nudu.pl\/en\/wp-json\/wp\/v2\/types\/product"}],"wp:featuredmedia":[{"embeddable":true,"href":"https:\/\/nudu.pl\/en\/wp-json\/wp\/v2\/media\/11072"}],"wp:attachment":[{"href":"https:\/\/nudu.pl\/en\/wp-json\/wp\/v2\/media?parent=11064"}],"wp:term":[{"taxonomy":"product_brand","embeddable":true,"href":"https:\/\/nudu.pl\/en\/wp-json\/wp\/v2\/product_brand?post=11064"},{"taxonomy":"product_cat","embeddable":true,"href":"https:\/\/nudu.pl\/en\/wp-json\/wp\/v2\/product_cat?post=11064"},{"taxonomy":"product_tag","embeddable":true,"href":"https:\/\/nudu.pl\/en\/wp-json\/wp\/v2\/product_tag?post=11064"}],"curies":[{"name":"wp","href":"https:\/\/api.w.org\/{rel}","templated":true}]}}