{"id":11075,"date":"2026-03-19T12:00:43","date_gmt":"2026-03-19T11:00:43","guid":{"rendered":"https:\/\/nudu.pl\/?post_type=product&#038;p=11075"},"modified":"2026-03-19T12:01:05","modified_gmt":"2026-03-19T11:01:05","slug":"bluzeczka-z-francuskiej-koronki-demi","status":"publish","type":"product","link":"https:\/\/nudu.pl\/en\/product\/bluzeczka-z-francuskiej-koronki-demi\/","title":{"rendered":"bluzeczka z francuskiej koronki Demi"},"content":{"rendered":"<p>bluzeczka wykonana z francuskiej koronki<\/p>\n<p>z d\u0142ugim r\u0119kawem zako\u0144czonym szerokim mankietem zapinanym w nadgarstku<\/p>\n<p>zaprojektowana z francuskiej p\u0142askiej koronki w kolorze per\u0142owym<\/p>\n<p>bluzeczka zapinana z ty\u0142u na napy<\/p>\n<p>projekt realizowany w ramach zam\u00f3wie\u0144 pre order<\/p>\n<p>czas realizacji 21-28 dni roboczych lub do wyczerpania zapasu wzoru koronki<\/p>\n<p>projekt realizowany w autorskiej pracowni NUDU<\/p>\n<p>&nbsp;<\/p>","protected":false},"excerpt":{"rendered":"<p>bluzeczka z delikatnej koronki francuskiej<\/p>","protected":false},"featured_media":11065,"template":"","meta":{"_acf_changed":false},"product_brand":[259],"product_cat":[276,334],"product_tag":[371,370,376,374,372,377,375,373],"class_list":{"0":"post-11075","1":"product","2":"type-product","3":"status-publish","4":"has-post-thumbnail","6":"product_brand-nudu-2","7":"product_cat-nudu-bridal","8":"product_cat-top","9":"product_tag-bluzeczka-z-francuskiej-koronki","10":"product_tag-bluzeczka-z-koronki","11":"product_tag-bolerko-do-sukni-z-gorsetem","12":"product_tag-bolerko-koronkowe-dla-panny-mlodej","13":"product_tag-bolerko-z-koronki","14":"product_tag-francuska-koronka-do-slubu","15":"product_tag-panna-mloda","16":"product_tag-slubna-narzutka-na-dlugi-rekaw","18":"first","19":"onbackorder","20":"taxable","21":"shipping-taxable","22":"purchasable","23":"product-type-simple"},"acf":[],"yoast_head":"<!-- This site is optimized with the Yoast SEO plugin v24.3 - https:\/\/yoast.com\/wordpress\/plugins\/seo\/ -->\n<title>bluzeczka z francuskiej koronki Demi - NuDu Boutique Warszawa<\/title>\n<meta name=\"description\" content=\"Bluzeczka wykonana z francuskiej p\u0142askiej koronki. Bluzeczka z d\u0142ugim dopasowanym r\u0119kawem zako\u0144czonym mankietem. Zapiana z ty\u0142u. Idealnie skomponowana z sukienk\u0105 o kroju gorsetowym Demi z kolekcji NUDU WIOSNA LATO 2026\" \/>\n<meta name=\"robots\" content=\"index, follow, max-snippet:-1, max-image-preview:large, max-video-preview:-1\" \/>\n<link rel=\"canonical\" href=\"https:\/\/nudu.pl\/en\/product\/bluzeczka-z-francuskiej-koronki-demi\/\" \/>\n<meta property=\"og:locale\" content=\"en_GB\" \/>\n<meta property=\"og:type\" content=\"article\" \/>\n<meta property=\"og:title\" content=\"bluzeczka z francuskiej koronki Demi - NuDu Boutique Warszawa\" \/>\n<meta property=\"og:description\" content=\"Bluzeczka wykonana z francuskiej p\u0142askiej koronki. Bluzeczka z d\u0142ugim dopasowanym r\u0119kawem zako\u0144czonym mankietem. Zapiana z ty\u0142u. Idealnie skomponowana z sukienk\u0105 o kroju gorsetowym Demi z kolekcji NUDU WIOSNA LATO 2026\" \/>\n<meta property=\"og:url\" content=\"https:\/\/nudu.pl\/en\/product\/bluzeczka-z-francuskiej-koronki-demi\/\" \/>\n<meta property=\"og:site_name\" content=\"NuDu Boutique Warszawa\" \/>\n<meta property=\"article:modified_time\" content=\"2026-03-19T11:01:05+00:00\" \/>\n<meta property=\"og:image\" content=\"https:\/\/nudu.pl\/wp-content\/uploads\/2026\/03\/bluzeczka-z-francuskiej-koronki-scaled.jpg\" \/>\n\t<meta property=\"og:image:width\" content=\"1441\" \/>\n\t<meta property=\"og:image:height\" content=\"2560\" \/>\n\t<meta property=\"og:image:type\" content=\"image\/jpeg\" \/>\n<meta name=\"twitter:card\" content=\"summary_large_image\" \/>\n<meta name=\"twitter:label1\" content=\"Estimated reading time\" \/>\n\t<meta name=\"twitter:data1\" content=\"1 minute\" \/>\n<script type=\"application\/ld+json\" class=\"yoast-schema-graph\">{\"@context\":\"https:\/\/schema.org\",\"@graph\":[{\"@type\":\"WebPage\",\"@id\":\"https:\/\/nudu.pl\/produkt\/bluzeczka-z-francuskiej-koronki-demi\/\",\"url\":\"https:\/\/nudu.pl\/produkt\/bluzeczka-z-francuskiej-koronki-demi\/\",\"name\":\"bluzeczka z francuskiej koronki Demi - NuDu Boutique Warszawa\",\"isPartOf\":{\"@id\":\"https:\/\/nudu.pl\/#website\"},\"primaryImageOfPage\":{\"@id\":\"https:\/\/nudu.pl\/produkt\/bluzeczka-z-francuskiej-koronki-demi\/#primaryimage\"},\"image\":{\"@id\":\"https:\/\/nudu.pl\/produkt\/bluzeczka-z-francuskiej-koronki-demi\/#primaryimage\"},\"thumbnailUrl\":\"https:\/\/nudu.pl\/wp-content\/uploads\/2026\/03\/bluzeczka-z-francuskiej-koronki-scaled.jpg\",\"datePublished\":\"2026-03-19T11:00:43+00:00\",\"dateModified\":\"2026-03-19T11:01:05+00:00\",\"description\":\"Bluzeczka wykonana z francuskiej p\u0142askiej koronki. Bluzeczka z d\u0142ugim dopasowanym r\u0119kawem zako\u0144czonym mankietem. Zapiana z ty\u0142u. Idealnie skomponowana z sukienk\u0105 o kroju gorsetowym Demi z kolekcji NUDU WIOSNA LATO 2026\",\"breadcrumb\":{\"@id\":\"https:\/\/nudu.pl\/produkt\/bluzeczka-z-francuskiej-koronki-demi\/#breadcrumb\"},\"inLanguage\":\"en-GB\",\"potentialAction\":[{\"@type\":\"ReadAction\",\"target\":[\"https:\/\/nudu.pl\/produkt\/bluzeczka-z-francuskiej-koronki-demi\/\"]}]},{\"@type\":\"ImageObject\",\"inLanguage\":\"en-GB\",\"@id\":\"https:\/\/nudu.pl\/produkt\/bluzeczka-z-francuskiej-koronki-demi\/#primaryimage\",\"url\":\"https:\/\/nudu.pl\/wp-content\/uploads\/2026\/03\/bluzeczka-z-francuskiej-koronki-scaled.jpg\",\"contentUrl\":\"https:\/\/nudu.pl\/wp-content\/uploads\/2026\/03\/bluzeczka-z-francuskiej-koronki-scaled.jpg\",\"width\":1441,\"height\":2560},{\"@type\":\"BreadcrumbList\",\"@id\":\"https:\/\/nudu.pl\/produkt\/bluzeczka-z-francuskiej-koronki-demi\/#breadcrumb\",\"itemListElement\":[{\"@type\":\"ListItem\",\"position\":1,\"name\":\"Home\",\"item\":\"https:\/\/nudu.pl\/\"},{\"@type\":\"ListItem\",\"position\":2,\"name\":\"Sklep\",\"item\":\"https:\/\/nudu.pl\/sklep\/\"},{\"@type\":\"ListItem\",\"position\":3,\"name\":\"bluzeczka z francuskiej koronki Demi\"}]},{\"@type\":\"WebSite\",\"@id\":\"https:\/\/nudu.pl\/#website\",\"url\":\"https:\/\/nudu.pl\/\",\"name\":\"NuDu Boutique Warszawa\",\"description\":\"Pocz\u0105tek pi\u0119knej przyja\u017ani\",\"publisher\":{\"@id\":\"https:\/\/nudu.pl\/#organization\"},\"potentialAction\":[{\"@type\":\"SearchAction\",\"target\":{\"@type\":\"EntryPoint\",\"urlTemplate\":\"https:\/\/nudu.pl\/?s={search_term_string}\"},\"query-input\":{\"@type\":\"PropertyValueSpecification\",\"valueRequired\":true,\"valueName\":\"search_term_string\"}}],\"inLanguage\":\"en-GB\"},{\"@type\":\"Organization\",\"@id\":\"https:\/\/nudu.pl\/#organization\",\"name\":\"NuDu Boutique Warszawa\",\"url\":\"https:\/\/nudu.pl\/\",\"logo\":{\"@type\":\"ImageObject\",\"inLanguage\":\"en-GB\",\"@id\":\"https:\/\/nudu.pl\/#\/schema\/logo\/image\/\",\"url\":\"https:\/\/nudu.pl\/wp-content\/uploads\/2024\/07\/NuDu-basic.svg\",\"contentUrl\":\"https:\/\/nudu.pl\/wp-content\/uploads\/2024\/07\/NuDu-basic.svg\",\"width\":166,\"height\":67,\"caption\":\"NuDu Boutique Warszawa\"},\"image\":{\"@id\":\"https:\/\/nudu.pl\/#\/schema\/logo\/image\/\"}}]}<\/script>\n<!-- \/ Yoast SEO plugin. -->","yoast_head_json":{"title":"bluzeczka z francuskiej koronki Demi - NuDu Boutique Warszawa","description":"Bluzeczka wykonana z francuskiej p\u0142askiej koronki. Bluzeczka z d\u0142ugim dopasowanym r\u0119kawem zako\u0144czonym mankietem. Zapiana z ty\u0142u. Idealnie skomponowana z sukienk\u0105 o kroju gorsetowym Demi z kolekcji NUDU WIOSNA LATO 2026","robots":{"index":"index","follow":"follow","max-snippet":"max-snippet:-1","max-image-preview":"max-image-preview:large","max-video-preview":"max-video-preview:-1"},"canonical":"https:\/\/nudu.pl\/en\/product\/bluzeczka-z-francuskiej-koronki-demi\/","og_locale":"en_GB","og_type":"article","og_title":"bluzeczka z francuskiej koronki Demi - NuDu Boutique Warszawa","og_description":"Bluzeczka wykonana z francuskiej p\u0142askiej koronki. Bluzeczka z d\u0142ugim dopasowanym r\u0119kawem zako\u0144czonym mankietem. Zapiana z ty\u0142u. Idealnie skomponowana z sukienk\u0105 o kroju gorsetowym Demi z kolekcji NUDU WIOSNA LATO 2026","og_url":"https:\/\/nudu.pl\/en\/product\/bluzeczka-z-francuskiej-koronki-demi\/","og_site_name":"NuDu Boutique Warszawa","article_modified_time":"2026-03-19T11:01:05+00:00","og_image":[{"width":1441,"height":2560,"url":"https:\/\/nudu.pl\/wp-content\/uploads\/2026\/03\/bluzeczka-z-francuskiej-koronki-scaled.jpg","type":"image\/jpeg"}],"twitter_card":"summary_large_image","twitter_misc":{"Estimated reading time":"1 minute"},"schema":{"@context":"https:\/\/schema.org","@graph":[{"@type":"WebPage","@id":"https:\/\/nudu.pl\/produkt\/bluzeczka-z-francuskiej-koronki-demi\/","url":"https:\/\/nudu.pl\/produkt\/bluzeczka-z-francuskiej-koronki-demi\/","name":"bluzeczka z francuskiej koronki Demi - NuDu Boutique Warszawa","isPartOf":{"@id":"https:\/\/nudu.pl\/#website"},"primaryImageOfPage":{"@id":"https:\/\/nudu.pl\/produkt\/bluzeczka-z-francuskiej-koronki-demi\/#primaryimage"},"image":{"@id":"https:\/\/nudu.pl\/produkt\/bluzeczka-z-francuskiej-koronki-demi\/#primaryimage"},"thumbnailUrl":"https:\/\/nudu.pl\/wp-content\/uploads\/2026\/03\/bluzeczka-z-francuskiej-koronki-scaled.jpg","datePublished":"2026-03-19T11:00:43+00:00","dateModified":"2026-03-19T11:01:05+00:00","description":"Bluzeczka wykonana z francuskiej p\u0142askiej koronki. Bluzeczka z d\u0142ugim dopasowanym r\u0119kawem zako\u0144czonym mankietem. Zapiana z ty\u0142u. Idealnie skomponowana z sukienk\u0105 o kroju gorsetowym Demi z kolekcji NUDU WIOSNA LATO 2026","breadcrumb":{"@id":"https:\/\/nudu.pl\/produkt\/bluzeczka-z-francuskiej-koronki-demi\/#breadcrumb"},"inLanguage":"en-GB","potentialAction":[{"@type":"ReadAction","target":["https:\/\/nudu.pl\/produkt\/bluzeczka-z-francuskiej-koronki-demi\/"]}]},{"@type":"ImageObject","inLanguage":"en-GB","@id":"https:\/\/nudu.pl\/produkt\/bluzeczka-z-francuskiej-koronki-demi\/#primaryimage","url":"https:\/\/nudu.pl\/wp-content\/uploads\/2026\/03\/bluzeczka-z-francuskiej-koronki-scaled.jpg","contentUrl":"https:\/\/nudu.pl\/wp-content\/uploads\/2026\/03\/bluzeczka-z-francuskiej-koronki-scaled.jpg","width":1441,"height":2560},{"@type":"BreadcrumbList","@id":"https:\/\/nudu.pl\/produkt\/bluzeczka-z-francuskiej-koronki-demi\/#breadcrumb","itemListElement":[{"@type":"ListItem","position":1,"name":"Home","item":"https:\/\/nudu.pl\/"},{"@type":"ListItem","position":2,"name":"Sklep","item":"https:\/\/nudu.pl\/sklep\/"},{"@type":"ListItem","position":3,"name":"bluzeczka z francuskiej koronki Demi"}]},{"@type":"WebSite","@id":"https:\/\/nudu.pl\/#website","url":"https:\/\/nudu.pl\/","name":"NuDu Boutique Warszawa","description":"Pocz\u0105tek pi\u0119knej przyja\u017ani","publisher":{"@id":"https:\/\/nudu.pl\/#organization"},"potentialAction":[{"@type":"SearchAction","target":{"@type":"EntryPoint","urlTemplate":"https:\/\/nudu.pl\/?s={search_term_string}"},"query-input":{"@type":"PropertyValueSpecification","valueRequired":true,"valueName":"search_term_string"}}],"inLanguage":"en-GB"},{"@type":"Organization","@id":"https:\/\/nudu.pl\/#organization","name":"NuDu Boutique Warszawa","url":"https:\/\/nudu.pl\/","logo":{"@type":"ImageObject","inLanguage":"en-GB","@id":"https:\/\/nudu.pl\/#\/schema\/logo\/image\/","url":"https:\/\/nudu.pl\/wp-content\/uploads\/2024\/07\/NuDu-basic.svg","contentUrl":"https:\/\/nudu.pl\/wp-content\/uploads\/2024\/07\/NuDu-basic.svg","width":166,"height":67,"caption":"NuDu Boutique Warszawa"},"image":{"@id":"https:\/\/nudu.pl\/#\/schema\/logo\/image\/"}}]}},"_links":{"self":[{"href":"https:\/\/nudu.pl\/en\/wp-json\/wp\/v2\/product\/11075","targetHints":{"allow":["GET"]}}],"collection":[{"href":"https:\/\/nudu.pl\/en\/wp-json\/wp\/v2\/product"}],"about":[{"href":"https:\/\/nudu.pl\/en\/wp-json\/wp\/v2\/types\/product"}],"wp:featuredmedia":[{"embeddable":true,"href":"https:\/\/nudu.pl\/en\/wp-json\/wp\/v2\/media\/11065"}],"wp:attachment":[{"href":"https:\/\/nudu.pl\/en\/wp-json\/wp\/v2\/media?parent=11075"}],"wp:term":[{"taxonomy":"product_brand","embeddable":true,"href":"https:\/\/nudu.pl\/en\/wp-json\/wp\/v2\/product_brand?post=11075"},{"taxonomy":"product_cat","embeddable":true,"href":"https:\/\/nudu.pl\/en\/wp-json\/wp\/v2\/product_cat?post=11075"},{"taxonomy":"product_tag","embeddable":true,"href":"https:\/\/nudu.pl\/en\/wp-json\/wp\/v2\/product_tag?post=11075"}],"curies":[{"name":"wp","href":"https:\/\/api.w.org\/{rel}","templated":true}]}}