{"id":11144,"date":"2026-03-27T19:29:05","date_gmt":"2026-03-27T18:29:05","guid":{"rendered":"https:\/\/nudu.pl\/?post_type=product&#038;p=11144"},"modified":"2026-03-27T19:29:05","modified_gmt":"2026-03-27T18:29:05","slug":"gorset-jedwabna-chmurka","status":"publish","type":"product","link":"https:\/\/nudu.pl\/en\/product\/gorset-jedwabna-chmurka\/","title":{"rendered":"gorset jedwabna chmurka"},"content":{"rendered":"<p>modeluj\u0105cy gorset wykonany ze 100% jedwabiu od \u015brodka odszyty tkanin\u0105 wiod\u0105c\u0105, dzi\u0119ki temu Twoja sk\u00f3ra czuje naturalny jedwab i jego naturalny sk\u0142ad<\/p>\n<p>projekt wykonany jest ze 100% jedwabiu w kolorze pastelowego s\u0142o\u0144ca, kszta\u0142t gorsetu schodzi w lini\u0119 tr\u00f3jk\u0105ta, co pozwala bardziej podkre\u015bli\u0107 i wymodelowa\u0107 lini\u0119 talii<\/p>\n<p>mierz\u0105c po boku d\u0142ugo\u015b\u0107 gorsetu 18cm<\/p>\n<p>gorset <em>chmurka jedwabna<\/em> posiada klasyczne wi\u0105zanie gorsetowe z ty\u0142u, ta\u015bma do wi\u0105zania gorsetu uszyta z tkaniny wiod\u0105cej, sk\u0142ad 100% jedwab<\/p>\n<p>gorset realizowany w rozmiarach S\/M oraz L\/XL lub Twoim indywidualnym rozmiarze<\/p>\n<p>produkt realizowany w ramach zam\u00f3wie\u0144<strong> pre order<\/strong>, czas relizacji 21-28 dni roboczych lub do wyczerpania zapasu tkanin.<\/p>\n<p>gorset realizujemy po podaniu wymiar\u00f3w, w autorskiej pracowni NUDU, o kt\u00f3re zapytamy Ci\u0119 po z\u0142o\u017ceniu zam\u00f3wienia.<\/p>","protected":false},"excerpt":{"rendered":"<p>modeluj\u0105cy gorset wykonany z naturalnego 100% jedwabiu w kolorze pastelowego s\u0142o\u0144ca<\/p>","protected":false},"featured_media":11134,"template":"","meta":{"_acf_changed":false},"product_brand":[259],"product_cat":[298],"product_tag":[309,384,382,383],"class_list":{"0":"post-11144","1":"product","2":"type-product","3":"status-publish","4":"has-post-thumbnail","6":"product_brand-nudu-2","7":"product_cat-gorsety","8":"product_tag-gorset","9":"product_tag-gorset-z-jedwabiu","10":"product_tag-gorset-z-wiazaniem","11":"product_tag-modelujacy-gorset","13":"first","14":"onbackorder","15":"taxable","16":"shipping-taxable","17":"purchasable","18":"product-type-simple"},"acf":[],"yoast_head":"<!-- This site is optimized with the Yoast SEO plugin v24.3 - https:\/\/yoast.com\/wordpress\/plugins\/seo\/ -->\n<title>gorset jedwabna chmurka - NuDu Boutique Warszawa<\/title>\n<meta name=\"description\" content=\"jedwabny gorset NUDU modeluje sylwetk\u0119 i podkre\u015bla tali\u0119 w bardzo kobiecym stylu. Posiada klasyczne wi\u0105zanie gorsetowe i kszta\u0142t schodz\u0105cy do linii tr\u00f3jk\u0105ta, kt\u00f3ry bardzo korzystnie buduje proporcje twojej sylwetki. Jedwabny, szykowny, idealny na wyj\u0105tkow\u0105 uroczysto\u015b\u0107. Uzupe\u0142nieniem stylizacji jest okrycie ramion w postaci etoli jakim jest projekt jedwabna chmurka.\" \/>\n<meta name=\"robots\" content=\"index, follow, max-snippet:-1, max-image-preview:large, max-video-preview:-1\" \/>\n<link rel=\"canonical\" href=\"https:\/\/nudu.pl\/en\/product\/gorset-jedwabna-chmurka\/\" \/>\n<meta property=\"og:locale\" content=\"en_GB\" \/>\n<meta property=\"og:type\" content=\"article\" \/>\n<meta property=\"og:title\" content=\"gorset jedwabna chmurka - NuDu Boutique Warszawa\" \/>\n<meta property=\"og:description\" content=\"jedwabny gorset NUDU modeluje sylwetk\u0119 i podkre\u015bla tali\u0119 w bardzo kobiecym stylu. Posiada klasyczne wi\u0105zanie gorsetowe i kszta\u0142t schodz\u0105cy do linii tr\u00f3jk\u0105ta, kt\u00f3ry bardzo korzystnie buduje proporcje twojej sylwetki. Jedwabny, szykowny, idealny na wyj\u0105tkow\u0105 uroczysto\u015b\u0107. Uzupe\u0142nieniem stylizacji jest okrycie ramion w postaci etoli jakim jest projekt jedwabna chmurka.\" \/>\n<meta property=\"og:url\" content=\"https:\/\/nudu.pl\/en\/product\/gorset-jedwabna-chmurka\/\" \/>\n<meta property=\"og:site_name\" content=\"NuDu Boutique Warszawa\" \/>\n<meta property=\"og:image\" content=\"https:\/\/nudu.pl\/wp-content\/uploads\/2026\/03\/gorset-jedwabna-churka-scaled.jpg\" \/>\n\t<meta property=\"og:image:width\" content=\"1707\" \/>\n\t<meta property=\"og:image:height\" content=\"2560\" \/>\n\t<meta property=\"og:image:type\" content=\"image\/jpeg\" \/>\n<meta name=\"twitter:card\" content=\"summary_large_image\" \/>\n<meta name=\"twitter:label1\" content=\"Estimated reading time\" \/>\n\t<meta name=\"twitter:data1\" content=\"1 minute\" \/>\n<script type=\"application\/ld+json\" class=\"yoast-schema-graph\">{\"@context\":\"https:\/\/schema.org\",\"@graph\":[{\"@type\":\"WebPage\",\"@id\":\"https:\/\/nudu.pl\/produkt\/gorset-jedwabna-chmurka\/\",\"url\":\"https:\/\/nudu.pl\/produkt\/gorset-jedwabna-chmurka\/\",\"name\":\"gorset jedwabna chmurka - NuDu Boutique Warszawa\",\"isPartOf\":{\"@id\":\"https:\/\/nudu.pl\/#website\"},\"primaryImageOfPage\":{\"@id\":\"https:\/\/nudu.pl\/produkt\/gorset-jedwabna-chmurka\/#primaryimage\"},\"image\":{\"@id\":\"https:\/\/nudu.pl\/produkt\/gorset-jedwabna-chmurka\/#primaryimage\"},\"thumbnailUrl\":\"https:\/\/nudu.pl\/wp-content\/uploads\/2026\/03\/gorset-jedwabna-churka-scaled.jpg\",\"datePublished\":\"2026-03-27T18:29:05+00:00\",\"dateModified\":\"2026-03-27T18:29:05+00:00\",\"description\":\"jedwabny gorset NUDU modeluje sylwetk\u0119 i podkre\u015bla tali\u0119 w bardzo kobiecym stylu. Posiada klasyczne wi\u0105zanie gorsetowe i kszta\u0142t schodz\u0105cy do linii tr\u00f3jk\u0105ta, kt\u00f3ry bardzo korzystnie buduje proporcje twojej sylwetki. Jedwabny, szykowny, idealny na wyj\u0105tkow\u0105 uroczysto\u015b\u0107. Uzupe\u0142nieniem stylizacji jest okrycie ramion w postaci etoli jakim jest projekt jedwabna chmurka.\",\"breadcrumb\":{\"@id\":\"https:\/\/nudu.pl\/produkt\/gorset-jedwabna-chmurka\/#breadcrumb\"},\"inLanguage\":\"en-GB\",\"potentialAction\":[{\"@type\":\"ReadAction\",\"target\":[\"https:\/\/nudu.pl\/produkt\/gorset-jedwabna-chmurka\/\"]}]},{\"@type\":\"ImageObject\",\"inLanguage\":\"en-GB\",\"@id\":\"https:\/\/nudu.pl\/produkt\/gorset-jedwabna-chmurka\/#primaryimage\",\"url\":\"https:\/\/nudu.pl\/wp-content\/uploads\/2026\/03\/gorset-jedwabna-churka-scaled.jpg\",\"contentUrl\":\"https:\/\/nudu.pl\/wp-content\/uploads\/2026\/03\/gorset-jedwabna-churka-scaled.jpg\",\"width\":1707,\"height\":2560},{\"@type\":\"BreadcrumbList\",\"@id\":\"https:\/\/nudu.pl\/produkt\/gorset-jedwabna-chmurka\/#breadcrumb\",\"itemListElement\":[{\"@type\":\"ListItem\",\"position\":1,\"name\":\"Home\",\"item\":\"https:\/\/nudu.pl\/\"},{\"@type\":\"ListItem\",\"position\":2,\"name\":\"Sklep\",\"item\":\"https:\/\/nudu.pl\/sklep\/\"},{\"@type\":\"ListItem\",\"position\":3,\"name\":\"gorset jedwabna chmurka\"}]},{\"@type\":\"WebSite\",\"@id\":\"https:\/\/nudu.pl\/#website\",\"url\":\"https:\/\/nudu.pl\/\",\"name\":\"NuDu Boutique Warszawa\",\"description\":\"Pocz\u0105tek pi\u0119knej przyja\u017ani\",\"publisher\":{\"@id\":\"https:\/\/nudu.pl\/#organization\"},\"potentialAction\":[{\"@type\":\"SearchAction\",\"target\":{\"@type\":\"EntryPoint\",\"urlTemplate\":\"https:\/\/nudu.pl\/?s={search_term_string}\"},\"query-input\":{\"@type\":\"PropertyValueSpecification\",\"valueRequired\":true,\"valueName\":\"search_term_string\"}}],\"inLanguage\":\"en-GB\"},{\"@type\":\"Organization\",\"@id\":\"https:\/\/nudu.pl\/#organization\",\"name\":\"NuDu Boutique Warszawa\",\"url\":\"https:\/\/nudu.pl\/\",\"logo\":{\"@type\":\"ImageObject\",\"inLanguage\":\"en-GB\",\"@id\":\"https:\/\/nudu.pl\/#\/schema\/logo\/image\/\",\"url\":\"https:\/\/nudu.pl\/wp-content\/uploads\/2024\/07\/NuDu-basic.svg\",\"contentUrl\":\"https:\/\/nudu.pl\/wp-content\/uploads\/2024\/07\/NuDu-basic.svg\",\"width\":166,\"height\":67,\"caption\":\"NuDu Boutique Warszawa\"},\"image\":{\"@id\":\"https:\/\/nudu.pl\/#\/schema\/logo\/image\/\"}}]}<\/script>\n<!-- \/ Yoast SEO plugin. -->","yoast_head_json":{"title":"gorset jedwabna chmurka - NuDu Boutique Warszawa","description":"jedwabny gorset NUDU modeluje sylwetk\u0119 i podkre\u015bla tali\u0119 w bardzo kobiecym stylu. Posiada klasyczne wi\u0105zanie gorsetowe i kszta\u0142t schodz\u0105cy do linii tr\u00f3jk\u0105ta, kt\u00f3ry bardzo korzystnie buduje proporcje twojej sylwetki. Jedwabny, szykowny, idealny na wyj\u0105tkow\u0105 uroczysto\u015b\u0107. Uzupe\u0142nieniem stylizacji jest okrycie ramion w postaci etoli jakim jest projekt jedwabna chmurka.","robots":{"index":"index","follow":"follow","max-snippet":"max-snippet:-1","max-image-preview":"max-image-preview:large","max-video-preview":"max-video-preview:-1"},"canonical":"https:\/\/nudu.pl\/en\/product\/gorset-jedwabna-chmurka\/","og_locale":"en_GB","og_type":"article","og_title":"gorset jedwabna chmurka - NuDu Boutique Warszawa","og_description":"jedwabny gorset NUDU modeluje sylwetk\u0119 i podkre\u015bla tali\u0119 w bardzo kobiecym stylu. Posiada klasyczne wi\u0105zanie gorsetowe i kszta\u0142t schodz\u0105cy do linii tr\u00f3jk\u0105ta, kt\u00f3ry bardzo korzystnie buduje proporcje twojej sylwetki. Jedwabny, szykowny, idealny na wyj\u0105tkow\u0105 uroczysto\u015b\u0107. Uzupe\u0142nieniem stylizacji jest okrycie ramion w postaci etoli jakim jest projekt jedwabna chmurka.","og_url":"https:\/\/nudu.pl\/en\/product\/gorset-jedwabna-chmurka\/","og_site_name":"NuDu Boutique Warszawa","og_image":[{"width":1707,"height":2560,"url":"https:\/\/nudu.pl\/wp-content\/uploads\/2026\/03\/gorset-jedwabna-churka-scaled.jpg","type":"image\/jpeg"}],"twitter_card":"summary_large_image","twitter_misc":{"Estimated reading time":"1 minute"},"schema":{"@context":"https:\/\/schema.org","@graph":[{"@type":"WebPage","@id":"https:\/\/nudu.pl\/produkt\/gorset-jedwabna-chmurka\/","url":"https:\/\/nudu.pl\/produkt\/gorset-jedwabna-chmurka\/","name":"gorset jedwabna chmurka - NuDu Boutique Warszawa","isPartOf":{"@id":"https:\/\/nudu.pl\/#website"},"primaryImageOfPage":{"@id":"https:\/\/nudu.pl\/produkt\/gorset-jedwabna-chmurka\/#primaryimage"},"image":{"@id":"https:\/\/nudu.pl\/produkt\/gorset-jedwabna-chmurka\/#primaryimage"},"thumbnailUrl":"https:\/\/nudu.pl\/wp-content\/uploads\/2026\/03\/gorset-jedwabna-churka-scaled.jpg","datePublished":"2026-03-27T18:29:05+00:00","dateModified":"2026-03-27T18:29:05+00:00","description":"jedwabny gorset NUDU modeluje sylwetk\u0119 i podkre\u015bla tali\u0119 w bardzo kobiecym stylu. Posiada klasyczne wi\u0105zanie gorsetowe i kszta\u0142t schodz\u0105cy do linii tr\u00f3jk\u0105ta, kt\u00f3ry bardzo korzystnie buduje proporcje twojej sylwetki. Jedwabny, szykowny, idealny na wyj\u0105tkow\u0105 uroczysto\u015b\u0107. Uzupe\u0142nieniem stylizacji jest okrycie ramion w postaci etoli jakim jest projekt jedwabna chmurka.","breadcrumb":{"@id":"https:\/\/nudu.pl\/produkt\/gorset-jedwabna-chmurka\/#breadcrumb"},"inLanguage":"en-GB","potentialAction":[{"@type":"ReadAction","target":["https:\/\/nudu.pl\/produkt\/gorset-jedwabna-chmurka\/"]}]},{"@type":"ImageObject","inLanguage":"en-GB","@id":"https:\/\/nudu.pl\/produkt\/gorset-jedwabna-chmurka\/#primaryimage","url":"https:\/\/nudu.pl\/wp-content\/uploads\/2026\/03\/gorset-jedwabna-churka-scaled.jpg","contentUrl":"https:\/\/nudu.pl\/wp-content\/uploads\/2026\/03\/gorset-jedwabna-churka-scaled.jpg","width":1707,"height":2560},{"@type":"BreadcrumbList","@id":"https:\/\/nudu.pl\/produkt\/gorset-jedwabna-chmurka\/#breadcrumb","itemListElement":[{"@type":"ListItem","position":1,"name":"Home","item":"https:\/\/nudu.pl\/"},{"@type":"ListItem","position":2,"name":"Sklep","item":"https:\/\/nudu.pl\/sklep\/"},{"@type":"ListItem","position":3,"name":"gorset jedwabna chmurka"}]},{"@type":"WebSite","@id":"https:\/\/nudu.pl\/#website","url":"https:\/\/nudu.pl\/","name":"NuDu Boutique Warszawa","description":"Pocz\u0105tek pi\u0119knej przyja\u017ani","publisher":{"@id":"https:\/\/nudu.pl\/#organization"},"potentialAction":[{"@type":"SearchAction","target":{"@type":"EntryPoint","urlTemplate":"https:\/\/nudu.pl\/?s={search_term_string}"},"query-input":{"@type":"PropertyValueSpecification","valueRequired":true,"valueName":"search_term_string"}}],"inLanguage":"en-GB"},{"@type":"Organization","@id":"https:\/\/nudu.pl\/#organization","name":"NuDu Boutique Warszawa","url":"https:\/\/nudu.pl\/","logo":{"@type":"ImageObject","inLanguage":"en-GB","@id":"https:\/\/nudu.pl\/#\/schema\/logo\/image\/","url":"https:\/\/nudu.pl\/wp-content\/uploads\/2024\/07\/NuDu-basic.svg","contentUrl":"https:\/\/nudu.pl\/wp-content\/uploads\/2024\/07\/NuDu-basic.svg","width":166,"height":67,"caption":"NuDu Boutique Warszawa"},"image":{"@id":"https:\/\/nudu.pl\/#\/schema\/logo\/image\/"}}]}},"_links":{"self":[{"href":"https:\/\/nudu.pl\/en\/wp-json\/wp\/v2\/product\/11144","targetHints":{"allow":["GET"]}}],"collection":[{"href":"https:\/\/nudu.pl\/en\/wp-json\/wp\/v2\/product"}],"about":[{"href":"https:\/\/nudu.pl\/en\/wp-json\/wp\/v2\/types\/product"}],"wp:featuredmedia":[{"embeddable":true,"href":"https:\/\/nudu.pl\/en\/wp-json\/wp\/v2\/media\/11134"}],"wp:attachment":[{"href":"https:\/\/nudu.pl\/en\/wp-json\/wp\/v2\/media?parent=11144"}],"wp:term":[{"taxonomy":"product_brand","embeddable":true,"href":"https:\/\/nudu.pl\/en\/wp-json\/wp\/v2\/product_brand?post=11144"},{"taxonomy":"product_cat","embeddable":true,"href":"https:\/\/nudu.pl\/en\/wp-json\/wp\/v2\/product_cat?post=11144"},{"taxonomy":"product_tag","embeddable":true,"href":"https:\/\/nudu.pl\/en\/wp-json\/wp\/v2\/product_tag?post=11144"}],"curies":[{"name":"wp","href":"https:\/\/api.w.org\/{rel}","templated":true}]}}