{"id":11147,"date":"2026-03-27T19:48:43","date_gmt":"2026-03-27T18:48:43","guid":{"rendered":"https:\/\/nudu.pl\/?post_type=product&#038;p=11147"},"modified":"2026-03-27T19:48:43","modified_gmt":"2026-03-27T18:48:43","slug":"jedwabna-chmurka-nudu","status":"publish","type":"product","link":"https:\/\/nudu.pl\/en\/product\/jedwabna-chmurka-nudu\/","title":{"rendered":"jedwabna chmurka NUDU"},"content":{"rendered":"<div id=\"wpadminbar\" class=\"nojq\" data-no-translation=\"\">\n<div id=\"wp-toolbar\" class=\"quicklinks\" role=\"navigation\" aria-label=\"Pasek narz\u0119dzi\" data-no-translation-aria-label=\"\"><\/div>\n<\/div>\n<div id=\"page\" class=\"hfeed site\">\n<header class=\"elementor elementor-349 elementor-location-header\" data-elementor-type=\"header\" data-elementor-id=\"349\" data-elementor-post-type=\"elementor_library\">\n<section class=\"elementor-section elementor-top-section elementor-element elementor-element-75944a5 elementor-section-height-min-height elementor-section-stretched elementor-section-boxed elementor-section-height-default elementor-section-items-middle\" data-id=\"75944a5\" data-element_type=\"section\" data-settings=\"{&quot;stretch_section&quot;:&quot;section-stretched&quot;}\">\n<div class=\"elementor-container elementor-column-gap-no\">\n<div class=\"elementor-column elementor-col-33 elementor-top-column elementor-element elementor-element-4282b24 elementor-hidden-mobile elementor-hidden-tablet\" data-id=\"4282b24\" data-element_type=\"column\">\n<div class=\"elementor-widget-wrap elementor-element-populated\">\n<div class=\"elementor-element elementor-element-79546f7 toggle-icon--custom elementor-menu-cart--items-indicator-bubble elementor-menu-cart--show-subtotal-yes elementor-menu-cart--cart-type-side-cart elementor-menu-cart--show-remove-button-yes elementor-widget elementor-widget-woocommerce-menu-cart\" data-id=\"79546f7\" data-element_type=\"widget\" data-settings=\"{&quot;cart_type&quot;:&quot;side-cart&quot;,&quot;open_cart&quot;:&quot;click&quot;,&quot;automatically_open_cart&quot;:&quot;no&quot;}\" data-widget_type=\"woocommerce-menu-cart.default\">\n<div class=\"elementor-widget-container\">\n<div class=\"elementor-menu-cart__wrapper\">\n<div class=\"elementor-menu-cart__toggle_wrapper\">\n<div class=\"elementor-menu-cart__container elementor-lightbox\" aria-hidden=\"true\">\n<div class=\"elementor-menu-cart__main\" aria-hidden=\"true\">\n<div class=\"widget_shopping_cart_content\">\n<div class=\"elementor-menu-cart__products woocommerce-mini-cart cart woocommerce-cart-form__contents\">\n<div class=\"elementor-menu-cart__product woocommerce-cart-form__cart-item cart_item\"><\/div>\n<\/div>\n<\/div>\n<\/div>\n<\/div>\n<\/div>\n<\/div>\n<\/div>\n<\/div>\n<\/div>\n<\/div>\n<\/div>\n<\/section>\n<section class=\"elementor-section elementor-top-section elementor-element elementor-element-4e773a37 elementor-section-stretched elementor-section-height-min-height woncep-breadcrumb-build elementor-section-boxed elementor-section-height-default elementor-section-items-middle\" data-id=\"4e773a37\" data-element_type=\"section\" data-settings=\"{&quot;stretch_section&quot;:&quot;section-stretched&quot;,&quot;background_background&quot;:&quot;classic&quot;}\">\n<div class=\"elementor-container elementor-column-gap-no\">\n<div class=\"elementor-column elementor-col-100 elementor-top-column elementor-element elementor-element-5d5cc7fd\" data-id=\"5d5cc7fd\" data-element_type=\"column\">\n<div class=\"elementor-widget-wrap elementor-element-populated\">\n<div class=\"elementor-element elementor-element-d7fe79a elementor-widget elementor-widget-woocommerce-breadcrumb\" data-id=\"d7fe79a\" data-element_type=\"widget\" data-widget_type=\"woocommerce-breadcrumb.default\">\n<div class=\"elementor-widget-container\"><\/div>\n<\/div>\n<\/div>\n<\/div>\n<\/div>\n<\/section>\n<\/header>\n<div id=\"content\" class=\"site-content\" tabindex=\"-1\">\n<div class=\"col-full\">\n<div id=\"primary\" class=\"content-area\"><main id=\"main\" class=\"site-main\" role=\"main\"><\/p>\n<div id=\"product-11131\" class=\"product type-product post-11131 status-publish first onbackorder product_cat-odziez has-post-thumbnail taxable shipping-taxable purchasable product-type-simple woo-variation-gallery-product\">\n<div class=\"woocommerce-tabs wc-tabs-wrapper\">\n<div id=\"tab-description\" class=\"woocommerce-Tabs-panel woocommerce-Tabs-panel--description panel entry-content wc-tab\" role=\"tabpanel\" aria-labelledby=\"tab-title-description\">\n<p>jedwabna chmurka to projekt etoli od NUDU<\/p>\n<p><span dir=\"auto\">projekt wykonany jest ze 100% jedwabiu w kolorze pastelowego s\u0142o\u0144ca<\/span><\/p>\n<p><span dir=\"auto\">etola<\/span><span dir=\"auto\"> chmurka jedwabna to produkt w jednym rozmiarze, przy r\u0119kawach wyko\u0144czony tunelem<\/span><\/p>\n<p>idealnie otula ramiona, tworzy bufiasty wymiar r\u0119kaw\u00f3w<\/p>\n<p>delikatna i lekka jak ob\u0142ok doda szyku Twojej stylizacji<\/p>\n<p><span dir=\"auto\">chmurk\u0119 realizujemy w ramach zam\u00f3wie\u0144 <\/span><strong><span dir=\"auto\">pre order<\/span><\/strong><span dir=\"auto\"> , czas realizacji 14 dni roboczych lub do wyczerpania zapasu tkaniny.<\/span><\/p>\n<\/div>\n<\/div>\n<\/div>\n<p><\/main><\/div>\n<\/div>\n<\/div>\n<\/div>","protected":false},"excerpt":{"rendered":"<p>absolutnie lekka jak ob\u0142ok etola z naturalnego 100%\u00a0 jedwabiu<\/p>","protected":false},"featured_media":11136,"template":"","meta":{"_acf_changed":false},"product_brand":[251],"product_cat":[286,146],"product_tag":[386,385,387,289],"class_list":{"0":"post-11147","1":"product","2":"type-product","3":"status-publish","4":"has-post-thumbnail","6":"product_brand-nudu","7":"product_cat-narzutka","8":"product_cat-stylizacje","9":"product_tag-chmurka","10":"product_tag-etola","11":"product_tag-jedwabny-szal","12":"product_tag-narzutka","14":"first","15":"onbackorder","16":"taxable","17":"shipping-taxable","18":"purchasable","19":"product-type-simple"},"acf":[],"yoast_head":"<!-- This site is optimized with the Yoast SEO plugin v24.3 - https:\/\/yoast.com\/wordpress\/plugins\/seo\/ -->\n<title>jedwabna chmurka NUDU - NuDu Boutique Warszawa<\/title>\n<meta name=\"description\" content=\"absolutnie oryginalna cz\u0119\u015b\u0107 Twojej stylizacji to projekt chmurki jedwabnej od NUDU. Lekka, delikatna i niezwykle tr\u00f3jwymiarowa forma doda szyku i niepowtarzalno\u015bci Twojej stylizacji.\" \/>\n<meta name=\"robots\" content=\"index, follow, max-snippet:-1, max-image-preview:large, max-video-preview:-1\" \/>\n<link rel=\"canonical\" href=\"https:\/\/nudu.pl\/en\/product\/jedwabna-chmurka-nudu\/\" \/>\n<meta property=\"og:locale\" content=\"en_GB\" \/>\n<meta property=\"og:type\" content=\"article\" \/>\n<meta property=\"og:title\" content=\"jedwabna chmurka NUDU - NuDu Boutique Warszawa\" \/>\n<meta property=\"og:description\" content=\"absolutnie oryginalna cz\u0119\u015b\u0107 Twojej stylizacji to projekt chmurki jedwabnej od NUDU. Lekka, delikatna i niezwykle tr\u00f3jwymiarowa forma doda szyku i niepowtarzalno\u015bci Twojej stylizacji.\" \/>\n<meta property=\"og:url\" content=\"https:\/\/nudu.pl\/en\/product\/jedwabna-chmurka-nudu\/\" \/>\n<meta property=\"og:site_name\" content=\"NuDu Boutique Warszawa\" \/>\n<meta property=\"og:image\" content=\"https:\/\/nudu.pl\/wp-content\/uploads\/2026\/03\/jedwabna-chmurka-tyl-scaled.jpg\" \/>\n\t<meta property=\"og:image:width\" content=\"1707\" \/>\n\t<meta property=\"og:image:height\" content=\"2560\" \/>\n\t<meta property=\"og:image:type\" content=\"image\/jpeg\" \/>\n<meta name=\"twitter:card\" content=\"summary_large_image\" \/>\n<meta name=\"twitter:label1\" content=\"Estimated reading time\" \/>\n\t<meta name=\"twitter:data1\" content=\"1 minute\" \/>\n<script type=\"application\/ld+json\" class=\"yoast-schema-graph\">{\"@context\":\"https:\/\/schema.org\",\"@graph\":[{\"@type\":\"WebPage\",\"@id\":\"https:\/\/nudu.pl\/produkt\/jedwabna-chmurka-nudu\/\",\"url\":\"https:\/\/nudu.pl\/produkt\/jedwabna-chmurka-nudu\/\",\"name\":\"jedwabna chmurka NUDU - NuDu Boutique Warszawa\",\"isPartOf\":{\"@id\":\"https:\/\/nudu.pl\/#website\"},\"primaryImageOfPage\":{\"@id\":\"https:\/\/nudu.pl\/produkt\/jedwabna-chmurka-nudu\/#primaryimage\"},\"image\":{\"@id\":\"https:\/\/nudu.pl\/produkt\/jedwabna-chmurka-nudu\/#primaryimage\"},\"thumbnailUrl\":\"https:\/\/nudu.pl\/wp-content\/uploads\/2026\/03\/jedwabna-chmurka-tyl-scaled.jpg\",\"datePublished\":\"2026-03-27T18:48:43+00:00\",\"dateModified\":\"2026-03-27T18:48:43+00:00\",\"description\":\"absolutnie oryginalna cz\u0119\u015b\u0107 Twojej stylizacji to projekt chmurki jedwabnej od NUDU. Lekka, delikatna i niezwykle tr\u00f3jwymiarowa forma doda szyku i niepowtarzalno\u015bci Twojej stylizacji.\",\"breadcrumb\":{\"@id\":\"https:\/\/nudu.pl\/produkt\/jedwabna-chmurka-nudu\/#breadcrumb\"},\"inLanguage\":\"en-GB\",\"potentialAction\":[{\"@type\":\"ReadAction\",\"target\":[\"https:\/\/nudu.pl\/produkt\/jedwabna-chmurka-nudu\/\"]}]},{\"@type\":\"ImageObject\",\"inLanguage\":\"en-GB\",\"@id\":\"https:\/\/nudu.pl\/produkt\/jedwabna-chmurka-nudu\/#primaryimage\",\"url\":\"https:\/\/nudu.pl\/wp-content\/uploads\/2026\/03\/jedwabna-chmurka-tyl-scaled.jpg\",\"contentUrl\":\"https:\/\/nudu.pl\/wp-content\/uploads\/2026\/03\/jedwabna-chmurka-tyl-scaled.jpg\",\"width\":1707,\"height\":2560},{\"@type\":\"BreadcrumbList\",\"@id\":\"https:\/\/nudu.pl\/produkt\/jedwabna-chmurka-nudu\/#breadcrumb\",\"itemListElement\":[{\"@type\":\"ListItem\",\"position\":1,\"name\":\"Home\",\"item\":\"https:\/\/nudu.pl\/\"},{\"@type\":\"ListItem\",\"position\":2,\"name\":\"Sklep\",\"item\":\"https:\/\/nudu.pl\/sklep\/\"},{\"@type\":\"ListItem\",\"position\":3,\"name\":\"jedwabna chmurka NUDU\"}]},{\"@type\":\"WebSite\",\"@id\":\"https:\/\/nudu.pl\/#website\",\"url\":\"https:\/\/nudu.pl\/\",\"name\":\"NuDu Boutique Warszawa\",\"description\":\"Pocz\u0105tek pi\u0119knej przyja\u017ani\",\"publisher\":{\"@id\":\"https:\/\/nudu.pl\/#organization\"},\"potentialAction\":[{\"@type\":\"SearchAction\",\"target\":{\"@type\":\"EntryPoint\",\"urlTemplate\":\"https:\/\/nudu.pl\/?s={search_term_string}\"},\"query-input\":{\"@type\":\"PropertyValueSpecification\",\"valueRequired\":true,\"valueName\":\"search_term_string\"}}],\"inLanguage\":\"en-GB\"},{\"@type\":\"Organization\",\"@id\":\"https:\/\/nudu.pl\/#organization\",\"name\":\"NuDu Boutique Warszawa\",\"url\":\"https:\/\/nudu.pl\/\",\"logo\":{\"@type\":\"ImageObject\",\"inLanguage\":\"en-GB\",\"@id\":\"https:\/\/nudu.pl\/#\/schema\/logo\/image\/\",\"url\":\"https:\/\/nudu.pl\/wp-content\/uploads\/2024\/07\/NuDu-basic.svg\",\"contentUrl\":\"https:\/\/nudu.pl\/wp-content\/uploads\/2024\/07\/NuDu-basic.svg\",\"width\":166,\"height\":67,\"caption\":\"NuDu Boutique Warszawa\"},\"image\":{\"@id\":\"https:\/\/nudu.pl\/#\/schema\/logo\/image\/\"}}]}<\/script>\n<!-- \/ Yoast SEO plugin. -->","yoast_head_json":{"title":"jedwabna chmurka NUDU - NuDu Boutique Warszawa","description":"absolutnie oryginalna cz\u0119\u015b\u0107 Twojej stylizacji to projekt chmurki jedwabnej od NUDU. Lekka, delikatna i niezwykle tr\u00f3jwymiarowa forma doda szyku i niepowtarzalno\u015bci Twojej stylizacji.","robots":{"index":"index","follow":"follow","max-snippet":"max-snippet:-1","max-image-preview":"max-image-preview:large","max-video-preview":"max-video-preview:-1"},"canonical":"https:\/\/nudu.pl\/en\/product\/jedwabna-chmurka-nudu\/","og_locale":"en_GB","og_type":"article","og_title":"jedwabna chmurka NUDU - NuDu Boutique Warszawa","og_description":"absolutnie oryginalna cz\u0119\u015b\u0107 Twojej stylizacji to projekt chmurki jedwabnej od NUDU. Lekka, delikatna i niezwykle tr\u00f3jwymiarowa forma doda szyku i niepowtarzalno\u015bci Twojej stylizacji.","og_url":"https:\/\/nudu.pl\/en\/product\/jedwabna-chmurka-nudu\/","og_site_name":"NuDu Boutique Warszawa","og_image":[{"width":1707,"height":2560,"url":"https:\/\/nudu.pl\/wp-content\/uploads\/2026\/03\/jedwabna-chmurka-tyl-scaled.jpg","type":"image\/jpeg"}],"twitter_card":"summary_large_image","twitter_misc":{"Estimated reading time":"1 minute"},"schema":{"@context":"https:\/\/schema.org","@graph":[{"@type":"WebPage","@id":"https:\/\/nudu.pl\/produkt\/jedwabna-chmurka-nudu\/","url":"https:\/\/nudu.pl\/produkt\/jedwabna-chmurka-nudu\/","name":"jedwabna chmurka NUDU - NuDu Boutique Warszawa","isPartOf":{"@id":"https:\/\/nudu.pl\/#website"},"primaryImageOfPage":{"@id":"https:\/\/nudu.pl\/produkt\/jedwabna-chmurka-nudu\/#primaryimage"},"image":{"@id":"https:\/\/nudu.pl\/produkt\/jedwabna-chmurka-nudu\/#primaryimage"},"thumbnailUrl":"https:\/\/nudu.pl\/wp-content\/uploads\/2026\/03\/jedwabna-chmurka-tyl-scaled.jpg","datePublished":"2026-03-27T18:48:43+00:00","dateModified":"2026-03-27T18:48:43+00:00","description":"absolutnie oryginalna cz\u0119\u015b\u0107 Twojej stylizacji to projekt chmurki jedwabnej od NUDU. Lekka, delikatna i niezwykle tr\u00f3jwymiarowa forma doda szyku i niepowtarzalno\u015bci Twojej stylizacji.","breadcrumb":{"@id":"https:\/\/nudu.pl\/produkt\/jedwabna-chmurka-nudu\/#breadcrumb"},"inLanguage":"en-GB","potentialAction":[{"@type":"ReadAction","target":["https:\/\/nudu.pl\/produkt\/jedwabna-chmurka-nudu\/"]}]},{"@type":"ImageObject","inLanguage":"en-GB","@id":"https:\/\/nudu.pl\/produkt\/jedwabna-chmurka-nudu\/#primaryimage","url":"https:\/\/nudu.pl\/wp-content\/uploads\/2026\/03\/jedwabna-chmurka-tyl-scaled.jpg","contentUrl":"https:\/\/nudu.pl\/wp-content\/uploads\/2026\/03\/jedwabna-chmurka-tyl-scaled.jpg","width":1707,"height":2560},{"@type":"BreadcrumbList","@id":"https:\/\/nudu.pl\/produkt\/jedwabna-chmurka-nudu\/#breadcrumb","itemListElement":[{"@type":"ListItem","position":1,"name":"Home","item":"https:\/\/nudu.pl\/"},{"@type":"ListItem","position":2,"name":"Sklep","item":"https:\/\/nudu.pl\/sklep\/"},{"@type":"ListItem","position":3,"name":"jedwabna chmurka NUDU"}]},{"@type":"WebSite","@id":"https:\/\/nudu.pl\/#website","url":"https:\/\/nudu.pl\/","name":"NuDu Boutique Warszawa","description":"Pocz\u0105tek pi\u0119knej przyja\u017ani","publisher":{"@id":"https:\/\/nudu.pl\/#organization"},"potentialAction":[{"@type":"SearchAction","target":{"@type":"EntryPoint","urlTemplate":"https:\/\/nudu.pl\/?s={search_term_string}"},"query-input":{"@type":"PropertyValueSpecification","valueRequired":true,"valueName":"search_term_string"}}],"inLanguage":"en-GB"},{"@type":"Organization","@id":"https:\/\/nudu.pl\/#organization","name":"NuDu Boutique Warszawa","url":"https:\/\/nudu.pl\/","logo":{"@type":"ImageObject","inLanguage":"en-GB","@id":"https:\/\/nudu.pl\/#\/schema\/logo\/image\/","url":"https:\/\/nudu.pl\/wp-content\/uploads\/2024\/07\/NuDu-basic.svg","contentUrl":"https:\/\/nudu.pl\/wp-content\/uploads\/2024\/07\/NuDu-basic.svg","width":166,"height":67,"caption":"NuDu Boutique Warszawa"},"image":{"@id":"https:\/\/nudu.pl\/#\/schema\/logo\/image\/"}}]}},"_links":{"self":[{"href":"https:\/\/nudu.pl\/en\/wp-json\/wp\/v2\/product\/11147","targetHints":{"allow":["GET"]}}],"collection":[{"href":"https:\/\/nudu.pl\/en\/wp-json\/wp\/v2\/product"}],"about":[{"href":"https:\/\/nudu.pl\/en\/wp-json\/wp\/v2\/types\/product"}],"wp:featuredmedia":[{"embeddable":true,"href":"https:\/\/nudu.pl\/en\/wp-json\/wp\/v2\/media\/11136"}],"wp:attachment":[{"href":"https:\/\/nudu.pl\/en\/wp-json\/wp\/v2\/media?parent=11147"}],"wp:term":[{"taxonomy":"product_brand","embeddable":true,"href":"https:\/\/nudu.pl\/en\/wp-json\/wp\/v2\/product_brand?post=11147"},{"taxonomy":"product_cat","embeddable":true,"href":"https:\/\/nudu.pl\/en\/wp-json\/wp\/v2\/product_cat?post=11147"},{"taxonomy":"product_tag","embeddable":true,"href":"https:\/\/nudu.pl\/en\/wp-json\/wp\/v2\/product_tag?post=11147"}],"curies":[{"name":"wp","href":"https:\/\/api.w.org\/{rel}","templated":true}]}}