{"id":11167,"date":"2026-04-06T13:10:43","date_gmt":"2026-04-06T11:10:43","guid":{"rendered":"https:\/\/nudu.pl\/?post_type=product&#038;p=11167"},"modified":"2026-04-06T13:10:44","modified_gmt":"2026-04-06T11:10:44","slug":"mini-spodnica-emerald","status":"publish","type":"product","link":"https:\/\/nudu.pl\/en\/product\/mini-spodnica-emerald\/","title":{"rendered":"mini sp\u00f3dnica emerald"},"content":{"rendered":"<p>sp\u00f3dnica o d\u0142ugo\u015bci mini w kolorze emerald<\/p>\n<p>z jednego boku delikatnie uniesiona marszczeniem, kt\u00f3re podkre\u015blaj\u0105 dwie opadaj\u0105ce szarfy<\/p>\n<p>dodatkowo pomys\u0142em na stylizacj\u0119 jest kokarda, kt\u00f3r\u0105 mo\u017cesz odpi\u0105\u0107 od sp\u00f3dnicy<\/p>\n<p>d\u0142ugo\u015b\u0107 mierzona po d\u0142u\u017cszym boku 46cm<\/p>\n<p>sp\u00f3dnica wykonana ze 100% bawe\u0142ny z faktur\u0105 delikatnie pogniecionej tkaniny<\/p>\n<p>sp\u00f3dnica odszyta jest tkanin\u0105 wiod\u0105c\u0105, zapinana na zamek kryty<\/p>\n<p>w przypadku braku dost\u0119pno\u015bci na magazynie, sp\u00f3dnica b\u0119dzie realizowana w ramach zam\u00f3wie\u0144 pre order czas realizacji 14 dni<\/p>\n<p>je\u015bli chcesz z\u0142o\u017cy\u0107 zam\u00f3wienie w ramach indywidualnych ustale\u0144 rozmiaru, napisz je w uwagach<\/p>","protected":false},"excerpt":{"rendered":"<p>sp\u00f3dnica w kolorze emerald, dawniej nazywanym zieleni\u0105 paryskiej lub imperialn\u0105<\/p>","protected":false},"featured_media":10867,"template":"","meta":{"_acf_changed":false},"product_brand":[259],"product_cat":[141],"product_tag":[388,314,390,391,392],"class_list":{"0":"post-11167","1":"product","2":"type-product","3":"status-publish","4":"has-post-thumbnail","6":"product_brand-nudu-2","7":"product_cat-spodnica","8":"product_tag-spodnica","9":"product_tag-spodnica-mini","10":"product_tag-spodnica-z-kokarda","11":"product_tag-spodnica-z-szarfa","12":"product_tag-spodnica-zielona-nudu","14":"first","15":"onbackorder","16":"taxable","17":"shipping-taxable","18":"purchasable","19":"product-type-simple"},"acf":[],"yoast_head":"<!-- This site is optimized with the Yoast SEO plugin v24.3 - https:\/\/yoast.com\/wordpress\/plugins\/seo\/ -->\n<title>mini sp\u00f3dnica emerald - NuDu Boutique Warszawa<\/title>\n<meta name=\"description\" content=\"Sp\u00f3dnica o d\u0142ugo\u015bci mini z dwiema szarfami i odpinan\u0105 +kokard\u0105, dost\u0119pna w pi\u0119knym odcieniu emerald. Idealnie skomponowana z koszul\u0105 Lala w tym samym odcieniu. Set w kolorze emerald to zestaw, kt\u00f3ry wykorzystasz w wersji casualowej, jak r\u00f3wnie\u017c na wyj\u0105tkowe wyj\u015bcie do wysokich obcas\u00f3w. Ziele\u0144 w odcieniu emerald jest bardziej z\u0142o\u017cona. To odcie\u0144 pomi\u0119dzy barw\u0105 morsk\u0105, a zieleni\u0105 butelkow\u0105. Kolor ten w przesz\u0142o\u015bci nazywany by\u0142 zieleni\u0105 parysk\u0105 lub zieleni\u0105 imperialn\u0105.\" \/>\n<meta name=\"robots\" content=\"index, follow, max-snippet:-1, max-image-preview:large, max-video-preview:-1\" \/>\n<link rel=\"canonical\" href=\"https:\/\/nudu.pl\/en\/product\/mini-spodnica-emerald\/\" \/>\n<meta property=\"og:locale\" content=\"en_GB\" \/>\n<meta property=\"og:type\" content=\"article\" \/>\n<meta property=\"og:title\" content=\"mini sp\u00f3dnica emerald - NuDu Boutique Warszawa\" \/>\n<meta property=\"og:description\" content=\"Sp\u00f3dnica o d\u0142ugo\u015bci mini z dwiema szarfami i odpinan\u0105 +kokard\u0105, dost\u0119pna w pi\u0119knym odcieniu emerald. Idealnie skomponowana z koszul\u0105 Lala w tym samym odcieniu. Set w kolorze emerald to zestaw, kt\u00f3ry wykorzystasz w wersji casualowej, jak r\u00f3wnie\u017c na wyj\u0105tkowe wyj\u015bcie do wysokich obcas\u00f3w. Ziele\u0144 w odcieniu emerald jest bardziej z\u0142o\u017cona. To odcie\u0144 pomi\u0119dzy barw\u0105 morsk\u0105, a zieleni\u0105 butelkow\u0105. Kolor ten w przesz\u0142o\u015bci nazywany by\u0142 zieleni\u0105 parysk\u0105 lub zieleni\u0105 imperialn\u0105.\" \/>\n<meta property=\"og:url\" content=\"https:\/\/nudu.pl\/en\/product\/mini-spodnica-emerald\/\" \/>\n<meta property=\"og:site_name\" content=\"NuDu Boutique Warszawa\" \/>\n<meta property=\"article:modified_time\" content=\"2026-04-06T11:10:44+00:00\" \/>\n<meta property=\"og:image\" content=\"https:\/\/nudu.pl\/wp-content\/uploads\/2026\/03\/klasyczna-biala-koszula-scaled.jpg\" \/>\n\t<meta property=\"og:image:width\" content=\"1707\" \/>\n\t<meta property=\"og:image:height\" content=\"2560\" \/>\n\t<meta property=\"og:image:type\" content=\"image\/jpeg\" \/>\n<meta name=\"twitter:card\" content=\"summary_large_image\" \/>\n<meta name=\"twitter:label1\" content=\"Estimated reading time\" \/>\n\t<meta name=\"twitter:data1\" content=\"1 minute\" \/>\n<script type=\"application\/ld+json\" class=\"yoast-schema-graph\">{\"@context\":\"https:\/\/schema.org\",\"@graph\":[{\"@type\":\"WebPage\",\"@id\":\"https:\/\/nudu.pl\/produkt\/mini-spodnica-emerald\/\",\"url\":\"https:\/\/nudu.pl\/produkt\/mini-spodnica-emerald\/\",\"name\":\"mini sp\u00f3dnica emerald - NuDu Boutique Warszawa\",\"isPartOf\":{\"@id\":\"https:\/\/nudu.pl\/#website\"},\"primaryImageOfPage\":{\"@id\":\"https:\/\/nudu.pl\/produkt\/mini-spodnica-emerald\/#primaryimage\"},\"image\":{\"@id\":\"https:\/\/nudu.pl\/produkt\/mini-spodnica-emerald\/#primaryimage\"},\"thumbnailUrl\":\"https:\/\/nudu.pl\/wp-content\/uploads\/2026\/03\/klasyczna-biala-koszula-scaled.jpg\",\"datePublished\":\"2026-04-06T11:10:43+00:00\",\"dateModified\":\"2026-04-06T11:10:44+00:00\",\"description\":\"Sp\u00f3dnica o d\u0142ugo\u015bci mini z dwiema szarfami i odpinan\u0105 +kokard\u0105, dost\u0119pna w pi\u0119knym odcieniu emerald. Idealnie skomponowana z koszul\u0105 Lala w tym samym odcieniu. Set w kolorze emerald to zestaw, kt\u00f3ry wykorzystasz w wersji casualowej, jak r\u00f3wnie\u017c na wyj\u0105tkowe wyj\u015bcie do wysokich obcas\u00f3w. Ziele\u0144 w odcieniu emerald jest bardziej z\u0142o\u017cona. To odcie\u0144 pomi\u0119dzy barw\u0105 morsk\u0105, a zieleni\u0105 butelkow\u0105. Kolor ten w przesz\u0142o\u015bci nazywany by\u0142 zieleni\u0105 parysk\u0105 lub zieleni\u0105 imperialn\u0105.\",\"breadcrumb\":{\"@id\":\"https:\/\/nudu.pl\/produkt\/mini-spodnica-emerald\/#breadcrumb\"},\"inLanguage\":\"en-GB\",\"potentialAction\":[{\"@type\":\"ReadAction\",\"target\":[\"https:\/\/nudu.pl\/produkt\/mini-spodnica-emerald\/\"]}]},{\"@type\":\"ImageObject\",\"inLanguage\":\"en-GB\",\"@id\":\"https:\/\/nudu.pl\/produkt\/mini-spodnica-emerald\/#primaryimage\",\"url\":\"https:\/\/nudu.pl\/wp-content\/uploads\/2026\/03\/klasyczna-biala-koszula-scaled.jpg\",\"contentUrl\":\"https:\/\/nudu.pl\/wp-content\/uploads\/2026\/03\/klasyczna-biala-koszula-scaled.jpg\",\"width\":1707,\"height\":2560},{\"@type\":\"BreadcrumbList\",\"@id\":\"https:\/\/nudu.pl\/produkt\/mini-spodnica-emerald\/#breadcrumb\",\"itemListElement\":[{\"@type\":\"ListItem\",\"position\":1,\"name\":\"Home\",\"item\":\"https:\/\/nudu.pl\/\"},{\"@type\":\"ListItem\",\"position\":2,\"name\":\"Sklep\",\"item\":\"https:\/\/nudu.pl\/sklep\/\"},{\"@type\":\"ListItem\",\"position\":3,\"name\":\"mini sp\u00f3dnica emerald\"}]},{\"@type\":\"WebSite\",\"@id\":\"https:\/\/nudu.pl\/#website\",\"url\":\"https:\/\/nudu.pl\/\",\"name\":\"NuDu Boutique Warszawa\",\"description\":\"Pocz\u0105tek pi\u0119knej przyja\u017ani\",\"publisher\":{\"@id\":\"https:\/\/nudu.pl\/#organization\"},\"potentialAction\":[{\"@type\":\"SearchAction\",\"target\":{\"@type\":\"EntryPoint\",\"urlTemplate\":\"https:\/\/nudu.pl\/?s={search_term_string}\"},\"query-input\":{\"@type\":\"PropertyValueSpecification\",\"valueRequired\":true,\"valueName\":\"search_term_string\"}}],\"inLanguage\":\"en-GB\"},{\"@type\":\"Organization\",\"@id\":\"https:\/\/nudu.pl\/#organization\",\"name\":\"NuDu Boutique Warszawa\",\"url\":\"https:\/\/nudu.pl\/\",\"logo\":{\"@type\":\"ImageObject\",\"inLanguage\":\"en-GB\",\"@id\":\"https:\/\/nudu.pl\/#\/schema\/logo\/image\/\",\"url\":\"https:\/\/nudu.pl\/wp-content\/uploads\/2024\/07\/NuDu-basic.svg\",\"contentUrl\":\"https:\/\/nudu.pl\/wp-content\/uploads\/2024\/07\/NuDu-basic.svg\",\"width\":166,\"height\":67,\"caption\":\"NuDu Boutique Warszawa\"},\"image\":{\"@id\":\"https:\/\/nudu.pl\/#\/schema\/logo\/image\/\"}}]}<\/script>\n<!-- \/ Yoast SEO plugin. -->","yoast_head_json":{"title":"mini sp\u00f3dnica emerald - NuDu Boutique Warszawa","description":"Sp\u00f3dnica o d\u0142ugo\u015bci mini z dwiema szarfami i odpinan\u0105 +kokard\u0105, dost\u0119pna w pi\u0119knym odcieniu emerald. Idealnie skomponowana z koszul\u0105 Lala w tym samym odcieniu. Set w kolorze emerald to zestaw, kt\u00f3ry wykorzystasz w wersji casualowej, jak r\u00f3wnie\u017c na wyj\u0105tkowe wyj\u015bcie do wysokich obcas\u00f3w. Ziele\u0144 w odcieniu emerald jest bardziej z\u0142o\u017cona. To odcie\u0144 pomi\u0119dzy barw\u0105 morsk\u0105, a zieleni\u0105 butelkow\u0105. Kolor ten w przesz\u0142o\u015bci nazywany by\u0142 zieleni\u0105 parysk\u0105 lub zieleni\u0105 imperialn\u0105.","robots":{"index":"index","follow":"follow","max-snippet":"max-snippet:-1","max-image-preview":"max-image-preview:large","max-video-preview":"max-video-preview:-1"},"canonical":"https:\/\/nudu.pl\/en\/product\/mini-spodnica-emerald\/","og_locale":"en_GB","og_type":"article","og_title":"mini sp\u00f3dnica emerald - NuDu Boutique Warszawa","og_description":"Sp\u00f3dnica o d\u0142ugo\u015bci mini z dwiema szarfami i odpinan\u0105 +kokard\u0105, dost\u0119pna w pi\u0119knym odcieniu emerald. Idealnie skomponowana z koszul\u0105 Lala w tym samym odcieniu. Set w kolorze emerald to zestaw, kt\u00f3ry wykorzystasz w wersji casualowej, jak r\u00f3wnie\u017c na wyj\u0105tkowe wyj\u015bcie do wysokich obcas\u00f3w. Ziele\u0144 w odcieniu emerald jest bardziej z\u0142o\u017cona. To odcie\u0144 pomi\u0119dzy barw\u0105 morsk\u0105, a zieleni\u0105 butelkow\u0105. Kolor ten w przesz\u0142o\u015bci nazywany by\u0142 zieleni\u0105 parysk\u0105 lub zieleni\u0105 imperialn\u0105.","og_url":"https:\/\/nudu.pl\/en\/product\/mini-spodnica-emerald\/","og_site_name":"NuDu Boutique Warszawa","article_modified_time":"2026-04-06T11:10:44+00:00","og_image":[{"width":1707,"height":2560,"url":"https:\/\/nudu.pl\/wp-content\/uploads\/2026\/03\/klasyczna-biala-koszula-scaled.jpg","type":"image\/jpeg"}],"twitter_card":"summary_large_image","twitter_misc":{"Estimated reading time":"1 minute"},"schema":{"@context":"https:\/\/schema.org","@graph":[{"@type":"WebPage","@id":"https:\/\/nudu.pl\/produkt\/mini-spodnica-emerald\/","url":"https:\/\/nudu.pl\/produkt\/mini-spodnica-emerald\/","name":"mini sp\u00f3dnica emerald - NuDu Boutique Warszawa","isPartOf":{"@id":"https:\/\/nudu.pl\/#website"},"primaryImageOfPage":{"@id":"https:\/\/nudu.pl\/produkt\/mini-spodnica-emerald\/#primaryimage"},"image":{"@id":"https:\/\/nudu.pl\/produkt\/mini-spodnica-emerald\/#primaryimage"},"thumbnailUrl":"https:\/\/nudu.pl\/wp-content\/uploads\/2026\/03\/klasyczna-biala-koszula-scaled.jpg","datePublished":"2026-04-06T11:10:43+00:00","dateModified":"2026-04-06T11:10:44+00:00","description":"Sp\u00f3dnica o d\u0142ugo\u015bci mini z dwiema szarfami i odpinan\u0105 +kokard\u0105, dost\u0119pna w pi\u0119knym odcieniu emerald. Idealnie skomponowana z koszul\u0105 Lala w tym samym odcieniu. Set w kolorze emerald to zestaw, kt\u00f3ry wykorzystasz w wersji casualowej, jak r\u00f3wnie\u017c na wyj\u0105tkowe wyj\u015bcie do wysokich obcas\u00f3w. Ziele\u0144 w odcieniu emerald jest bardziej z\u0142o\u017cona. To odcie\u0144 pomi\u0119dzy barw\u0105 morsk\u0105, a zieleni\u0105 butelkow\u0105. Kolor ten w przesz\u0142o\u015bci nazywany by\u0142 zieleni\u0105 parysk\u0105 lub zieleni\u0105 imperialn\u0105.","breadcrumb":{"@id":"https:\/\/nudu.pl\/produkt\/mini-spodnica-emerald\/#breadcrumb"},"inLanguage":"en-GB","potentialAction":[{"@type":"ReadAction","target":["https:\/\/nudu.pl\/produkt\/mini-spodnica-emerald\/"]}]},{"@type":"ImageObject","inLanguage":"en-GB","@id":"https:\/\/nudu.pl\/produkt\/mini-spodnica-emerald\/#primaryimage","url":"https:\/\/nudu.pl\/wp-content\/uploads\/2026\/03\/klasyczna-biala-koszula-scaled.jpg","contentUrl":"https:\/\/nudu.pl\/wp-content\/uploads\/2026\/03\/klasyczna-biala-koszula-scaled.jpg","width":1707,"height":2560},{"@type":"BreadcrumbList","@id":"https:\/\/nudu.pl\/produkt\/mini-spodnica-emerald\/#breadcrumb","itemListElement":[{"@type":"ListItem","position":1,"name":"Home","item":"https:\/\/nudu.pl\/"},{"@type":"ListItem","position":2,"name":"Sklep","item":"https:\/\/nudu.pl\/sklep\/"},{"@type":"ListItem","position":3,"name":"mini sp\u00f3dnica emerald"}]},{"@type":"WebSite","@id":"https:\/\/nudu.pl\/#website","url":"https:\/\/nudu.pl\/","name":"NuDu Boutique Warszawa","description":"Pocz\u0105tek pi\u0119knej przyja\u017ani","publisher":{"@id":"https:\/\/nudu.pl\/#organization"},"potentialAction":[{"@type":"SearchAction","target":{"@type":"EntryPoint","urlTemplate":"https:\/\/nudu.pl\/?s={search_term_string}"},"query-input":{"@type":"PropertyValueSpecification","valueRequired":true,"valueName":"search_term_string"}}],"inLanguage":"en-GB"},{"@type":"Organization","@id":"https:\/\/nudu.pl\/#organization","name":"NuDu Boutique Warszawa","url":"https:\/\/nudu.pl\/","logo":{"@type":"ImageObject","inLanguage":"en-GB","@id":"https:\/\/nudu.pl\/#\/schema\/logo\/image\/","url":"https:\/\/nudu.pl\/wp-content\/uploads\/2024\/07\/NuDu-basic.svg","contentUrl":"https:\/\/nudu.pl\/wp-content\/uploads\/2024\/07\/NuDu-basic.svg","width":166,"height":67,"caption":"NuDu Boutique Warszawa"},"image":{"@id":"https:\/\/nudu.pl\/#\/schema\/logo\/image\/"}}]}},"_links":{"self":[{"href":"https:\/\/nudu.pl\/en\/wp-json\/wp\/v2\/product\/11167","targetHints":{"allow":["GET"]}}],"collection":[{"href":"https:\/\/nudu.pl\/en\/wp-json\/wp\/v2\/product"}],"about":[{"href":"https:\/\/nudu.pl\/en\/wp-json\/wp\/v2\/types\/product"}],"wp:featuredmedia":[{"embeddable":true,"href":"https:\/\/nudu.pl\/en\/wp-json\/wp\/v2\/media\/10867"}],"wp:attachment":[{"href":"https:\/\/nudu.pl\/en\/wp-json\/wp\/v2\/media?parent=11167"}],"wp:term":[{"taxonomy":"product_brand","embeddable":true,"href":"https:\/\/nudu.pl\/en\/wp-json\/wp\/v2\/product_brand?post=11167"},{"taxonomy":"product_cat","embeddable":true,"href":"https:\/\/nudu.pl\/en\/wp-json\/wp\/v2\/product_cat?post=11167"},{"taxonomy":"product_tag","embeddable":true,"href":"https:\/\/nudu.pl\/en\/wp-json\/wp\/v2\/product_tag?post=11167"}],"curies":[{"name":"wp","href":"https:\/\/api.w.org\/{rel}","templated":true}]}}