{"id":11179,"date":"2026-04-12T19:18:49","date_gmt":"2026-04-12T17:18:49","guid":{"rendered":"https:\/\/nudu.pl\/?post_type=product&#038;p=11179"},"modified":"2026-04-12T19:39:37","modified_gmt":"2026-04-12T17:39:37","slug":"koszula-dotyk-miekkosci","status":"publish","type":"product","link":"https:\/\/nudu.pl\/en\/product\/koszula-dotyk-miekkosci\/","title":{"rendered":"koszula DOTYK mi\u0119kko\u015bci"},"content":{"rendered":"<ul>\n<li>zaprojektowana w kroju oversize\u2019owym<\/li>\n<li>koszula o wyd\u0142u\u017conej formie ty\u0142u z d\u0142ugim r\u0119kawem<\/li>\n<li>has a covered button placket<\/li>\n<li>two-button cuff<\/li>\n<li>has a pocket on the left side<\/li>\n<li>d\u0142ugo\u015b\u0107 koszuli mierzona ty\u0142em 84cm<\/li>\n<li>wykonana z wysokiej jako\u015bci tkaniny w 100% naturalnej o splocie cupro<\/li>\n<li>mi\u0119kka w dotyku, uszyta z tkaniny przypominaj\u0105cej sk\u00f3rk\u0119 brzoskwini, dzi\u0119ki temu tkanina zyskuje g\u0142\u0119bi\u0119 koloru<\/li>\n<li>niezwykle przyjemna dla sk\u00f3ry, daje komfort noszenia przez ca\u0142y dzie\u0144<\/li>\n<li>elegancki delikatnie lej\u0105cy materia\u0142<\/li>\n<li>koszula posiada dodatkow\u0105 nap\u0119 do podpi\u0119cia przodu<\/li>\n<li>product designed and sewn in Poland<\/li>\n<li>produkt realizowany w ramach zam\u00f3wie\u0144 PRE ORDER, czas realizacji do 21 dni roboczych<\/li>\n<\/ul>","protected":false},"excerpt":{"rendered":"<p>koszula rozpinana z wyd\u0142u\u017conym ty\u0142em i d\u0142ugim r\u0119kawem, rozpieszcza mi\u0119kko\u015bci\u0105 w dotyku i g\u0142\u0119bi\u0105 koloru<\/p>","protected":false},"featured_media":11182,"template":"","meta":{"_acf_changed":false},"product_brand":[259],"product_cat":[124],"product_tag":[397,135,398,396,400,399],"class_list":{"0":"post-11179","1":"product","2":"type-product","3":"status-publish","4":"has-post-thumbnail","6":"product_brand-nudu-2","7":"product_cat-kobieta","8":"product_tag-dluga-koszula-damska","9":"product_tag-koszula-oversize","10":"product_tag-koszula-w-kolorze-fukcji","11":"product_tag-koszula-z-wiskozy","12":"product_tag-pastelowy-roz-koszula-oversize","13":"product_tag-pomaranczowa-koszula-oversize","14":"pa_kolory-fuksja","15":"pa_kolory-nasycony-pastelowy-roz","16":"pa_kolory-pomarancz","18":"first","19":"instock","20":"taxable","21":"shipping-taxable","22":"purchasable","23":"product-type-variable","24":"has-default-attributes","25":"wvs-archive-product-wrapper"},"acf":[],"yoast_head":"<!-- This site is optimized with the Yoast SEO plugin v24.3 - https:\/\/yoast.com\/wordpress\/plugins\/seo\/ -->\n<title>koszula DOTYK mi\u0119kko\u015bci - NuDu Boutique Warszawa<\/title>\n<meta name=\"description\" content=\"Koszula damska wykonana z mi\u0119kkiej tkaniny o splocie cupro, przypominaj\u0105cej w dotyku sk\u00f3rk\u0119 brzoskwini. Materia\u0142 jest lekki, oddychaj\u0105cy i przyjemny dla sk\u00f3ry. Nowa kolekcja NUDU koszul ze 100% wiskozy w ob\u0142\u0119dnych kolorach pastelowego r\u00f3\u017cu, fuksji i pomara\u0144czu. T\u0119 koszul\u0119 pokochasz za mi\u0119kko\u015b\u0107 dotyku. Otulaj\u0105ca koszula, idealna na letnie stylizacje.\" \/>\n<meta name=\"robots\" content=\"index, follow, max-snippet:-1, max-image-preview:large, max-video-preview:-1\" \/>\n<link rel=\"canonical\" href=\"https:\/\/nudu.pl\/en\/product\/koszula-dotyk-miekkosci\/\" \/>\n<meta property=\"og:locale\" content=\"en_GB\" \/>\n<meta property=\"og:type\" content=\"article\" \/>\n<meta property=\"og:title\" content=\"koszula DOTYK mi\u0119kko\u015bci - NuDu Boutique Warszawa\" \/>\n<meta property=\"og:description\" content=\"Koszula damska wykonana z mi\u0119kkiej tkaniny o splocie cupro, przypominaj\u0105cej w dotyku sk\u00f3rk\u0119 brzoskwini. Materia\u0142 jest lekki, oddychaj\u0105cy i przyjemny dla sk\u00f3ry. Nowa kolekcja NUDU koszul ze 100% wiskozy w ob\u0142\u0119dnych kolorach pastelowego r\u00f3\u017cu, fuksji i pomara\u0144czu. T\u0119 koszul\u0119 pokochasz za mi\u0119kko\u015b\u0107 dotyku. Otulaj\u0105ca koszula, idealna na letnie stylizacje.\" \/>\n<meta property=\"og:url\" content=\"https:\/\/nudu.pl\/en\/product\/koszula-dotyk-miekkosci\/\" \/>\n<meta property=\"og:site_name\" content=\"NuDu Boutique Warszawa\" \/>\n<meta property=\"article:modified_time\" content=\"2026-04-12T17:39:37+00:00\" \/>\n<meta property=\"og:image\" content=\"https:\/\/nudu.pl\/wp-content\/uploads\/2026\/04\/dotyk-miekkosci-pastelowy-nasycony-roz-scaled.png\" \/>\n\t<meta property=\"og:image:width\" content=\"1440\" \/>\n\t<meta property=\"og:image:height\" content=\"2560\" \/>\n\t<meta property=\"og:image:type\" content=\"image\/png\" \/>\n<meta name=\"twitter:card\" content=\"summary_large_image\" \/>\n<meta name=\"twitter:label1\" content=\"Estimated reading time\" \/>\n\t<meta name=\"twitter:data1\" content=\"1 minute\" \/>\n<script type=\"application\/ld+json\" class=\"yoast-schema-graph\">{\"@context\":\"https:\/\/schema.org\",\"@graph\":[{\"@type\":\"WebPage\",\"@id\":\"https:\/\/nudu.pl\/produkt\/koszula-dotyk-miekkosci\/\",\"url\":\"https:\/\/nudu.pl\/produkt\/koszula-dotyk-miekkosci\/\",\"name\":\"koszula DOTYK mi\u0119kko\u015bci - NuDu Boutique Warszawa\",\"isPartOf\":{\"@id\":\"https:\/\/nudu.pl\/#website\"},\"primaryImageOfPage\":{\"@id\":\"https:\/\/nudu.pl\/produkt\/koszula-dotyk-miekkosci\/#primaryimage\"},\"image\":{\"@id\":\"https:\/\/nudu.pl\/produkt\/koszula-dotyk-miekkosci\/#primaryimage\"},\"thumbnailUrl\":\"https:\/\/nudu.pl\/wp-content\/uploads\/2026\/04\/dotyk-miekkosci-pastelowy-nasycony-roz-scaled.png\",\"datePublished\":\"2026-04-12T17:18:49+00:00\",\"dateModified\":\"2026-04-12T17:39:37+00:00\",\"description\":\"Koszula damska wykonana z mi\u0119kkiej tkaniny o splocie cupro, przypominaj\u0105cej w dotyku sk\u00f3rk\u0119 brzoskwini. Materia\u0142 jest lekki, oddychaj\u0105cy i przyjemny dla sk\u00f3ry. Nowa kolekcja NUDU koszul ze 100% wiskozy w ob\u0142\u0119dnych kolorach pastelowego r\u00f3\u017cu, fuksji i pomara\u0144czu. T\u0119 koszul\u0119 pokochasz za mi\u0119kko\u015b\u0107 dotyku. Otulaj\u0105ca koszula, idealna na letnie stylizacje.\",\"breadcrumb\":{\"@id\":\"https:\/\/nudu.pl\/produkt\/koszula-dotyk-miekkosci\/#breadcrumb\"},\"inLanguage\":\"en-GB\",\"potentialAction\":[{\"@type\":\"ReadAction\",\"target\":[\"https:\/\/nudu.pl\/produkt\/koszula-dotyk-miekkosci\/\"]}]},{\"@type\":\"ImageObject\",\"inLanguage\":\"en-GB\",\"@id\":\"https:\/\/nudu.pl\/produkt\/koszula-dotyk-miekkosci\/#primaryimage\",\"url\":\"https:\/\/nudu.pl\/wp-content\/uploads\/2026\/04\/dotyk-miekkosci-pastelowy-nasycony-roz-scaled.png\",\"contentUrl\":\"https:\/\/nudu.pl\/wp-content\/uploads\/2026\/04\/dotyk-miekkosci-pastelowy-nasycony-roz-scaled.png\",\"width\":1440,\"height\":2560},{\"@type\":\"BreadcrumbList\",\"@id\":\"https:\/\/nudu.pl\/produkt\/koszula-dotyk-miekkosci\/#breadcrumb\",\"itemListElement\":[{\"@type\":\"ListItem\",\"position\":1,\"name\":\"Home\",\"item\":\"https:\/\/nudu.pl\/\"},{\"@type\":\"ListItem\",\"position\":2,\"name\":\"Sklep\",\"item\":\"https:\/\/nudu.pl\/sklep\/\"},{\"@type\":\"ListItem\",\"position\":3,\"name\":\"koszula DOTYK mi\u0119kko\u015bci\"}]},{\"@type\":\"WebSite\",\"@id\":\"https:\/\/nudu.pl\/#website\",\"url\":\"https:\/\/nudu.pl\/\",\"name\":\"NuDu Boutique Warszawa\",\"description\":\"Pocz\u0105tek pi\u0119knej przyja\u017ani\",\"publisher\":{\"@id\":\"https:\/\/nudu.pl\/#organization\"},\"potentialAction\":[{\"@type\":\"SearchAction\",\"target\":{\"@type\":\"EntryPoint\",\"urlTemplate\":\"https:\/\/nudu.pl\/?s={search_term_string}\"},\"query-input\":{\"@type\":\"PropertyValueSpecification\",\"valueRequired\":true,\"valueName\":\"search_term_string\"}}],\"inLanguage\":\"en-GB\"},{\"@type\":\"Organization\",\"@id\":\"https:\/\/nudu.pl\/#organization\",\"name\":\"NuDu Boutique Warszawa\",\"url\":\"https:\/\/nudu.pl\/\",\"logo\":{\"@type\":\"ImageObject\",\"inLanguage\":\"en-GB\",\"@id\":\"https:\/\/nudu.pl\/#\/schema\/logo\/image\/\",\"url\":\"https:\/\/nudu.pl\/wp-content\/uploads\/2024\/07\/NuDu-basic.svg\",\"contentUrl\":\"https:\/\/nudu.pl\/wp-content\/uploads\/2024\/07\/NuDu-basic.svg\",\"width\":166,\"height\":67,\"caption\":\"NuDu Boutique Warszawa\"},\"image\":{\"@id\":\"https:\/\/nudu.pl\/#\/schema\/logo\/image\/\"}}]}<\/script>\n<!-- \/ Yoast SEO plugin. -->","yoast_head_json":{"title":"koszula DOTYK mi\u0119kko\u015bci - NuDu Boutique Warszawa","description":"Koszula damska wykonana z mi\u0119kkiej tkaniny o splocie cupro, przypominaj\u0105cej w dotyku sk\u00f3rk\u0119 brzoskwini. Materia\u0142 jest lekki, oddychaj\u0105cy i przyjemny dla sk\u00f3ry. Nowa kolekcja NUDU koszul ze 100% wiskozy w ob\u0142\u0119dnych kolorach pastelowego r\u00f3\u017cu, fuksji i pomara\u0144czu. T\u0119 koszul\u0119 pokochasz za mi\u0119kko\u015b\u0107 dotyku. Otulaj\u0105ca koszula, idealna na letnie stylizacje.","robots":{"index":"index","follow":"follow","max-snippet":"max-snippet:-1","max-image-preview":"max-image-preview:large","max-video-preview":"max-video-preview:-1"},"canonical":"https:\/\/nudu.pl\/en\/product\/koszula-dotyk-miekkosci\/","og_locale":"en_GB","og_type":"article","og_title":"koszula DOTYK mi\u0119kko\u015bci - NuDu Boutique Warszawa","og_description":"Koszula damska wykonana z mi\u0119kkiej tkaniny o splocie cupro, przypominaj\u0105cej w dotyku sk\u00f3rk\u0119 brzoskwini. Materia\u0142 jest lekki, oddychaj\u0105cy i przyjemny dla sk\u00f3ry. Nowa kolekcja NUDU koszul ze 100% wiskozy w ob\u0142\u0119dnych kolorach pastelowego r\u00f3\u017cu, fuksji i pomara\u0144czu. T\u0119 koszul\u0119 pokochasz za mi\u0119kko\u015b\u0107 dotyku. Otulaj\u0105ca koszula, idealna na letnie stylizacje.","og_url":"https:\/\/nudu.pl\/en\/product\/koszula-dotyk-miekkosci\/","og_site_name":"NuDu Boutique Warszawa","article_modified_time":"2026-04-12T17:39:37+00:00","og_image":[{"width":1440,"height":2560,"url":"https:\/\/nudu.pl\/wp-content\/uploads\/2026\/04\/dotyk-miekkosci-pastelowy-nasycony-roz-scaled.png","type":"image\/png"}],"twitter_card":"summary_large_image","twitter_misc":{"Estimated reading time":"1 minute"},"schema":{"@context":"https:\/\/schema.org","@graph":[{"@type":"WebPage","@id":"https:\/\/nudu.pl\/produkt\/koszula-dotyk-miekkosci\/","url":"https:\/\/nudu.pl\/produkt\/koszula-dotyk-miekkosci\/","name":"koszula DOTYK mi\u0119kko\u015bci - NuDu Boutique Warszawa","isPartOf":{"@id":"https:\/\/nudu.pl\/#website"},"primaryImageOfPage":{"@id":"https:\/\/nudu.pl\/produkt\/koszula-dotyk-miekkosci\/#primaryimage"},"image":{"@id":"https:\/\/nudu.pl\/produkt\/koszula-dotyk-miekkosci\/#primaryimage"},"thumbnailUrl":"https:\/\/nudu.pl\/wp-content\/uploads\/2026\/04\/dotyk-miekkosci-pastelowy-nasycony-roz-scaled.png","datePublished":"2026-04-12T17:18:49+00:00","dateModified":"2026-04-12T17:39:37+00:00","description":"Koszula damska wykonana z mi\u0119kkiej tkaniny o splocie cupro, przypominaj\u0105cej w dotyku sk\u00f3rk\u0119 brzoskwini. Materia\u0142 jest lekki, oddychaj\u0105cy i przyjemny dla sk\u00f3ry. Nowa kolekcja NUDU koszul ze 100% wiskozy w ob\u0142\u0119dnych kolorach pastelowego r\u00f3\u017cu, fuksji i pomara\u0144czu. T\u0119 koszul\u0119 pokochasz za mi\u0119kko\u015b\u0107 dotyku. Otulaj\u0105ca koszula, idealna na letnie stylizacje.","breadcrumb":{"@id":"https:\/\/nudu.pl\/produkt\/koszula-dotyk-miekkosci\/#breadcrumb"},"inLanguage":"en-GB","potentialAction":[{"@type":"ReadAction","target":["https:\/\/nudu.pl\/produkt\/koszula-dotyk-miekkosci\/"]}]},{"@type":"ImageObject","inLanguage":"en-GB","@id":"https:\/\/nudu.pl\/produkt\/koszula-dotyk-miekkosci\/#primaryimage","url":"https:\/\/nudu.pl\/wp-content\/uploads\/2026\/04\/dotyk-miekkosci-pastelowy-nasycony-roz-scaled.png","contentUrl":"https:\/\/nudu.pl\/wp-content\/uploads\/2026\/04\/dotyk-miekkosci-pastelowy-nasycony-roz-scaled.png","width":1440,"height":2560},{"@type":"BreadcrumbList","@id":"https:\/\/nudu.pl\/produkt\/koszula-dotyk-miekkosci\/#breadcrumb","itemListElement":[{"@type":"ListItem","position":1,"name":"Home","item":"https:\/\/nudu.pl\/"},{"@type":"ListItem","position":2,"name":"Sklep","item":"https:\/\/nudu.pl\/sklep\/"},{"@type":"ListItem","position":3,"name":"koszula DOTYK mi\u0119kko\u015bci"}]},{"@type":"WebSite","@id":"https:\/\/nudu.pl\/#website","url":"https:\/\/nudu.pl\/","name":"NuDu Boutique Warszawa","description":"Pocz\u0105tek pi\u0119knej przyja\u017ani","publisher":{"@id":"https:\/\/nudu.pl\/#organization"},"potentialAction":[{"@type":"SearchAction","target":{"@type":"EntryPoint","urlTemplate":"https:\/\/nudu.pl\/?s={search_term_string}"},"query-input":{"@type":"PropertyValueSpecification","valueRequired":true,"valueName":"search_term_string"}}],"inLanguage":"en-GB"},{"@type":"Organization","@id":"https:\/\/nudu.pl\/#organization","name":"NuDu Boutique Warszawa","url":"https:\/\/nudu.pl\/","logo":{"@type":"ImageObject","inLanguage":"en-GB","@id":"https:\/\/nudu.pl\/#\/schema\/logo\/image\/","url":"https:\/\/nudu.pl\/wp-content\/uploads\/2024\/07\/NuDu-basic.svg","contentUrl":"https:\/\/nudu.pl\/wp-content\/uploads\/2024\/07\/NuDu-basic.svg","width":166,"height":67,"caption":"NuDu Boutique Warszawa"},"image":{"@id":"https:\/\/nudu.pl\/#\/schema\/logo\/image\/"}}]}},"_links":{"self":[{"href":"https:\/\/nudu.pl\/en\/wp-json\/wp\/v2\/product\/11179","targetHints":{"allow":["GET"]}}],"collection":[{"href":"https:\/\/nudu.pl\/en\/wp-json\/wp\/v2\/product"}],"about":[{"href":"https:\/\/nudu.pl\/en\/wp-json\/wp\/v2\/types\/product"}],"wp:featuredmedia":[{"embeddable":true,"href":"https:\/\/nudu.pl\/en\/wp-json\/wp\/v2\/media\/11182"}],"wp:attachment":[{"href":"https:\/\/nudu.pl\/en\/wp-json\/wp\/v2\/media?parent=11179"}],"wp:term":[{"taxonomy":"product_brand","embeddable":true,"href":"https:\/\/nudu.pl\/en\/wp-json\/wp\/v2\/product_brand?post=11179"},{"taxonomy":"product_cat","embeddable":true,"href":"https:\/\/nudu.pl\/en\/wp-json\/wp\/v2\/product_cat?post=11179"},{"taxonomy":"product_tag","embeddable":true,"href":"https:\/\/nudu.pl\/en\/wp-json\/wp\/v2\/product_tag?post=11179"}],"curies":[{"name":"wp","href":"https:\/\/api.w.org\/{rel}","templated":true}]}}