{"id":11259,"date":"2026-04-19T23:27:09","date_gmt":"2026-04-19T21:27:09","guid":{"rendered":"https:\/\/nudu.pl\/?post_type=product&#038;p=11259"},"modified":"2026-04-19T23:45:01","modified_gmt":"2026-04-19T21:45:01","slug":"panamera-spodnica-maxi-100-jedwab","status":"publish","type":"product","link":"https:\/\/nudu.pl\/en\/product\/panamera-spodnica-maxi-100-jedwab\/","title":{"rendered":"Panamera sp\u00f3dnica maxi 100% jedwab"},"content":{"rendered":"<div id=\"page\" class=\"hfeed site\">\n<div id=\"content\" class=\"site-content\" tabindex=\"-1\">\n<div class=\"col-full\">\n<div id=\"primary\" class=\"content-area\">\n<p>Panamera<\/p>\n<p>sp\u00f3dnica w d\u0142ugo\u015bci maxi<\/p>\n<p>z rozci\u0119ciem z lewej strony<\/p>\n<p>sp\u00f3dnica posiada kiesze\u0144 z prawej strony<\/p>\n<p>zapinana za zamek<\/p>\n<p>realizowana na zam\u00f3wienie ze wskazaniem rozmiaru talii i d\u0142ugo\u015bci oraz d\u0142ugo\u015bci rozporka<\/p>\n<p>dost\u0119pna w wielu kolorach, w tym w kilku odcieniach czerwieni, zar\u00f3wno w matowej jak i delikatnie po\u0142yskuj\u0105cej fakturze tkaniny<\/p>\n<p>splot jedwabiu oraz jego odcie\u0144 do ustalenia indywidualnego, z mo\u017cliwo\u015bci\u0105 otrzymania pr\u00f3bek tkanin wysy\u0142kowo<\/p>\n<p>podszewka 98% wiskoza 2 % elastan<\/p>\n<p>piel\u0119gnacja produktu to pranie chemiczne<\/p>\n<p>wykonana z naturalnego 100% jedwabiu, z delikatnym wype\u0142nieniem unosz\u0105cym konstrukcj\u0119 i spos\u00f3b uk\u0142adania si\u0119 sp\u00f3dnicy<\/p>\n<p>sp\u00f3dnic\u0119 realizujemy w ramach zam\u00f3wie\u0144 pre order, czas realizacji, kolor oraz wymiary ustalone indywidualnie, po dokonaniu zam\u00f3wienia<\/p>\n<p>istnieje mo\u017cliwo\u015b\u0107 zaprojektowania g\u00f3ry do tej sukni w postaci TOPU, GORSETU, KOSZULI \u2013 zakres cenowy 590z\u0142-1490z\u0142<\/p>\n<\/div>\n<\/div>\n<\/div>\n<\/div>","protected":false},"excerpt":{"rendered":"<p>sp\u00f3dnica w d\u0142ugo\u015bci maxi wykonana z naturalnego jedwabiu w 100%<\/p>","protected":false},"featured_media":11263,"template":"","meta":{"_acf_changed":false},"product_brand":[259],"product_cat":[124,141],"product_tag":[402,403,401],"class_list":{"0":"post-11259","1":"product","2":"type-product","3":"status-publish","4":"has-post-thumbnail","6":"product_brand-nudu-2","7":"product_cat-kobieta","8":"product_cat-spodnica","9":"product_tag-dluga-spodnica","10":"product_tag-dluga-spodnica-z-rozporkiem","11":"product_tag-spodnica-maxi","13":"first","14":"onbackorder","15":"taxable","16":"shipping-taxable","17":"purchasable","18":"product-type-simple"},"acf":[],"yoast_head":"<!-- This site is optimized with the Yoast SEO plugin v24.3 - https:\/\/yoast.com\/wordpress\/plugins\/seo\/ -->\n<title>Panamera sp\u00f3dnica maxi 100% jedwab - NuDu Boutique Warszawa<\/title>\n<meta name=\"description\" content=\"Panamera, sp\u00f3dnica maxi wykonana z naturalnego jedwabiu. Projekt realizowany na zam\u00f3wienie po ustaleniu i wyborze tkaniny.\" \/>\n<meta name=\"robots\" content=\"index, follow, max-snippet:-1, max-image-preview:large, max-video-preview:-1\" \/>\n<link rel=\"canonical\" href=\"https:\/\/nudu.pl\/en\/product\/panamera-spodnica-maxi-100-jedwab\/\" \/>\n<meta property=\"og:locale\" content=\"en_GB\" \/>\n<meta property=\"og:type\" content=\"article\" \/>\n<meta property=\"og:title\" content=\"Panamera sp\u00f3dnica maxi 100% jedwab - NuDu Boutique Warszawa\" \/>\n<meta property=\"og:description\" content=\"Panamera, sp\u00f3dnica maxi wykonana z naturalnego jedwabiu. Projekt realizowany na zam\u00f3wienie po ustaleniu i wyborze tkaniny.\" \/>\n<meta property=\"og:url\" content=\"https:\/\/nudu.pl\/en\/product\/panamera-spodnica-maxi-100-jedwab\/\" \/>\n<meta property=\"og:site_name\" content=\"NuDu Boutique Warszawa\" \/>\n<meta property=\"article:modified_time\" content=\"2026-04-19T21:45:01+00:00\" \/>\n<meta property=\"og:image\" content=\"https:\/\/nudu.pl\/wp-content\/uploads\/2026\/04\/panamera-spodnica-maxi-.jpg\" \/>\n\t<meta property=\"og:image:width\" content=\"1024\" \/>\n\t<meta property=\"og:image:height\" content=\"1536\" \/>\n\t<meta property=\"og:image:type\" content=\"image\/jpeg\" \/>\n<meta name=\"twitter:card\" content=\"summary_large_image\" \/>\n<meta name=\"twitter:label1\" content=\"Estimated reading time\" \/>\n\t<meta name=\"twitter:data1\" content=\"1 minute\" \/>\n<script type=\"application\/ld+json\" class=\"yoast-schema-graph\">{\"@context\":\"https:\/\/schema.org\",\"@graph\":[{\"@type\":\"WebPage\",\"@id\":\"https:\/\/nudu.pl\/produkt\/panamera-spodnica-maxi-100-jedwab\/\",\"url\":\"https:\/\/nudu.pl\/produkt\/panamera-spodnica-maxi-100-jedwab\/\",\"name\":\"Panamera sp\u00f3dnica maxi 100% jedwab - NuDu Boutique Warszawa\",\"isPartOf\":{\"@id\":\"https:\/\/nudu.pl\/#website\"},\"primaryImageOfPage\":{\"@id\":\"https:\/\/nudu.pl\/produkt\/panamera-spodnica-maxi-100-jedwab\/#primaryimage\"},\"image\":{\"@id\":\"https:\/\/nudu.pl\/produkt\/panamera-spodnica-maxi-100-jedwab\/#primaryimage\"},\"thumbnailUrl\":\"https:\/\/nudu.pl\/wp-content\/uploads\/2026\/04\/panamera-spodnica-maxi-.jpg\",\"datePublished\":\"2026-04-19T21:27:09+00:00\",\"dateModified\":\"2026-04-19T21:45:01+00:00\",\"description\":\"Panamera, sp\u00f3dnica maxi wykonana z naturalnego jedwabiu. Projekt realizowany na zam\u00f3wienie po ustaleniu i wyborze tkaniny.\",\"breadcrumb\":{\"@id\":\"https:\/\/nudu.pl\/produkt\/panamera-spodnica-maxi-100-jedwab\/#breadcrumb\"},\"inLanguage\":\"en-GB\",\"potentialAction\":[{\"@type\":\"ReadAction\",\"target\":[\"https:\/\/nudu.pl\/produkt\/panamera-spodnica-maxi-100-jedwab\/\"]}]},{\"@type\":\"ImageObject\",\"inLanguage\":\"en-GB\",\"@id\":\"https:\/\/nudu.pl\/produkt\/panamera-spodnica-maxi-100-jedwab\/#primaryimage\",\"url\":\"https:\/\/nudu.pl\/wp-content\/uploads\/2026\/04\/panamera-spodnica-maxi-.jpg\",\"contentUrl\":\"https:\/\/nudu.pl\/wp-content\/uploads\/2026\/04\/panamera-spodnica-maxi-.jpg\",\"width\":1024,\"height\":1536},{\"@type\":\"BreadcrumbList\",\"@id\":\"https:\/\/nudu.pl\/produkt\/panamera-spodnica-maxi-100-jedwab\/#breadcrumb\",\"itemListElement\":[{\"@type\":\"ListItem\",\"position\":1,\"name\":\"Home\",\"item\":\"https:\/\/nudu.pl\/\"},{\"@type\":\"ListItem\",\"position\":2,\"name\":\"Sklep\",\"item\":\"https:\/\/nudu.pl\/sklep\/\"},{\"@type\":\"ListItem\",\"position\":3,\"name\":\"Panamera sp\u00f3dnica maxi 100% jedwab\"}]},{\"@type\":\"WebSite\",\"@id\":\"https:\/\/nudu.pl\/#website\",\"url\":\"https:\/\/nudu.pl\/\",\"name\":\"NuDu Boutique Warszawa\",\"description\":\"Pocz\u0105tek pi\u0119knej przyja\u017ani\",\"publisher\":{\"@id\":\"https:\/\/nudu.pl\/#organization\"},\"potentialAction\":[{\"@type\":\"SearchAction\",\"target\":{\"@type\":\"EntryPoint\",\"urlTemplate\":\"https:\/\/nudu.pl\/?s={search_term_string}\"},\"query-input\":{\"@type\":\"PropertyValueSpecification\",\"valueRequired\":true,\"valueName\":\"search_term_string\"}}],\"inLanguage\":\"en-GB\"},{\"@type\":\"Organization\",\"@id\":\"https:\/\/nudu.pl\/#organization\",\"name\":\"NuDu Boutique Warszawa\",\"url\":\"https:\/\/nudu.pl\/\",\"logo\":{\"@type\":\"ImageObject\",\"inLanguage\":\"en-GB\",\"@id\":\"https:\/\/nudu.pl\/#\/schema\/logo\/image\/\",\"url\":\"https:\/\/nudu.pl\/wp-content\/uploads\/2024\/07\/NuDu-basic.svg\",\"contentUrl\":\"https:\/\/nudu.pl\/wp-content\/uploads\/2024\/07\/NuDu-basic.svg\",\"width\":166,\"height\":67,\"caption\":\"NuDu Boutique Warszawa\"},\"image\":{\"@id\":\"https:\/\/nudu.pl\/#\/schema\/logo\/image\/\"}}]}<\/script>\n<!-- \/ Yoast SEO plugin. -->","yoast_head_json":{"title":"Panamera sp\u00f3dnica maxi 100% jedwab - NuDu Boutique Warszawa","description":"Panamera, sp\u00f3dnica maxi wykonana z naturalnego jedwabiu. Projekt realizowany na zam\u00f3wienie po ustaleniu i wyborze tkaniny.","robots":{"index":"index","follow":"follow","max-snippet":"max-snippet:-1","max-image-preview":"max-image-preview:large","max-video-preview":"max-video-preview:-1"},"canonical":"https:\/\/nudu.pl\/en\/product\/panamera-spodnica-maxi-100-jedwab\/","og_locale":"en_GB","og_type":"article","og_title":"Panamera sp\u00f3dnica maxi 100% jedwab - NuDu Boutique Warszawa","og_description":"Panamera, sp\u00f3dnica maxi wykonana z naturalnego jedwabiu. Projekt realizowany na zam\u00f3wienie po ustaleniu i wyborze tkaniny.","og_url":"https:\/\/nudu.pl\/en\/product\/panamera-spodnica-maxi-100-jedwab\/","og_site_name":"NuDu Boutique Warszawa","article_modified_time":"2026-04-19T21:45:01+00:00","og_image":[{"width":1024,"height":1536,"url":"https:\/\/nudu.pl\/wp-content\/uploads\/2026\/04\/panamera-spodnica-maxi-.jpg","type":"image\/jpeg"}],"twitter_card":"summary_large_image","twitter_misc":{"Estimated reading time":"1 minute"},"schema":{"@context":"https:\/\/schema.org","@graph":[{"@type":"WebPage","@id":"https:\/\/nudu.pl\/produkt\/panamera-spodnica-maxi-100-jedwab\/","url":"https:\/\/nudu.pl\/produkt\/panamera-spodnica-maxi-100-jedwab\/","name":"Panamera sp\u00f3dnica maxi 100% jedwab - NuDu Boutique Warszawa","isPartOf":{"@id":"https:\/\/nudu.pl\/#website"},"primaryImageOfPage":{"@id":"https:\/\/nudu.pl\/produkt\/panamera-spodnica-maxi-100-jedwab\/#primaryimage"},"image":{"@id":"https:\/\/nudu.pl\/produkt\/panamera-spodnica-maxi-100-jedwab\/#primaryimage"},"thumbnailUrl":"https:\/\/nudu.pl\/wp-content\/uploads\/2026\/04\/panamera-spodnica-maxi-.jpg","datePublished":"2026-04-19T21:27:09+00:00","dateModified":"2026-04-19T21:45:01+00:00","description":"Panamera, sp\u00f3dnica maxi wykonana z naturalnego jedwabiu. Projekt realizowany na zam\u00f3wienie po ustaleniu i wyborze tkaniny.","breadcrumb":{"@id":"https:\/\/nudu.pl\/produkt\/panamera-spodnica-maxi-100-jedwab\/#breadcrumb"},"inLanguage":"en-GB","potentialAction":[{"@type":"ReadAction","target":["https:\/\/nudu.pl\/produkt\/panamera-spodnica-maxi-100-jedwab\/"]}]},{"@type":"ImageObject","inLanguage":"en-GB","@id":"https:\/\/nudu.pl\/produkt\/panamera-spodnica-maxi-100-jedwab\/#primaryimage","url":"https:\/\/nudu.pl\/wp-content\/uploads\/2026\/04\/panamera-spodnica-maxi-.jpg","contentUrl":"https:\/\/nudu.pl\/wp-content\/uploads\/2026\/04\/panamera-spodnica-maxi-.jpg","width":1024,"height":1536},{"@type":"BreadcrumbList","@id":"https:\/\/nudu.pl\/produkt\/panamera-spodnica-maxi-100-jedwab\/#breadcrumb","itemListElement":[{"@type":"ListItem","position":1,"name":"Home","item":"https:\/\/nudu.pl\/"},{"@type":"ListItem","position":2,"name":"Sklep","item":"https:\/\/nudu.pl\/sklep\/"},{"@type":"ListItem","position":3,"name":"Panamera sp\u00f3dnica maxi 100% jedwab"}]},{"@type":"WebSite","@id":"https:\/\/nudu.pl\/#website","url":"https:\/\/nudu.pl\/","name":"NuDu Boutique Warszawa","description":"Pocz\u0105tek pi\u0119knej przyja\u017ani","publisher":{"@id":"https:\/\/nudu.pl\/#organization"},"potentialAction":[{"@type":"SearchAction","target":{"@type":"EntryPoint","urlTemplate":"https:\/\/nudu.pl\/?s={search_term_string}"},"query-input":{"@type":"PropertyValueSpecification","valueRequired":true,"valueName":"search_term_string"}}],"inLanguage":"en-GB"},{"@type":"Organization","@id":"https:\/\/nudu.pl\/#organization","name":"NuDu Boutique Warszawa","url":"https:\/\/nudu.pl\/","logo":{"@type":"ImageObject","inLanguage":"en-GB","@id":"https:\/\/nudu.pl\/#\/schema\/logo\/image\/","url":"https:\/\/nudu.pl\/wp-content\/uploads\/2024\/07\/NuDu-basic.svg","contentUrl":"https:\/\/nudu.pl\/wp-content\/uploads\/2024\/07\/NuDu-basic.svg","width":166,"height":67,"caption":"NuDu Boutique Warszawa"},"image":{"@id":"https:\/\/nudu.pl\/#\/schema\/logo\/image\/"}}]}},"_links":{"self":[{"href":"https:\/\/nudu.pl\/en\/wp-json\/wp\/v2\/product\/11259","targetHints":{"allow":["GET"]}}],"collection":[{"href":"https:\/\/nudu.pl\/en\/wp-json\/wp\/v2\/product"}],"about":[{"href":"https:\/\/nudu.pl\/en\/wp-json\/wp\/v2\/types\/product"}],"wp:featuredmedia":[{"embeddable":true,"href":"https:\/\/nudu.pl\/en\/wp-json\/wp\/v2\/media\/11263"}],"wp:attachment":[{"href":"https:\/\/nudu.pl\/en\/wp-json\/wp\/v2\/media?parent=11259"}],"wp:term":[{"taxonomy":"product_brand","embeddable":true,"href":"https:\/\/nudu.pl\/en\/wp-json\/wp\/v2\/product_brand?post=11259"},{"taxonomy":"product_cat","embeddable":true,"href":"https:\/\/nudu.pl\/en\/wp-json\/wp\/v2\/product_cat?post=11259"},{"taxonomy":"product_tag","embeddable":true,"href":"https:\/\/nudu.pl\/en\/wp-json\/wp\/v2\/product_tag?post=11259"}],"curies":[{"name":"wp","href":"https:\/\/api.w.org\/{rel}","templated":true}]}}