{"id":7993,"date":"2024-08-09T15:48:40","date_gmt":"2024-08-09T13:48:40","guid":{"rendered":"https:\/\/nudu.pl\/produkt\/ella-spodnie\/"},"modified":"2026-04-26T16:43:22","modified_gmt":"2026-04-26T14:43:22","slug":"ella-spodnie","status":"publish","type":"product","link":"https:\/\/nudu.pl\/en\/product\/ella-spodnie\/","title":{"rendered":"Ella pants"},"content":{"rendered":"<ul>\n<li>Mid-rise waist trousers<\/li>\n<li>wide leg<\/li>\n<li>the trousers have pockets on the front<\/li>\n<li>fastened with a metal snap and a hidden zipper<\/li>\n<li>pleats at the front give freedom in the hips<\/li>\n<li>elastic waistband with delicate gathering at the back<\/li>\n<li>product designed and sewn in Poland<\/li>\n<li>the trousers are perfectly matched with the blouse <a href=\"https:\/\/nudu.pl\/en\/product\/milly-bluzka-ze-stojka\/?attribute_pa_kolory=masa-perlowa&amp;attribute_pa_rozmiar=m\">MILLY<\/a><\/li>\n<\/ul>","protected":false},"excerpt":{"rendered":"<p>wide leg trousers, MADE OF DELICATE FABRIC, WITH CHARACTERISTIC EMBOSSING THAT HIGHLIGHTS THE LUMINOSITY OF THE FABRIC<\/p>","protected":false},"featured_media":7852,"template":"","meta":{"_acf_changed":false},"product_brand":[],"product_cat":[126],"product_tag":[123,122],"class_list":{"0":"post-7993","1":"product","2":"type-product","3":"status-publish","4":"has-post-thumbnail","6":"product_cat-spodnie","7":"product_tag-szeroka-nogawka","8":"product_tag-szerokie-spodnie","9":"pa_kolory-czarny","10":"pa_kolory-masa-perlowa","11":"pa_kolory-oliwka","13":"first","14":"instock","15":"taxable","16":"shipping-taxable","17":"purchasable","18":"product-type-variable","19":"has-default-attributes","20":"wvs-archive-product-wrapper"},"acf":[],"yoast_head":"<!-- This site is optimized with the Yoast SEO plugin v24.3 - https:\/\/yoast.com\/wordpress\/plugins\/seo\/ -->\n<title>Ella spodnie - NuDu Boutique Warszawa<\/title>\n<meta name=\"robots\" content=\"index, follow, max-snippet:-1, max-image-preview:large, max-video-preview:-1\" \/>\n<link rel=\"canonical\" href=\"https:\/\/nudu.pl\/en\/product\/ella-spodnie\/\" \/>\n<meta property=\"og:locale\" content=\"en_GB\" \/>\n<meta property=\"og:type\" content=\"article\" \/>\n<meta property=\"og:title\" content=\"Ella spodnie - NuDu Boutique Warszawa\" \/>\n<meta property=\"og:description\" content=\"spodnie z szerok\u0105 nogawk\u0105, WYKONANE Z DELIKATNEJ TKANINY, Z CHARAKTERYSTYCZNYM T\u0141OCZENIEM UWYDATNIAJ\u0104CYM \u015aWIETLISTO\u015a\u0106 TKANINY\" \/>\n<meta property=\"og:url\" content=\"https:\/\/nudu.pl\/en\/product\/ella-spodnie\/\" \/>\n<meta property=\"og:site_name\" content=\"NuDu Boutique Warszawa\" \/>\n<meta property=\"article:modified_time\" content=\"2026-04-26T14:43:22+00:00\" \/>\n<meta property=\"og:image\" content=\"https:\/\/nudu.pl\/wp-content\/uploads\/2024\/08\/3B3A6932.jpg\" \/>\n\t<meta property=\"og:image:width\" content=\"1200\" \/>\n\t<meta property=\"og:image:height\" content=\"800\" \/>\n\t<meta property=\"og:image:type\" content=\"image\/jpeg\" \/>\n<meta name=\"twitter:card\" content=\"summary_large_image\" \/>\n<meta name=\"twitter:label1\" content=\"Estimated reading time\" \/>\n\t<meta name=\"twitter:data1\" content=\"1 minute\" \/>\n<script type=\"application\/ld+json\" class=\"yoast-schema-graph\">{\"@context\":\"https:\/\/schema.org\",\"@graph\":[{\"@type\":\"WebPage\",\"@id\":\"https:\/\/nudu.pl\/produkt\/ella-spodnie\/\",\"url\":\"https:\/\/nudu.pl\/produkt\/ella-spodnie\/\",\"name\":\"Ella spodnie - NuDu Boutique Warszawa\",\"isPartOf\":{\"@id\":\"https:\/\/nudu.pl\/#website\"},\"primaryImageOfPage\":{\"@id\":\"https:\/\/nudu.pl\/produkt\/ella-spodnie\/#primaryimage\"},\"image\":{\"@id\":\"https:\/\/nudu.pl\/produkt\/ella-spodnie\/#primaryimage\"},\"thumbnailUrl\":\"https:\/\/nudu.pl\/wp-content\/uploads\/2024\/08\/3B3A6932.jpg\",\"datePublished\":\"2024-08-09T13:48:40+00:00\",\"dateModified\":\"2026-04-26T14:43:22+00:00\",\"breadcrumb\":{\"@id\":\"https:\/\/nudu.pl\/produkt\/ella-spodnie\/#breadcrumb\"},\"inLanguage\":\"en-GB\",\"potentialAction\":[{\"@type\":\"ReadAction\",\"target\":[\"https:\/\/nudu.pl\/produkt\/ella-spodnie\/\"]}]},{\"@type\":\"ImageObject\",\"inLanguage\":\"en-GB\",\"@id\":\"https:\/\/nudu.pl\/produkt\/ella-spodnie\/#primaryimage\",\"url\":\"https:\/\/nudu.pl\/wp-content\/uploads\/2024\/08\/3B3A6932.jpg\",\"contentUrl\":\"https:\/\/nudu.pl\/wp-content\/uploads\/2024\/08\/3B3A6932.jpg\",\"width\":1200,\"height\":800},{\"@type\":\"BreadcrumbList\",\"@id\":\"https:\/\/nudu.pl\/produkt\/ella-spodnie\/#breadcrumb\",\"itemListElement\":[{\"@type\":\"ListItem\",\"position\":1,\"name\":\"Home\",\"item\":\"https:\/\/nudu.pl\/\"},{\"@type\":\"ListItem\",\"position\":2,\"name\":\"Sklep\",\"item\":\"https:\/\/nudu.pl\/sklep\/\"},{\"@type\":\"ListItem\",\"position\":3,\"name\":\"Ella spodnie\"}]},{\"@type\":\"WebSite\",\"@id\":\"https:\/\/nudu.pl\/#website\",\"url\":\"https:\/\/nudu.pl\/\",\"name\":\"NuDu Boutique Warszawa\",\"description\":\"Pocz\u0105tek pi\u0119knej przyja\u017ani\",\"publisher\":{\"@id\":\"https:\/\/nudu.pl\/#organization\"},\"potentialAction\":[{\"@type\":\"SearchAction\",\"target\":{\"@type\":\"EntryPoint\",\"urlTemplate\":\"https:\/\/nudu.pl\/?s={search_term_string}\"},\"query-input\":{\"@type\":\"PropertyValueSpecification\",\"valueRequired\":true,\"valueName\":\"search_term_string\"}}],\"inLanguage\":\"en-GB\"},{\"@type\":\"Organization\",\"@id\":\"https:\/\/nudu.pl\/#organization\",\"name\":\"NuDu Boutique Warszawa\",\"url\":\"https:\/\/nudu.pl\/\",\"logo\":{\"@type\":\"ImageObject\",\"inLanguage\":\"en-GB\",\"@id\":\"https:\/\/nudu.pl\/#\/schema\/logo\/image\/\",\"url\":\"https:\/\/nudu.pl\/wp-content\/uploads\/2024\/07\/NuDu-basic.svg\",\"contentUrl\":\"https:\/\/nudu.pl\/wp-content\/uploads\/2024\/07\/NuDu-basic.svg\",\"width\":166,\"height\":67,\"caption\":\"NuDu Boutique Warszawa\"},\"image\":{\"@id\":\"https:\/\/nudu.pl\/#\/schema\/logo\/image\/\"}}]}<\/script>\n<!-- \/ Yoast SEO plugin. -->","yoast_head_json":{"title":"Ella spodnie - NuDu Boutique Warszawa","robots":{"index":"index","follow":"follow","max-snippet":"max-snippet:-1","max-image-preview":"max-image-preview:large","max-video-preview":"max-video-preview:-1"},"canonical":"https:\/\/nudu.pl\/en\/product\/ella-spodnie\/","og_locale":"en_GB","og_type":"article","og_title":"Ella spodnie - NuDu Boutique Warszawa","og_description":"spodnie z szerok\u0105 nogawk\u0105, WYKONANE Z DELIKATNEJ TKANINY, Z CHARAKTERYSTYCZNYM T\u0141OCZENIEM UWYDATNIAJ\u0104CYM \u015aWIETLISTO\u015a\u0106 TKANINY","og_url":"https:\/\/nudu.pl\/en\/product\/ella-spodnie\/","og_site_name":"NuDu Boutique Warszawa","article_modified_time":"2026-04-26T14:43:22+00:00","og_image":[{"width":1200,"height":800,"url":"https:\/\/nudu.pl\/wp-content\/uploads\/2024\/08\/3B3A6932.jpg","type":"image\/jpeg"}],"twitter_card":"summary_large_image","twitter_misc":{"Estimated reading time":"1 minute"},"schema":{"@context":"https:\/\/schema.org","@graph":[{"@type":"WebPage","@id":"https:\/\/nudu.pl\/produkt\/ella-spodnie\/","url":"https:\/\/nudu.pl\/produkt\/ella-spodnie\/","name":"Ella spodnie - NuDu Boutique Warszawa","isPartOf":{"@id":"https:\/\/nudu.pl\/#website"},"primaryImageOfPage":{"@id":"https:\/\/nudu.pl\/produkt\/ella-spodnie\/#primaryimage"},"image":{"@id":"https:\/\/nudu.pl\/produkt\/ella-spodnie\/#primaryimage"},"thumbnailUrl":"https:\/\/nudu.pl\/wp-content\/uploads\/2024\/08\/3B3A6932.jpg","datePublished":"2024-08-09T13:48:40+00:00","dateModified":"2026-04-26T14:43:22+00:00","breadcrumb":{"@id":"https:\/\/nudu.pl\/produkt\/ella-spodnie\/#breadcrumb"},"inLanguage":"en-GB","potentialAction":[{"@type":"ReadAction","target":["https:\/\/nudu.pl\/produkt\/ella-spodnie\/"]}]},{"@type":"ImageObject","inLanguage":"en-GB","@id":"https:\/\/nudu.pl\/produkt\/ella-spodnie\/#primaryimage","url":"https:\/\/nudu.pl\/wp-content\/uploads\/2024\/08\/3B3A6932.jpg","contentUrl":"https:\/\/nudu.pl\/wp-content\/uploads\/2024\/08\/3B3A6932.jpg","width":1200,"height":800},{"@type":"BreadcrumbList","@id":"https:\/\/nudu.pl\/produkt\/ella-spodnie\/#breadcrumb","itemListElement":[{"@type":"ListItem","position":1,"name":"Home","item":"https:\/\/nudu.pl\/"},{"@type":"ListItem","position":2,"name":"Sklep","item":"https:\/\/nudu.pl\/sklep\/"},{"@type":"ListItem","position":3,"name":"Ella spodnie"}]},{"@type":"WebSite","@id":"https:\/\/nudu.pl\/#website","url":"https:\/\/nudu.pl\/","name":"NuDu Boutique Warszawa","description":"Pocz\u0105tek pi\u0119knej przyja\u017ani","publisher":{"@id":"https:\/\/nudu.pl\/#organization"},"potentialAction":[{"@type":"SearchAction","target":{"@type":"EntryPoint","urlTemplate":"https:\/\/nudu.pl\/?s={search_term_string}"},"query-input":{"@type":"PropertyValueSpecification","valueRequired":true,"valueName":"search_term_string"}}],"inLanguage":"en-GB"},{"@type":"Organization","@id":"https:\/\/nudu.pl\/#organization","name":"NuDu Boutique Warszawa","url":"https:\/\/nudu.pl\/","logo":{"@type":"ImageObject","inLanguage":"en-GB","@id":"https:\/\/nudu.pl\/#\/schema\/logo\/image\/","url":"https:\/\/nudu.pl\/wp-content\/uploads\/2024\/07\/NuDu-basic.svg","contentUrl":"https:\/\/nudu.pl\/wp-content\/uploads\/2024\/07\/NuDu-basic.svg","width":166,"height":67,"caption":"NuDu Boutique Warszawa"},"image":{"@id":"https:\/\/nudu.pl\/#\/schema\/logo\/image\/"}}]}},"_links":{"self":[{"href":"https:\/\/nudu.pl\/en\/wp-json\/wp\/v2\/product\/7993","targetHints":{"allow":["GET"]}}],"collection":[{"href":"https:\/\/nudu.pl\/en\/wp-json\/wp\/v2\/product"}],"about":[{"href":"https:\/\/nudu.pl\/en\/wp-json\/wp\/v2\/types\/product"}],"wp:featuredmedia":[{"embeddable":true,"href":"https:\/\/nudu.pl\/en\/wp-json\/wp\/v2\/media\/7852"}],"wp:attachment":[{"href":"https:\/\/nudu.pl\/en\/wp-json\/wp\/v2\/media?parent=7993"}],"wp:term":[{"taxonomy":"product_brand","embeddable":true,"href":"https:\/\/nudu.pl\/en\/wp-json\/wp\/v2\/product_brand?post=7993"},{"taxonomy":"product_cat","embeddable":true,"href":"https:\/\/nudu.pl\/en\/wp-json\/wp\/v2\/product_cat?post=7993"},{"taxonomy":"product_tag","embeddable":true,"href":"https:\/\/nudu.pl\/en\/wp-json\/wp\/v2\/product_tag?post=7993"}],"curies":[{"name":"wp","href":"https:\/\/api.w.org\/{rel}","templated":true}]}}