{"id":8008,"date":"2024-08-09T15:48:40","date_gmt":"2024-08-09T13:48:40","guid":{"rendered":"https:\/\/nudu.pl\/produkt\/milly-bluzka-ze-stojka\/"},"modified":"2026-04-26T16:43:22","modified_gmt":"2026-04-26T14:43:22","slug":"milly-bluzka-ze-stojka","status":"publish","type":"product","link":"https:\/\/nudu.pl\/en\/product\/milly-bluzka-ze-stojka\/","title":{"rendered":"Milly blouse with a stand-up collar"},"content":{"rendered":"<ul>\n<li>blouse with a stand-up collar fastened at the back with 4 snaps<\/li>\n<li>puffy sleeve with elastic band<\/li>\n<li>a stand-up collar with a suspender, which allows you to give the blouse an individual style<\/li>\n<li>styling with a bow at the stand-up collar<\/li>\n<li>styling with rose flowers<\/li>\n<li>a place at the collar, perfect for your unique decoration, scarf or brooch<\/li>\n<li>bow sash included with the blouse<\/li>\n<li>rose flowers available for purchase in-store at Boutique NUDU<\/li>\n<li>product designed and sewn in Poland<\/li>\n<li>perfectly matched with trousers <a href=\"https:\/\/nudu.pl\/en\/product\/ella-spodnie\/?attribute_pa_kolory=masa-perlowa&amp;attribute_pa_rozmiar=m\">ELLA<\/a><\/li>\n<\/ul>","protected":false},"excerpt":{"rendered":"<p>blouse with a stand-up collar and puffed sleeves, MADE OF DELICATE FABRIC WITH A CHARACTERISTIC EMBOSSMENT THAT HIGHLIGHTS THE LUMINOSITY OF THE FABRIC<\/p>","protected":false},"featured_media":7849,"template":"","meta":{"_acf_changed":false},"product_brand":[],"product_cat":[155],"product_tag":[157,158,156],"class_list":{"0":"post-8008","1":"product","2":"type-product","3":"status-publish","4":"has-post-thumbnail","6":"product_cat-bluzka-z-kokarda","7":"product_tag-z-kokarda","8":"product_tag-z-roza","9":"product_tag-ze-stojka","10":"pa_kolory-czarny","11":"pa_kolory-masa-perlowa","12":"pa_kolory-oliwka","14":"first","15":"instock","16":"taxable","17":"shipping-taxable","18":"purchasable","19":"product-type-variable","20":"has-default-attributes","21":"wvs-archive-product-wrapper"},"acf":[],"yoast_head":"<!-- This site is optimized with the Yoast SEO plugin v24.3 - https:\/\/yoast.com\/wordpress\/plugins\/seo\/ -->\n<title>Milly bluzka ze st\u00f3jk\u0105 - NuDu Boutique Warszawa<\/title>\n<meta name=\"robots\" content=\"index, follow, max-snippet:-1, max-image-preview:large, max-video-preview:-1\" \/>\n<link rel=\"canonical\" href=\"https:\/\/nudu.pl\/en\/product\/milly-bluzka-ze-stojka\/\" \/>\n<meta property=\"og:locale\" content=\"en_GB\" \/>\n<meta property=\"og:type\" content=\"article\" \/>\n<meta property=\"og:title\" content=\"Milly bluzka ze st\u00f3jk\u0105 - NuDu Boutique Warszawa\" \/>\n<meta property=\"og:description\" content=\"bluzka ze st\u00f3jk\u0105 i bufiastym r\u0119kawem, WYKONANA Z DELIKATNEJ TKANINY Z CHARAKTERYSTYCZNYM T\u0141OCZENIEM UWYDATNIAJ\u0104CYM \u015aWIETLISTO\u015a\u0106 TKANINY\" \/>\n<meta property=\"og:url\" content=\"https:\/\/nudu.pl\/en\/product\/milly-bluzka-ze-stojka\/\" \/>\n<meta property=\"og:site_name\" content=\"NuDu Boutique Warszawa\" \/>\n<meta property=\"article:modified_time\" content=\"2026-04-26T14:43:22+00:00\" \/>\n<meta property=\"og:image\" content=\"https:\/\/nudu.pl\/wp-content\/uploads\/2024\/08\/3B3A6885.jpg\" \/>\n\t<meta property=\"og:image:width\" content=\"800\" \/>\n\t<meta property=\"og:image:height\" content=\"1199\" \/>\n\t<meta property=\"og:image:type\" content=\"image\/jpeg\" \/>\n<meta name=\"twitter:card\" content=\"summary_large_image\" \/>\n<meta name=\"twitter:label1\" content=\"Estimated reading time\" \/>\n\t<meta name=\"twitter:data1\" content=\"1 minute\" \/>\n<script type=\"application\/ld+json\" class=\"yoast-schema-graph\">{\"@context\":\"https:\/\/schema.org\",\"@graph\":[{\"@type\":\"WebPage\",\"@id\":\"https:\/\/nudu.pl\/produkt\/milly-bluzka-ze-stojka\/\",\"url\":\"https:\/\/nudu.pl\/produkt\/milly-bluzka-ze-stojka\/\",\"name\":\"Milly bluzka ze st\u00f3jk\u0105 - NuDu Boutique Warszawa\",\"isPartOf\":{\"@id\":\"https:\/\/nudu.pl\/#website\"},\"primaryImageOfPage\":{\"@id\":\"https:\/\/nudu.pl\/produkt\/milly-bluzka-ze-stojka\/#primaryimage\"},\"image\":{\"@id\":\"https:\/\/nudu.pl\/produkt\/milly-bluzka-ze-stojka\/#primaryimage\"},\"thumbnailUrl\":\"https:\/\/nudu.pl\/wp-content\/uploads\/2024\/08\/3B3A6885.jpg\",\"datePublished\":\"2024-08-09T13:48:40+00:00\",\"dateModified\":\"2026-04-26T14:43:22+00:00\",\"breadcrumb\":{\"@id\":\"https:\/\/nudu.pl\/produkt\/milly-bluzka-ze-stojka\/#breadcrumb\"},\"inLanguage\":\"en-GB\",\"potentialAction\":[{\"@type\":\"ReadAction\",\"target\":[\"https:\/\/nudu.pl\/produkt\/milly-bluzka-ze-stojka\/\"]}]},{\"@type\":\"ImageObject\",\"inLanguage\":\"en-GB\",\"@id\":\"https:\/\/nudu.pl\/produkt\/milly-bluzka-ze-stojka\/#primaryimage\",\"url\":\"https:\/\/nudu.pl\/wp-content\/uploads\/2024\/08\/3B3A6885.jpg\",\"contentUrl\":\"https:\/\/nudu.pl\/wp-content\/uploads\/2024\/08\/3B3A6885.jpg\",\"width\":800,\"height\":1199},{\"@type\":\"BreadcrumbList\",\"@id\":\"https:\/\/nudu.pl\/produkt\/milly-bluzka-ze-stojka\/#breadcrumb\",\"itemListElement\":[{\"@type\":\"ListItem\",\"position\":1,\"name\":\"Home\",\"item\":\"https:\/\/nudu.pl\/\"},{\"@type\":\"ListItem\",\"position\":2,\"name\":\"Sklep\",\"item\":\"https:\/\/nudu.pl\/sklep\/\"},{\"@type\":\"ListItem\",\"position\":3,\"name\":\"Milly bluzka ze st\u00f3jk\u0105\"}]},{\"@type\":\"WebSite\",\"@id\":\"https:\/\/nudu.pl\/#website\",\"url\":\"https:\/\/nudu.pl\/\",\"name\":\"NuDu Boutique Warszawa\",\"description\":\"Pocz\u0105tek pi\u0119knej przyja\u017ani\",\"publisher\":{\"@id\":\"https:\/\/nudu.pl\/#organization\"},\"potentialAction\":[{\"@type\":\"SearchAction\",\"target\":{\"@type\":\"EntryPoint\",\"urlTemplate\":\"https:\/\/nudu.pl\/?s={search_term_string}\"},\"query-input\":{\"@type\":\"PropertyValueSpecification\",\"valueRequired\":true,\"valueName\":\"search_term_string\"}}],\"inLanguage\":\"en-GB\"},{\"@type\":\"Organization\",\"@id\":\"https:\/\/nudu.pl\/#organization\",\"name\":\"NuDu Boutique Warszawa\",\"url\":\"https:\/\/nudu.pl\/\",\"logo\":{\"@type\":\"ImageObject\",\"inLanguage\":\"en-GB\",\"@id\":\"https:\/\/nudu.pl\/#\/schema\/logo\/image\/\",\"url\":\"https:\/\/nudu.pl\/wp-content\/uploads\/2024\/07\/NuDu-basic.svg\",\"contentUrl\":\"https:\/\/nudu.pl\/wp-content\/uploads\/2024\/07\/NuDu-basic.svg\",\"width\":166,\"height\":67,\"caption\":\"NuDu Boutique Warszawa\"},\"image\":{\"@id\":\"https:\/\/nudu.pl\/#\/schema\/logo\/image\/\"}}]}<\/script>\n<!-- \/ Yoast SEO plugin. -->","yoast_head_json":{"title":"Milly bluzka ze st\u00f3jk\u0105 - NuDu Boutique Warszawa","robots":{"index":"index","follow":"follow","max-snippet":"max-snippet:-1","max-image-preview":"max-image-preview:large","max-video-preview":"max-video-preview:-1"},"canonical":"https:\/\/nudu.pl\/en\/product\/milly-bluzka-ze-stojka\/","og_locale":"en_GB","og_type":"article","og_title":"Milly bluzka ze st\u00f3jk\u0105 - NuDu Boutique Warszawa","og_description":"bluzka ze st\u00f3jk\u0105 i bufiastym r\u0119kawem, WYKONANA Z DELIKATNEJ TKANINY Z CHARAKTERYSTYCZNYM T\u0141OCZENIEM UWYDATNIAJ\u0104CYM \u015aWIETLISTO\u015a\u0106 TKANINY","og_url":"https:\/\/nudu.pl\/en\/product\/milly-bluzka-ze-stojka\/","og_site_name":"NuDu Boutique Warszawa","article_modified_time":"2026-04-26T14:43:22+00:00","og_image":[{"width":800,"height":1199,"url":"https:\/\/nudu.pl\/wp-content\/uploads\/2024\/08\/3B3A6885.jpg","type":"image\/jpeg"}],"twitter_card":"summary_large_image","twitter_misc":{"Estimated reading time":"1 minute"},"schema":{"@context":"https:\/\/schema.org","@graph":[{"@type":"WebPage","@id":"https:\/\/nudu.pl\/produkt\/milly-bluzka-ze-stojka\/","url":"https:\/\/nudu.pl\/produkt\/milly-bluzka-ze-stojka\/","name":"Milly bluzka ze st\u00f3jk\u0105 - NuDu Boutique Warszawa","isPartOf":{"@id":"https:\/\/nudu.pl\/#website"},"primaryImageOfPage":{"@id":"https:\/\/nudu.pl\/produkt\/milly-bluzka-ze-stojka\/#primaryimage"},"image":{"@id":"https:\/\/nudu.pl\/produkt\/milly-bluzka-ze-stojka\/#primaryimage"},"thumbnailUrl":"https:\/\/nudu.pl\/wp-content\/uploads\/2024\/08\/3B3A6885.jpg","datePublished":"2024-08-09T13:48:40+00:00","dateModified":"2026-04-26T14:43:22+00:00","breadcrumb":{"@id":"https:\/\/nudu.pl\/produkt\/milly-bluzka-ze-stojka\/#breadcrumb"},"inLanguage":"en-GB","potentialAction":[{"@type":"ReadAction","target":["https:\/\/nudu.pl\/produkt\/milly-bluzka-ze-stojka\/"]}]},{"@type":"ImageObject","inLanguage":"en-GB","@id":"https:\/\/nudu.pl\/produkt\/milly-bluzka-ze-stojka\/#primaryimage","url":"https:\/\/nudu.pl\/wp-content\/uploads\/2024\/08\/3B3A6885.jpg","contentUrl":"https:\/\/nudu.pl\/wp-content\/uploads\/2024\/08\/3B3A6885.jpg","width":800,"height":1199},{"@type":"BreadcrumbList","@id":"https:\/\/nudu.pl\/produkt\/milly-bluzka-ze-stojka\/#breadcrumb","itemListElement":[{"@type":"ListItem","position":1,"name":"Home","item":"https:\/\/nudu.pl\/"},{"@type":"ListItem","position":2,"name":"Sklep","item":"https:\/\/nudu.pl\/sklep\/"},{"@type":"ListItem","position":3,"name":"Milly bluzka ze st\u00f3jk\u0105"}]},{"@type":"WebSite","@id":"https:\/\/nudu.pl\/#website","url":"https:\/\/nudu.pl\/","name":"NuDu Boutique Warszawa","description":"Pocz\u0105tek pi\u0119knej przyja\u017ani","publisher":{"@id":"https:\/\/nudu.pl\/#organization"},"potentialAction":[{"@type":"SearchAction","target":{"@type":"EntryPoint","urlTemplate":"https:\/\/nudu.pl\/?s={search_term_string}"},"query-input":{"@type":"PropertyValueSpecification","valueRequired":true,"valueName":"search_term_string"}}],"inLanguage":"en-GB"},{"@type":"Organization","@id":"https:\/\/nudu.pl\/#organization","name":"NuDu Boutique Warszawa","url":"https:\/\/nudu.pl\/","logo":{"@type":"ImageObject","inLanguage":"en-GB","@id":"https:\/\/nudu.pl\/#\/schema\/logo\/image\/","url":"https:\/\/nudu.pl\/wp-content\/uploads\/2024\/07\/NuDu-basic.svg","contentUrl":"https:\/\/nudu.pl\/wp-content\/uploads\/2024\/07\/NuDu-basic.svg","width":166,"height":67,"caption":"NuDu Boutique Warszawa"},"image":{"@id":"https:\/\/nudu.pl\/#\/schema\/logo\/image\/"}}]}},"_links":{"self":[{"href":"https:\/\/nudu.pl\/en\/wp-json\/wp\/v2\/product\/8008","targetHints":{"allow":["GET"]}}],"collection":[{"href":"https:\/\/nudu.pl\/en\/wp-json\/wp\/v2\/product"}],"about":[{"href":"https:\/\/nudu.pl\/en\/wp-json\/wp\/v2\/types\/product"}],"wp:featuredmedia":[{"embeddable":true,"href":"https:\/\/nudu.pl\/en\/wp-json\/wp\/v2\/media\/7849"}],"wp:attachment":[{"href":"https:\/\/nudu.pl\/en\/wp-json\/wp\/v2\/media?parent=8008"}],"wp:term":[{"taxonomy":"product_brand","embeddable":true,"href":"https:\/\/nudu.pl\/en\/wp-json\/wp\/v2\/product_brand?post=8008"},{"taxonomy":"product_cat","embeddable":true,"href":"https:\/\/nudu.pl\/en\/wp-json\/wp\/v2\/product_cat?post=8008"},{"taxonomy":"product_tag","embeddable":true,"href":"https:\/\/nudu.pl\/en\/wp-json\/wp\/v2\/product_tag?post=8008"}],"curies":[{"name":"wp","href":"https:\/\/api.w.org\/{rel}","templated":true}]}}