{"id":8036,"date":"2024-08-09T15:48:40","date_gmt":"2024-08-09T13:48:40","guid":{"rendered":"https:\/\/nudu.pl\/produkt\/mariela-kokarda\/"},"modified":"2026-04-29T13:50:12","modified_gmt":"2026-04-29T11:50:12","slug":"mariela-kokarda","status":"publish","type":"product","link":"https:\/\/nudu.pl\/en\/product\/mariela-kokarda\/","title":{"rendered":"Mariela bow"},"content":{"rendered":"<ul>\n<li>handcrafted bow design with a distinctive panther pattern<\/li>\n<\/ul>","protected":false},"excerpt":{"rendered":"<p>panther patterned bow<\/p>","protected":false},"featured_media":7894,"template":"","meta":{"_acf_changed":false},"product_brand":[],"product_cat":[183],"product_tag":[184,185,209],"class_list":{"0":"post-8036","1":"product","2":"type-product","3":"status-publish","4":"has-post-thumbnail","6":"product_cat-kokarda-akcesoria-do-wlosow","7":"product_tag-kokarda-do-koszuli","8":"product_tag-kokarda-do-wlosow","9":"product_tag-tom-ford","10":"pa_kolory-pudrowy-roz-polaczony-z-czernia","12":"first","13":"instock","14":"taxable","15":"shipping-taxable","16":"purchasable","17":"product-type-variable","18":"has-default-attributes","19":"wvs-archive-product-wrapper"},"acf":[],"yoast_head":"<!-- This site is optimized with the Yoast SEO plugin v24.3 - https:\/\/yoast.com\/wordpress\/plugins\/seo\/ -->\n<title>Mariela kokarda - NuDu Boutique Warszawa<\/title>\n<meta name=\"robots\" content=\"index, follow, max-snippet:-1, max-image-preview:large, max-video-preview:-1\" \/>\n<link rel=\"canonical\" href=\"https:\/\/nudu.pl\/en\/product\/mariela-kokarda\/\" \/>\n<meta property=\"og:locale\" content=\"en_GB\" \/>\n<meta property=\"og:type\" content=\"article\" \/>\n<meta property=\"og:title\" content=\"Mariela kokarda - NuDu Boutique Warszawa\" \/>\n<meta property=\"og:description\" content=\"kokarda we wzorzyst\u0105 panter\u0119\" \/>\n<meta property=\"og:url\" content=\"https:\/\/nudu.pl\/en\/product\/mariela-kokarda\/\" \/>\n<meta property=\"og:site_name\" content=\"NuDu Boutique Warszawa\" \/>\n<meta property=\"article:modified_time\" content=\"2026-04-29T11:50:12+00:00\" \/>\n<meta property=\"og:image\" content=\"https:\/\/nudu.pl\/wp-content\/uploads\/2024\/08\/3B3A6283.jpg\" \/>\n\t<meta property=\"og:image:width\" content=\"1200\" \/>\n\t<meta property=\"og:image:height\" content=\"1799\" \/>\n\t<meta property=\"og:image:type\" content=\"image\/jpeg\" \/>\n<meta name=\"twitter:card\" content=\"summary_large_image\" \/>\n<meta name=\"twitter:label1\" content=\"Estimated reading time\" \/>\n\t<meta name=\"twitter:data1\" content=\"1 minute\" \/>\n<script type=\"application\/ld+json\" class=\"yoast-schema-graph\">{\"@context\":\"https:\/\/schema.org\",\"@graph\":[{\"@type\":\"WebPage\",\"@id\":\"https:\/\/nudu.pl\/produkt\/mariela-kokarda\/\",\"url\":\"https:\/\/nudu.pl\/produkt\/mariela-kokarda\/\",\"name\":\"Mariela kokarda - NuDu Boutique Warszawa\",\"isPartOf\":{\"@id\":\"https:\/\/nudu.pl\/#website\"},\"primaryImageOfPage\":{\"@id\":\"https:\/\/nudu.pl\/produkt\/mariela-kokarda\/#primaryimage\"},\"image\":{\"@id\":\"https:\/\/nudu.pl\/produkt\/mariela-kokarda\/#primaryimage\"},\"thumbnailUrl\":\"https:\/\/nudu.pl\/wp-content\/uploads\/2024\/08\/3B3A6283.jpg\",\"datePublished\":\"2024-08-09T13:48:40+00:00\",\"dateModified\":\"2026-04-29T11:50:12+00:00\",\"breadcrumb\":{\"@id\":\"https:\/\/nudu.pl\/produkt\/mariela-kokarda\/#breadcrumb\"},\"inLanguage\":\"en-GB\",\"potentialAction\":[{\"@type\":\"ReadAction\",\"target\":[\"https:\/\/nudu.pl\/produkt\/mariela-kokarda\/\"]}]},{\"@type\":\"ImageObject\",\"inLanguage\":\"en-GB\",\"@id\":\"https:\/\/nudu.pl\/produkt\/mariela-kokarda\/#primaryimage\",\"url\":\"https:\/\/nudu.pl\/wp-content\/uploads\/2024\/08\/3B3A6283.jpg\",\"contentUrl\":\"https:\/\/nudu.pl\/wp-content\/uploads\/2024\/08\/3B3A6283.jpg\",\"width\":1200,\"height\":1799},{\"@type\":\"BreadcrumbList\",\"@id\":\"https:\/\/nudu.pl\/produkt\/mariela-kokarda\/#breadcrumb\",\"itemListElement\":[{\"@type\":\"ListItem\",\"position\":1,\"name\":\"Home\",\"item\":\"https:\/\/nudu.pl\/\"},{\"@type\":\"ListItem\",\"position\":2,\"name\":\"Sklep\",\"item\":\"https:\/\/nudu.pl\/sklep\/\"},{\"@type\":\"ListItem\",\"position\":3,\"name\":\"Mariela kokarda\"}]},{\"@type\":\"WebSite\",\"@id\":\"https:\/\/nudu.pl\/#website\",\"url\":\"https:\/\/nudu.pl\/\",\"name\":\"NuDu Boutique Warszawa\",\"description\":\"Pocz\u0105tek pi\u0119knej przyja\u017ani\",\"publisher\":{\"@id\":\"https:\/\/nudu.pl\/#organization\"},\"potentialAction\":[{\"@type\":\"SearchAction\",\"target\":{\"@type\":\"EntryPoint\",\"urlTemplate\":\"https:\/\/nudu.pl\/?s={search_term_string}\"},\"query-input\":{\"@type\":\"PropertyValueSpecification\",\"valueRequired\":true,\"valueName\":\"search_term_string\"}}],\"inLanguage\":\"en-GB\"},{\"@type\":\"Organization\",\"@id\":\"https:\/\/nudu.pl\/#organization\",\"name\":\"NuDu Boutique Warszawa\",\"url\":\"https:\/\/nudu.pl\/\",\"logo\":{\"@type\":\"ImageObject\",\"inLanguage\":\"en-GB\",\"@id\":\"https:\/\/nudu.pl\/#\/schema\/logo\/image\/\",\"url\":\"https:\/\/nudu.pl\/wp-content\/uploads\/2024\/07\/NuDu-basic.svg\",\"contentUrl\":\"https:\/\/nudu.pl\/wp-content\/uploads\/2024\/07\/NuDu-basic.svg\",\"width\":166,\"height\":67,\"caption\":\"NuDu Boutique Warszawa\"},\"image\":{\"@id\":\"https:\/\/nudu.pl\/#\/schema\/logo\/image\/\"}}]}<\/script>\n<!-- \/ Yoast SEO plugin. -->","yoast_head_json":{"title":"Mariela kokarda - NuDu Boutique Warszawa","robots":{"index":"index","follow":"follow","max-snippet":"max-snippet:-1","max-image-preview":"max-image-preview:large","max-video-preview":"max-video-preview:-1"},"canonical":"https:\/\/nudu.pl\/en\/product\/mariela-kokarda\/","og_locale":"en_GB","og_type":"article","og_title":"Mariela kokarda - NuDu Boutique Warszawa","og_description":"kokarda we wzorzyst\u0105 panter\u0119","og_url":"https:\/\/nudu.pl\/en\/product\/mariela-kokarda\/","og_site_name":"NuDu Boutique Warszawa","article_modified_time":"2026-04-29T11:50:12+00:00","og_image":[{"width":1200,"height":1799,"url":"https:\/\/nudu.pl\/wp-content\/uploads\/2024\/08\/3B3A6283.jpg","type":"image\/jpeg"}],"twitter_card":"summary_large_image","twitter_misc":{"Estimated reading time":"1 minute"},"schema":{"@context":"https:\/\/schema.org","@graph":[{"@type":"WebPage","@id":"https:\/\/nudu.pl\/produkt\/mariela-kokarda\/","url":"https:\/\/nudu.pl\/produkt\/mariela-kokarda\/","name":"Mariela kokarda - NuDu Boutique Warszawa","isPartOf":{"@id":"https:\/\/nudu.pl\/#website"},"primaryImageOfPage":{"@id":"https:\/\/nudu.pl\/produkt\/mariela-kokarda\/#primaryimage"},"image":{"@id":"https:\/\/nudu.pl\/produkt\/mariela-kokarda\/#primaryimage"},"thumbnailUrl":"https:\/\/nudu.pl\/wp-content\/uploads\/2024\/08\/3B3A6283.jpg","datePublished":"2024-08-09T13:48:40+00:00","dateModified":"2026-04-29T11:50:12+00:00","breadcrumb":{"@id":"https:\/\/nudu.pl\/produkt\/mariela-kokarda\/#breadcrumb"},"inLanguage":"en-GB","potentialAction":[{"@type":"ReadAction","target":["https:\/\/nudu.pl\/produkt\/mariela-kokarda\/"]}]},{"@type":"ImageObject","inLanguage":"en-GB","@id":"https:\/\/nudu.pl\/produkt\/mariela-kokarda\/#primaryimage","url":"https:\/\/nudu.pl\/wp-content\/uploads\/2024\/08\/3B3A6283.jpg","contentUrl":"https:\/\/nudu.pl\/wp-content\/uploads\/2024\/08\/3B3A6283.jpg","width":1200,"height":1799},{"@type":"BreadcrumbList","@id":"https:\/\/nudu.pl\/produkt\/mariela-kokarda\/#breadcrumb","itemListElement":[{"@type":"ListItem","position":1,"name":"Home","item":"https:\/\/nudu.pl\/"},{"@type":"ListItem","position":2,"name":"Sklep","item":"https:\/\/nudu.pl\/sklep\/"},{"@type":"ListItem","position":3,"name":"Mariela kokarda"}]},{"@type":"WebSite","@id":"https:\/\/nudu.pl\/#website","url":"https:\/\/nudu.pl\/","name":"NuDu Boutique Warszawa","description":"Pocz\u0105tek pi\u0119knej przyja\u017ani","publisher":{"@id":"https:\/\/nudu.pl\/#organization"},"potentialAction":[{"@type":"SearchAction","target":{"@type":"EntryPoint","urlTemplate":"https:\/\/nudu.pl\/?s={search_term_string}"},"query-input":{"@type":"PropertyValueSpecification","valueRequired":true,"valueName":"search_term_string"}}],"inLanguage":"en-GB"},{"@type":"Organization","@id":"https:\/\/nudu.pl\/#organization","name":"NuDu Boutique Warszawa","url":"https:\/\/nudu.pl\/","logo":{"@type":"ImageObject","inLanguage":"en-GB","@id":"https:\/\/nudu.pl\/#\/schema\/logo\/image\/","url":"https:\/\/nudu.pl\/wp-content\/uploads\/2024\/07\/NuDu-basic.svg","contentUrl":"https:\/\/nudu.pl\/wp-content\/uploads\/2024\/07\/NuDu-basic.svg","width":166,"height":67,"caption":"NuDu Boutique Warszawa"},"image":{"@id":"https:\/\/nudu.pl\/#\/schema\/logo\/image\/"}}]}},"_links":{"self":[{"href":"https:\/\/nudu.pl\/en\/wp-json\/wp\/v2\/product\/8036","targetHints":{"allow":["GET"]}}],"collection":[{"href":"https:\/\/nudu.pl\/en\/wp-json\/wp\/v2\/product"}],"about":[{"href":"https:\/\/nudu.pl\/en\/wp-json\/wp\/v2\/types\/product"}],"wp:featuredmedia":[{"embeddable":true,"href":"https:\/\/nudu.pl\/en\/wp-json\/wp\/v2\/media\/7894"}],"wp:attachment":[{"href":"https:\/\/nudu.pl\/en\/wp-json\/wp\/v2\/media?parent=8036"}],"wp:term":[{"taxonomy":"product_brand","embeddable":true,"href":"https:\/\/nudu.pl\/en\/wp-json\/wp\/v2\/product_brand?post=8036"},{"taxonomy":"product_cat","embeddable":true,"href":"https:\/\/nudu.pl\/en\/wp-json\/wp\/v2\/product_cat?post=8036"},{"taxonomy":"product_tag","embeddable":true,"href":"https:\/\/nudu.pl\/en\/wp-json\/wp\/v2\/product_tag?post=8036"}],"curies":[{"name":"wp","href":"https:\/\/api.w.org\/{rel}","templated":true}]}}