{"id":8356,"date":"2024-09-16T22:57:56","date_gmt":"2024-09-16T20:57:56","guid":{"rendered":"https:\/\/nudu.pl\/?post_type=product&#038;p=8356"},"modified":"2025-01-22T00:10:27","modified_gmt":"2025-01-21T23:10:27","slug":"frida-terracota-bluzka-z-rozszerzanym-mankietem","status":"publish","type":"product","link":"https:\/\/nudu.pl\/en\/product\/frida-terracota-bluzka-z-rozszerzanym-mankietem\/","title":{"rendered":"Frida terracotta blouse with flared cuff"},"content":{"rendered":"<ul>\n<li>round neck blouse<\/li>\n<li>fastened with 1 button at the back<\/li>\n<li>has a long fitted sleeve with an extended three-layer cuff<\/li>\n<li>product designed and sewn in Poland<\/li>\n<li>perfectly matched with trousers <a href=\"https:\/\/nudu.pl\/en\/product\/ella-spodnie\/?attribute_pa_kolory=masa-perlowa&amp;attribute_pa_rozmiar=m\">ELLA<\/a><\/li>\n<\/ul>","protected":false},"excerpt":{"rendered":"<p>round neck blouse with flared layered cuff<\/p>","protected":false},"featured_media":7898,"template":"","meta":{"_acf_changed":false},"product_brand":[],"product_cat":[159],"product_tag":[160,161],"class_list":{"0":"post-8356","1":"product","2":"type-product","3":"status-publish","4":"has-post-thumbnail","6":"product_cat-bluzka-z-mankietem","7":"product_tag-z-mankietem","8":"product_tag-z-okraglym-dekoltem","9":"pa_kolory-czarny","10":"pa_kolory-terracota-polaczona-z-bezem-i-biela","12":"first","13":"outofstock","14":"taxable","15":"shipping-taxable","16":"purchasable","17":"product-type-variable","18":"has-default-attributes","19":"wvs-archive-product-wrapper"},"acf":[],"yoast_head":"<!-- This site is optimized with the Yoast SEO plugin v24.3 - https:\/\/yoast.com\/wordpress\/plugins\/seo\/ -->\n<title>Frida terracota bluzka z rozszerzanym mankietem - NuDu Boutique Warszawa<\/title>\n<meta name=\"robots\" content=\"index, follow, max-snippet:-1, max-image-preview:large, max-video-preview:-1\" \/>\n<link rel=\"canonical\" href=\"https:\/\/nudu.pl\/en\/product\/frida-terracota-bluzka-z-rozszerzanym-mankietem\/\" \/>\n<meta property=\"og:locale\" content=\"en_GB\" \/>\n<meta property=\"og:type\" content=\"article\" \/>\n<meta property=\"og:title\" content=\"Frida terracota bluzka z rozszerzanym mankietem - NuDu Boutique Warszawa\" \/>\n<meta property=\"og:description\" content=\"bluzka z okr\u0105g\u0142ym dekoltem, z rozszerzanym warstwowym mankietem\" \/>\n<meta property=\"og:url\" content=\"https:\/\/nudu.pl\/en\/product\/frida-terracota-bluzka-z-rozszerzanym-mankietem\/\" \/>\n<meta property=\"og:site_name\" content=\"NuDu Boutique Warszawa\" \/>\n<meta property=\"article:modified_time\" content=\"2025-01-21T23:10:27+00:00\" \/>\n<meta property=\"og:image\" content=\"https:\/\/nudu.pl\/wp-content\/uploads\/2024\/08\/3B3A4629.jpg\" \/>\n\t<meta property=\"og:image:width\" content=\"800\" \/>\n\t<meta property=\"og:image:height\" content=\"1199\" \/>\n\t<meta property=\"og:image:type\" content=\"image\/jpeg\" \/>\n<meta name=\"twitter:card\" content=\"summary_large_image\" \/>\n<meta name=\"twitter:label1\" content=\"Estimated reading time\" \/>\n\t<meta name=\"twitter:data1\" content=\"1 minute\" \/>\n<script type=\"application\/ld+json\" class=\"yoast-schema-graph\">{\"@context\":\"https:\/\/schema.org\",\"@graph\":[{\"@type\":\"WebPage\",\"@id\":\"https:\/\/nudu.pl\/produkt\/frida-terracota-bluzka-z-rozszerzanym-mankietem\/\",\"url\":\"https:\/\/nudu.pl\/produkt\/frida-terracota-bluzka-z-rozszerzanym-mankietem\/\",\"name\":\"Frida terracota bluzka z rozszerzanym mankietem - NuDu Boutique Warszawa\",\"isPartOf\":{\"@id\":\"https:\/\/nudu.pl\/#website\"},\"primaryImageOfPage\":{\"@id\":\"https:\/\/nudu.pl\/produkt\/frida-terracota-bluzka-z-rozszerzanym-mankietem\/#primaryimage\"},\"image\":{\"@id\":\"https:\/\/nudu.pl\/produkt\/frida-terracota-bluzka-z-rozszerzanym-mankietem\/#primaryimage\"},\"thumbnailUrl\":\"https:\/\/nudu.pl\/wp-content\/uploads\/2024\/08\/3B3A4629.jpg\",\"datePublished\":\"2024-09-16T20:57:56+00:00\",\"dateModified\":\"2025-01-21T23:10:27+00:00\",\"breadcrumb\":{\"@id\":\"https:\/\/nudu.pl\/produkt\/frida-terracota-bluzka-z-rozszerzanym-mankietem\/#breadcrumb\"},\"inLanguage\":\"en-GB\",\"potentialAction\":[{\"@type\":\"ReadAction\",\"target\":[\"https:\/\/nudu.pl\/produkt\/frida-terracota-bluzka-z-rozszerzanym-mankietem\/\"]}]},{\"@type\":\"ImageObject\",\"inLanguage\":\"en-GB\",\"@id\":\"https:\/\/nudu.pl\/produkt\/frida-terracota-bluzka-z-rozszerzanym-mankietem\/#primaryimage\",\"url\":\"https:\/\/nudu.pl\/wp-content\/uploads\/2024\/08\/3B3A4629.jpg\",\"contentUrl\":\"https:\/\/nudu.pl\/wp-content\/uploads\/2024\/08\/3B3A4629.jpg\",\"width\":800,\"height\":1199},{\"@type\":\"BreadcrumbList\",\"@id\":\"https:\/\/nudu.pl\/produkt\/frida-terracota-bluzka-z-rozszerzanym-mankietem\/#breadcrumb\",\"itemListElement\":[{\"@type\":\"ListItem\",\"position\":1,\"name\":\"Home\",\"item\":\"https:\/\/nudu.pl\/\"},{\"@type\":\"ListItem\",\"position\":2,\"name\":\"Sklep\",\"item\":\"https:\/\/nudu.pl\/sklep\/\"},{\"@type\":\"ListItem\",\"position\":3,\"name\":\"Frida terracota bluzka z rozszerzanym mankietem\"}]},{\"@type\":\"WebSite\",\"@id\":\"https:\/\/nudu.pl\/#website\",\"url\":\"https:\/\/nudu.pl\/\",\"name\":\"NuDu Boutique Warszawa\",\"description\":\"Pocz\u0105tek pi\u0119knej przyja\u017ani\",\"publisher\":{\"@id\":\"https:\/\/nudu.pl\/#organization\"},\"potentialAction\":[{\"@type\":\"SearchAction\",\"target\":{\"@type\":\"EntryPoint\",\"urlTemplate\":\"https:\/\/nudu.pl\/?s={search_term_string}\"},\"query-input\":{\"@type\":\"PropertyValueSpecification\",\"valueRequired\":true,\"valueName\":\"search_term_string\"}}],\"inLanguage\":\"en-GB\"},{\"@type\":\"Organization\",\"@id\":\"https:\/\/nudu.pl\/#organization\",\"name\":\"NuDu Boutique Warszawa\",\"url\":\"https:\/\/nudu.pl\/\",\"logo\":{\"@type\":\"ImageObject\",\"inLanguage\":\"en-GB\",\"@id\":\"https:\/\/nudu.pl\/#\/schema\/logo\/image\/\",\"url\":\"https:\/\/nudu.pl\/wp-content\/uploads\/2024\/07\/NuDu-basic.svg\",\"contentUrl\":\"https:\/\/nudu.pl\/wp-content\/uploads\/2024\/07\/NuDu-basic.svg\",\"width\":166,\"height\":67,\"caption\":\"NuDu Boutique Warszawa\"},\"image\":{\"@id\":\"https:\/\/nudu.pl\/#\/schema\/logo\/image\/\"}}]}<\/script>\n<!-- \/ Yoast SEO plugin. -->","yoast_head_json":{"title":"Frida terracota bluzka z rozszerzanym mankietem - NuDu Boutique Warszawa","robots":{"index":"index","follow":"follow","max-snippet":"max-snippet:-1","max-image-preview":"max-image-preview:large","max-video-preview":"max-video-preview:-1"},"canonical":"https:\/\/nudu.pl\/en\/product\/frida-terracota-bluzka-z-rozszerzanym-mankietem\/","og_locale":"en_GB","og_type":"article","og_title":"Frida terracota bluzka z rozszerzanym mankietem - NuDu Boutique Warszawa","og_description":"bluzka z okr\u0105g\u0142ym dekoltem, z rozszerzanym warstwowym mankietem","og_url":"https:\/\/nudu.pl\/en\/product\/frida-terracota-bluzka-z-rozszerzanym-mankietem\/","og_site_name":"NuDu Boutique Warszawa","article_modified_time":"2025-01-21T23:10:27+00:00","og_image":[{"width":800,"height":1199,"url":"https:\/\/nudu.pl\/wp-content\/uploads\/2024\/08\/3B3A4629.jpg","type":"image\/jpeg"}],"twitter_card":"summary_large_image","twitter_misc":{"Estimated reading time":"1 minute"},"schema":{"@context":"https:\/\/schema.org","@graph":[{"@type":"WebPage","@id":"https:\/\/nudu.pl\/produkt\/frida-terracota-bluzka-z-rozszerzanym-mankietem\/","url":"https:\/\/nudu.pl\/produkt\/frida-terracota-bluzka-z-rozszerzanym-mankietem\/","name":"Frida terracota bluzka z rozszerzanym mankietem - NuDu Boutique Warszawa","isPartOf":{"@id":"https:\/\/nudu.pl\/#website"},"primaryImageOfPage":{"@id":"https:\/\/nudu.pl\/produkt\/frida-terracota-bluzka-z-rozszerzanym-mankietem\/#primaryimage"},"image":{"@id":"https:\/\/nudu.pl\/produkt\/frida-terracota-bluzka-z-rozszerzanym-mankietem\/#primaryimage"},"thumbnailUrl":"https:\/\/nudu.pl\/wp-content\/uploads\/2024\/08\/3B3A4629.jpg","datePublished":"2024-09-16T20:57:56+00:00","dateModified":"2025-01-21T23:10:27+00:00","breadcrumb":{"@id":"https:\/\/nudu.pl\/produkt\/frida-terracota-bluzka-z-rozszerzanym-mankietem\/#breadcrumb"},"inLanguage":"en-GB","potentialAction":[{"@type":"ReadAction","target":["https:\/\/nudu.pl\/produkt\/frida-terracota-bluzka-z-rozszerzanym-mankietem\/"]}]},{"@type":"ImageObject","inLanguage":"en-GB","@id":"https:\/\/nudu.pl\/produkt\/frida-terracota-bluzka-z-rozszerzanym-mankietem\/#primaryimage","url":"https:\/\/nudu.pl\/wp-content\/uploads\/2024\/08\/3B3A4629.jpg","contentUrl":"https:\/\/nudu.pl\/wp-content\/uploads\/2024\/08\/3B3A4629.jpg","width":800,"height":1199},{"@type":"BreadcrumbList","@id":"https:\/\/nudu.pl\/produkt\/frida-terracota-bluzka-z-rozszerzanym-mankietem\/#breadcrumb","itemListElement":[{"@type":"ListItem","position":1,"name":"Home","item":"https:\/\/nudu.pl\/"},{"@type":"ListItem","position":2,"name":"Sklep","item":"https:\/\/nudu.pl\/sklep\/"},{"@type":"ListItem","position":3,"name":"Frida terracota bluzka z rozszerzanym mankietem"}]},{"@type":"WebSite","@id":"https:\/\/nudu.pl\/#website","url":"https:\/\/nudu.pl\/","name":"NuDu Boutique Warszawa","description":"Pocz\u0105tek pi\u0119knej przyja\u017ani","publisher":{"@id":"https:\/\/nudu.pl\/#organization"},"potentialAction":[{"@type":"SearchAction","target":{"@type":"EntryPoint","urlTemplate":"https:\/\/nudu.pl\/?s={search_term_string}"},"query-input":{"@type":"PropertyValueSpecification","valueRequired":true,"valueName":"search_term_string"}}],"inLanguage":"en-GB"},{"@type":"Organization","@id":"https:\/\/nudu.pl\/#organization","name":"NuDu Boutique Warszawa","url":"https:\/\/nudu.pl\/","logo":{"@type":"ImageObject","inLanguage":"en-GB","@id":"https:\/\/nudu.pl\/#\/schema\/logo\/image\/","url":"https:\/\/nudu.pl\/wp-content\/uploads\/2024\/07\/NuDu-basic.svg","contentUrl":"https:\/\/nudu.pl\/wp-content\/uploads\/2024\/07\/NuDu-basic.svg","width":166,"height":67,"caption":"NuDu Boutique Warszawa"},"image":{"@id":"https:\/\/nudu.pl\/#\/schema\/logo\/image\/"}}]}},"_links":{"self":[{"href":"https:\/\/nudu.pl\/en\/wp-json\/wp\/v2\/product\/8356","targetHints":{"allow":["GET"]}}],"collection":[{"href":"https:\/\/nudu.pl\/en\/wp-json\/wp\/v2\/product"}],"about":[{"href":"https:\/\/nudu.pl\/en\/wp-json\/wp\/v2\/types\/product"}],"wp:featuredmedia":[{"embeddable":true,"href":"https:\/\/nudu.pl\/en\/wp-json\/wp\/v2\/media\/7898"}],"wp:attachment":[{"href":"https:\/\/nudu.pl\/en\/wp-json\/wp\/v2\/media?parent=8356"}],"wp:term":[{"taxonomy":"product_brand","embeddable":true,"href":"https:\/\/nudu.pl\/en\/wp-json\/wp\/v2\/product_brand?post=8356"},{"taxonomy":"product_cat","embeddable":true,"href":"https:\/\/nudu.pl\/en\/wp-json\/wp\/v2\/product_cat?post=8356"},{"taxonomy":"product_tag","embeddable":true,"href":"https:\/\/nudu.pl\/en\/wp-json\/wp\/v2\/product_tag?post=8356"}],"curies":[{"name":"wp","href":"https:\/\/api.w.org\/{rel}","templated":true}]}}