{"id":8821,"date":"2024-12-09T20:56:33","date_gmt":"2024-12-09T19:56:33","guid":{"rendered":"https:\/\/nudu.pl\/?post_type=product&#038;p=8821"},"modified":"2026-03-25T17:48:16","modified_gmt":"2026-03-25T16:48:16","slug":"mary-kokarda","status":"publish","type":"product","link":"https:\/\/nudu.pl\/en\/product\/mary-kokarda\/","title":{"rendered":"Mery bow made of eco-leather"},"content":{"rendered":"<ul>\n<li>handmade bow design made of eco-leather<\/li>\n<li>with a clip to attach to the hair<\/li>\n<li>product designed and sewn in Poland<\/li>\n<\/ul>","protected":false},"excerpt":{"rendered":"<p>eco-leather bow<\/p>","protected":false},"featured_media":8841,"template":"","meta":{"_acf_changed":false},"product_brand":[],"product_cat":[183],"product_tag":[180,185,223],"class_list":{"0":"post-8821","1":"product","2":"type-product","3":"status-publish","4":"has-post-thumbnail","6":"product_cat-kokarda-akcesoria-do-wlosow","7":"product_tag-kokarda","8":"product_tag-kokarda-do-wlosow","9":"product_tag-kokarda-ze-skory","10":"pa_kolory-bez-z-niebieskim","11":"pa_kolory-bordo","12":"pa_kolory-camel","13":"pa_kolory-jasny-bez","14":"pa_kolory-zgaszona-czerwien","15":"pa_kolory-zgaszony-niebieski","17":"first","18":"instock","19":"taxable","20":"shipping-taxable","21":"purchasable","22":"product-type-variable","23":"has-default-attributes","24":"wvs-archive-product-wrapper"},"acf":[],"yoast_head":"<!-- This site is optimized with the Yoast SEO plugin v24.3 - https:\/\/yoast.com\/wordpress\/plugins\/seo\/ -->\n<title>Mery kokarda z ekosk\u00f3ry - NuDu Boutique Warszawa<\/title>\n<meta name=\"robots\" content=\"index, follow, max-snippet:-1, max-image-preview:large, max-video-preview:-1\" \/>\n<link rel=\"canonical\" href=\"https:\/\/nudu.pl\/en\/product\/mary-kokarda\/\" \/>\n<meta property=\"og:locale\" content=\"en_GB\" \/>\n<meta property=\"og:type\" content=\"article\" \/>\n<meta property=\"og:title\" content=\"Mery kokarda z ekosk\u00f3ry - NuDu Boutique Warszawa\" \/>\n<meta property=\"og:description\" content=\"kokarda z ekosk\u00f3ry\" \/>\n<meta property=\"og:url\" content=\"https:\/\/nudu.pl\/en\/product\/mary-kokarda\/\" \/>\n<meta property=\"og:site_name\" content=\"NuDu Boutique Warszawa\" \/>\n<meta property=\"article:modified_time\" content=\"2026-03-25T16:48:16+00:00\" \/>\n<meta property=\"og:image\" content=\"https:\/\/nudu.pl\/wp-content\/uploads\/2024\/12\/Photoroom-20241209_214354.png\" \/>\n\t<meta property=\"og:image:width\" content=\"1053\" \/>\n\t<meta property=\"og:image:height\" content=\"1404\" \/>\n\t<meta property=\"og:image:type\" content=\"image\/png\" \/>\n<meta name=\"twitter:card\" content=\"summary_large_image\" \/>\n<meta name=\"twitter:label1\" content=\"Estimated reading time\" \/>\n\t<meta name=\"twitter:data1\" content=\"1 minute\" \/>\n<script type=\"application\/ld+json\" class=\"yoast-schema-graph\">{\"@context\":\"https:\/\/schema.org\",\"@graph\":[{\"@type\":\"WebPage\",\"@id\":\"https:\/\/nudu.pl\/produkt\/mary-kokarda\/\",\"url\":\"https:\/\/nudu.pl\/produkt\/mary-kokarda\/\",\"name\":\"Mery kokarda z ekosk\u00f3ry - NuDu Boutique Warszawa\",\"isPartOf\":{\"@id\":\"https:\/\/nudu.pl\/#website\"},\"primaryImageOfPage\":{\"@id\":\"https:\/\/nudu.pl\/produkt\/mary-kokarda\/#primaryimage\"},\"image\":{\"@id\":\"https:\/\/nudu.pl\/produkt\/mary-kokarda\/#primaryimage\"},\"thumbnailUrl\":\"https:\/\/nudu.pl\/wp-content\/uploads\/2024\/12\/Photoroom-20241209_214354.png\",\"datePublished\":\"2024-12-09T19:56:33+00:00\",\"dateModified\":\"2026-03-25T16:48:16+00:00\",\"breadcrumb\":{\"@id\":\"https:\/\/nudu.pl\/produkt\/mary-kokarda\/#breadcrumb\"},\"inLanguage\":\"en-GB\",\"potentialAction\":[{\"@type\":\"ReadAction\",\"target\":[\"https:\/\/nudu.pl\/produkt\/mary-kokarda\/\"]}]},{\"@type\":\"ImageObject\",\"inLanguage\":\"en-GB\",\"@id\":\"https:\/\/nudu.pl\/produkt\/mary-kokarda\/#primaryimage\",\"url\":\"https:\/\/nudu.pl\/wp-content\/uploads\/2024\/12\/Photoroom-20241209_214354.png\",\"contentUrl\":\"https:\/\/nudu.pl\/wp-content\/uploads\/2024\/12\/Photoroom-20241209_214354.png\",\"width\":1053,\"height\":1404},{\"@type\":\"BreadcrumbList\",\"@id\":\"https:\/\/nudu.pl\/produkt\/mary-kokarda\/#breadcrumb\",\"itemListElement\":[{\"@type\":\"ListItem\",\"position\":1,\"name\":\"Home\",\"item\":\"https:\/\/nudu.pl\/\"},{\"@type\":\"ListItem\",\"position\":2,\"name\":\"Sklep\",\"item\":\"https:\/\/nudu.pl\/sklep\/\"},{\"@type\":\"ListItem\",\"position\":3,\"name\":\"Mery kokarda z ekosk\u00f3ry\"}]},{\"@type\":\"WebSite\",\"@id\":\"https:\/\/nudu.pl\/#website\",\"url\":\"https:\/\/nudu.pl\/\",\"name\":\"NuDu Boutique Warszawa\",\"description\":\"Pocz\u0105tek pi\u0119knej przyja\u017ani\",\"publisher\":{\"@id\":\"https:\/\/nudu.pl\/#organization\"},\"potentialAction\":[{\"@type\":\"SearchAction\",\"target\":{\"@type\":\"EntryPoint\",\"urlTemplate\":\"https:\/\/nudu.pl\/?s={search_term_string}\"},\"query-input\":{\"@type\":\"PropertyValueSpecification\",\"valueRequired\":true,\"valueName\":\"search_term_string\"}}],\"inLanguage\":\"en-GB\"},{\"@type\":\"Organization\",\"@id\":\"https:\/\/nudu.pl\/#organization\",\"name\":\"NuDu Boutique Warszawa\",\"url\":\"https:\/\/nudu.pl\/\",\"logo\":{\"@type\":\"ImageObject\",\"inLanguage\":\"en-GB\",\"@id\":\"https:\/\/nudu.pl\/#\/schema\/logo\/image\/\",\"url\":\"https:\/\/nudu.pl\/wp-content\/uploads\/2024\/07\/NuDu-basic.svg\",\"contentUrl\":\"https:\/\/nudu.pl\/wp-content\/uploads\/2024\/07\/NuDu-basic.svg\",\"width\":166,\"height\":67,\"caption\":\"NuDu Boutique Warszawa\"},\"image\":{\"@id\":\"https:\/\/nudu.pl\/#\/schema\/logo\/image\/\"}}]}<\/script>\n<!-- \/ Yoast SEO plugin. -->","yoast_head_json":{"title":"Mery kokarda z ekosk\u00f3ry - NuDu Boutique Warszawa","robots":{"index":"index","follow":"follow","max-snippet":"max-snippet:-1","max-image-preview":"max-image-preview:large","max-video-preview":"max-video-preview:-1"},"canonical":"https:\/\/nudu.pl\/en\/product\/mary-kokarda\/","og_locale":"en_GB","og_type":"article","og_title":"Mery kokarda z ekosk\u00f3ry - NuDu Boutique Warszawa","og_description":"kokarda z ekosk\u00f3ry","og_url":"https:\/\/nudu.pl\/en\/product\/mary-kokarda\/","og_site_name":"NuDu Boutique Warszawa","article_modified_time":"2026-03-25T16:48:16+00:00","og_image":[{"width":1053,"height":1404,"url":"https:\/\/nudu.pl\/wp-content\/uploads\/2024\/12\/Photoroom-20241209_214354.png","type":"image\/png"}],"twitter_card":"summary_large_image","twitter_misc":{"Estimated reading time":"1 minute"},"schema":{"@context":"https:\/\/schema.org","@graph":[{"@type":"WebPage","@id":"https:\/\/nudu.pl\/produkt\/mary-kokarda\/","url":"https:\/\/nudu.pl\/produkt\/mary-kokarda\/","name":"Mery kokarda z ekosk\u00f3ry - NuDu Boutique Warszawa","isPartOf":{"@id":"https:\/\/nudu.pl\/#website"},"primaryImageOfPage":{"@id":"https:\/\/nudu.pl\/produkt\/mary-kokarda\/#primaryimage"},"image":{"@id":"https:\/\/nudu.pl\/produkt\/mary-kokarda\/#primaryimage"},"thumbnailUrl":"https:\/\/nudu.pl\/wp-content\/uploads\/2024\/12\/Photoroom-20241209_214354.png","datePublished":"2024-12-09T19:56:33+00:00","dateModified":"2026-03-25T16:48:16+00:00","breadcrumb":{"@id":"https:\/\/nudu.pl\/produkt\/mary-kokarda\/#breadcrumb"},"inLanguage":"en-GB","potentialAction":[{"@type":"ReadAction","target":["https:\/\/nudu.pl\/produkt\/mary-kokarda\/"]}]},{"@type":"ImageObject","inLanguage":"en-GB","@id":"https:\/\/nudu.pl\/produkt\/mary-kokarda\/#primaryimage","url":"https:\/\/nudu.pl\/wp-content\/uploads\/2024\/12\/Photoroom-20241209_214354.png","contentUrl":"https:\/\/nudu.pl\/wp-content\/uploads\/2024\/12\/Photoroom-20241209_214354.png","width":1053,"height":1404},{"@type":"BreadcrumbList","@id":"https:\/\/nudu.pl\/produkt\/mary-kokarda\/#breadcrumb","itemListElement":[{"@type":"ListItem","position":1,"name":"Home","item":"https:\/\/nudu.pl\/"},{"@type":"ListItem","position":2,"name":"Sklep","item":"https:\/\/nudu.pl\/sklep\/"},{"@type":"ListItem","position":3,"name":"Mery kokarda z ekosk\u00f3ry"}]},{"@type":"WebSite","@id":"https:\/\/nudu.pl\/#website","url":"https:\/\/nudu.pl\/","name":"NuDu Boutique Warszawa","description":"Pocz\u0105tek pi\u0119knej przyja\u017ani","publisher":{"@id":"https:\/\/nudu.pl\/#organization"},"potentialAction":[{"@type":"SearchAction","target":{"@type":"EntryPoint","urlTemplate":"https:\/\/nudu.pl\/?s={search_term_string}"},"query-input":{"@type":"PropertyValueSpecification","valueRequired":true,"valueName":"search_term_string"}}],"inLanguage":"en-GB"},{"@type":"Organization","@id":"https:\/\/nudu.pl\/#organization","name":"NuDu Boutique Warszawa","url":"https:\/\/nudu.pl\/","logo":{"@type":"ImageObject","inLanguage":"en-GB","@id":"https:\/\/nudu.pl\/#\/schema\/logo\/image\/","url":"https:\/\/nudu.pl\/wp-content\/uploads\/2024\/07\/NuDu-basic.svg","contentUrl":"https:\/\/nudu.pl\/wp-content\/uploads\/2024\/07\/NuDu-basic.svg","width":166,"height":67,"caption":"NuDu Boutique Warszawa"},"image":{"@id":"https:\/\/nudu.pl\/#\/schema\/logo\/image\/"}}]}},"_links":{"self":[{"href":"https:\/\/nudu.pl\/en\/wp-json\/wp\/v2\/product\/8821","targetHints":{"allow":["GET"]}}],"collection":[{"href":"https:\/\/nudu.pl\/en\/wp-json\/wp\/v2\/product"}],"about":[{"href":"https:\/\/nudu.pl\/en\/wp-json\/wp\/v2\/types\/product"}],"wp:featuredmedia":[{"embeddable":true,"href":"https:\/\/nudu.pl\/en\/wp-json\/wp\/v2\/media\/8841"}],"wp:attachment":[{"href":"https:\/\/nudu.pl\/en\/wp-json\/wp\/v2\/media?parent=8821"}],"wp:term":[{"taxonomy":"product_brand","embeddable":true,"href":"https:\/\/nudu.pl\/en\/wp-json\/wp\/v2\/product_brand?post=8821"},{"taxonomy":"product_cat","embeddable":true,"href":"https:\/\/nudu.pl\/en\/wp-json\/wp\/v2\/product_cat?post=8821"},{"taxonomy":"product_tag","embeddable":true,"href":"https:\/\/nudu.pl\/en\/wp-json\/wp\/v2\/product_tag?post=8821"}],"curies":[{"name":"wp","href":"https:\/\/api.w.org\/{rel}","templated":true}]}}