{"id":9110,"date":"2025-01-26T18:19:06","date_gmt":"2025-01-26T17:19:06","guid":{"rendered":"https:\/\/nudu.pl\/?post_type=product&#038;p=9110"},"modified":"2026-02-18T13:40:11","modified_gmt":"2026-02-18T12:40:11","slug":"fifi-butter-yellow-kombinezon","status":"publish","type":"product","link":"https:\/\/nudu.pl\/en\/product\/fifi-butter-yellow-kombinezon\/","title":{"rendered":"Fifi butter yellow overalls"},"content":{"rendered":"<div dir=\"auto\">Odkryj nowy wymiar elegancji z naszym kombinezonem Fifi w odcieniu delikatnego butter yellow, kt\u00f3ry idealnie wpisuje si\u0119 w letnie trendy. Wykonany z wysokiej jako\u015bci tkaniny bawe\u0142nianej z domieszk\u0105 lyocellu i elastanu, \u0142\u0105czy w sobie komfort noszenia z subtelnym blaskiem, idealnym na ka\u017cd\u0105 okazj\u0119.<\/div>\n<div dir=\"auto\"><\/div>\n<div dir=\"auto\">Jego g\u0142\u0119boki dekolt z przodu uwydatnia pi\u0119kno obojczyk\u00f3w, a zabudowane plecy dodaj\u0105 klasy i wyrafinowania. R\u0119kawy w d\u0142ugo\u015bci 3\/4 w kszta\u0142cie bufy nadaj\u0105 ca\u0142o\u015bci lekko\u015bci oraz romantycznego charakteru, a kr\u00f3tkie szorty sprawiaj\u0105, \u017ce kombinezon doskonale sprawdzi si\u0119 zar\u00f3wno na codzienne wyj\u015bcia, jak i wieczorne spotkania.<\/div>\n<div dir=\"auto\"><\/div>\n<div dir=\"auto\">Kombinezon ozdobiony jest praktycznymi kieszeniami oraz stylowym paskiem, kt\u00f3ry podkre\u015bla tali\u0119, a klapy w stylu, kt\u00f3ry spotykamy w marynarkach dodaj\u0105 mu eleganckiego sznytu. Inspiracj\u0105 do jego stworzenia by\u0142a harmonia mi\u0119dzy klasyk\u0105 a nowoczesno\u015bci\u0105, po\u0142\u0105czenie eleganckiego stylu z parysk\u0105 swobod\u0105.<\/div>\n<div dir=\"auto\"><\/div>\n<div dir=\"auto\">To idealny wyb\u00f3r dla kobiet, kt\u00f3re pragn\u0105 podkre\u015bli\u0107 swoje atuty, takie jak nogi i dekolt, jednocze\u015bnie czuj\u0105c si\u0119 komfortowo i stylowo. Idealny na koktajlowe przyj\u0119cia, letnie spacery czy wieczorne wyj\u015bcia. Kombinezon Fifi stanie si\u0119 nieod\u0142\u0105cznym elementem Twojej letniej garderoby.<\/div>","protected":false},"excerpt":{"rendered":"<ul>\n<li>czas realizacji zam\u00f3wienia wynosi 3 dni robocze<\/li>\n<li>product designed and sewn in Poland<\/li>\n<\/ul>","protected":false},"featured_media":9114,"template":"","meta":{"_acf_changed":false},"product_brand":[],"product_cat":[233],"product_tag":[236,234,235],"class_list":{"0":"post-9110","1":"product","2":"type-product","3":"status-publish","4":"has-post-thumbnail","6":"product_cat-kombinezony","7":"product_tag-kombinezon","8":"product_tag-kombinezon-damski","9":"product_tag-krotki-kombinezon","10":"pa_kolory-butter-yellow","12":"first","13":"instock","14":"taxable","15":"shipping-taxable","16":"purchasable","17":"product-type-variable","18":"has-default-attributes","19":"wvs-archive-product-wrapper"},"acf":[],"yoast_head":"<!-- This site is optimized with the Yoast SEO plugin v24.3 - https:\/\/yoast.com\/wordpress\/plugins\/seo\/ -->\n<title>Fifi butter yellow kombinezon - NuDu Boutique Warszawa<\/title>\n<meta name=\"robots\" content=\"index, follow, max-snippet:-1, max-image-preview:large, max-video-preview:-1\" \/>\n<link rel=\"canonical\" href=\"https:\/\/nudu.pl\/en\/product\/fifi-butter-yellow-kombinezon\/\" \/>\n<meta property=\"og:locale\" content=\"en_GB\" \/>\n<meta property=\"og:type\" content=\"article\" \/>\n<meta property=\"og:title\" content=\"Fifi butter yellow kombinezon - NuDu Boutique Warszawa\" \/>\n<meta property=\"og:description\" content=\"czas realizacji zam\u00f3wienia wynosi 3 dni robocze  produkt zaprojektowany i uszyty w Polsce\" \/>\n<meta property=\"og:url\" content=\"https:\/\/nudu.pl\/en\/product\/fifi-butter-yellow-kombinezon\/\" \/>\n<meta property=\"og:site_name\" content=\"NuDu Boutique Warszawa\" \/>\n<meta property=\"article:modified_time\" content=\"2026-02-18T12:40:11+00:00\" \/>\n<meta property=\"og:image\" content=\"https:\/\/nudu.pl\/wp-content\/uploads\/2025\/01\/IMG-20250125-WA0013.jpg\" \/>\n\t<meta property=\"og:image:width\" content=\"899\" \/>\n\t<meta property=\"og:image:height\" content=\"1599\" \/>\n\t<meta property=\"og:image:type\" content=\"image\/jpeg\" \/>\n<meta name=\"twitter:card\" content=\"summary_large_image\" \/>\n<meta name=\"twitter:label1\" content=\"Estimated reading time\" \/>\n\t<meta name=\"twitter:data1\" content=\"2 minutes\" \/>\n<script type=\"application\/ld+json\" class=\"yoast-schema-graph\">{\"@context\":\"https:\/\/schema.org\",\"@graph\":[{\"@type\":\"WebPage\",\"@id\":\"https:\/\/nudu.pl\/produkt\/fifi-butter-yellow-kombinezon\/\",\"url\":\"https:\/\/nudu.pl\/produkt\/fifi-butter-yellow-kombinezon\/\",\"name\":\"Fifi butter yellow kombinezon - NuDu Boutique Warszawa\",\"isPartOf\":{\"@id\":\"https:\/\/nudu.pl\/#website\"},\"primaryImageOfPage\":{\"@id\":\"https:\/\/nudu.pl\/produkt\/fifi-butter-yellow-kombinezon\/#primaryimage\"},\"image\":{\"@id\":\"https:\/\/nudu.pl\/produkt\/fifi-butter-yellow-kombinezon\/#primaryimage\"},\"thumbnailUrl\":\"https:\/\/nudu.pl\/wp-content\/uploads\/2025\/01\/IMG-20250125-WA0013.jpg\",\"datePublished\":\"2025-01-26T17:19:06+00:00\",\"dateModified\":\"2026-02-18T12:40:11+00:00\",\"breadcrumb\":{\"@id\":\"https:\/\/nudu.pl\/produkt\/fifi-butter-yellow-kombinezon\/#breadcrumb\"},\"inLanguage\":\"en-GB\",\"potentialAction\":[{\"@type\":\"ReadAction\",\"target\":[\"https:\/\/nudu.pl\/produkt\/fifi-butter-yellow-kombinezon\/\"]}]},{\"@type\":\"ImageObject\",\"inLanguage\":\"en-GB\",\"@id\":\"https:\/\/nudu.pl\/produkt\/fifi-butter-yellow-kombinezon\/#primaryimage\",\"url\":\"https:\/\/nudu.pl\/wp-content\/uploads\/2025\/01\/IMG-20250125-WA0013.jpg\",\"contentUrl\":\"https:\/\/nudu.pl\/wp-content\/uploads\/2025\/01\/IMG-20250125-WA0013.jpg\",\"width\":899,\"height\":1599},{\"@type\":\"BreadcrumbList\",\"@id\":\"https:\/\/nudu.pl\/produkt\/fifi-butter-yellow-kombinezon\/#breadcrumb\",\"itemListElement\":[{\"@type\":\"ListItem\",\"position\":1,\"name\":\"Home\",\"item\":\"https:\/\/nudu.pl\/\"},{\"@type\":\"ListItem\",\"position\":2,\"name\":\"Sklep\",\"item\":\"https:\/\/nudu.pl\/sklep\/\"},{\"@type\":\"ListItem\",\"position\":3,\"name\":\"Fifi butter yellow kombinezon\"}]},{\"@type\":\"WebSite\",\"@id\":\"https:\/\/nudu.pl\/#website\",\"url\":\"https:\/\/nudu.pl\/\",\"name\":\"NuDu Boutique Warszawa\",\"description\":\"Pocz\u0105tek pi\u0119knej przyja\u017ani\",\"publisher\":{\"@id\":\"https:\/\/nudu.pl\/#organization\"},\"potentialAction\":[{\"@type\":\"SearchAction\",\"target\":{\"@type\":\"EntryPoint\",\"urlTemplate\":\"https:\/\/nudu.pl\/?s={search_term_string}\"},\"query-input\":{\"@type\":\"PropertyValueSpecification\",\"valueRequired\":true,\"valueName\":\"search_term_string\"}}],\"inLanguage\":\"en-GB\"},{\"@type\":\"Organization\",\"@id\":\"https:\/\/nudu.pl\/#organization\",\"name\":\"NuDu Boutique Warszawa\",\"url\":\"https:\/\/nudu.pl\/\",\"logo\":{\"@type\":\"ImageObject\",\"inLanguage\":\"en-GB\",\"@id\":\"https:\/\/nudu.pl\/#\/schema\/logo\/image\/\",\"url\":\"https:\/\/nudu.pl\/wp-content\/uploads\/2024\/07\/NuDu-basic.svg\",\"contentUrl\":\"https:\/\/nudu.pl\/wp-content\/uploads\/2024\/07\/NuDu-basic.svg\",\"width\":166,\"height\":67,\"caption\":\"NuDu Boutique Warszawa\"},\"image\":{\"@id\":\"https:\/\/nudu.pl\/#\/schema\/logo\/image\/\"}}]}<\/script>\n<!-- \/ Yoast SEO plugin. -->","yoast_head_json":{"title":"Fifi butter yellow kombinezon - NuDu Boutique Warszawa","robots":{"index":"index","follow":"follow","max-snippet":"max-snippet:-1","max-image-preview":"max-image-preview:large","max-video-preview":"max-video-preview:-1"},"canonical":"https:\/\/nudu.pl\/en\/product\/fifi-butter-yellow-kombinezon\/","og_locale":"en_GB","og_type":"article","og_title":"Fifi butter yellow kombinezon - NuDu Boutique Warszawa","og_description":"czas realizacji zam\u00f3wienia wynosi 3 dni robocze  produkt zaprojektowany i uszyty w Polsce","og_url":"https:\/\/nudu.pl\/en\/product\/fifi-butter-yellow-kombinezon\/","og_site_name":"NuDu Boutique Warszawa","article_modified_time":"2026-02-18T12:40:11+00:00","og_image":[{"width":899,"height":1599,"url":"https:\/\/nudu.pl\/wp-content\/uploads\/2025\/01\/IMG-20250125-WA0013.jpg","type":"image\/jpeg"}],"twitter_card":"summary_large_image","twitter_misc":{"Estimated reading time":"2 minutes"},"schema":{"@context":"https:\/\/schema.org","@graph":[{"@type":"WebPage","@id":"https:\/\/nudu.pl\/produkt\/fifi-butter-yellow-kombinezon\/","url":"https:\/\/nudu.pl\/produkt\/fifi-butter-yellow-kombinezon\/","name":"Fifi butter yellow kombinezon - NuDu Boutique Warszawa","isPartOf":{"@id":"https:\/\/nudu.pl\/#website"},"primaryImageOfPage":{"@id":"https:\/\/nudu.pl\/produkt\/fifi-butter-yellow-kombinezon\/#primaryimage"},"image":{"@id":"https:\/\/nudu.pl\/produkt\/fifi-butter-yellow-kombinezon\/#primaryimage"},"thumbnailUrl":"https:\/\/nudu.pl\/wp-content\/uploads\/2025\/01\/IMG-20250125-WA0013.jpg","datePublished":"2025-01-26T17:19:06+00:00","dateModified":"2026-02-18T12:40:11+00:00","breadcrumb":{"@id":"https:\/\/nudu.pl\/produkt\/fifi-butter-yellow-kombinezon\/#breadcrumb"},"inLanguage":"en-GB","potentialAction":[{"@type":"ReadAction","target":["https:\/\/nudu.pl\/produkt\/fifi-butter-yellow-kombinezon\/"]}]},{"@type":"ImageObject","inLanguage":"en-GB","@id":"https:\/\/nudu.pl\/produkt\/fifi-butter-yellow-kombinezon\/#primaryimage","url":"https:\/\/nudu.pl\/wp-content\/uploads\/2025\/01\/IMG-20250125-WA0013.jpg","contentUrl":"https:\/\/nudu.pl\/wp-content\/uploads\/2025\/01\/IMG-20250125-WA0013.jpg","width":899,"height":1599},{"@type":"BreadcrumbList","@id":"https:\/\/nudu.pl\/produkt\/fifi-butter-yellow-kombinezon\/#breadcrumb","itemListElement":[{"@type":"ListItem","position":1,"name":"Home","item":"https:\/\/nudu.pl\/"},{"@type":"ListItem","position":2,"name":"Sklep","item":"https:\/\/nudu.pl\/sklep\/"},{"@type":"ListItem","position":3,"name":"Fifi butter yellow kombinezon"}]},{"@type":"WebSite","@id":"https:\/\/nudu.pl\/#website","url":"https:\/\/nudu.pl\/","name":"NuDu Boutique Warszawa","description":"Pocz\u0105tek pi\u0119knej przyja\u017ani","publisher":{"@id":"https:\/\/nudu.pl\/#organization"},"potentialAction":[{"@type":"SearchAction","target":{"@type":"EntryPoint","urlTemplate":"https:\/\/nudu.pl\/?s={search_term_string}"},"query-input":{"@type":"PropertyValueSpecification","valueRequired":true,"valueName":"search_term_string"}}],"inLanguage":"en-GB"},{"@type":"Organization","@id":"https:\/\/nudu.pl\/#organization","name":"NuDu Boutique Warszawa","url":"https:\/\/nudu.pl\/","logo":{"@type":"ImageObject","inLanguage":"en-GB","@id":"https:\/\/nudu.pl\/#\/schema\/logo\/image\/","url":"https:\/\/nudu.pl\/wp-content\/uploads\/2024\/07\/NuDu-basic.svg","contentUrl":"https:\/\/nudu.pl\/wp-content\/uploads\/2024\/07\/NuDu-basic.svg","width":166,"height":67,"caption":"NuDu Boutique Warszawa"},"image":{"@id":"https:\/\/nudu.pl\/#\/schema\/logo\/image\/"}}]}},"_links":{"self":[{"href":"https:\/\/nudu.pl\/en\/wp-json\/wp\/v2\/product\/9110","targetHints":{"allow":["GET"]}}],"collection":[{"href":"https:\/\/nudu.pl\/en\/wp-json\/wp\/v2\/product"}],"about":[{"href":"https:\/\/nudu.pl\/en\/wp-json\/wp\/v2\/types\/product"}],"wp:featuredmedia":[{"embeddable":true,"href":"https:\/\/nudu.pl\/en\/wp-json\/wp\/v2\/media\/9114"}],"wp:attachment":[{"href":"https:\/\/nudu.pl\/en\/wp-json\/wp\/v2\/media?parent=9110"}],"wp:term":[{"taxonomy":"product_brand","embeddable":true,"href":"https:\/\/nudu.pl\/en\/wp-json\/wp\/v2\/product_brand?post=9110"},{"taxonomy":"product_cat","embeddable":true,"href":"https:\/\/nudu.pl\/en\/wp-json\/wp\/v2\/product_cat?post=9110"},{"taxonomy":"product_tag","embeddable":true,"href":"https:\/\/nudu.pl\/en\/wp-json\/wp\/v2\/product_tag?post=9110"}],"curies":[{"name":"wp","href":"https:\/\/api.w.org\/{rel}","templated":true}]}}