{"id":9393,"date":"2025-02-28T19:52:54","date_gmt":"2025-02-28T18:52:54","guid":{"rendered":"https:\/\/nudu.pl\/?post_type=product&#038;p=9393"},"modified":"2025-02-28T20:00:15","modified_gmt":"2025-02-28T19:00:15","slug":"carla-sukienka-z-trenem","status":"publish","type":"product","link":"https:\/\/nudu.pl\/en\/product\/carla-sukienka-z-trenem\/","title":{"rendered":"Carla sukienka z trenem"},"content":{"rendered":"<ul>\n<li>sukienka z tiulu mi\u0119kkiego jak jedwab<\/li>\n<li>r\u0119cznie wyszywana tr\u00f3jwymiarowymi kwiatami<\/li>\n<li>zdobiona oryginalnymi motywami kwiatowymi<\/li>\n<li>lekka i a\u017curowa<\/li>\n<li>dost\u0119pna w per\u0142owej wersji kolorystycznej<\/li>\n<li>sukienka o d\u0142ugo\u015bci maxi z wyd\u0142u\u017conym trenem<\/li>\n<li>d\u0142ugo\u015b\u0107 trenu 120 cm<\/li>\n<li>w naszej ofercie dost\u0119pna jest tak\u017ce <a href=\"https:\/\/nudu.pl\/en\/product\/carmel-sukienka\/\">sukienka Carla w wersji bez trenu<\/a><\/li>\n<li>product designed and sewn in Poland<\/li>\n<li>product available in pre-order<\/li>\n<li>po z\u0142o\u017ceniu zam\u00f3wienia zapytamy Ci\u0119 drog\u0105 mailow\u0105 o podanie wzrostu, obwodu talii i obwodu biustu<\/li>\n<li>czas realizacji zam\u00f3wienia wynosi 21-28 dni<\/li>\n<li><a href=\"https:\/\/www.instagram.com\/p\/DGm3mgQKK9_\/?utm_source=ig_web_copy_link&amp;igsh=MzRlODBiNWFlZA==\">zobacz Edyt\u0119 Zaj\u0105c w sukni Carla<\/a><\/li>\n<\/ul>","protected":false},"excerpt":{"rendered":"<p>Sukienka z trenem z tiulu mi\u0119kkiego jak jedwab<\/p>","protected":false},"featured_media":9386,"template":"","meta":{"_acf_changed":false},"product_brand":[],"product_cat":[244],"product_tag":[248,247,246,245,249],"class_list":{"0":"post-9393","1":"product","2":"type-product","3":"status-publish","4":"has-post-thumbnail","6":"product_cat-sukienki","7":"product_tag-sukienka-edyta-zajac","8":"product_tag-sukienka-hotel-paradise","9":"product_tag-sukienka-maxi","10":"product_tag-sukienka-tiulowa","11":"product_tag-sukienka-z-trenem","12":"pa_kolory-perla","14":"first","15":"onbackorder","16":"taxable","17":"shipping-taxable","18":"purchasable","19":"product-type-simple"},"acf":[],"yoast_head":"<!-- This site is optimized with the Yoast SEO plugin v24.3 - https:\/\/yoast.com\/wordpress\/plugins\/seo\/ -->\n<title>Carla sukienka z trenem - NuDu Boutique Warszawa<\/title>\n<meta name=\"robots\" content=\"index, follow, max-snippet:-1, max-image-preview:large, max-video-preview:-1\" \/>\n<link rel=\"canonical\" href=\"https:\/\/nudu.pl\/en\/product\/carla-sukienka-z-trenem\/\" \/>\n<meta property=\"og:locale\" content=\"en_GB\" \/>\n<meta property=\"og:type\" content=\"article\" \/>\n<meta property=\"og:title\" content=\"Carla sukienka z trenem - NuDu Boutique Warszawa\" \/>\n<meta property=\"og:description\" content=\"Sukienka z trenem z tiulu mi\u0119kkiego jak jedwab\" \/>\n<meta property=\"og:url\" content=\"https:\/\/nudu.pl\/en\/product\/carla-sukienka-z-trenem\/\" \/>\n<meta property=\"og:site_name\" content=\"NuDu Boutique Warszawa\" \/>\n<meta property=\"article:modified_time\" content=\"2025-02-28T19:00:15+00:00\" \/>\n<meta property=\"og:image\" content=\"https:\/\/nudu.pl\/wp-content\/uploads\/2025\/02\/20250116_143047-scaled.jpg\" \/>\n\t<meta property=\"og:image:width\" content=\"1441\" \/>\n\t<meta property=\"og:image:height\" content=\"2560\" \/>\n\t<meta property=\"og:image:type\" content=\"image\/jpeg\" \/>\n<meta name=\"twitter:card\" content=\"summary_large_image\" \/>\n<meta name=\"twitter:label1\" content=\"Estimated reading time\" \/>\n\t<meta name=\"twitter:data1\" content=\"1 minute\" \/>\n<script type=\"application\/ld+json\" class=\"yoast-schema-graph\">{\"@context\":\"https:\/\/schema.org\",\"@graph\":[{\"@type\":\"WebPage\",\"@id\":\"https:\/\/nudu.pl\/produkt\/carla-sukienka-z-trenem\/\",\"url\":\"https:\/\/nudu.pl\/produkt\/carla-sukienka-z-trenem\/\",\"name\":\"Carla sukienka z trenem - NuDu Boutique Warszawa\",\"isPartOf\":{\"@id\":\"https:\/\/nudu.pl\/#website\"},\"primaryImageOfPage\":{\"@id\":\"https:\/\/nudu.pl\/produkt\/carla-sukienka-z-trenem\/#primaryimage\"},\"image\":{\"@id\":\"https:\/\/nudu.pl\/produkt\/carla-sukienka-z-trenem\/#primaryimage\"},\"thumbnailUrl\":\"https:\/\/nudu.pl\/wp-content\/uploads\/2025\/02\/20250116_143047-scaled.jpg\",\"datePublished\":\"2025-02-28T18:52:54+00:00\",\"dateModified\":\"2025-02-28T19:00:15+00:00\",\"breadcrumb\":{\"@id\":\"https:\/\/nudu.pl\/produkt\/carla-sukienka-z-trenem\/#breadcrumb\"},\"inLanguage\":\"en-GB\",\"potentialAction\":[{\"@type\":\"ReadAction\",\"target\":[\"https:\/\/nudu.pl\/produkt\/carla-sukienka-z-trenem\/\"]}]},{\"@type\":\"ImageObject\",\"inLanguage\":\"en-GB\",\"@id\":\"https:\/\/nudu.pl\/produkt\/carla-sukienka-z-trenem\/#primaryimage\",\"url\":\"https:\/\/nudu.pl\/wp-content\/uploads\/2025\/02\/20250116_143047-scaled.jpg\",\"contentUrl\":\"https:\/\/nudu.pl\/wp-content\/uploads\/2025\/02\/20250116_143047-scaled.jpg\",\"width\":1441,\"height\":2560},{\"@type\":\"BreadcrumbList\",\"@id\":\"https:\/\/nudu.pl\/produkt\/carla-sukienka-z-trenem\/#breadcrumb\",\"itemListElement\":[{\"@type\":\"ListItem\",\"position\":1,\"name\":\"Home\",\"item\":\"https:\/\/nudu.pl\/\"},{\"@type\":\"ListItem\",\"position\":2,\"name\":\"Sklep\",\"item\":\"https:\/\/nudu.pl\/sklep\/\"},{\"@type\":\"ListItem\",\"position\":3,\"name\":\"Carla sukienka z trenem\"}]},{\"@type\":\"WebSite\",\"@id\":\"https:\/\/nudu.pl\/#website\",\"url\":\"https:\/\/nudu.pl\/\",\"name\":\"NuDu Boutique Warszawa\",\"description\":\"Pocz\u0105tek pi\u0119knej przyja\u017ani\",\"publisher\":{\"@id\":\"https:\/\/nudu.pl\/#organization\"},\"potentialAction\":[{\"@type\":\"SearchAction\",\"target\":{\"@type\":\"EntryPoint\",\"urlTemplate\":\"https:\/\/nudu.pl\/?s={search_term_string}\"},\"query-input\":{\"@type\":\"PropertyValueSpecification\",\"valueRequired\":true,\"valueName\":\"search_term_string\"}}],\"inLanguage\":\"en-GB\"},{\"@type\":\"Organization\",\"@id\":\"https:\/\/nudu.pl\/#organization\",\"name\":\"NuDu Boutique Warszawa\",\"url\":\"https:\/\/nudu.pl\/\",\"logo\":{\"@type\":\"ImageObject\",\"inLanguage\":\"en-GB\",\"@id\":\"https:\/\/nudu.pl\/#\/schema\/logo\/image\/\",\"url\":\"https:\/\/nudu.pl\/wp-content\/uploads\/2024\/07\/NuDu-basic.svg\",\"contentUrl\":\"https:\/\/nudu.pl\/wp-content\/uploads\/2024\/07\/NuDu-basic.svg\",\"width\":166,\"height\":67,\"caption\":\"NuDu Boutique Warszawa\"},\"image\":{\"@id\":\"https:\/\/nudu.pl\/#\/schema\/logo\/image\/\"}}]}<\/script>\n<!-- \/ Yoast SEO plugin. -->","yoast_head_json":{"title":"Carla sukienka z trenem - NuDu Boutique Warszawa","robots":{"index":"index","follow":"follow","max-snippet":"max-snippet:-1","max-image-preview":"max-image-preview:large","max-video-preview":"max-video-preview:-1"},"canonical":"https:\/\/nudu.pl\/en\/product\/carla-sukienka-z-trenem\/","og_locale":"en_GB","og_type":"article","og_title":"Carla sukienka z trenem - NuDu Boutique Warszawa","og_description":"Sukienka z trenem z tiulu mi\u0119kkiego jak jedwab","og_url":"https:\/\/nudu.pl\/en\/product\/carla-sukienka-z-trenem\/","og_site_name":"NuDu Boutique Warszawa","article_modified_time":"2025-02-28T19:00:15+00:00","og_image":[{"width":1441,"height":2560,"url":"https:\/\/nudu.pl\/wp-content\/uploads\/2025\/02\/20250116_143047-scaled.jpg","type":"image\/jpeg"}],"twitter_card":"summary_large_image","twitter_misc":{"Estimated reading time":"1 minute"},"schema":{"@context":"https:\/\/schema.org","@graph":[{"@type":"WebPage","@id":"https:\/\/nudu.pl\/produkt\/carla-sukienka-z-trenem\/","url":"https:\/\/nudu.pl\/produkt\/carla-sukienka-z-trenem\/","name":"Carla sukienka z trenem - NuDu Boutique Warszawa","isPartOf":{"@id":"https:\/\/nudu.pl\/#website"},"primaryImageOfPage":{"@id":"https:\/\/nudu.pl\/produkt\/carla-sukienka-z-trenem\/#primaryimage"},"image":{"@id":"https:\/\/nudu.pl\/produkt\/carla-sukienka-z-trenem\/#primaryimage"},"thumbnailUrl":"https:\/\/nudu.pl\/wp-content\/uploads\/2025\/02\/20250116_143047-scaled.jpg","datePublished":"2025-02-28T18:52:54+00:00","dateModified":"2025-02-28T19:00:15+00:00","breadcrumb":{"@id":"https:\/\/nudu.pl\/produkt\/carla-sukienka-z-trenem\/#breadcrumb"},"inLanguage":"en-GB","potentialAction":[{"@type":"ReadAction","target":["https:\/\/nudu.pl\/produkt\/carla-sukienka-z-trenem\/"]}]},{"@type":"ImageObject","inLanguage":"en-GB","@id":"https:\/\/nudu.pl\/produkt\/carla-sukienka-z-trenem\/#primaryimage","url":"https:\/\/nudu.pl\/wp-content\/uploads\/2025\/02\/20250116_143047-scaled.jpg","contentUrl":"https:\/\/nudu.pl\/wp-content\/uploads\/2025\/02\/20250116_143047-scaled.jpg","width":1441,"height":2560},{"@type":"BreadcrumbList","@id":"https:\/\/nudu.pl\/produkt\/carla-sukienka-z-trenem\/#breadcrumb","itemListElement":[{"@type":"ListItem","position":1,"name":"Home","item":"https:\/\/nudu.pl\/"},{"@type":"ListItem","position":2,"name":"Sklep","item":"https:\/\/nudu.pl\/sklep\/"},{"@type":"ListItem","position":3,"name":"Carla sukienka z trenem"}]},{"@type":"WebSite","@id":"https:\/\/nudu.pl\/#website","url":"https:\/\/nudu.pl\/","name":"NuDu Boutique Warszawa","description":"Pocz\u0105tek pi\u0119knej przyja\u017ani","publisher":{"@id":"https:\/\/nudu.pl\/#organization"},"potentialAction":[{"@type":"SearchAction","target":{"@type":"EntryPoint","urlTemplate":"https:\/\/nudu.pl\/?s={search_term_string}"},"query-input":{"@type":"PropertyValueSpecification","valueRequired":true,"valueName":"search_term_string"}}],"inLanguage":"en-GB"},{"@type":"Organization","@id":"https:\/\/nudu.pl\/#organization","name":"NuDu Boutique Warszawa","url":"https:\/\/nudu.pl\/","logo":{"@type":"ImageObject","inLanguage":"en-GB","@id":"https:\/\/nudu.pl\/#\/schema\/logo\/image\/","url":"https:\/\/nudu.pl\/wp-content\/uploads\/2024\/07\/NuDu-basic.svg","contentUrl":"https:\/\/nudu.pl\/wp-content\/uploads\/2024\/07\/NuDu-basic.svg","width":166,"height":67,"caption":"NuDu Boutique Warszawa"},"image":{"@id":"https:\/\/nudu.pl\/#\/schema\/logo\/image\/"}}]}},"_links":{"self":[{"href":"https:\/\/nudu.pl\/en\/wp-json\/wp\/v2\/product\/9393","targetHints":{"allow":["GET"]}}],"collection":[{"href":"https:\/\/nudu.pl\/en\/wp-json\/wp\/v2\/product"}],"about":[{"href":"https:\/\/nudu.pl\/en\/wp-json\/wp\/v2\/types\/product"}],"wp:featuredmedia":[{"embeddable":true,"href":"https:\/\/nudu.pl\/en\/wp-json\/wp\/v2\/media\/9386"}],"wp:attachment":[{"href":"https:\/\/nudu.pl\/en\/wp-json\/wp\/v2\/media?parent=9393"}],"wp:term":[{"taxonomy":"product_brand","embeddable":true,"href":"https:\/\/nudu.pl\/en\/wp-json\/wp\/v2\/product_brand?post=9393"},{"taxonomy":"product_cat","embeddable":true,"href":"https:\/\/nudu.pl\/en\/wp-json\/wp\/v2\/product_cat?post=9393"},{"taxonomy":"product_tag","embeddable":true,"href":"https:\/\/nudu.pl\/en\/wp-json\/wp\/v2\/product_tag?post=9393"}],"curies":[{"name":"wp","href":"https:\/\/api.w.org\/{rel}","templated":true}]}}