{"id":9688,"date":"2025-04-27T19:53:20","date_gmt":"2025-04-27T17:53:20","guid":{"rendered":"https:\/\/nudu.pl\/?post_type=product&#038;p=9688"},"modified":"2025-09-21T16:01:52","modified_gmt":"2025-09-21T14:01:52","slug":"spodnica-rose","status":"publish","type":"product","link":"https:\/\/nudu.pl\/en\/product\/spodnica-rose\/","title":{"rendered":"Sp\u00f3dnica Rose"},"content":{"rendered":"<ul>\n<li>sp\u00f3dnica w d\u0142ugo\u015bci mini &#8211; 41 cm<\/li>\n<li>wykonana z a\u017curowej tkaniny z motywem kwiat\u00f3w r\u00f3\u017cy<\/li>\n<li>miejscami transparentna<\/li>\n<li>product designed and sewn in Poland<\/li>\n<li>product available in pre-order<\/li>\n<li>order processing time is 14-21 days<\/li>\n<li><a href=\"https:\/\/www.instagram.com\/p\/DI8Yt5-OefD\/\">zobacz Edyt\u0119 Zaj\u0105c w sp\u00f3dnicy Rose<\/a><\/li>\n<\/ul>","protected":false},"excerpt":{"rendered":"<p>Sp\u00f3dnica w d\u0142ugo\u015bci mini z a\u017curowej tkaniny w kwiaty.<\/p>","protected":false},"featured_media":9928,"template":"","meta":{"_acf_changed":false},"product_brand":[259],"product_cat":[141],"product_tag":[248,247,245],"class_list":{"0":"post-9688","1":"product","2":"type-product","3":"status-publish","4":"has-post-thumbnail","6":"product_brand-nudu-2","7":"product_cat-spodnica","8":"product_tag-sukienka-edyta-zajac","9":"product_tag-sukienka-hotel-paradise","10":"product_tag-sukienka-tiulowa","11":"pa_kolory-perla","13":"first","14":"onbackorder","15":"taxable","16":"shipping-taxable","17":"purchasable","18":"product-type-variable","19":"has-default-attributes","20":"wvs-archive-product-wrapper"},"acf":[],"yoast_head":"<!-- This site is optimized with the Yoast SEO plugin v24.3 - https:\/\/yoast.com\/wordpress\/plugins\/seo\/ -->\n<title>Sp\u00f3dnica Rose - NuDu Boutique Warszawa<\/title>\n<meta name=\"robots\" content=\"index, follow, max-snippet:-1, max-image-preview:large, max-video-preview:-1\" \/>\n<link rel=\"canonical\" href=\"https:\/\/nudu.pl\/en\/product\/spodnica-rose\/\" \/>\n<meta property=\"og:locale\" content=\"en_GB\" \/>\n<meta property=\"og:type\" content=\"article\" \/>\n<meta property=\"og:title\" content=\"Sp\u00f3dnica Rose - NuDu Boutique Warszawa\" \/>\n<meta property=\"og:description\" content=\"Sp\u00f3dnica w d\u0142ugo\u015bci mini z a\u017curowej tkaniny w kwiaty.\" \/>\n<meta property=\"og:url\" content=\"https:\/\/nudu.pl\/en\/product\/spodnica-rose\/\" \/>\n<meta property=\"og:site_name\" content=\"NuDu Boutique Warszawa\" \/>\n<meta property=\"article:modified_time\" content=\"2025-09-21T14:01:52+00:00\" \/>\n<meta property=\"og:image\" content=\"https:\/\/nudu.pl\/wp-content\/uploads\/2025\/04\/20250727_105234-2-541x1024.png\" \/>\n\t<meta property=\"og:image:width\" content=\"541\" \/>\n\t<meta property=\"og:image:height\" content=\"1024\" \/>\n\t<meta property=\"og:image:type\" content=\"image\/png\" \/>\n<meta name=\"twitter:card\" content=\"summary_large_image\" \/>\n<meta name=\"twitter:label1\" content=\"Estimated reading time\" \/>\n\t<meta name=\"twitter:data1\" content=\"1 minute\" \/>\n<script type=\"application\/ld+json\" class=\"yoast-schema-graph\">{\"@context\":\"https:\/\/schema.org\",\"@graph\":[{\"@type\":\"WebPage\",\"@id\":\"https:\/\/nudu.pl\/produkt\/spodnica-rose\/\",\"url\":\"https:\/\/nudu.pl\/produkt\/spodnica-rose\/\",\"name\":\"Sp\u00f3dnica Rose - NuDu Boutique Warszawa\",\"isPartOf\":{\"@id\":\"https:\/\/nudu.pl\/#website\"},\"primaryImageOfPage\":{\"@id\":\"https:\/\/nudu.pl\/produkt\/spodnica-rose\/#primaryimage\"},\"image\":{\"@id\":\"https:\/\/nudu.pl\/produkt\/spodnica-rose\/#primaryimage\"},\"thumbnailUrl\":\"https:\/\/nudu.pl\/wp-content\/uploads\/2025\/04\/20250727_105234-2.png\",\"datePublished\":\"2025-04-27T17:53:20+00:00\",\"dateModified\":\"2025-09-21T14:01:52+00:00\",\"breadcrumb\":{\"@id\":\"https:\/\/nudu.pl\/produkt\/spodnica-rose\/#breadcrumb\"},\"inLanguage\":\"en-GB\",\"potentialAction\":[{\"@type\":\"ReadAction\",\"target\":[\"https:\/\/nudu.pl\/produkt\/spodnica-rose\/\"]}]},{\"@type\":\"ImageObject\",\"inLanguage\":\"en-GB\",\"@id\":\"https:\/\/nudu.pl\/produkt\/spodnica-rose\/#primaryimage\",\"url\":\"https:\/\/nudu.pl\/wp-content\/uploads\/2025\/04\/20250727_105234-2.png\",\"contentUrl\":\"https:\/\/nudu.pl\/wp-content\/uploads\/2025\/04\/20250727_105234-2.png\",\"width\":1352,\"height\":2560},{\"@type\":\"BreadcrumbList\",\"@id\":\"https:\/\/nudu.pl\/produkt\/spodnica-rose\/#breadcrumb\",\"itemListElement\":[{\"@type\":\"ListItem\",\"position\":1,\"name\":\"Home\",\"item\":\"https:\/\/nudu.pl\/\"},{\"@type\":\"ListItem\",\"position\":2,\"name\":\"Sklep\",\"item\":\"https:\/\/nudu.pl\/sklep\/\"},{\"@type\":\"ListItem\",\"position\":3,\"name\":\"Sp\u00f3dnica Rose\"}]},{\"@type\":\"WebSite\",\"@id\":\"https:\/\/nudu.pl\/#website\",\"url\":\"https:\/\/nudu.pl\/\",\"name\":\"NuDu Boutique Warszawa\",\"description\":\"Pocz\u0105tek pi\u0119knej przyja\u017ani\",\"publisher\":{\"@id\":\"https:\/\/nudu.pl\/#organization\"},\"potentialAction\":[{\"@type\":\"SearchAction\",\"target\":{\"@type\":\"EntryPoint\",\"urlTemplate\":\"https:\/\/nudu.pl\/?s={search_term_string}\"},\"query-input\":{\"@type\":\"PropertyValueSpecification\",\"valueRequired\":true,\"valueName\":\"search_term_string\"}}],\"inLanguage\":\"en-GB\"},{\"@type\":\"Organization\",\"@id\":\"https:\/\/nudu.pl\/#organization\",\"name\":\"NuDu Boutique Warszawa\",\"url\":\"https:\/\/nudu.pl\/\",\"logo\":{\"@type\":\"ImageObject\",\"inLanguage\":\"en-GB\",\"@id\":\"https:\/\/nudu.pl\/#\/schema\/logo\/image\/\",\"url\":\"https:\/\/nudu.pl\/wp-content\/uploads\/2024\/07\/NuDu-basic.svg\",\"contentUrl\":\"https:\/\/nudu.pl\/wp-content\/uploads\/2024\/07\/NuDu-basic.svg\",\"width\":166,\"height\":67,\"caption\":\"NuDu Boutique Warszawa\"},\"image\":{\"@id\":\"https:\/\/nudu.pl\/#\/schema\/logo\/image\/\"}}]}<\/script>\n<!-- \/ Yoast SEO plugin. -->","yoast_head_json":{"title":"Sp\u00f3dnica Rose - NuDu Boutique Warszawa","robots":{"index":"index","follow":"follow","max-snippet":"max-snippet:-1","max-image-preview":"max-image-preview:large","max-video-preview":"max-video-preview:-1"},"canonical":"https:\/\/nudu.pl\/en\/product\/spodnica-rose\/","og_locale":"en_GB","og_type":"article","og_title":"Sp\u00f3dnica Rose - NuDu Boutique Warszawa","og_description":"Sp\u00f3dnica w d\u0142ugo\u015bci mini z a\u017curowej tkaniny w kwiaty.","og_url":"https:\/\/nudu.pl\/en\/product\/spodnica-rose\/","og_site_name":"NuDu Boutique Warszawa","article_modified_time":"2025-09-21T14:01:52+00:00","og_image":[{"width":541,"height":1024,"url":"https:\/\/nudu.pl\/wp-content\/uploads\/2025\/04\/20250727_105234-2-541x1024.png","type":"image\/png"}],"twitter_card":"summary_large_image","twitter_misc":{"Estimated reading time":"1 minute"},"schema":{"@context":"https:\/\/schema.org","@graph":[{"@type":"WebPage","@id":"https:\/\/nudu.pl\/produkt\/spodnica-rose\/","url":"https:\/\/nudu.pl\/produkt\/spodnica-rose\/","name":"Sp\u00f3dnica Rose - NuDu Boutique Warszawa","isPartOf":{"@id":"https:\/\/nudu.pl\/#website"},"primaryImageOfPage":{"@id":"https:\/\/nudu.pl\/produkt\/spodnica-rose\/#primaryimage"},"image":{"@id":"https:\/\/nudu.pl\/produkt\/spodnica-rose\/#primaryimage"},"thumbnailUrl":"https:\/\/nudu.pl\/wp-content\/uploads\/2025\/04\/20250727_105234-2.png","datePublished":"2025-04-27T17:53:20+00:00","dateModified":"2025-09-21T14:01:52+00:00","breadcrumb":{"@id":"https:\/\/nudu.pl\/produkt\/spodnica-rose\/#breadcrumb"},"inLanguage":"en-GB","potentialAction":[{"@type":"ReadAction","target":["https:\/\/nudu.pl\/produkt\/spodnica-rose\/"]}]},{"@type":"ImageObject","inLanguage":"en-GB","@id":"https:\/\/nudu.pl\/produkt\/spodnica-rose\/#primaryimage","url":"https:\/\/nudu.pl\/wp-content\/uploads\/2025\/04\/20250727_105234-2.png","contentUrl":"https:\/\/nudu.pl\/wp-content\/uploads\/2025\/04\/20250727_105234-2.png","width":1352,"height":2560},{"@type":"BreadcrumbList","@id":"https:\/\/nudu.pl\/produkt\/spodnica-rose\/#breadcrumb","itemListElement":[{"@type":"ListItem","position":1,"name":"Home","item":"https:\/\/nudu.pl\/"},{"@type":"ListItem","position":2,"name":"Sklep","item":"https:\/\/nudu.pl\/sklep\/"},{"@type":"ListItem","position":3,"name":"Sp\u00f3dnica Rose"}]},{"@type":"WebSite","@id":"https:\/\/nudu.pl\/#website","url":"https:\/\/nudu.pl\/","name":"NuDu Boutique Warszawa","description":"Pocz\u0105tek pi\u0119knej przyja\u017ani","publisher":{"@id":"https:\/\/nudu.pl\/#organization"},"potentialAction":[{"@type":"SearchAction","target":{"@type":"EntryPoint","urlTemplate":"https:\/\/nudu.pl\/?s={search_term_string}"},"query-input":{"@type":"PropertyValueSpecification","valueRequired":true,"valueName":"search_term_string"}}],"inLanguage":"en-GB"},{"@type":"Organization","@id":"https:\/\/nudu.pl\/#organization","name":"NuDu Boutique Warszawa","url":"https:\/\/nudu.pl\/","logo":{"@type":"ImageObject","inLanguage":"en-GB","@id":"https:\/\/nudu.pl\/#\/schema\/logo\/image\/","url":"https:\/\/nudu.pl\/wp-content\/uploads\/2024\/07\/NuDu-basic.svg","contentUrl":"https:\/\/nudu.pl\/wp-content\/uploads\/2024\/07\/NuDu-basic.svg","width":166,"height":67,"caption":"NuDu Boutique Warszawa"},"image":{"@id":"https:\/\/nudu.pl\/#\/schema\/logo\/image\/"}}]}},"_links":{"self":[{"href":"https:\/\/nudu.pl\/en\/wp-json\/wp\/v2\/product\/9688","targetHints":{"allow":["GET"]}}],"collection":[{"href":"https:\/\/nudu.pl\/en\/wp-json\/wp\/v2\/product"}],"about":[{"href":"https:\/\/nudu.pl\/en\/wp-json\/wp\/v2\/types\/product"}],"wp:featuredmedia":[{"embeddable":true,"href":"https:\/\/nudu.pl\/en\/wp-json\/wp\/v2\/media\/9928"}],"wp:attachment":[{"href":"https:\/\/nudu.pl\/en\/wp-json\/wp\/v2\/media?parent=9688"}],"wp:term":[{"taxonomy":"product_brand","embeddable":true,"href":"https:\/\/nudu.pl\/en\/wp-json\/wp\/v2\/product_brand?post=9688"},{"taxonomy":"product_cat","embeddable":true,"href":"https:\/\/nudu.pl\/en\/wp-json\/wp\/v2\/product_cat?post=9688"},{"taxonomy":"product_tag","embeddable":true,"href":"https:\/\/nudu.pl\/en\/wp-json\/wp\/v2\/product_tag?post=9688"}],"curies":[{"name":"wp","href":"https:\/\/api.w.org\/{rel}","templated":true}]}}