{"id":9801,"date":"2025-05-31T19:27:05","date_gmt":"2025-05-31T17:27:05","guid":{"rendered":"https:\/\/nudu.pl\/?post_type=product&#038;p=9801"},"modified":"2025-08-02T20:27:15","modified_gmt":"2025-08-02T18:27:15","slug":"koszula-rozana","status":"publish","type":"product","link":"https:\/\/nudu.pl\/en\/product\/koszula-rozana\/","title":{"rendered":"Koszula r\u00f3\u017cana"},"content":{"rendered":"<ul>\n<li>classic length shirt<\/li>\n<li>wykonana z a\u017curowej tkaniny z motywem kwiat\u00f3w r\u00f3\u017cy<\/li>\n<li>designed in an oversize cut<\/li>\n<li>miejscami transparentna<\/li>\n<li>z d\u0142ugim bufiastym r\u0119kawem<\/li>\n<li>koszula zak\u0142adana przez g\u0142ow\u0119 z rozci\u0119ciem przy szyi<\/li>\n<li>mankiet zapinany na jedn\u0105 nap\u0119<\/li>\n<li>product designed and sewn in Poland<\/li>\n<\/ul>","protected":false},"excerpt":{"rendered":"<p>koszula z d\u0142ugim bufiastym r\u0119kawem<\/p>","protected":false},"featured_media":9914,"template":"","meta":{"_acf_changed":false},"product_brand":[259],"product_cat":[134],"product_tag":[137,135,257],"class_list":{"0":"post-9801","1":"product","2":"type-product","3":"status-publish","4":"has-post-thumbnail","6":"product_brand-nudu-2","7":"product_cat-koszule","8":"product_tag-klasyczna-koszula","9":"product_tag-koszula-oversize","10":"product_tag-koszula-w-kolorze-perlowym","11":"pa_kolory-perla","13":"first","14":"instock","15":"taxable","16":"shipping-taxable","17":"purchasable","18":"product-type-simple"},"acf":[],"yoast_head":"<!-- This site is optimized with the Yoast SEO plugin v24.3 - https:\/\/yoast.com\/wordpress\/plugins\/seo\/ -->\n<title>Koszula r\u00f3\u017cana - NuDu Boutique Warszawa<\/title>\n<meta name=\"robots\" content=\"index, follow, max-snippet:-1, max-image-preview:large, max-video-preview:-1\" \/>\n<link rel=\"canonical\" href=\"https:\/\/nudu.pl\/en\/product\/koszula-rozana\/\" \/>\n<meta property=\"og:locale\" content=\"en_GB\" \/>\n<meta property=\"og:type\" content=\"article\" \/>\n<meta property=\"og:title\" content=\"Koszula r\u00f3\u017cana - NuDu Boutique Warszawa\" \/>\n<meta property=\"og:description\" content=\"koszula z d\u0142ugim bufiastym r\u0119kawem\" \/>\n<meta property=\"og:url\" content=\"https:\/\/nudu.pl\/en\/product\/koszula-rozana\/\" \/>\n<meta property=\"og:site_name\" content=\"NuDu Boutique Warszawa\" \/>\n<meta property=\"article:modified_time\" content=\"2025-08-02T18:27:15+00:00\" \/>\n<meta property=\"og:image\" content=\"https:\/\/nudu.pl\/wp-content\/uploads\/2025\/05\/NUDU-final-4-scaled.jpg\" \/>\n\t<meta property=\"og:image:width\" content=\"1440\" \/>\n\t<meta property=\"og:image:height\" content=\"2560\" \/>\n\t<meta property=\"og:image:type\" content=\"image\/jpeg\" \/>\n<meta name=\"twitter:card\" content=\"summary_large_image\" \/>\n<meta name=\"twitter:label1\" content=\"Estimated reading time\" \/>\n\t<meta name=\"twitter:data1\" content=\"1 minute\" \/>\n<script type=\"application\/ld+json\" class=\"yoast-schema-graph\">{\"@context\":\"https:\/\/schema.org\",\"@graph\":[{\"@type\":\"WebPage\",\"@id\":\"https:\/\/nudu.pl\/produkt\/koszula-rozana\/\",\"url\":\"https:\/\/nudu.pl\/produkt\/koszula-rozana\/\",\"name\":\"Koszula r\u00f3\u017cana - NuDu Boutique Warszawa\",\"isPartOf\":{\"@id\":\"https:\/\/nudu.pl\/#website\"},\"primaryImageOfPage\":{\"@id\":\"https:\/\/nudu.pl\/produkt\/koszula-rozana\/#primaryimage\"},\"image\":{\"@id\":\"https:\/\/nudu.pl\/produkt\/koszula-rozana\/#primaryimage\"},\"thumbnailUrl\":\"https:\/\/nudu.pl\/wp-content\/uploads\/2025\/05\/NUDU-final-4-scaled.jpg\",\"datePublished\":\"2025-05-31T17:27:05+00:00\",\"dateModified\":\"2025-08-02T18:27:15+00:00\",\"breadcrumb\":{\"@id\":\"https:\/\/nudu.pl\/produkt\/koszula-rozana\/#breadcrumb\"},\"inLanguage\":\"en-GB\",\"potentialAction\":[{\"@type\":\"ReadAction\",\"target\":[\"https:\/\/nudu.pl\/produkt\/koszula-rozana\/\"]}]},{\"@type\":\"ImageObject\",\"inLanguage\":\"en-GB\",\"@id\":\"https:\/\/nudu.pl\/produkt\/koszula-rozana\/#primaryimage\",\"url\":\"https:\/\/nudu.pl\/wp-content\/uploads\/2025\/05\/NUDU-final-4-scaled.jpg\",\"contentUrl\":\"https:\/\/nudu.pl\/wp-content\/uploads\/2025\/05\/NUDU-final-4-scaled.jpg\",\"width\":1440,\"height\":2560},{\"@type\":\"BreadcrumbList\",\"@id\":\"https:\/\/nudu.pl\/produkt\/koszula-rozana\/#breadcrumb\",\"itemListElement\":[{\"@type\":\"ListItem\",\"position\":1,\"name\":\"Home\",\"item\":\"https:\/\/nudu.pl\/\"},{\"@type\":\"ListItem\",\"position\":2,\"name\":\"Sklep\",\"item\":\"https:\/\/nudu.pl\/sklep\/\"},{\"@type\":\"ListItem\",\"position\":3,\"name\":\"Koszula r\u00f3\u017cana\"}]},{\"@type\":\"WebSite\",\"@id\":\"https:\/\/nudu.pl\/#website\",\"url\":\"https:\/\/nudu.pl\/\",\"name\":\"NuDu Boutique Warszawa\",\"description\":\"Pocz\u0105tek pi\u0119knej przyja\u017ani\",\"publisher\":{\"@id\":\"https:\/\/nudu.pl\/#organization\"},\"potentialAction\":[{\"@type\":\"SearchAction\",\"target\":{\"@type\":\"EntryPoint\",\"urlTemplate\":\"https:\/\/nudu.pl\/?s={search_term_string}\"},\"query-input\":{\"@type\":\"PropertyValueSpecification\",\"valueRequired\":true,\"valueName\":\"search_term_string\"}}],\"inLanguage\":\"en-GB\"},{\"@type\":\"Organization\",\"@id\":\"https:\/\/nudu.pl\/#organization\",\"name\":\"NuDu Boutique Warszawa\",\"url\":\"https:\/\/nudu.pl\/\",\"logo\":{\"@type\":\"ImageObject\",\"inLanguage\":\"en-GB\",\"@id\":\"https:\/\/nudu.pl\/#\/schema\/logo\/image\/\",\"url\":\"https:\/\/nudu.pl\/wp-content\/uploads\/2024\/07\/NuDu-basic.svg\",\"contentUrl\":\"https:\/\/nudu.pl\/wp-content\/uploads\/2024\/07\/NuDu-basic.svg\",\"width\":166,\"height\":67,\"caption\":\"NuDu Boutique Warszawa\"},\"image\":{\"@id\":\"https:\/\/nudu.pl\/#\/schema\/logo\/image\/\"}}]}<\/script>\n<!-- \/ Yoast SEO plugin. -->","yoast_head_json":{"title":"Koszula r\u00f3\u017cana - NuDu Boutique Warszawa","robots":{"index":"index","follow":"follow","max-snippet":"max-snippet:-1","max-image-preview":"max-image-preview:large","max-video-preview":"max-video-preview:-1"},"canonical":"https:\/\/nudu.pl\/en\/product\/koszula-rozana\/","og_locale":"en_GB","og_type":"article","og_title":"Koszula r\u00f3\u017cana - NuDu Boutique Warszawa","og_description":"koszula z d\u0142ugim bufiastym r\u0119kawem","og_url":"https:\/\/nudu.pl\/en\/product\/koszula-rozana\/","og_site_name":"NuDu Boutique Warszawa","article_modified_time":"2025-08-02T18:27:15+00:00","og_image":[{"width":1440,"height":2560,"url":"https:\/\/nudu.pl\/wp-content\/uploads\/2025\/05\/NUDU-final-4-scaled.jpg","type":"image\/jpeg"}],"twitter_card":"summary_large_image","twitter_misc":{"Estimated reading time":"1 minute"},"schema":{"@context":"https:\/\/schema.org","@graph":[{"@type":"WebPage","@id":"https:\/\/nudu.pl\/produkt\/koszula-rozana\/","url":"https:\/\/nudu.pl\/produkt\/koszula-rozana\/","name":"Koszula r\u00f3\u017cana - NuDu Boutique Warszawa","isPartOf":{"@id":"https:\/\/nudu.pl\/#website"},"primaryImageOfPage":{"@id":"https:\/\/nudu.pl\/produkt\/koszula-rozana\/#primaryimage"},"image":{"@id":"https:\/\/nudu.pl\/produkt\/koszula-rozana\/#primaryimage"},"thumbnailUrl":"https:\/\/nudu.pl\/wp-content\/uploads\/2025\/05\/NUDU-final-4-scaled.jpg","datePublished":"2025-05-31T17:27:05+00:00","dateModified":"2025-08-02T18:27:15+00:00","breadcrumb":{"@id":"https:\/\/nudu.pl\/produkt\/koszula-rozana\/#breadcrumb"},"inLanguage":"en-GB","potentialAction":[{"@type":"ReadAction","target":["https:\/\/nudu.pl\/produkt\/koszula-rozana\/"]}]},{"@type":"ImageObject","inLanguage":"en-GB","@id":"https:\/\/nudu.pl\/produkt\/koszula-rozana\/#primaryimage","url":"https:\/\/nudu.pl\/wp-content\/uploads\/2025\/05\/NUDU-final-4-scaled.jpg","contentUrl":"https:\/\/nudu.pl\/wp-content\/uploads\/2025\/05\/NUDU-final-4-scaled.jpg","width":1440,"height":2560},{"@type":"BreadcrumbList","@id":"https:\/\/nudu.pl\/produkt\/koszula-rozana\/#breadcrumb","itemListElement":[{"@type":"ListItem","position":1,"name":"Home","item":"https:\/\/nudu.pl\/"},{"@type":"ListItem","position":2,"name":"Sklep","item":"https:\/\/nudu.pl\/sklep\/"},{"@type":"ListItem","position":3,"name":"Koszula r\u00f3\u017cana"}]},{"@type":"WebSite","@id":"https:\/\/nudu.pl\/#website","url":"https:\/\/nudu.pl\/","name":"NuDu Boutique Warszawa","description":"Pocz\u0105tek pi\u0119knej przyja\u017ani","publisher":{"@id":"https:\/\/nudu.pl\/#organization"},"potentialAction":[{"@type":"SearchAction","target":{"@type":"EntryPoint","urlTemplate":"https:\/\/nudu.pl\/?s={search_term_string}"},"query-input":{"@type":"PropertyValueSpecification","valueRequired":true,"valueName":"search_term_string"}}],"inLanguage":"en-GB"},{"@type":"Organization","@id":"https:\/\/nudu.pl\/#organization","name":"NuDu Boutique Warszawa","url":"https:\/\/nudu.pl\/","logo":{"@type":"ImageObject","inLanguage":"en-GB","@id":"https:\/\/nudu.pl\/#\/schema\/logo\/image\/","url":"https:\/\/nudu.pl\/wp-content\/uploads\/2024\/07\/NuDu-basic.svg","contentUrl":"https:\/\/nudu.pl\/wp-content\/uploads\/2024\/07\/NuDu-basic.svg","width":166,"height":67,"caption":"NuDu Boutique Warszawa"},"image":{"@id":"https:\/\/nudu.pl\/#\/schema\/logo\/image\/"}}]}},"_links":{"self":[{"href":"https:\/\/nudu.pl\/en\/wp-json\/wp\/v2\/product\/9801","targetHints":{"allow":["GET"]}}],"collection":[{"href":"https:\/\/nudu.pl\/en\/wp-json\/wp\/v2\/product"}],"about":[{"href":"https:\/\/nudu.pl\/en\/wp-json\/wp\/v2\/types\/product"}],"wp:featuredmedia":[{"embeddable":true,"href":"https:\/\/nudu.pl\/en\/wp-json\/wp\/v2\/media\/9914"}],"wp:attachment":[{"href":"https:\/\/nudu.pl\/en\/wp-json\/wp\/v2\/media?parent=9801"}],"wp:term":[{"taxonomy":"product_brand","embeddable":true,"href":"https:\/\/nudu.pl\/en\/wp-json\/wp\/v2\/product_brand?post=9801"},{"taxonomy":"product_cat","embeddable":true,"href":"https:\/\/nudu.pl\/en\/wp-json\/wp\/v2\/product_cat?post=9801"},{"taxonomy":"product_tag","embeddable":true,"href":"https:\/\/nudu.pl\/en\/wp-json\/wp\/v2\/product_tag?post=9801"}],"curies":[{"name":"wp","href":"https:\/\/api.w.org\/{rel}","templated":true}]}}