{"id":9872,"date":"2025-07-11T07:46:15","date_gmt":"2025-07-11T05:46:15","guid":{"rendered":"https:\/\/nudu.pl\/?post_type=product&#038;p=9872"},"modified":"2025-07-11T07:47:51","modified_gmt":"2025-07-11T05:47:51","slug":"sukienka-sweet-lilac","status":"publish","type":"product","link":"https:\/\/nudu.pl\/en\/product\/sukienka-sweet-lilac\/","title":{"rendered":"Sukienka Sweet Lilac"},"content":{"rendered":"<div dir=\"auto\">PROJEKT w ramach wsp\u00f3\u0142pracy\u00a0N\u1ee4DU i\u00a0VIE DE CH\u00c2TEAU ATELIER<\/div>\n<div dir=\"auto\"><\/div>\n<ul>\n<li>dekolt eksponuj\u0105cy ramiona\ufe0e<\/li>\n<li>zdobiona r\u0119cznie wykonanymi kwiatami w trzech odcieniach per\u0142y, lnu i lilii<\/li>\n<li dir=\"auto\">gorset modeluj\u0105cy idealnie podkre\u015bla tali\u0119<\/li>\n<li dir=\"auto\">ultra lekka sukienka z kieszeniami<\/li>\n<li dir=\"auto\">wykonana z naszej bestsellerowej bawe\u0142ny koszulowej z efektem delikatnie pogniecionej tkaniny<\/li>\n<li dir=\"auto\">rozmiar M &#8211; talia 66-70 cm, miseczka B\/C<\/li>\n<li dir=\"auto\">product designed and sewn in Poland<\/li>\n<\/ul>","protected":false},"excerpt":{"rendered":"<p>Sukienka z bawe\u0142ny koszulowej\u00a0w odcieniu Sweet Lilac z palety #pantone<\/p>","protected":false},"featured_media":9874,"template":"","meta":{"_acf_changed":false},"product_brand":[259],"product_cat":[244],"product_tag":[263,261,262,260,264],"class_list":{"0":"post-9872","1":"product","2":"type-product","3":"status-publish","4":"has-post-thumbnail","6":"product_brand-nudu-2","7":"product_cat-sukienki","8":"product_tag-rozowa-sukienka","9":"product_tag-sukienka","10":"product_tag-sukienka-na-wesele","11":"product_tag-sukienka-z-gorsetem","12":"product_tag-sukienka-z-kieszeniami","13":"pa_kolory-roz","15":"first","16":"instock","17":"taxable","18":"shipping-taxable","19":"purchasable","20":"product-type-simple"},"acf":[],"yoast_head":"<!-- This site is optimized with the Yoast SEO plugin v24.3 - https:\/\/yoast.com\/wordpress\/plugins\/seo\/ -->\n<title>Sukienka Sweet Lilac - NuDu Boutique Warszawa<\/title>\n<meta name=\"robots\" content=\"index, follow, max-snippet:-1, max-image-preview:large, max-video-preview:-1\" \/>\n<link rel=\"canonical\" href=\"https:\/\/nudu.pl\/en\/product\/sukienka-sweet-lilac\/\" \/>\n<meta property=\"og:locale\" content=\"en_GB\" \/>\n<meta property=\"og:type\" content=\"article\" \/>\n<meta property=\"og:title\" content=\"Sukienka Sweet Lilac - NuDu Boutique Warszawa\" \/>\n<meta property=\"og:description\" content=\"Sukienka z bawe\u0142ny koszulowej\u00a0w odcieniu Sweet Lilac z palety #pantone\" \/>\n<meta property=\"og:url\" content=\"https:\/\/nudu.pl\/en\/product\/sukienka-sweet-lilac\/\" \/>\n<meta property=\"og:site_name\" content=\"NuDu Boutique Warszawa\" \/>\n<meta property=\"article:modified_time\" content=\"2025-07-11T05:47:51+00:00\" \/>\n<meta property=\"og:image\" content=\"https:\/\/nudu.pl\/wp-content\/uploads\/2025\/07\/story_1728482943702.jpg\" \/>\n\t<meta property=\"og:image:width\" content=\"1080\" \/>\n\t<meta property=\"og:image:height\" content=\"1080\" \/>\n\t<meta property=\"og:image:type\" content=\"image\/jpeg\" \/>\n<meta name=\"twitter:card\" content=\"summary_large_image\" \/>\n<meta name=\"twitter:label1\" content=\"Estimated reading time\" \/>\n\t<meta name=\"twitter:data1\" content=\"1 minute\" \/>\n<script type=\"application\/ld+json\" class=\"yoast-schema-graph\">{\"@context\":\"https:\/\/schema.org\",\"@graph\":[{\"@type\":\"WebPage\",\"@id\":\"https:\/\/nudu.pl\/produkt\/sukienka-sweet-lilac\/\",\"url\":\"https:\/\/nudu.pl\/produkt\/sukienka-sweet-lilac\/\",\"name\":\"Sukienka Sweet Lilac - NuDu Boutique Warszawa\",\"isPartOf\":{\"@id\":\"https:\/\/nudu.pl\/#website\"},\"primaryImageOfPage\":{\"@id\":\"https:\/\/nudu.pl\/produkt\/sukienka-sweet-lilac\/#primaryimage\"},\"image\":{\"@id\":\"https:\/\/nudu.pl\/produkt\/sukienka-sweet-lilac\/#primaryimage\"},\"thumbnailUrl\":\"https:\/\/nudu.pl\/wp-content\/uploads\/2025\/07\/story_1728482943702.jpg\",\"datePublished\":\"2025-07-11T05:46:15+00:00\",\"dateModified\":\"2025-07-11T05:47:51+00:00\",\"breadcrumb\":{\"@id\":\"https:\/\/nudu.pl\/produkt\/sukienka-sweet-lilac\/#breadcrumb\"},\"inLanguage\":\"en-GB\",\"potentialAction\":[{\"@type\":\"ReadAction\",\"target\":[\"https:\/\/nudu.pl\/produkt\/sukienka-sweet-lilac\/\"]}]},{\"@type\":\"ImageObject\",\"inLanguage\":\"en-GB\",\"@id\":\"https:\/\/nudu.pl\/produkt\/sukienka-sweet-lilac\/#primaryimage\",\"url\":\"https:\/\/nudu.pl\/wp-content\/uploads\/2025\/07\/story_1728482943702.jpg\",\"contentUrl\":\"https:\/\/nudu.pl\/wp-content\/uploads\/2025\/07\/story_1728482943702.jpg\",\"width\":1080,\"height\":1080},{\"@type\":\"BreadcrumbList\",\"@id\":\"https:\/\/nudu.pl\/produkt\/sukienka-sweet-lilac\/#breadcrumb\",\"itemListElement\":[{\"@type\":\"ListItem\",\"position\":1,\"name\":\"Home\",\"item\":\"https:\/\/nudu.pl\/\"},{\"@type\":\"ListItem\",\"position\":2,\"name\":\"Sklep\",\"item\":\"https:\/\/nudu.pl\/sklep\/\"},{\"@type\":\"ListItem\",\"position\":3,\"name\":\"Sukienka Sweet Lilac\"}]},{\"@type\":\"WebSite\",\"@id\":\"https:\/\/nudu.pl\/#website\",\"url\":\"https:\/\/nudu.pl\/\",\"name\":\"NuDu Boutique Warszawa\",\"description\":\"Pocz\u0105tek pi\u0119knej przyja\u017ani\",\"publisher\":{\"@id\":\"https:\/\/nudu.pl\/#organization\"},\"potentialAction\":[{\"@type\":\"SearchAction\",\"target\":{\"@type\":\"EntryPoint\",\"urlTemplate\":\"https:\/\/nudu.pl\/?s={search_term_string}\"},\"query-input\":{\"@type\":\"PropertyValueSpecification\",\"valueRequired\":true,\"valueName\":\"search_term_string\"}}],\"inLanguage\":\"en-GB\"},{\"@type\":\"Organization\",\"@id\":\"https:\/\/nudu.pl\/#organization\",\"name\":\"NuDu Boutique Warszawa\",\"url\":\"https:\/\/nudu.pl\/\",\"logo\":{\"@type\":\"ImageObject\",\"inLanguage\":\"en-GB\",\"@id\":\"https:\/\/nudu.pl\/#\/schema\/logo\/image\/\",\"url\":\"https:\/\/nudu.pl\/wp-content\/uploads\/2024\/07\/NuDu-basic.svg\",\"contentUrl\":\"https:\/\/nudu.pl\/wp-content\/uploads\/2024\/07\/NuDu-basic.svg\",\"width\":166,\"height\":67,\"caption\":\"NuDu Boutique Warszawa\"},\"image\":{\"@id\":\"https:\/\/nudu.pl\/#\/schema\/logo\/image\/\"}}]}<\/script>\n<!-- \/ Yoast SEO plugin. -->","yoast_head_json":{"title":"Sukienka Sweet Lilac - NuDu Boutique Warszawa","robots":{"index":"index","follow":"follow","max-snippet":"max-snippet:-1","max-image-preview":"max-image-preview:large","max-video-preview":"max-video-preview:-1"},"canonical":"https:\/\/nudu.pl\/en\/product\/sukienka-sweet-lilac\/","og_locale":"en_GB","og_type":"article","og_title":"Sukienka Sweet Lilac - NuDu Boutique Warszawa","og_description":"Sukienka z bawe\u0142ny koszulowej\u00a0w odcieniu Sweet Lilac z palety #pantone","og_url":"https:\/\/nudu.pl\/en\/product\/sukienka-sweet-lilac\/","og_site_name":"NuDu Boutique Warszawa","article_modified_time":"2025-07-11T05:47:51+00:00","og_image":[{"width":1080,"height":1080,"url":"https:\/\/nudu.pl\/wp-content\/uploads\/2025\/07\/story_1728482943702.jpg","type":"image\/jpeg"}],"twitter_card":"summary_large_image","twitter_misc":{"Estimated reading time":"1 minute"},"schema":{"@context":"https:\/\/schema.org","@graph":[{"@type":"WebPage","@id":"https:\/\/nudu.pl\/produkt\/sukienka-sweet-lilac\/","url":"https:\/\/nudu.pl\/produkt\/sukienka-sweet-lilac\/","name":"Sukienka Sweet Lilac - NuDu Boutique Warszawa","isPartOf":{"@id":"https:\/\/nudu.pl\/#website"},"primaryImageOfPage":{"@id":"https:\/\/nudu.pl\/produkt\/sukienka-sweet-lilac\/#primaryimage"},"image":{"@id":"https:\/\/nudu.pl\/produkt\/sukienka-sweet-lilac\/#primaryimage"},"thumbnailUrl":"https:\/\/nudu.pl\/wp-content\/uploads\/2025\/07\/story_1728482943702.jpg","datePublished":"2025-07-11T05:46:15+00:00","dateModified":"2025-07-11T05:47:51+00:00","breadcrumb":{"@id":"https:\/\/nudu.pl\/produkt\/sukienka-sweet-lilac\/#breadcrumb"},"inLanguage":"en-GB","potentialAction":[{"@type":"ReadAction","target":["https:\/\/nudu.pl\/produkt\/sukienka-sweet-lilac\/"]}]},{"@type":"ImageObject","inLanguage":"en-GB","@id":"https:\/\/nudu.pl\/produkt\/sukienka-sweet-lilac\/#primaryimage","url":"https:\/\/nudu.pl\/wp-content\/uploads\/2025\/07\/story_1728482943702.jpg","contentUrl":"https:\/\/nudu.pl\/wp-content\/uploads\/2025\/07\/story_1728482943702.jpg","width":1080,"height":1080},{"@type":"BreadcrumbList","@id":"https:\/\/nudu.pl\/produkt\/sukienka-sweet-lilac\/#breadcrumb","itemListElement":[{"@type":"ListItem","position":1,"name":"Home","item":"https:\/\/nudu.pl\/"},{"@type":"ListItem","position":2,"name":"Sklep","item":"https:\/\/nudu.pl\/sklep\/"},{"@type":"ListItem","position":3,"name":"Sukienka Sweet Lilac"}]},{"@type":"WebSite","@id":"https:\/\/nudu.pl\/#website","url":"https:\/\/nudu.pl\/","name":"NuDu Boutique Warszawa","description":"Pocz\u0105tek pi\u0119knej przyja\u017ani","publisher":{"@id":"https:\/\/nudu.pl\/#organization"},"potentialAction":[{"@type":"SearchAction","target":{"@type":"EntryPoint","urlTemplate":"https:\/\/nudu.pl\/?s={search_term_string}"},"query-input":{"@type":"PropertyValueSpecification","valueRequired":true,"valueName":"search_term_string"}}],"inLanguage":"en-GB"},{"@type":"Organization","@id":"https:\/\/nudu.pl\/#organization","name":"NuDu Boutique Warszawa","url":"https:\/\/nudu.pl\/","logo":{"@type":"ImageObject","inLanguage":"en-GB","@id":"https:\/\/nudu.pl\/#\/schema\/logo\/image\/","url":"https:\/\/nudu.pl\/wp-content\/uploads\/2024\/07\/NuDu-basic.svg","contentUrl":"https:\/\/nudu.pl\/wp-content\/uploads\/2024\/07\/NuDu-basic.svg","width":166,"height":67,"caption":"NuDu Boutique Warszawa"},"image":{"@id":"https:\/\/nudu.pl\/#\/schema\/logo\/image\/"}}]}},"_links":{"self":[{"href":"https:\/\/nudu.pl\/en\/wp-json\/wp\/v2\/product\/9872","targetHints":{"allow":["GET"]}}],"collection":[{"href":"https:\/\/nudu.pl\/en\/wp-json\/wp\/v2\/product"}],"about":[{"href":"https:\/\/nudu.pl\/en\/wp-json\/wp\/v2\/types\/product"}],"wp:featuredmedia":[{"embeddable":true,"href":"https:\/\/nudu.pl\/en\/wp-json\/wp\/v2\/media\/9874"}],"wp:attachment":[{"href":"https:\/\/nudu.pl\/en\/wp-json\/wp\/v2\/media?parent=9872"}],"wp:term":[{"taxonomy":"product_brand","embeddable":true,"href":"https:\/\/nudu.pl\/en\/wp-json\/wp\/v2\/product_brand?post=9872"},{"taxonomy":"product_cat","embeddable":true,"href":"https:\/\/nudu.pl\/en\/wp-json\/wp\/v2\/product_cat?post=9872"},{"taxonomy":"product_tag","embeddable":true,"href":"https:\/\/nudu.pl\/en\/wp-json\/wp\/v2\/product_tag?post=9872"}],"curies":[{"name":"wp","href":"https:\/\/api.w.org\/{rel}","templated":true}]}}