{"id":9922,"date":"2025-08-02T20:01:54","date_gmt":"2025-08-02T18:01:54","guid":{"rendered":"https:\/\/nudu.pl\/?post_type=product&#038;p=9922"},"modified":"2025-08-02T20:25:00","modified_gmt":"2025-08-02T18:25:00","slug":"bluzka-rozana-petite","status":"publish","type":"product","link":"https:\/\/nudu.pl\/en\/product\/bluzka-rozana-petite\/","title":{"rendered":"Bluzka r\u00f3\u017cana petite"},"content":{"rendered":"<ul>\n<li>bluzka o klasycznej d\u0142ugo\u015bci z dekoltem eksponuj\u0105cym ramiona<\/li>\n<li>wykonana z a\u017curowej tkaniny z motywem kwiat\u00f3w r\u00f3\u017cy<\/li>\n<li>designed in an oversize cut<\/li>\n<li>miejscami transparentna<\/li>\n<li>z r\u0119kawem zako\u0144czonym gumk\u0105<\/li>\n<li>bluzka zak\u0142adana przez g\u0142ow\u0119 z gumk\u0105 przy szyi<\/li>\n<li>product designed and sewn in Poland<\/li>\n<\/ul>","protected":false},"excerpt":{"rendered":"<p>bluzka z dekoltem eksponuj\u0105cym ramiona<\/p>","protected":false},"featured_media":9924,"template":"","meta":{"_acf_changed":false},"product_brand":[259],"product_cat":[159,133],"product_tag":[265,266],"class_list":{"0":"post-9922","1":"product","2":"type-product","3":"status-publish","4":"has-post-thumbnail","6":"product_brand-nudu-2","7":"product_cat-bluzka-z-mankietem","8":"product_cat-bluzki-i-koszule","9":"product_tag-bluzka-klasyczna-dlugosc","10":"product_tag-bluzka-oversize","11":"pa_kolory-perla","13":"first","14":"instock","15":"taxable","16":"shipping-taxable","17":"purchasable","18":"product-type-simple"},"acf":[],"yoast_head":"<!-- This site is optimized with the Yoast SEO plugin v24.3 - https:\/\/yoast.com\/wordpress\/plugins\/seo\/ -->\n<title>Bluzka r\u00f3\u017cana petite - NuDu Boutique Warszawa<\/title>\n<meta name=\"robots\" content=\"index, follow, max-snippet:-1, max-image-preview:large, max-video-preview:-1\" \/>\n<link rel=\"canonical\" href=\"https:\/\/nudu.pl\/en\/product\/bluzka-rozana-petite\/\" \/>\n<meta property=\"og:locale\" content=\"en_GB\" \/>\n<meta property=\"og:type\" content=\"article\" \/>\n<meta property=\"og:title\" content=\"Bluzka r\u00f3\u017cana petite - NuDu Boutique Warszawa\" \/>\n<meta property=\"og:description\" content=\"bluzka z dekoltem eksponuj\u0105cym ramiona\" \/>\n<meta property=\"og:url\" content=\"https:\/\/nudu.pl\/en\/product\/bluzka-rozana-petite\/\" \/>\n<meta property=\"og:site_name\" content=\"NuDu Boutique Warszawa\" \/>\n<meta property=\"article:modified_time\" content=\"2025-08-02T18:25:00+00:00\" \/>\n<meta property=\"og:image\" content=\"https:\/\/nudu.pl\/wp-content\/uploads\/2025\/08\/20250731_102431-scaled.jpg\" \/>\n\t<meta property=\"og:image:width\" content=\"1360\" \/>\n\t<meta property=\"og:image:height\" content=\"2560\" \/>\n\t<meta property=\"og:image:type\" content=\"image\/jpeg\" \/>\n<meta name=\"twitter:card\" content=\"summary_large_image\" \/>\n<meta name=\"twitter:label1\" content=\"Estimated reading time\" \/>\n\t<meta name=\"twitter:data1\" content=\"1 minute\" \/>\n<script type=\"application\/ld+json\" class=\"yoast-schema-graph\">{\"@context\":\"https:\/\/schema.org\",\"@graph\":[{\"@type\":\"WebPage\",\"@id\":\"https:\/\/nudu.pl\/produkt\/bluzka-rozana-petite\/\",\"url\":\"https:\/\/nudu.pl\/produkt\/bluzka-rozana-petite\/\",\"name\":\"Bluzka r\u00f3\u017cana petite - NuDu Boutique Warszawa\",\"isPartOf\":{\"@id\":\"https:\/\/nudu.pl\/#website\"},\"primaryImageOfPage\":{\"@id\":\"https:\/\/nudu.pl\/produkt\/bluzka-rozana-petite\/#primaryimage\"},\"image\":{\"@id\":\"https:\/\/nudu.pl\/produkt\/bluzka-rozana-petite\/#primaryimage\"},\"thumbnailUrl\":\"https:\/\/nudu.pl\/wp-content\/uploads\/2025\/08\/20250731_102431-scaled.jpg\",\"datePublished\":\"2025-08-02T18:01:54+00:00\",\"dateModified\":\"2025-08-02T18:25:00+00:00\",\"breadcrumb\":{\"@id\":\"https:\/\/nudu.pl\/produkt\/bluzka-rozana-petite\/#breadcrumb\"},\"inLanguage\":\"en-GB\",\"potentialAction\":[{\"@type\":\"ReadAction\",\"target\":[\"https:\/\/nudu.pl\/produkt\/bluzka-rozana-petite\/\"]}]},{\"@type\":\"ImageObject\",\"inLanguage\":\"en-GB\",\"@id\":\"https:\/\/nudu.pl\/produkt\/bluzka-rozana-petite\/#primaryimage\",\"url\":\"https:\/\/nudu.pl\/wp-content\/uploads\/2025\/08\/20250731_102431-scaled.jpg\",\"contentUrl\":\"https:\/\/nudu.pl\/wp-content\/uploads\/2025\/08\/20250731_102431-scaled.jpg\",\"width\":1360,\"height\":2560},{\"@type\":\"BreadcrumbList\",\"@id\":\"https:\/\/nudu.pl\/produkt\/bluzka-rozana-petite\/#breadcrumb\",\"itemListElement\":[{\"@type\":\"ListItem\",\"position\":1,\"name\":\"Home\",\"item\":\"https:\/\/nudu.pl\/\"},{\"@type\":\"ListItem\",\"position\":2,\"name\":\"Sklep\",\"item\":\"https:\/\/nudu.pl\/sklep\/\"},{\"@type\":\"ListItem\",\"position\":3,\"name\":\"Bluzka r\u00f3\u017cana petite\"}]},{\"@type\":\"WebSite\",\"@id\":\"https:\/\/nudu.pl\/#website\",\"url\":\"https:\/\/nudu.pl\/\",\"name\":\"NuDu Boutique Warszawa\",\"description\":\"Pocz\u0105tek pi\u0119knej przyja\u017ani\",\"publisher\":{\"@id\":\"https:\/\/nudu.pl\/#organization\"},\"potentialAction\":[{\"@type\":\"SearchAction\",\"target\":{\"@type\":\"EntryPoint\",\"urlTemplate\":\"https:\/\/nudu.pl\/?s={search_term_string}\"},\"query-input\":{\"@type\":\"PropertyValueSpecification\",\"valueRequired\":true,\"valueName\":\"search_term_string\"}}],\"inLanguage\":\"en-GB\"},{\"@type\":\"Organization\",\"@id\":\"https:\/\/nudu.pl\/#organization\",\"name\":\"NuDu Boutique Warszawa\",\"url\":\"https:\/\/nudu.pl\/\",\"logo\":{\"@type\":\"ImageObject\",\"inLanguage\":\"en-GB\",\"@id\":\"https:\/\/nudu.pl\/#\/schema\/logo\/image\/\",\"url\":\"https:\/\/nudu.pl\/wp-content\/uploads\/2024\/07\/NuDu-basic.svg\",\"contentUrl\":\"https:\/\/nudu.pl\/wp-content\/uploads\/2024\/07\/NuDu-basic.svg\",\"width\":166,\"height\":67,\"caption\":\"NuDu Boutique Warszawa\"},\"image\":{\"@id\":\"https:\/\/nudu.pl\/#\/schema\/logo\/image\/\"}}]}<\/script>\n<!-- \/ Yoast SEO plugin. -->","yoast_head_json":{"title":"Bluzka r\u00f3\u017cana petite - NuDu Boutique Warszawa","robots":{"index":"index","follow":"follow","max-snippet":"max-snippet:-1","max-image-preview":"max-image-preview:large","max-video-preview":"max-video-preview:-1"},"canonical":"https:\/\/nudu.pl\/en\/product\/bluzka-rozana-petite\/","og_locale":"en_GB","og_type":"article","og_title":"Bluzka r\u00f3\u017cana petite - NuDu Boutique Warszawa","og_description":"bluzka z dekoltem eksponuj\u0105cym ramiona","og_url":"https:\/\/nudu.pl\/en\/product\/bluzka-rozana-petite\/","og_site_name":"NuDu Boutique Warszawa","article_modified_time":"2025-08-02T18:25:00+00:00","og_image":[{"width":1360,"height":2560,"url":"https:\/\/nudu.pl\/wp-content\/uploads\/2025\/08\/20250731_102431-scaled.jpg","type":"image\/jpeg"}],"twitter_card":"summary_large_image","twitter_misc":{"Estimated reading time":"1 minute"},"schema":{"@context":"https:\/\/schema.org","@graph":[{"@type":"WebPage","@id":"https:\/\/nudu.pl\/produkt\/bluzka-rozana-petite\/","url":"https:\/\/nudu.pl\/produkt\/bluzka-rozana-petite\/","name":"Bluzka r\u00f3\u017cana petite - NuDu Boutique Warszawa","isPartOf":{"@id":"https:\/\/nudu.pl\/#website"},"primaryImageOfPage":{"@id":"https:\/\/nudu.pl\/produkt\/bluzka-rozana-petite\/#primaryimage"},"image":{"@id":"https:\/\/nudu.pl\/produkt\/bluzka-rozana-petite\/#primaryimage"},"thumbnailUrl":"https:\/\/nudu.pl\/wp-content\/uploads\/2025\/08\/20250731_102431-scaled.jpg","datePublished":"2025-08-02T18:01:54+00:00","dateModified":"2025-08-02T18:25:00+00:00","breadcrumb":{"@id":"https:\/\/nudu.pl\/produkt\/bluzka-rozana-petite\/#breadcrumb"},"inLanguage":"en-GB","potentialAction":[{"@type":"ReadAction","target":["https:\/\/nudu.pl\/produkt\/bluzka-rozana-petite\/"]}]},{"@type":"ImageObject","inLanguage":"en-GB","@id":"https:\/\/nudu.pl\/produkt\/bluzka-rozana-petite\/#primaryimage","url":"https:\/\/nudu.pl\/wp-content\/uploads\/2025\/08\/20250731_102431-scaled.jpg","contentUrl":"https:\/\/nudu.pl\/wp-content\/uploads\/2025\/08\/20250731_102431-scaled.jpg","width":1360,"height":2560},{"@type":"BreadcrumbList","@id":"https:\/\/nudu.pl\/produkt\/bluzka-rozana-petite\/#breadcrumb","itemListElement":[{"@type":"ListItem","position":1,"name":"Home","item":"https:\/\/nudu.pl\/"},{"@type":"ListItem","position":2,"name":"Sklep","item":"https:\/\/nudu.pl\/sklep\/"},{"@type":"ListItem","position":3,"name":"Bluzka r\u00f3\u017cana petite"}]},{"@type":"WebSite","@id":"https:\/\/nudu.pl\/#website","url":"https:\/\/nudu.pl\/","name":"NuDu Boutique Warszawa","description":"Pocz\u0105tek pi\u0119knej przyja\u017ani","publisher":{"@id":"https:\/\/nudu.pl\/#organization"},"potentialAction":[{"@type":"SearchAction","target":{"@type":"EntryPoint","urlTemplate":"https:\/\/nudu.pl\/?s={search_term_string}"},"query-input":{"@type":"PropertyValueSpecification","valueRequired":true,"valueName":"search_term_string"}}],"inLanguage":"en-GB"},{"@type":"Organization","@id":"https:\/\/nudu.pl\/#organization","name":"NuDu Boutique Warszawa","url":"https:\/\/nudu.pl\/","logo":{"@type":"ImageObject","inLanguage":"en-GB","@id":"https:\/\/nudu.pl\/#\/schema\/logo\/image\/","url":"https:\/\/nudu.pl\/wp-content\/uploads\/2024\/07\/NuDu-basic.svg","contentUrl":"https:\/\/nudu.pl\/wp-content\/uploads\/2024\/07\/NuDu-basic.svg","width":166,"height":67,"caption":"NuDu Boutique Warszawa"},"image":{"@id":"https:\/\/nudu.pl\/#\/schema\/logo\/image\/"}}]}},"_links":{"self":[{"href":"https:\/\/nudu.pl\/en\/wp-json\/wp\/v2\/product\/9922","targetHints":{"allow":["GET"]}}],"collection":[{"href":"https:\/\/nudu.pl\/en\/wp-json\/wp\/v2\/product"}],"about":[{"href":"https:\/\/nudu.pl\/en\/wp-json\/wp\/v2\/types\/product"}],"wp:featuredmedia":[{"embeddable":true,"href":"https:\/\/nudu.pl\/en\/wp-json\/wp\/v2\/media\/9924"}],"wp:attachment":[{"href":"https:\/\/nudu.pl\/en\/wp-json\/wp\/v2\/media?parent=9922"}],"wp:term":[{"taxonomy":"product_brand","embeddable":true,"href":"https:\/\/nudu.pl\/en\/wp-json\/wp\/v2\/product_brand?post=9922"},{"taxonomy":"product_cat","embeddable":true,"href":"https:\/\/nudu.pl\/en\/wp-json\/wp\/v2\/product_cat?post=9922"},{"taxonomy":"product_tag","embeddable":true,"href":"https:\/\/nudu.pl\/en\/wp-json\/wp\/v2\/product_tag?post=9922"}],"curies":[{"name":"wp","href":"https:\/\/api.w.org\/{rel}","templated":true}]}}